{"id":709,"date":"2024-07-30T23:49:39","date_gmt":"2024-07-30T21:49:39","guid":{"rendered":"https:\/\/taktici.cz\/?page_id=709"},"modified":"2026-04-02T21:54:26","modified_gmt":"2026-04-02T19:54:26","slug":"prohlaseni-o-draze-regionalni-gepard-infra","status":"publish","type":"page","link":"https:\/\/taktici.cz\/sk\/pridelovatel\/podmienky-pouzivania-siete-gepard-infra\/","title":{"rendered":"Podmienky pou\u017e\u00edvania region\u00e1lnej \u017eeleznice Geoard Infra"},"content":{"rendered":"Podmienky pou\u017e\u00edvania region\u00e1lnej \u017eeleznice <a ref=\"https:\/\/infra.gepard.com\/\">Gepard Infra<\/a>\r\n\r\n<p>V s\u00falade s \u00a7 32 ods. 3 a 4 z\u00e1kona \u010d. 266\/1994 Z. z. o \u017eelezniciach v znen\u00ed neskor\u0161\u00edch predpisov bola spolo\u010dnos\u0165 taktici.cz, s.r.o. opr\u00e1vnen\u00e1 prev\u00e1dzkovate\u013eom \u00fazkorozchodn\u00fdch \u017eelezn\u00edc Jind\u0159ich\u016fv Hradec (region\u00e1lne \u017eeleznice Jind\u0159ich\u016fv Hradec \u2013 Obrata\u0148 a Jind\u0159ich\u016fv Hradec \u2013 Nov\u00e1 Byst\u0159ice), spolo\u010dnos\u0165ou Gepard Infra, s.r.o., na vykon\u00e1vanie tzv. \u201ehlavn\u00fdch \u010dinnost\u00ed\u201c (t. j. \u010dinnost\u00ed s\u00favisiacich s rokovan\u00edm a v\u00fdpo\u010dtom cien a v\u00fdberom platieb za pou\u017e\u00edvanie \u017eeleznice, pride\u013eovan\u00edm \u017eelezni\u010dnej kapacity a spracovan\u00edm podmienok pou\u017e\u00edvania) nestranne ako tzv. \u201enez\u00e1visl\u00fd pride\u013eovate\u013e\u201c. Na z\u00e1klade tohto poverenia vyd\u00e1vame tieto <strong>Podmienky pou\u017e\u00edvania \u017eelezni\u010dnej siete prev\u00e1dzkovanej spolo\u010dnos\u0165ou <a href=\"https:\/\/infra.gepard.com\/\">Gepard Infra, s.r.o.<\/a><\/strong><\/p>\r\n\r\n\r\n\r\n<ul>\r\n<li><a href=\"https:\/\/taktici.cz\/pridelce\/prohlaseni-o-draze-regionalni-gepard-infra\/podr_gi-260403\/\">Aktualiz\u00e1cia k 3.4.2026<\/a><\/li>\r\n<li><a href=\"https:\/\/taktici.cz\/pridelce\/prohlaseni-o-draze-regionalni-gepard-infra\/podr_gi-251222\/\">Aktualiz\u00e1cia k 22.12.2025<\/a><\/li>\r\n<li><a href=\"https:\/\/taktici.cz\/pridelce\/prohlaseni-o-draze-regionalni-gepard-infra\/podr_sud-241029\/\">Aktualiz\u00e1cia k 29.10.2024<\/a><\/li>\r\n<li><a href=\"https:\/\/taktici.cz\/pridelce\/prohlaseni-o-draze-regionalni-gepard-infra\/podr_sud-240826\/\">Aktualiz\u00e1cia k 26.8.2024<\/a><\/li>\r\n<li><a href=\"https:\/\/taktici.cz\/pridelce\/prohlaseni-o-draze-regionalni-gepard-infra\/podr_sud-240808\/\">V\u00fdchozia verzia k 8.8.2024<\/a><\/li>\r\n<li><a href=\"https:\/\/taktici.cz\/pridelce\/prohlaseni-o-draze-regionalni-gepard-infra\/podr_sud-241029-en\/\">Network statement (en)<\/a><\/li>\r\n<\/ul>\r\n\r\n\r\n\r\n<p><\/p>","protected":false},"excerpt":{"rendered":"<p>Podmienky pou\u017e\u00edvania region\u00e1lnej \u017eeleznice Gepard Infra V s\u00falade s \u00a7 32 ods. 3 a 4 z\u00e1kona \u010d. 266\/1994 Z. z. o \u017eelezniciach v znen\u00ed neskor\u0161\u00edch predpisov bola spolo\u010dnos\u0165 taktici.cz, s.r.o. [&hellip;]<\/p>\n","protected":false},"author":1,"featured_media":0,"parent":644,"menu_order":0,"comment_status":"closed","ping_status":"closed","template":"","meta":{"footnotes":""},"class_list":["post-709","page","type-page","status-publish","hentry"],"yoast_head":"<!-- This site is optimized with the Yoast SEO plugin v27.4 - https:\/\/yoast.com\/product\/yoast-seo-wordpress\/ -->\n<title>Podmienky pou\u017e\u00edvania region\u00e1lnej \u017eeleznice Geoard Infra - taktici.cz<\/title>\n<meta name=\"robots\" content=\"index, follow, max-snippet:-1, max-image-preview:large, max-video-preview:-1\" \/>\n<link rel=\"canonical\" href=\"https:\/\/taktici.cz\/pridelce\/prohlaseni-o-draze-regionalni-gepard-infra\/\" \/>\n<meta property=\"og:locale\" content=\"sk_SK\" \/>\n<meta property=\"og:type\" content=\"article\" \/>\n<meta property=\"og:title\" content=\"Podmienky pou\u017e\u00edvania region\u00e1lnej \u017eeleznice Geoard Infra - taktici.cz\" \/>\n<meta property=\"og:description\" content=\"Podmienky pou\u017e\u00edvania region\u00e1lnej \u017eeleznice Gepard Infra V s\u00falade s \u00a7 32 ods. 3 a 4 z\u00e1kona \u010d. 266\/1994 Z. z. o \u017eelezniciach v znen\u00ed neskor\u0161\u00edch predpisov bola spolo\u010dnos\u0165 taktici.cz, s.r.o. [&hellip;]\" \/>\n<meta property=\"og:url\" content=\"https:\/\/taktici.cz\/pridelce\/prohlaseni-o-draze-regionalni-gepard-infra\/\" \/>\n<meta property=\"og:site_name\" content=\"taktici.cz\" \/>\n<meta property=\"article:publisher\" content=\"http:\/\/www.facebook.com\/taktici.cz\" \/>\n<meta property=\"article:modified_time\" content=\"2026-04-02T19:54:26+00:00\" \/>\n<meta name=\"twitter:card\" content=\"summary_large_image\" \/>\n<meta name=\"twitter:site\" content=\"@taktici\" \/>\n<meta name=\"twitter:label1\" content=\"Predpokladan\u00fd \u010das \u010d\u00edtania\" \/>\n\t<meta name=\"twitter:data1\" content=\"4 min\u00faty\" \/>\n<script type=\"application\/ld+json\" class=\"yoast-schema-graph\">{\"@context\":\"https:\\\/\\\/schema.org\",\"@graph\":[{\"@type\":\"WebPage\",\"@id\":\"https:\\\/\\\/taktici.cz\\\/pridelce\\\/prohlaseni-o-draze-regionalni-gepard-infra\\\/\",\"url\":\"https:\\\/\\\/taktici.cz\\\/pridelce\\\/prohlaseni-o-draze-regionalni-gepard-infra\\\/\",\"name\":\"Podmienky pou\u017e\u00edvania region\u00e1lnej \u017eeleznice Geoard Infra - taktici.cz\",\"isPartOf\":{\"@id\":\"https:\\\/\\\/taktici.cz\\\/#website\"},\"datePublished\":\"2024-07-30T21:49:39+00:00\",\"dateModified\":\"2026-04-02T19:54:26+00:00\",\"breadcrumb\":{\"@id\":\"https:\\\/\\\/taktici.cz\\\/pridelce\\\/prohlaseni-o-draze-regionalni-gepard-infra\\\/#breadcrumb\"},\"inLanguage\":\"sk-SK\",\"potentialAction\":[{\"@type\":\"ReadAction\",\"target\":[\"https:\\\/\\\/taktici.cz\\\/pridelce\\\/prohlaseni-o-draze-regionalni-gepard-infra\\\/\"]}]},{\"@type\":\"BreadcrumbList\",\"@id\":\"https:\\\/\\\/taktici.cz\\\/pridelce\\\/prohlaseni-o-draze-regionalni-gepard-infra\\\/#breadcrumb\",\"itemListElement\":[{\"@type\":\"ListItem\",\"position\":1,\"name\":\"Dom\u016f\",\"item\":\"https:\\\/\\\/taktici.cz\\\/\"},{\"@type\":\"ListItem\",\"position\":2,\"name\":\"P\u0159\u00edd\u011blce kapacity\",\"item\":\"https:\\\/\\\/taktici.cz\\\/pridelce\\\/\"},{\"@type\":\"ListItem\",\"position\":3,\"name\":\"Prohl\u00e1\u0161en\u00ed o dr\u00e1ze region\u00e1ln\u00ed Gepard Infra\"}]},{\"@type\":\"WebSite\",\"@id\":\"https:\\\/\\\/taktici.cz\\\/#website\",\"url\":\"https:\\\/\\\/taktici.cz\\\/\",\"name\":\"taktici.cz\",\"description\":\"Na\u0161e rie\u0161enie \u017eij\u00fa va\u0161imi cie\u013emi\",\"publisher\":{\"@id\":\"https:\\\/\\\/taktici.cz\\\/#organization\"},\"potentialAction\":[{\"@type\":\"SearchAction\",\"target\":{\"@type\":\"EntryPoint\",\"urlTemplate\":\"https:\\\/\\\/taktici.cz\\\/?s={search_term_string}\"},\"query-input\":{\"@type\":\"PropertyValueSpecification\",\"valueRequired\":true,\"valueName\":\"search_term_string\"}}],\"inLanguage\":\"sk-SK\"},{\"@type\":\"Organization\",\"@id\":\"https:\\\/\\\/taktici.cz\\\/#organization\",\"name\":\"taktici.cz, s.r.o.\",\"url\":\"https:\\\/\\\/taktici.cz\\\/\",\"logo\":{\"@type\":\"ImageObject\",\"inLanguage\":\"sk-SK\",\"@id\":\"https:\\\/\\\/taktici.cz\\\/#\\\/schema\\\/logo\\\/image\\\/\",\"url\":\"https:\\\/\\\/taktici.cz\\\/wp-content\\\/uploads\\\/2013\\\/05\\\/logo_barevne2.png\",\"contentUrl\":\"https:\\\/\\\/taktici.cz\\\/wp-content\\\/uploads\\\/2013\\\/05\\\/logo_barevne2.png\",\"width\":208,\"height\":62,\"caption\":\"taktici.cz, s.r.o.\"},\"image\":{\"@id\":\"https:\\\/\\\/taktici.cz\\\/#\\\/schema\\\/logo\\\/image\\\/\"},\"sameAs\":[\"http:\\\/\\\/www.facebook.com\\\/taktici.cz\",\"https:\\\/\\\/x.com\\\/taktici\",\"http:\\\/\\\/www.linkedin.com\\\/company\\\/taktici-cz-s-r-o-\"]}]}<\/script>\n<!-- \/ Yoast SEO plugin. -->","yoast_head_json":{"title":"Podmienky pou\u017e\u00edvania region\u00e1lnej \u017eeleznice Geoard Infra - taktici.cz","robots":{"index":"index","follow":"follow","max-snippet":"max-snippet:-1","max-image-preview":"max-image-preview:large","max-video-preview":"max-video-preview:-1"},"canonical":"https:\/\/taktici.cz\/pridelce\/prohlaseni-o-draze-regionalni-gepard-infra\/","og_locale":"sk_SK","og_type":"article","og_title":"Podmienky pou\u017e\u00edvania region\u00e1lnej \u017eeleznice Geoard Infra - taktici.cz","og_description":"Podmienky pou\u017e\u00edvania region\u00e1lnej \u017eeleznice Gepard Infra V s\u00falade s \u00a7 32 ods. 3 a 4 z\u00e1kona \u010d. 266\/1994 Z. z. o \u017eelezniciach v znen\u00ed neskor\u0161\u00edch predpisov bola spolo\u010dnos\u0165 taktici.cz, s.r.o. [&hellip;]","og_url":"https:\/\/taktici.cz\/pridelce\/prohlaseni-o-draze-regionalni-gepard-infra\/","og_site_name":"taktici.cz","article_publisher":"http:\/\/www.facebook.com\/taktici.cz","article_modified_time":"2026-04-02T19:54:26+00:00","twitter_card":"summary_large_image","twitter_site":"@taktici","twitter_misc":{"Predpokladan\u00fd \u010das \u010d\u00edtania":"4 min\u00faty"},"schema":{"@context":"https:\/\/schema.org","@graph":[{"@type":"WebPage","@id":"https:\/\/taktici.cz\/pridelce\/prohlaseni-o-draze-regionalni-gepard-infra\/","url":"https:\/\/taktici.cz\/pridelce\/prohlaseni-o-draze-regionalni-gepard-infra\/","name":"Podmienky pou\u017e\u00edvania region\u00e1lnej \u017eeleznice Geoard Infra - taktici.cz","isPartOf":{"@id":"https:\/\/taktici.cz\/#website"},"datePublished":"2024-07-30T21:49:39+00:00","dateModified":"2026-04-02T19:54:26+00:00","breadcrumb":{"@id":"https:\/\/taktici.cz\/pridelce\/prohlaseni-o-draze-regionalni-gepard-infra\/#breadcrumb"},"inLanguage":"sk-SK","potentialAction":[{"@type":"ReadAction","target":["https:\/\/taktici.cz\/pridelce\/prohlaseni-o-draze-regionalni-gepard-infra\/"]}]},{"@type":"BreadcrumbList","@id":"https:\/\/taktici.cz\/pridelce\/prohlaseni-o-draze-regionalni-gepard-infra\/#breadcrumb","itemListElement":[{"@type":"ListItem","position":1,"name":"Dom\u016f","item":"https:\/\/taktici.cz\/"},{"@type":"ListItem","position":2,"name":"P\u0159\u00edd\u011blce kapacity","item":"https:\/\/taktici.cz\/pridelce\/"},{"@type":"ListItem","position":3,"name":"Prohl\u00e1\u0161en\u00ed o dr\u00e1ze region\u00e1ln\u00ed Gepard Infra"}]},{"@type":"WebSite","@id":"https:\/\/taktici.cz\/#website","url":"https:\/\/taktici.cz\/","name":"taktici.cz","description":"Na\u0161e rie\u0161enie \u017eij\u00fa va\u0161imi cie\u013emi","publisher":{"@id":"https:\/\/taktici.cz\/#organization"},"potentialAction":[{"@type":"SearchAction","target":{"@type":"EntryPoint","urlTemplate":"https:\/\/taktici.cz\/?s={search_term_string}"},"query-input":{"@type":"PropertyValueSpecification","valueRequired":true,"valueName":"search_term_string"}}],"inLanguage":"sk-SK"},{"@type":"Organization","@id":"https:\/\/taktici.cz\/#organization","name":"taktici.cz, s.r.o.","url":"https:\/\/taktici.cz\/","logo":{"@type":"ImageObject","inLanguage":"sk-SK","@id":"https:\/\/taktici.cz\/#\/schema\/logo\/image\/","url":"https:\/\/taktici.cz\/wp-content\/uploads\/2013\/05\/logo_barevne2.png","contentUrl":"https:\/\/taktici.cz\/wp-content\/uploads\/2013\/05\/logo_barevne2.png","width":208,"height":62,"caption":"taktici.cz, s.r.o."},"image":{"@id":"https:\/\/taktici.cz\/#\/schema\/logo\/image\/"},"sameAs":["http:\/\/www.facebook.com\/taktici.cz","https:\/\/x.com\/taktici","http:\/\/www.linkedin.com\/company\/taktici-cz-s-r-o-"]}]}},"_links":{"self":[{"href":"https:\/\/taktici.cz\/sk\/wp-json\/wp\/v2\/pages\/709","targetHints":{"allow":["GET"]}}],"collection":[{"href":"https:\/\/taktici.cz\/sk\/wp-json\/wp\/v2\/pages"}],"about":[{"href":"https:\/\/taktici.cz\/sk\/wp-json\/wp\/v2\/types\/page"}],"author":[{"embeddable":true,"href":"https:\/\/taktici.cz\/sk\/wp-json\/wp\/v2\/users\/1"}],"replies":[{"embeddable":true,"href":"https:\/\/taktici.cz\/sk\/wp-json\/wp\/v2\/comments?post=709"}],"version-history":[{"count":12,"href":"https:\/\/taktici.cz\/sk\/wp-json\/wp\/v2\/pages\/709\/revisions"}],"predecessor-version":[{"id":772,"href":"https:\/\/taktici.cz\/sk\/wp-json\/wp\/v2\/pages\/709\/revisions\/772"}],"up":[{"embeddable":true,"href":"https:\/\/taktici.cz\/sk\/wp-json\/wp\/v2\/pages\/644"}],"wp:attachment":[{"href":"https:\/\/taktici.cz\/sk\/wp-json\/wp\/v2\/media?parent=709"}],"curies":[{"name":"wp","href":"https:\/\/api.w.org\/{rel}","templated":true}]}}