{"id":644,"date":"2023-11-15T20:52:47","date_gmt":"2023-11-15T19:52:47","guid":{"rendered":"https:\/\/taktici.cz\/?page_id=644"},"modified":"2025-11-25T14:13:54","modified_gmt":"2025-11-25T13:13:54","slug":"pridelce-kapacity","status":"publish","type":"page","link":"https:\/\/taktici.cz\/sk\/pridelovatel\/","title":{"rendered":"Pride\u013eovate\u013e kapacity"},"content":{"rendered":"<p class=\"has-text-align-left\"><p>Na\u0161a spolo\u010dnos\u0165 je samostatn\u00fdm pride\u013eovate\u013eom kapacity v zmysle z\u00e1kona \u010d. 266\/1994 Z. z. o dr\u00e1hach v znen\u00ed neskor\u0161\u00edch predpisov, t. j. samostatne zabezpe\u010duje v\u00fdkon hlavn\u00fdch \u010dinnost\u00ed pre prev\u00e1dzkovate\u013ea dr\u00e1hy, ktor\u00fd z\u00e1rove\u0148 prev\u00e1dzkuje \u017eelezni\u010dn\u00fa dopravu na dr\u00e1he, ktor\u00e1 nesl\u00fa\u017ei v\u00fdlu\u010dne na zabezpe\u010denie prev\u00e1dzky dr\u00e1hy. Hlavn\u00fdmi \u010dinnos\u0165ami s\u00fa \u010dinnosti s\u00favisiace s dojedn\u00e1van\u00edm a v\u00fdpo\u010dtom ceny a v\u00fdberom \u00fahrady za pou\u017eitie dr\u00e1hy, pride\u013eovan\u00edm kapacity dr\u00e1hy a v pr\u00edpade celo\u0161t\u00e1tnej alebo region\u00e1lnej dr\u00e1hy aj s vypracovan\u00edm v\u00fdkazu o dr\u00e1he. Pridelen\u00edm kapacity dr\u00e1hy sa rozumie \u010dinnos\u0165 umo\u017e\u0148uj\u00faca vyu\u017eitie tej \u010dasti celkovej kapacity dr\u00e1hy, ktor\u00e1 je potrebn\u00e1 pre po\u017eadovan\u00fa vlakov\u00fa trasu. Kapacita trate znamen\u00e1 vyu\u017eite\u013en\u00fa kapacitu \u017eeleznice, ktor\u00e1 umo\u017e\u0148uje pl\u00e1novanie po\u017eadovan\u00fdch vlakov\u00fdch tr\u00e1s na ur\u010ditom \u00faseku \u017eeleznice po\u010das ur\u010dit\u00e9ho obdobia.<\/p>\r\n<p>Od 12. decembra 2021 pride\u013eujeme kapacitu na region\u00e1lnej \u017eeleznici prev\u00e1dzkovanej spolo\u010dnos\u0165ou K\u017dC Doprava, s.r.o., pobo\u010dka \u0160enovka. Na tzv. skl\u00e1rskej trati z \u010ceskej Kamenice do Kamenick\u00e9ho \u0160enova je v letnej sez\u00f3ne pravideln\u00e1 prev\u00e1dzka v\u00edkendov\u00fdch historick\u00fdch vlakov a vlakov na objedn\u00e1vku.<\/p>\r\n<p>Od 10. decembra 2023 sme sa stali samostatn\u00fdm pride\u013eovate\u013eom na celo\u0161t\u00e1tnej \u017eeleznici prev\u00e1dzkovanej \u010cesk\u00fdmi dr\u00e1hami, a. s., ktor\u00e1 zah\u0155\u0148a celo\u0161t\u00e1tnu dr\u00e1hu Praha-Vr\u0161ovice, obvod Praha-Eden-Praha Juh a \u010dasti vn\u00fatorn\u00e9ho obvodu \u017eelezni\u010dn\u00fdch stan\u00edc D\u011b\u010d\u00edn a Praha Juh.<\/p>\r\n<p>Od 8. augusta 2024 sme sa stali samostatn\u00fdm pride\u013eovate\u013eom na sieti region\u00e1lnej \u017eeleznice prev\u00e1dzkovanej Spr\u00e1vou \u00fazkokolejn\u00fdch drah s.r.o., ktor\u00e1 zah\u0155\u0148a trate Jind\u0159ich\u016fv Hradec &#8211; Obrata\u0148 a Jind\u0159ich\u016fv Hradec &#8211; Nov\u00e1 Byst\u0159ice.<\/p>\r\n<p>Inform\u00e1cie o podmienkach pr\u00edstupu k predmetn\u00fdm \u017eelezniciam n\u00e1jdete v pr\u00edslu\u0161nom vyhl\u00e1sen\u00ed \u017eeleznice:<\/p>\r\n<ul>\r\n<li><a href=\"https:\/\/taktici.cz\/sk\/vyhlasenie-o-drahe-kzc\/\">Podmienky pr\u00edstupu region\u00e1lnej \u017eeleznice prev\u00e1dzkovane spolo\u010dnos\u0165ou K\u017dC Doprava, s.r.o., od\u0161tepn\u00fd z\u00e1vod \u0160enovka<\/a><\/li>\r\n<li><a href=\"https:\/\/taktici.cz\/sk\/podmienky-pouzivania-celostatnej-drahy-cd\/\">Podmienky pr\u00edstupu celo\u0161t\u00e1tnej \u017eeleznice prev\u00e1dzkovane spolo\u010dnos\u0165ou \u010cesk\u00e9 dr\u00e1hy, a.s.<\/a><\/li>\r\n<li><a href=\"https:\/\/taktici.cz\/sk\/pridelovatel\/podmienky-pouzivania-siete-gepard-infra\/\">Podmienky pr\u00edstupu region\u00e1lnej \u017eeleznice prev\u00e1dzkovane spolo\u010dnos\u0165ou Gepard Infra, s.r.o.,<\/a><\/li>\r\n<\/ul>","protected":false},"excerpt":{"rendered":"<p>Na\u0161a spolo\u010dnos\u0165 je samostatn\u00fdm pride\u013eovate\u013eom kapacity v zmysle z\u00e1kona \u010d. 266\/1994 Z. z. o dr\u00e1hach v znen\u00ed neskor\u0161\u00edch predpisov, t. j. samostatne zabezpe\u010duje v\u00fdkon hlavn\u00fdch \u010dinnost\u00ed pre prev\u00e1dzkovate\u013ea dr\u00e1hy, ktor\u00fd [&hellip;]<\/p>\n","protected":false},"author":1,"featured_media":688,"parent":0,"menu_order":0,"comment_status":"closed","ping_status":"closed","template":"","meta":{"footnotes":""},"class_list":["post-644","page","type-page","status-publish","has-post-thumbnail","hentry"],"yoast_head":"<!-- This site is optimized with the Yoast SEO plugin v27.3 - https:\/\/yoast.com\/product\/yoast-seo-wordpress\/ -->\n<title>Pride\u013eovate\u013e kapacity - taktici.cz<\/title>\n<meta name=\"robots\" content=\"index, follow, max-snippet:-1, max-image-preview:large, max-video-preview:-1\" \/>\n<link rel=\"canonical\" href=\"https:\/\/taktici.cz\/pridelce\/\" \/>\n<meta property=\"og:locale\" content=\"sk_SK\" \/>\n<meta property=\"og:type\" content=\"article\" \/>\n<meta property=\"og:title\" content=\"Pride\u013eovate\u013e kapacity - taktici.cz\" \/>\n<meta property=\"og:description\" content=\"Na\u0161a spolo\u010dnos\u0165 je samostatn\u00fdm pride\u013eovate\u013eom kapacity v zmysle z\u00e1kona \u010d. 266\/1994 Z. z. o dr\u00e1hach v znen\u00ed neskor\u0161\u00edch predpisov, t. j. samostatne zabezpe\u010duje v\u00fdkon hlavn\u00fdch \u010dinnost\u00ed pre prev\u00e1dzkovate\u013ea dr\u00e1hy, ktor\u00fd [&hellip;]\" \/>\n<meta property=\"og:url\" content=\"https:\/\/taktici.cz\/pridelce\/\" \/>\n<meta property=\"og:site_name\" content=\"taktici.cz\" \/>\n<meta property=\"article:publisher\" content=\"http:\/\/www.facebook.com\/taktici.cz\" \/>\n<meta property=\"article:modified_time\" content=\"2025-11-25T13:13:54+00:00\" \/>\n<meta property=\"og:image\" content=\"https:\/\/taktici.cz\/wp-content\/uploads\/2023\/11\/kapacita.jpg\" \/>\n\t<meta property=\"og:image:width\" content=\"1024\" \/>\n\t<meta property=\"og:image:height\" content=\"683\" \/>\n\t<meta property=\"og:image:type\" content=\"image\/jpeg\" \/>\n<meta name=\"twitter:card\" content=\"summary_large_image\" \/>\n<meta name=\"twitter:site\" content=\"@taktici\" \/>\n<meta name=\"twitter:label1\" content=\"Predpokladan\u00fd \u010das \u010d\u00edtania\" \/>\n\t<meta name=\"twitter:data1\" content=\"8 min\u00fat\" \/>\n<script type=\"application\/ld+json\" class=\"yoast-schema-graph\">{\"@context\":\"https:\\\/\\\/schema.org\",\"@graph\":[{\"@type\":\"WebPage\",\"@id\":\"https:\\\/\\\/taktici.cz\\\/pridelce\\\/\",\"url\":\"https:\\\/\\\/taktici.cz\\\/pridelce\\\/\",\"name\":\"Pride\u013eovate\u013e kapacity - taktici.cz\",\"isPartOf\":{\"@id\":\"https:\\\/\\\/taktici.cz\\\/#website\"},\"primaryImageOfPage\":{\"@id\":\"https:\\\/\\\/taktici.cz\\\/pridelce\\\/#primaryimage\"},\"image\":{\"@id\":\"https:\\\/\\\/taktici.cz\\\/pridelce\\\/#primaryimage\"},\"thumbnailUrl\":\"https:\\\/\\\/taktici.cz\\\/wp-content\\\/uploads\\\/2023\\\/11\\\/kapacita.jpg\",\"datePublished\":\"2023-11-15T19:52:47+00:00\",\"dateModified\":\"2025-11-25T13:13:54+00:00\",\"breadcrumb\":{\"@id\":\"https:\\\/\\\/taktici.cz\\\/pridelce\\\/#breadcrumb\"},\"inLanguage\":\"sk-SK\",\"potentialAction\":[{\"@type\":\"ReadAction\",\"target\":[\"https:\\\/\\\/taktici.cz\\\/pridelce\\\/\"]}]},{\"@type\":\"ImageObject\",\"inLanguage\":\"sk-SK\",\"@id\":\"https:\\\/\\\/taktici.cz\\\/pridelce\\\/#primaryimage\",\"url\":\"https:\\\/\\\/taktici.cz\\\/wp-content\\\/uploads\\\/2023\\\/11\\\/kapacita.jpg\",\"contentUrl\":\"https:\\\/\\\/taktici.cz\\\/wp-content\\\/uploads\\\/2023\\\/11\\\/kapacita.jpg\",\"width\":1024,\"height\":683},{\"@type\":\"BreadcrumbList\",\"@id\":\"https:\\\/\\\/taktici.cz\\\/pridelce\\\/#breadcrumb\",\"itemListElement\":[{\"@type\":\"ListItem\",\"position\":1,\"name\":\"Dom\u016f\",\"item\":\"https:\\\/\\\/taktici.cz\\\/\"},{\"@type\":\"ListItem\",\"position\":2,\"name\":\"P\u0159\u00edd\u011blce kapacity\"}]},{\"@type\":\"WebSite\",\"@id\":\"https:\\\/\\\/taktici.cz\\\/#website\",\"url\":\"https:\\\/\\\/taktici.cz\\\/\",\"name\":\"taktici.cz\",\"description\":\"Na\u0161e rie\u0161enie \u017eij\u00fa va\u0161imi cie\u013emi\",\"publisher\":{\"@id\":\"https:\\\/\\\/taktici.cz\\\/#organization\"},\"potentialAction\":[{\"@type\":\"SearchAction\",\"target\":{\"@type\":\"EntryPoint\",\"urlTemplate\":\"https:\\\/\\\/taktici.cz\\\/?s={search_term_string}\"},\"query-input\":{\"@type\":\"PropertyValueSpecification\",\"valueRequired\":true,\"valueName\":\"search_term_string\"}}],\"inLanguage\":\"sk-SK\"},{\"@type\":\"Organization\",\"@id\":\"https:\\\/\\\/taktici.cz\\\/#organization\",\"name\":\"taktici.cz, s.r.o.\",\"url\":\"https:\\\/\\\/taktici.cz\\\/\",\"logo\":{\"@type\":\"ImageObject\",\"inLanguage\":\"sk-SK\",\"@id\":\"https:\\\/\\\/taktici.cz\\\/#\\\/schema\\\/logo\\\/image\\\/\",\"url\":\"https:\\\/\\\/taktici.cz\\\/wp-content\\\/uploads\\\/2013\\\/05\\\/logo_barevne2.png\",\"contentUrl\":\"https:\\\/\\\/taktici.cz\\\/wp-content\\\/uploads\\\/2013\\\/05\\\/logo_barevne2.png\",\"width\":208,\"height\":62,\"caption\":\"taktici.cz, s.r.o.\"},\"image\":{\"@id\":\"https:\\\/\\\/taktici.cz\\\/#\\\/schema\\\/logo\\\/image\\\/\"},\"sameAs\":[\"http:\\\/\\\/www.facebook.com\\\/taktici.cz\",\"https:\\\/\\\/x.com\\\/taktici\",\"http:\\\/\\\/www.linkedin.com\\\/company\\\/taktici-cz-s-r-o-\"]}]}<\/script>\n<!-- \/ Yoast SEO plugin. -->","yoast_head_json":{"title":"Pride\u013eovate\u013e kapacity - taktici.cz","robots":{"index":"index","follow":"follow","max-snippet":"max-snippet:-1","max-image-preview":"max-image-preview:large","max-video-preview":"max-video-preview:-1"},"canonical":"https:\/\/taktici.cz\/pridelce\/","og_locale":"sk_SK","og_type":"article","og_title":"Pride\u013eovate\u013e kapacity - taktici.cz","og_description":"Na\u0161a spolo\u010dnos\u0165 je samostatn\u00fdm pride\u013eovate\u013eom kapacity v zmysle z\u00e1kona \u010d. 266\/1994 Z. z. o dr\u00e1hach v znen\u00ed neskor\u0161\u00edch predpisov, t. j. samostatne zabezpe\u010duje v\u00fdkon hlavn\u00fdch \u010dinnost\u00ed pre prev\u00e1dzkovate\u013ea dr\u00e1hy, ktor\u00fd [&hellip;]","og_url":"https:\/\/taktici.cz\/pridelce\/","og_site_name":"taktici.cz","article_publisher":"http:\/\/www.facebook.com\/taktici.cz","article_modified_time":"2025-11-25T13:13:54+00:00","og_image":[{"width":1024,"height":683,"url":"https:\/\/taktici.cz\/wp-content\/uploads\/2023\/11\/kapacita.jpg","type":"image\/jpeg"}],"twitter_card":"summary_large_image","twitter_site":"@taktici","twitter_misc":{"Predpokladan\u00fd \u010das \u010d\u00edtania":"8 min\u00fat"},"schema":{"@context":"https:\/\/schema.org","@graph":[{"@type":"WebPage","@id":"https:\/\/taktici.cz\/pridelce\/","url":"https:\/\/taktici.cz\/pridelce\/","name":"Pride\u013eovate\u013e kapacity - taktici.cz","isPartOf":{"@id":"https:\/\/taktici.cz\/#website"},"primaryImageOfPage":{"@id":"https:\/\/taktici.cz\/pridelce\/#primaryimage"},"image":{"@id":"https:\/\/taktici.cz\/pridelce\/#primaryimage"},"thumbnailUrl":"https:\/\/taktici.cz\/wp-content\/uploads\/2023\/11\/kapacita.jpg","datePublished":"2023-11-15T19:52:47+00:00","dateModified":"2025-11-25T13:13:54+00:00","breadcrumb":{"@id":"https:\/\/taktici.cz\/pridelce\/#breadcrumb"},"inLanguage":"sk-SK","potentialAction":[{"@type":"ReadAction","target":["https:\/\/taktici.cz\/pridelce\/"]}]},{"@type":"ImageObject","inLanguage":"sk-SK","@id":"https:\/\/taktici.cz\/pridelce\/#primaryimage","url":"https:\/\/taktici.cz\/wp-content\/uploads\/2023\/11\/kapacita.jpg","contentUrl":"https:\/\/taktici.cz\/wp-content\/uploads\/2023\/11\/kapacita.jpg","width":1024,"height":683},{"@type":"BreadcrumbList","@id":"https:\/\/taktici.cz\/pridelce\/#breadcrumb","itemListElement":[{"@type":"ListItem","position":1,"name":"Dom\u016f","item":"https:\/\/taktici.cz\/"},{"@type":"ListItem","position":2,"name":"P\u0159\u00edd\u011blce kapacity"}]},{"@type":"WebSite","@id":"https:\/\/taktici.cz\/#website","url":"https:\/\/taktici.cz\/","name":"taktici.cz","description":"Na\u0161e rie\u0161enie \u017eij\u00fa va\u0161imi cie\u013emi","publisher":{"@id":"https:\/\/taktici.cz\/#organization"},"potentialAction":[{"@type":"SearchAction","target":{"@type":"EntryPoint","urlTemplate":"https:\/\/taktici.cz\/?s={search_term_string}"},"query-input":{"@type":"PropertyValueSpecification","valueRequired":true,"valueName":"search_term_string"}}],"inLanguage":"sk-SK"},{"@type":"Organization","@id":"https:\/\/taktici.cz\/#organization","name":"taktici.cz, s.r.o.","url":"https:\/\/taktici.cz\/","logo":{"@type":"ImageObject","inLanguage":"sk-SK","@id":"https:\/\/taktici.cz\/#\/schema\/logo\/image\/","url":"https:\/\/taktici.cz\/wp-content\/uploads\/2013\/05\/logo_barevne2.png","contentUrl":"https:\/\/taktici.cz\/wp-content\/uploads\/2013\/05\/logo_barevne2.png","width":208,"height":62,"caption":"taktici.cz, s.r.o."},"image":{"@id":"https:\/\/taktici.cz\/#\/schema\/logo\/image\/"},"sameAs":["http:\/\/www.facebook.com\/taktici.cz","https:\/\/x.com\/taktici","http:\/\/www.linkedin.com\/company\/taktici-cz-s-r-o-"]}]}},"_links":{"self":[{"href":"https:\/\/taktici.cz\/sk\/wp-json\/wp\/v2\/pages\/644","targetHints":{"allow":["GET"]}}],"collection":[{"href":"https:\/\/taktici.cz\/sk\/wp-json\/wp\/v2\/pages"}],"about":[{"href":"https:\/\/taktici.cz\/sk\/wp-json\/wp\/v2\/types\/page"}],"author":[{"embeddable":true,"href":"https:\/\/taktici.cz\/sk\/wp-json\/wp\/v2\/users\/1"}],"replies":[{"embeddable":true,"href":"https:\/\/taktici.cz\/sk\/wp-json\/wp\/v2\/comments?post=644"}],"version-history":[{"count":10,"href":"https:\/\/taktici.cz\/sk\/wp-json\/wp\/v2\/pages\/644\/revisions"}],"predecessor-version":[{"id":758,"href":"https:\/\/taktici.cz\/sk\/wp-json\/wp\/v2\/pages\/644\/revisions\/758"}],"wp:featuredmedia":[{"embeddable":true,"href":"https:\/\/taktici.cz\/sk\/wp-json\/wp\/v2\/media\/688"}],"wp:attachment":[{"href":"https:\/\/taktici.cz\/sk\/wp-json\/wp\/v2\/media?parent=644"}],"curies":[{"name":"wp","href":"https:\/\/api.w.org\/{rel}","templated":true}]}}