{"id":642,"date":"2023-11-15T20:50:16","date_gmt":"2023-11-15T19:50:16","guid":{"rendered":"https:\/\/taktici.cz\/?page_id=642"},"modified":"2026-02-05T20:52:41","modified_gmt":"2026-02-05T19:52:41","slug":"pridelce-kapacity-cd","status":"publish","type":"page","link":"https:\/\/taktici.cz\/sk\/podmienky-pouzivania-celostatnej-drahy-cd\/","title":{"rendered":"Podmienky pou\u017e\u00edvania celo\u0161t\u00e1tnej \u017eeleznice \u010cD"},"content":{"rendered":"<p>\r\n<p>Od 10. decembra 2023 sme sa stali nez\u00e1visl\u00fdm pr\u00eddelcom na celo\u0161t\u00e1tnej \u017eeleznici prev\u00e1dzkovanej spolo\u010dnost\u00ed \u010cesk\u00e9 dr\u00e1hy, a. s., ktor\u00fd zah\u0155\u0148a celo\u0161t\u00e1tnu tra\u0165 Praha-Vr\u0161ovice, obvod Praha-Eden &#8211; Praha Juh a \u010dasti vn\u00fatorn\u00e9ho obvodu \u017eelezni\u010dn\u00fdch stan\u00edc Bohum\u00edn, D\u011b\u010d\u00edn a Praha Juh. \u010cas\u0165 celo\u0161t\u00e1tnej siete \u010cD Bohum\u00edn sa od 1.4.2024 men\u00ed na neverejn\u00fa vle\u010dku s verejn\u00fdm vyu\u017eit\u00edm.<\/p>\r\n\r\n\r\n\r\n<h3>Inform\u00e1cie najdete v podmienkach pr\u00edstupu \u017eel. siete \u010cD:<\/h3>\r\n\r\n\r\n\r\n<!--h4>Pre cestovn\u00fd poriadok 2027<\/h4-->\r\n\r\n\r\n\r\n<p><a href=\"https:\/\/taktici.cz\/wp-content\/uploads\/2025\/11\/PoD-2026_2027.pdf\">Podmienky pr\u00edstupu \u017eel. siete 2027 (k 14. 12. 2025)<\/a><\/p>\r\n<p><a href=\"https:\/\/taktici.cz\/wp-content\/uploads\/2026\/02\/PoD-2026_2027_uprava-leden-2026.pdf\">Prohl\u00e1\u0161en\u00ed o dr\u00e1ze pro J\u0158 2026\/2027 &#8211; 1. aktualizace (k 1.2.2026)<\/a><\/p>\r\n<!--p><a href=\"\">Podmienky pr\u00edstupu \u017eel. siete 2027 (anglicky)<\/a><\/p-->\r\n\r\n\r\n\r\n<h4>Pre cestovn\u00fd poriadok 2026<\/h4>\r\n\r\n\r\n\r\n<p><a href=\"https:\/\/taktici.cz\/wp-content\/uploads\/2024\/11\/PoD-2025_2026.pdf\">Podmienky pr\u00edstupu \u017eel. siete 2026 (k 15. 12. 2024)<\/a><\/p>\r\n<p><a href=\"https:\/\/taktici.cz\/wp-content\/uploads\/2025\/10\/PoD-2025_2026_uprava-rijen-2025_SSS.pdf\">Podmienky pr\u00edstupu \u017eel. siete 2026 &#8211; 1. aktualiz\u00e1cia (k 1.10.2025)<\/a><\/p>\r\n<p><a href=\"https:\/\/taktici.cz\/wp-content\/uploads\/2025\/11\/PoD-2025_2026_uprava-prosinec-2025.pdf\">Podmienky pr\u00edstupu \u017eel. siete 2026 &#8211; 2. aktualiz\u00e1cia (k 14.12.2025)<\/a><\/p>\r\n<p><a href=\"https:\/\/taktici.cz\/wp-content\/uploads\/2026\/02\/PoD-2025_2026_uprava-leden-2026.pdf\">Prohl\u00e1\u0161en\u00ed o dr\u00e1ze pro J\u0158 2025\/2026 &#8211; 3. aktualizace (k 1.2.2026)<\/a><\/p>\r\n<p><a href=\"https:\/\/taktici.cz\/wp-content\/uploads\/2025\/10\/PoD_2025_2026_EN.pdf\">Podmienky pr\u00edstupu \u017eel. siete 2026 (anglicky)<\/a><\/p>\r\n\r\n\r\n\r\n<h4>Pre cestovn\u00fd poriadok 2025<\/h4>\r\n\r\n\r\n\r\n<p><a href=\"https:\/\/taktici.cz\/wp-content\/uploads\/2023\/11\/taktici_CD_PoDr_2025.pdf\">Podmienky pr\u00edstupu \u017eel. siete 2025 (k 10. 12. 2023)<\/a><\/p>\r\n<p><a href=\"https:\/\/taktici.cz\/wp-content\/uploads\/2024\/03\/taktici_CD_PoDr_2025_uprava_2024_04.pdf\">Podmienky pr\u00edstupu \u017eel. siete 2025 &#8211; 1. aktualiz\u00e1cia (k 1.4.2024)<\/a><\/p>\r\n<p><a href=\"https:\/\/taktici.cz\/wp-content\/uploads\/2024\/06\/PoD-2024_2025_uprava-cerven-2024_S_JJ_MK.pdf\">Podmienky pr\u00edstupu \u017eel. siete 2025 &#8211; 2. aktualiz\u00e1cia (k 1.6.2024)<\/a><\/p>\r\n<p><a href=\"https:\/\/taktici.cz\/wp-content\/uploads\/2024\/11\/PoD-2024_2025_uprava-listopad-2024.pdf\">Podmienky pr\u00edstupu \u017eel. siete 2025 &#8211; 3. aktualiz\u00e1cia (k 1.11.2024)<\/a><\/p>\r\n<p><a href=\"https:\/\/taktici.cz\/wp-content\/uploads\/2025\/10\/PoD-2024_2025_uprava-rijen-2025_SSS.pdf\">Podmienky pr\u00edstupu \u017eel. siete 2025 &#8211; 4. aktualiz\u00e1cia (k 1.10.2025)<\/a><\/p>\r\n<p><a href=\"https:\/\/taktici.cz\/wp-content\/uploads\/2024\/03\/taktici_CD_PoDr_2025_EN.pdf\">Podmienky pr\u00edstupu \u017eel. siete 2025 (anglicky)<\/a><\/p>\r\n\r\n\r\n\r\n<h4>Pre cestovn\u00fd poriadok 2024<\/h4>\r\n\r\n\r\n\r\n<p><a href=\"https:\/\/taktici.cz\/wp-content\/uploads\/2023\/11\/taktici_CD_PoDr_2024_uprava_2023_12.pdf\">Podmienky pr\u00edstupu \u017eel. siete 2024 &#8211; 3. aktualiz\u00e1cia (k 10. 12. 2023)<\/a><\/p>\r\n<p><a href=\"https:\/\/taktici.cz\/wp-content\/uploads\/2024\/03\/taktici_CD_PoDr_2024_uprava_2024_04.pdf\">Podmienky pr\u00edstupu \u017eel. siete 2024 &#8211; 4. aktualiz\u00e1cia (k 1. 4. 2024)<\/a><\/p>\r\n<p><a href=\"https:\/\/taktici.cz\/wp-content\/uploads\/2024\/06\/PoD-2023_2024_uprava-cerven-2024_S_JJ_MK.pdf\">Podmienky pr\u00edstupu \u017eel. siete 2024 &#8211; 5. aktualiz\u00e1cia (k 1. 6. 2024)<\/a><\/p>\r\n<p><a href=\"https:\/\/taktici.cz\/wp-content\/uploads\/2024\/11\/PoD-2023_2024_uprava-listopad-2024.pdf\">Podmienky pr\u00edstupu \u017eel. siete 2025 &#8211; 6. aktualiz\u00e1cia (k 1. 11. 2024)<\/a><\/p>\r\n<p><a href=\"https:\/\/taktici.cz\/wp-content\/uploads\/2024\/03\/taktici_CD_PoDr_2024_EN.pdf\">Podmienky pr\u00edstupu \u017eel. siete 2024 (anglicky)<\/a><\/p>\r\n\r\n\r\n\r\n<p>Podmienky platn\u00e9 do 9. 12. 2023 n\u00e1jdete u p\u00f4vodn\u00e9ho pride\u013eovate\u013ea na webovej str\u00e1nke <a href=\"https:\/\/pridelce.upce.cz\/\">pridelce.upce.cz<\/a>.<\/p>\r\n\r\n\r\n\r\n<p><strong>\u017diadosti o pridelenie kapacity sa bud\u00fa na\u010falej zad\u00e1va\u0165 do <a href=\"https:\/\/pridelce.upce.cz\/\">IS PROK<\/a> bez zmeny.<\/strong><\/p>\r\n\r\n\r\n<\/p>","protected":false},"excerpt":{"rendered":"<p>Od 10. decembra 2023 sme sa stali nez\u00e1visl\u00fdm pr\u00eddelcom na celo\u0161t\u00e1tnej \u017eeleznici prev\u00e1dzkovanej spolo\u010dnost\u00ed \u010cesk\u00e9 dr\u00e1hy, a. s., ktor\u00fd zah\u0155\u0148a celo\u0161t\u00e1tnu tra\u0165 Praha-Vr\u0161ovice, obvod Praha-Eden &#8211; Praha Juh a \u010dasti [&hellip;]<\/p>\n","protected":false},"author":1,"featured_media":0,"parent":0,"menu_order":0,"comment_status":"closed","ping_status":"closed","template":"","meta":{"footnotes":""},"class_list":["post-642","page","type-page","status-publish","hentry"],"yoast_head":"<!-- This site is optimized with the Yoast SEO plugin v27.4 - https:\/\/yoast.com\/product\/yoast-seo-wordpress\/ -->\n<title>Podmienky pou\u017e\u00edvania celo\u0161t\u00e1tnej \u017eeleznice \u010cD - taktici.cz<\/title>\n<meta name=\"robots\" content=\"index, follow, max-snippet:-1, max-image-preview:large, max-video-preview:-1\" \/>\n<link rel=\"canonical\" href=\"https:\/\/taktici.cz\/prohlaseni-o-draze-cd\/\" \/>\n<meta property=\"og:locale\" content=\"sk_SK\" \/>\n<meta property=\"og:type\" content=\"article\" \/>\n<meta property=\"og:title\" content=\"Podmienky pou\u017e\u00edvania celo\u0161t\u00e1tnej \u017eeleznice \u010cD - taktici.cz\" \/>\n<meta property=\"og:description\" content=\"Od 10. decembra 2023 sme sa stali nez\u00e1visl\u00fdm pr\u00eddelcom na celo\u0161t\u00e1tnej \u017eeleznici prev\u00e1dzkovanej spolo\u010dnost\u00ed \u010cesk\u00e9 dr\u00e1hy, a. s., ktor\u00fd zah\u0155\u0148a celo\u0161t\u00e1tnu tra\u0165 Praha-Vr\u0161ovice, obvod Praha-Eden &#8211; Praha Juh a \u010dasti [&hellip;]\" \/>\n<meta property=\"og:url\" content=\"https:\/\/taktici.cz\/prohlaseni-o-draze-cd\/\" \/>\n<meta property=\"og:site_name\" content=\"taktici.cz\" \/>\n<meta property=\"article:publisher\" content=\"http:\/\/www.facebook.com\/taktici.cz\" \/>\n<meta property=\"article:modified_time\" content=\"2026-02-05T19:52:41+00:00\" \/>\n<meta name=\"twitter:card\" content=\"summary_large_image\" \/>\n<meta name=\"twitter:site\" content=\"@taktici\" \/>\n<meta name=\"twitter:label1\" content=\"Predpokladan\u00fd \u010das \u010d\u00edtania\" \/>\n\t<meta name=\"twitter:data1\" content=\"7 min\u00fat\" \/>\n<script type=\"application\/ld+json\" class=\"yoast-schema-graph\">{\"@context\":\"https:\\\/\\\/schema.org\",\"@graph\":[{\"@type\":\"WebPage\",\"@id\":\"https:\\\/\\\/taktici.cz\\\/prohlaseni-o-draze-cd\\\/\",\"url\":\"https:\\\/\\\/taktici.cz\\\/prohlaseni-o-draze-cd\\\/\",\"name\":\"Podmienky pou\u017e\u00edvania celo\u0161t\u00e1tnej \u017eeleznice \u010cD - taktici.cz\",\"isPartOf\":{\"@id\":\"https:\\\/\\\/taktici.cz\\\/#website\"},\"datePublished\":\"2023-11-15T19:50:16+00:00\",\"dateModified\":\"2026-02-05T19:52:41+00:00\",\"breadcrumb\":{\"@id\":\"https:\\\/\\\/taktici.cz\\\/prohlaseni-o-draze-cd\\\/#breadcrumb\"},\"inLanguage\":\"sk-SK\",\"potentialAction\":[{\"@type\":\"ReadAction\",\"target\":[\"https:\\\/\\\/taktici.cz\\\/prohlaseni-o-draze-cd\\\/\"]}]},{\"@type\":\"BreadcrumbList\",\"@id\":\"https:\\\/\\\/taktici.cz\\\/prohlaseni-o-draze-cd\\\/#breadcrumb\",\"itemListElement\":[{\"@type\":\"ListItem\",\"position\":1,\"name\":\"Dom\u016f\",\"item\":\"https:\\\/\\\/taktici.cz\\\/\"},{\"@type\":\"ListItem\",\"position\":2,\"name\":\"Prohl\u00e1\u0161en\u00ed o dr\u00e1ze celost\u00e1tn\u00ed \u010cD\"}]},{\"@type\":\"WebSite\",\"@id\":\"https:\\\/\\\/taktici.cz\\\/#website\",\"url\":\"https:\\\/\\\/taktici.cz\\\/\",\"name\":\"taktici.cz\",\"description\":\"Na\u0161e rie\u0161enie \u017eij\u00fa va\u0161imi cie\u013emi\",\"publisher\":{\"@id\":\"https:\\\/\\\/taktici.cz\\\/#organization\"},\"potentialAction\":[{\"@type\":\"SearchAction\",\"target\":{\"@type\":\"EntryPoint\",\"urlTemplate\":\"https:\\\/\\\/taktici.cz\\\/?s={search_term_string}\"},\"query-input\":{\"@type\":\"PropertyValueSpecification\",\"valueRequired\":true,\"valueName\":\"search_term_string\"}}],\"inLanguage\":\"sk-SK\"},{\"@type\":\"Organization\",\"@id\":\"https:\\\/\\\/taktici.cz\\\/#organization\",\"name\":\"taktici.cz, s.r.o.\",\"url\":\"https:\\\/\\\/taktici.cz\\\/\",\"logo\":{\"@type\":\"ImageObject\",\"inLanguage\":\"sk-SK\",\"@id\":\"https:\\\/\\\/taktici.cz\\\/#\\\/schema\\\/logo\\\/image\\\/\",\"url\":\"https:\\\/\\\/taktici.cz\\\/wp-content\\\/uploads\\\/2013\\\/05\\\/logo_barevne2.png\",\"contentUrl\":\"https:\\\/\\\/taktici.cz\\\/wp-content\\\/uploads\\\/2013\\\/05\\\/logo_barevne2.png\",\"width\":208,\"height\":62,\"caption\":\"taktici.cz, s.r.o.\"},\"image\":{\"@id\":\"https:\\\/\\\/taktici.cz\\\/#\\\/schema\\\/logo\\\/image\\\/\"},\"sameAs\":[\"http:\\\/\\\/www.facebook.com\\\/taktici.cz\",\"https:\\\/\\\/x.com\\\/taktici\",\"http:\\\/\\\/www.linkedin.com\\\/company\\\/taktici-cz-s-r-o-\"]}]}<\/script>\n<!-- \/ Yoast SEO plugin. -->","yoast_head_json":{"title":"Podmienky pou\u017e\u00edvania celo\u0161t\u00e1tnej \u017eeleznice \u010cD - taktici.cz","robots":{"index":"index","follow":"follow","max-snippet":"max-snippet:-1","max-image-preview":"max-image-preview:large","max-video-preview":"max-video-preview:-1"},"canonical":"https:\/\/taktici.cz\/prohlaseni-o-draze-cd\/","og_locale":"sk_SK","og_type":"article","og_title":"Podmienky pou\u017e\u00edvania celo\u0161t\u00e1tnej \u017eeleznice \u010cD - taktici.cz","og_description":"Od 10. decembra 2023 sme sa stali nez\u00e1visl\u00fdm pr\u00eddelcom na celo\u0161t\u00e1tnej \u017eeleznici prev\u00e1dzkovanej spolo\u010dnost\u00ed \u010cesk\u00e9 dr\u00e1hy, a. s., ktor\u00fd zah\u0155\u0148a celo\u0161t\u00e1tnu tra\u0165 Praha-Vr\u0161ovice, obvod Praha-Eden &#8211; Praha Juh a \u010dasti [&hellip;]","og_url":"https:\/\/taktici.cz\/prohlaseni-o-draze-cd\/","og_site_name":"taktici.cz","article_publisher":"http:\/\/www.facebook.com\/taktici.cz","article_modified_time":"2026-02-05T19:52:41+00:00","twitter_card":"summary_large_image","twitter_site":"@taktici","twitter_misc":{"Predpokladan\u00fd \u010das \u010d\u00edtania":"7 min\u00fat"},"schema":{"@context":"https:\/\/schema.org","@graph":[{"@type":"WebPage","@id":"https:\/\/taktici.cz\/prohlaseni-o-draze-cd\/","url":"https:\/\/taktici.cz\/prohlaseni-o-draze-cd\/","name":"Podmienky pou\u017e\u00edvania celo\u0161t\u00e1tnej \u017eeleznice \u010cD - taktici.cz","isPartOf":{"@id":"https:\/\/taktici.cz\/#website"},"datePublished":"2023-11-15T19:50:16+00:00","dateModified":"2026-02-05T19:52:41+00:00","breadcrumb":{"@id":"https:\/\/taktici.cz\/prohlaseni-o-draze-cd\/#breadcrumb"},"inLanguage":"sk-SK","potentialAction":[{"@type":"ReadAction","target":["https:\/\/taktici.cz\/prohlaseni-o-draze-cd\/"]}]},{"@type":"BreadcrumbList","@id":"https:\/\/taktici.cz\/prohlaseni-o-draze-cd\/#breadcrumb","itemListElement":[{"@type":"ListItem","position":1,"name":"Dom\u016f","item":"https:\/\/taktici.cz\/"},{"@type":"ListItem","position":2,"name":"Prohl\u00e1\u0161en\u00ed o dr\u00e1ze celost\u00e1tn\u00ed \u010cD"}]},{"@type":"WebSite","@id":"https:\/\/taktici.cz\/#website","url":"https:\/\/taktici.cz\/","name":"taktici.cz","description":"Na\u0161e rie\u0161enie \u017eij\u00fa va\u0161imi cie\u013emi","publisher":{"@id":"https:\/\/taktici.cz\/#organization"},"potentialAction":[{"@type":"SearchAction","target":{"@type":"EntryPoint","urlTemplate":"https:\/\/taktici.cz\/?s={search_term_string}"},"query-input":{"@type":"PropertyValueSpecification","valueRequired":true,"valueName":"search_term_string"}}],"inLanguage":"sk-SK"},{"@type":"Organization","@id":"https:\/\/taktici.cz\/#organization","name":"taktici.cz, s.r.o.","url":"https:\/\/taktici.cz\/","logo":{"@type":"ImageObject","inLanguage":"sk-SK","@id":"https:\/\/taktici.cz\/#\/schema\/logo\/image\/","url":"https:\/\/taktici.cz\/wp-content\/uploads\/2013\/05\/logo_barevne2.png","contentUrl":"https:\/\/taktici.cz\/wp-content\/uploads\/2013\/05\/logo_barevne2.png","width":208,"height":62,"caption":"taktici.cz, s.r.o."},"image":{"@id":"https:\/\/taktici.cz\/#\/schema\/logo\/image\/"},"sameAs":["http:\/\/www.facebook.com\/taktici.cz","https:\/\/x.com\/taktici","http:\/\/www.linkedin.com\/company\/taktici-cz-s-r-o-"]}]}},"_links":{"self":[{"href":"https:\/\/taktici.cz\/sk\/wp-json\/wp\/v2\/pages\/642","targetHints":{"allow":["GET"]}}],"collection":[{"href":"https:\/\/taktici.cz\/sk\/wp-json\/wp\/v2\/pages"}],"about":[{"href":"https:\/\/taktici.cz\/sk\/wp-json\/wp\/v2\/types\/page"}],"author":[{"embeddable":true,"href":"https:\/\/taktici.cz\/sk\/wp-json\/wp\/v2\/users\/1"}],"replies":[{"embeddable":true,"href":"https:\/\/taktici.cz\/sk\/wp-json\/wp\/v2\/comments?post=642"}],"version-history":[{"count":28,"href":"https:\/\/taktici.cz\/sk\/wp-json\/wp\/v2\/pages\/642\/revisions"}],"predecessor-version":[{"id":768,"href":"https:\/\/taktici.cz\/sk\/wp-json\/wp\/v2\/pages\/642\/revisions\/768"}],"wp:attachment":[{"href":"https:\/\/taktici.cz\/sk\/wp-json\/wp\/v2\/media?parent=642"}],"curies":[{"name":"wp","href":"https:\/\/api.w.org\/{rel}","templated":true}]}}