{"id":42,"date":"2013-04-30T16:01:15","date_gmt":"2013-04-30T16:01:15","guid":{"rendered":"http:\/\/taktici.cz\/wordpress\/\/?page_id=42"},"modified":"2017-03-19T22:35:55","modified_gmt":"2017-03-19T21:35:55","slug":"dopravni-technologie","status":"publish","type":"page","link":"https:\/\/taktici.cz\/sk\/technologia-dopravy\/","title":{"rendered":"Technol\u00f3gia dopravy"},"content":{"rendered":"<p>Predmetom dopravnej technol\u00f3gie je sp\u00e1ja\u0165 na jednej strane potreby \u017eelezni\u010dnej prev\u00e1dzky, ktor\u00e9 reprezentovan\u00e9 najm\u00e4 dopytom po preprave cestuj\u00facich a n\u00e1kladov, s mo\u017enos\u0165ami a schopnos\u0165ami \u017eelezni\u010dnej infra\u0161trukt\u00fary na strane druhej. Hlavn\u00fdm cie\u013eom dopravnej technol\u00f3gie je vytvorenie ponuky (ako komplementu k dopytu), ktor\u00e1 sa nach\u00e1dza v komplexnom trojuholn\u00edku &#8222;ponuka &#8211; vozidlo &#8211; tra\u0165&#8220;.<\/p>\n<p>Na\u0161ou filozofiou je systematick\u00e9 pl\u00e1novanie \u017eelezni\u010dnej siete pre potreby osobnej aj n\u00e1kladnej \u017eelezni\u010dnej dopravy na z\u00e1klade princ\u00edpov integr\u00e1lneho taktov\u00e9ho grafikonu. Z\u00e1klady k tomuto pr\u00edstupu v \u010ceskej republike boli polo\u017een\u00e9 projektom vedy a v\u00fdskumu Konfigur\u00e1cia taktov\u00fdch uzlov v \u017eelezni\u010dnej sieti SR, na ktor\u00e9ho rie\u0161en\u00ed sa zakladatelia spolo\u010dnosti v rokoch 2007 a\u017e 2009 podie\u013eali.<\/p>\n<p>Pre potreby dopravnej technol\u00f3gie vyu\u017e\u00edvame programov\u00fd bal\u00edk <abbr title=\"Fahrplanbearbeitungssystem\">FBS\/iPlan vyvinut\u00fd v <abbr title=\"Institut f\u00fcr Regional- und Fernverkehrsplanung\">iRFP.<\/abbr><\/abbr><\/p>","protected":false},"excerpt":{"rendered":"<p>Predmetom dopravnej technol\u00f3gie je sp\u00e1ja\u0165 na jednej strane potreby \u017eelezni\u010dnej prev\u00e1dzky, ktor\u00e9 reprezentovan\u00e9 najm\u00e4 dopytom po preprave cestuj\u00facich a n\u00e1kladov, s mo\u017enos\u0165ami a schopnos\u0165ami \u017eelezni\u010dnej infra\u0161trukt\u00fary na strane druhej. Hlavn\u00fdm [&hellip;]<\/p>\n","protected":false},"author":1,"featured_media":145,"parent":0,"menu_order":0,"comment_status":"closed","ping_status":"closed","template":"","meta":{"footnotes":""},"class_list":["post-42","page","type-page","status-publish","has-post-thumbnail","hentry"],"yoast_head":"<!-- This site is optimized with the Yoast SEO plugin v27.4 - https:\/\/yoast.com\/product\/yoast-seo-wordpress\/ -->\n<title>Technol\u00f3gia dopravy - taktici.cz<\/title>\n<meta name=\"robots\" content=\"index, follow, max-snippet:-1, max-image-preview:large, max-video-preview:-1\" \/>\n<link rel=\"canonical\" href=\"https:\/\/taktici.cz\/dopravni-technologie\/\" \/>\n<meta property=\"og:locale\" content=\"sk_SK\" \/>\n<meta property=\"og:type\" content=\"article\" \/>\n<meta property=\"og:title\" content=\"Technol\u00f3gia dopravy - taktici.cz\" \/>\n<meta property=\"og:description\" content=\"Predmetom dopravnej technol\u00f3gie je sp\u00e1ja\u0165 na jednej strane potreby \u017eelezni\u010dnej prev\u00e1dzky, ktor\u00e9 reprezentovan\u00e9 najm\u00e4 dopytom po preprave cestuj\u00facich a n\u00e1kladov, s mo\u017enos\u0165ami a schopnos\u0165ami \u017eelezni\u010dnej infra\u0161trukt\u00fary na strane druhej. Hlavn\u00fdm [&hellip;]\" \/>\n<meta property=\"og:url\" content=\"https:\/\/taktici.cz\/dopravni-technologie\/\" \/>\n<meta property=\"og:site_name\" content=\"taktici.cz\" \/>\n<meta property=\"article:publisher\" content=\"http:\/\/www.facebook.com\/taktici.cz\" \/>\n<meta property=\"article:modified_time\" content=\"2017-03-19T21:35:55+00:00\" \/>\n<meta property=\"og:image\" content=\"https:\/\/taktici.cz\/wp-content\/uploads\/2013\/09\/fbs.png\" \/>\n\t<meta property=\"og:image:width\" content=\"1331\" \/>\n\t<meta property=\"og:image:height\" content=\"1043\" \/>\n\t<meta property=\"og:image:type\" content=\"image\/png\" \/>\n<meta name=\"twitter:card\" content=\"summary_large_image\" \/>\n<meta name=\"twitter:site\" content=\"@taktici\" \/>\n<meta name=\"twitter:label1\" content=\"Predpokladan\u00fd \u010das \u010d\u00edtania\" \/>\n\t<meta name=\"twitter:data1\" content=\"4 min\u00faty\" \/>\n<script type=\"application\/ld+json\" class=\"yoast-schema-graph\">{\"@context\":\"https:\\\/\\\/schema.org\",\"@graph\":[{\"@type\":\"WebPage\",\"@id\":\"https:\\\/\\\/taktici.cz\\\/dopravni-technologie\\\/\",\"url\":\"https:\\\/\\\/taktici.cz\\\/dopravni-technologie\\\/\",\"name\":\"Technol\u00f3gia dopravy - taktici.cz\",\"isPartOf\":{\"@id\":\"https:\\\/\\\/taktici.cz\\\/#website\"},\"primaryImageOfPage\":{\"@id\":\"https:\\\/\\\/taktici.cz\\\/dopravni-technologie\\\/#primaryimage\"},\"image\":{\"@id\":\"https:\\\/\\\/taktici.cz\\\/dopravni-technologie\\\/#primaryimage\"},\"thumbnailUrl\":\"https:\\\/\\\/taktici.cz\\\/wp-content\\\/uploads\\\/2013\\\/09\\\/fbs.png\",\"datePublished\":\"2013-04-30T16:01:15+00:00\",\"dateModified\":\"2017-03-19T21:35:55+00:00\",\"breadcrumb\":{\"@id\":\"https:\\\/\\\/taktici.cz\\\/dopravni-technologie\\\/#breadcrumb\"},\"inLanguage\":\"sk-SK\",\"potentialAction\":[{\"@type\":\"ReadAction\",\"target\":[\"https:\\\/\\\/taktici.cz\\\/dopravni-technologie\\\/\"]}]},{\"@type\":\"ImageObject\",\"inLanguage\":\"sk-SK\",\"@id\":\"https:\\\/\\\/taktici.cz\\\/dopravni-technologie\\\/#primaryimage\",\"url\":\"https:\\\/\\\/taktici.cz\\\/wp-content\\\/uploads\\\/2013\\\/09\\\/fbs.png\",\"contentUrl\":\"https:\\\/\\\/taktici.cz\\\/wp-content\\\/uploads\\\/2013\\\/09\\\/fbs.png\",\"width\":1331,\"height\":1043},{\"@type\":\"BreadcrumbList\",\"@id\":\"https:\\\/\\\/taktici.cz\\\/dopravni-technologie\\\/#breadcrumb\",\"itemListElement\":[{\"@type\":\"ListItem\",\"position\":1,\"name\":\"Dom\u016f\",\"item\":\"https:\\\/\\\/taktici.cz\\\/\"},{\"@type\":\"ListItem\",\"position\":2,\"name\":\"Dopravn\u00ed technologie\"}]},{\"@type\":\"WebSite\",\"@id\":\"https:\\\/\\\/taktici.cz\\\/#website\",\"url\":\"https:\\\/\\\/taktici.cz\\\/\",\"name\":\"taktici.cz\",\"description\":\"Na\u0161e rie\u0161enie \u017eij\u00fa va\u0161imi cie\u013emi\",\"publisher\":{\"@id\":\"https:\\\/\\\/taktici.cz\\\/#organization\"},\"potentialAction\":[{\"@type\":\"SearchAction\",\"target\":{\"@type\":\"EntryPoint\",\"urlTemplate\":\"https:\\\/\\\/taktici.cz\\\/?s={search_term_string}\"},\"query-input\":{\"@type\":\"PropertyValueSpecification\",\"valueRequired\":true,\"valueName\":\"search_term_string\"}}],\"inLanguage\":\"sk-SK\"},{\"@type\":\"Organization\",\"@id\":\"https:\\\/\\\/taktici.cz\\\/#organization\",\"name\":\"taktici.cz, s.r.o.\",\"url\":\"https:\\\/\\\/taktici.cz\\\/\",\"logo\":{\"@type\":\"ImageObject\",\"inLanguage\":\"sk-SK\",\"@id\":\"https:\\\/\\\/taktici.cz\\\/#\\\/schema\\\/logo\\\/image\\\/\",\"url\":\"https:\\\/\\\/taktici.cz\\\/wp-content\\\/uploads\\\/2013\\\/05\\\/logo_barevne2.png\",\"contentUrl\":\"https:\\\/\\\/taktici.cz\\\/wp-content\\\/uploads\\\/2013\\\/05\\\/logo_barevne2.png\",\"width\":208,\"height\":62,\"caption\":\"taktici.cz, s.r.o.\"},\"image\":{\"@id\":\"https:\\\/\\\/taktici.cz\\\/#\\\/schema\\\/logo\\\/image\\\/\"},\"sameAs\":[\"http:\\\/\\\/www.facebook.com\\\/taktici.cz\",\"https:\\\/\\\/x.com\\\/taktici\",\"http:\\\/\\\/www.linkedin.com\\\/company\\\/taktici-cz-s-r-o-\"]}]}<\/script>\n<!-- \/ Yoast SEO plugin. -->","yoast_head_json":{"title":"Technol\u00f3gia dopravy - taktici.cz","robots":{"index":"index","follow":"follow","max-snippet":"max-snippet:-1","max-image-preview":"max-image-preview:large","max-video-preview":"max-video-preview:-1"},"canonical":"https:\/\/taktici.cz\/dopravni-technologie\/","og_locale":"sk_SK","og_type":"article","og_title":"Technol\u00f3gia dopravy - taktici.cz","og_description":"Predmetom dopravnej technol\u00f3gie je sp\u00e1ja\u0165 na jednej strane potreby \u017eelezni\u010dnej prev\u00e1dzky, ktor\u00e9 reprezentovan\u00e9 najm\u00e4 dopytom po preprave cestuj\u00facich a n\u00e1kladov, s mo\u017enos\u0165ami a schopnos\u0165ami \u017eelezni\u010dnej infra\u0161trukt\u00fary na strane druhej. Hlavn\u00fdm [&hellip;]","og_url":"https:\/\/taktici.cz\/dopravni-technologie\/","og_site_name":"taktici.cz","article_publisher":"http:\/\/www.facebook.com\/taktici.cz","article_modified_time":"2017-03-19T21:35:55+00:00","og_image":[{"width":1331,"height":1043,"url":"https:\/\/taktici.cz\/wp-content\/uploads\/2013\/09\/fbs.png","type":"image\/png"}],"twitter_card":"summary_large_image","twitter_site":"@taktici","twitter_misc":{"Predpokladan\u00fd \u010das \u010d\u00edtania":"4 min\u00faty"},"schema":{"@context":"https:\/\/schema.org","@graph":[{"@type":"WebPage","@id":"https:\/\/taktici.cz\/dopravni-technologie\/","url":"https:\/\/taktici.cz\/dopravni-technologie\/","name":"Technol\u00f3gia dopravy - taktici.cz","isPartOf":{"@id":"https:\/\/taktici.cz\/#website"},"primaryImageOfPage":{"@id":"https:\/\/taktici.cz\/dopravni-technologie\/#primaryimage"},"image":{"@id":"https:\/\/taktici.cz\/dopravni-technologie\/#primaryimage"},"thumbnailUrl":"https:\/\/taktici.cz\/wp-content\/uploads\/2013\/09\/fbs.png","datePublished":"2013-04-30T16:01:15+00:00","dateModified":"2017-03-19T21:35:55+00:00","breadcrumb":{"@id":"https:\/\/taktici.cz\/dopravni-technologie\/#breadcrumb"},"inLanguage":"sk-SK","potentialAction":[{"@type":"ReadAction","target":["https:\/\/taktici.cz\/dopravni-technologie\/"]}]},{"@type":"ImageObject","inLanguage":"sk-SK","@id":"https:\/\/taktici.cz\/dopravni-technologie\/#primaryimage","url":"https:\/\/taktici.cz\/wp-content\/uploads\/2013\/09\/fbs.png","contentUrl":"https:\/\/taktici.cz\/wp-content\/uploads\/2013\/09\/fbs.png","width":1331,"height":1043},{"@type":"BreadcrumbList","@id":"https:\/\/taktici.cz\/dopravni-technologie\/#breadcrumb","itemListElement":[{"@type":"ListItem","position":1,"name":"Dom\u016f","item":"https:\/\/taktici.cz\/"},{"@type":"ListItem","position":2,"name":"Dopravn\u00ed technologie"}]},{"@type":"WebSite","@id":"https:\/\/taktici.cz\/#website","url":"https:\/\/taktici.cz\/","name":"taktici.cz","description":"Na\u0161e rie\u0161enie \u017eij\u00fa va\u0161imi cie\u013emi","publisher":{"@id":"https:\/\/taktici.cz\/#organization"},"potentialAction":[{"@type":"SearchAction","target":{"@type":"EntryPoint","urlTemplate":"https:\/\/taktici.cz\/?s={search_term_string}"},"query-input":{"@type":"PropertyValueSpecification","valueRequired":true,"valueName":"search_term_string"}}],"inLanguage":"sk-SK"},{"@type":"Organization","@id":"https:\/\/taktici.cz\/#organization","name":"taktici.cz, s.r.o.","url":"https:\/\/taktici.cz\/","logo":{"@type":"ImageObject","inLanguage":"sk-SK","@id":"https:\/\/taktici.cz\/#\/schema\/logo\/image\/","url":"https:\/\/taktici.cz\/wp-content\/uploads\/2013\/05\/logo_barevne2.png","contentUrl":"https:\/\/taktici.cz\/wp-content\/uploads\/2013\/05\/logo_barevne2.png","width":208,"height":62,"caption":"taktici.cz, s.r.o."},"image":{"@id":"https:\/\/taktici.cz\/#\/schema\/logo\/image\/"},"sameAs":["http:\/\/www.facebook.com\/taktici.cz","https:\/\/x.com\/taktici","http:\/\/www.linkedin.com\/company\/taktici-cz-s-r-o-"]}]}},"_links":{"self":[{"href":"https:\/\/taktici.cz\/sk\/wp-json\/wp\/v2\/pages\/42","targetHints":{"allow":["GET"]}}],"collection":[{"href":"https:\/\/taktici.cz\/sk\/wp-json\/wp\/v2\/pages"}],"about":[{"href":"https:\/\/taktici.cz\/sk\/wp-json\/wp\/v2\/types\/page"}],"author":[{"embeddable":true,"href":"https:\/\/taktici.cz\/sk\/wp-json\/wp\/v2\/users\/1"}],"replies":[{"embeddable":true,"href":"https:\/\/taktici.cz\/sk\/wp-json\/wp\/v2\/comments?post=42"}],"version-history":[{"count":29,"href":"https:\/\/taktici.cz\/sk\/wp-json\/wp\/v2\/pages\/42\/revisions"}],"predecessor-version":[{"id":549,"href":"https:\/\/taktici.cz\/sk\/wp-json\/wp\/v2\/pages\/42\/revisions\/549"}],"wp:featuredmedia":[{"embeddable":true,"href":"https:\/\/taktici.cz\/sk\/wp-json\/wp\/v2\/media\/145"}],"wp:attachment":[{"href":"https:\/\/taktici.cz\/sk\/wp-json\/wp\/v2\/media?parent=42"}],"curies":[{"name":"wp","href":"https:\/\/api.w.org\/{rel}","templated":true}]}}