{"id":39,"date":"2013-04-30T16:00:30","date_gmt":"2013-04-30T16:00:30","guid":{"rendered":"http:\/\/taktici.cz\/wordpress\/\/?page_id=39"},"modified":"2017-03-22T09:20:25","modified_gmt":"2017-03-22T08:20:25","slug":"modelovani-prepravnich-vztahu","status":"publish","type":"page","link":"https:\/\/taktici.cz\/sk\/modelovanie-prepravnych-vztahov\/","title":{"rendered":"Modelovanie prepravn\u00fdch vz\u0165ahov"},"content":{"rendered":"<p>Makroskopick\u00e9 dopravn\u00e9 modelovanie je jednou zo z\u00e1kladn\u00fdch \u010dast\u00ed dopravn\u00e9ho pl\u00e1novania. Jeho cie\u013eom je pop\u00edsa\u0165, ako \u013eudia cestuj\u00fa, resp. bud\u00fa cestova\u0165. Jedn\u00e1 sa teda o obor, ktor\u00fd nem\u00e1 za ciel len \u017eelezni\u010dn\u00fa dopravu, ale zaober\u00e1 sa v\u0161eobecne v\u0161etk\u00fdmi druhmi dopravy. Z\u00e1kladn\u00fdm teoretick\u00fdm konceptom je tzv. <a href=\"http:\/\/en.wikipedia.org\/wiki\/Transportation_forecasting#Four-step_models\">\u0161tvorstup\u0148ov\u00fd dopravn\u00fd model<\/a>, ktor\u00fd sa sna\u017e\u00ed odpoveda\u0165 na ot\u00e1zky odkia\u013e, kam, ako a kadia\u013e \u013eudia cestuj\u00fa.<br \/>\nFilozofiou na\u0161ej spolo\u010dnosti je zav\u00e1dza\u0165 do praxe nov\u00e9, inovat\u00edvne postupy a pr\u00edstupy k makroskopick\u00e9mu dopravn\u00e9mu modelovaniu. Pre svoju in\u017einiersku \u010dinnos\u0165 v odbore modelovania prepravn\u00fdch vz\u0165ahov vyu\u017e\u00edvame predov\u0161etk\u00fdm softv\u00e9r <a href=\"http:\/\/vision-traffic.ptvgroup.com\/en-uk\/products\/ptv-visum\/\">VISUM<\/a> nemeckej spolo\u010dnosti PTV.<br \/>\nV r\u00e1mci svojej \u010dinnosti pon\u00fakame tvorbu makroskopick\u00fdch dopravn\u00fdch modelov na podporu rozhodovania o zmen\u00e1ch dopravn\u00fdch syst\u00e9mov verejnej aj individu\u00e1lnej osobnej dopravy. V r\u00e1mci projektov \u017eelezni\u010dn\u00fdch stavieb vytv\u00e1rame tzv. progn\u00f3zy prepravn\u00fdch vz\u0165ahov, ktor\u00e9 s\u00fa podporou pre ekonomick\u00e9 hodnotenie t\u00fdchto projektov.<\/p>","protected":false},"excerpt":{"rendered":"<p>Makroskopick\u00e9 dopravn\u00e9 modelovanie je jednou zo z\u00e1kladn\u00fdch \u010dast\u00ed dopravn\u00e9ho pl\u00e1novania. Jeho cie\u013eom je pop\u00edsa\u0165, ako \u013eudia cestuj\u00fa, resp. bud\u00fa cestova\u0165. Jedn\u00e1 sa teda o obor, ktor\u00fd nem\u00e1 za ciel len [&hellip;]<\/p>\n","protected":false},"author":1,"featured_media":146,"parent":0,"menu_order":0,"comment_status":"closed","ping_status":"closed","template":"","meta":{"footnotes":""},"class_list":["post-39","page","type-page","status-publish","has-post-thumbnail","hentry"],"yoast_head":"<!-- This site is optimized with the Yoast SEO plugin v27.3 - https:\/\/yoast.com\/product\/yoast-seo-wordpress\/ -->\n<title>Modelovanie prepravn\u00fdch vz\u0165ahov - taktici.cz<\/title>\n<meta name=\"robots\" content=\"index, follow, max-snippet:-1, max-image-preview:large, max-video-preview:-1\" \/>\n<link rel=\"canonical\" href=\"https:\/\/taktici.cz\/modelovani-prepravnich-vztahu\/\" \/>\n<meta property=\"og:locale\" content=\"sk_SK\" \/>\n<meta property=\"og:type\" content=\"article\" \/>\n<meta property=\"og:title\" content=\"Modelovanie prepravn\u00fdch vz\u0165ahov - taktici.cz\" \/>\n<meta property=\"og:description\" content=\"Makroskopick\u00e9 dopravn\u00e9 modelovanie je jednou zo z\u00e1kladn\u00fdch \u010dast\u00ed dopravn\u00e9ho pl\u00e1novania. Jeho cie\u013eom je pop\u00edsa\u0165, ako \u013eudia cestuj\u00fa, resp. bud\u00fa cestova\u0165. Jedn\u00e1 sa teda o obor, ktor\u00fd nem\u00e1 za ciel len [&hellip;]\" \/>\n<meta property=\"og:url\" content=\"https:\/\/taktici.cz\/modelovani-prepravnich-vztahu\/\" \/>\n<meta property=\"og:site_name\" content=\"taktici.cz\" \/>\n<meta property=\"article:publisher\" content=\"http:\/\/www.facebook.com\/taktici.cz\" \/>\n<meta property=\"article:modified_time\" content=\"2017-03-22T08:20:25+00:00\" \/>\n<meta property=\"og:image\" content=\"https:\/\/taktici.cz\/wp-content\/uploads\/2013\/09\/visum.jpg\" \/>\n\t<meta property=\"og:image:width\" content=\"843\" \/>\n\t<meta property=\"og:image:height\" content=\"900\" \/>\n\t<meta property=\"og:image:type\" content=\"image\/jpeg\" \/>\n<meta name=\"twitter:card\" content=\"summary_large_image\" \/>\n<meta name=\"twitter:site\" content=\"@taktici\" \/>\n<meta name=\"twitter:label1\" content=\"Predpokladan\u00fd \u010das \u010d\u00edtania\" \/>\n\t<meta name=\"twitter:data1\" content=\"4 min\u00faty\" \/>\n<script type=\"application\/ld+json\" class=\"yoast-schema-graph\">{\"@context\":\"https:\\\/\\\/schema.org\",\"@graph\":[{\"@type\":\"WebPage\",\"@id\":\"https:\\\/\\\/taktici.cz\\\/modelovani-prepravnich-vztahu\\\/\",\"url\":\"https:\\\/\\\/taktici.cz\\\/modelovani-prepravnich-vztahu\\\/\",\"name\":\"Modelovanie prepravn\u00fdch vz\u0165ahov - taktici.cz\",\"isPartOf\":{\"@id\":\"https:\\\/\\\/taktici.cz\\\/#website\"},\"primaryImageOfPage\":{\"@id\":\"https:\\\/\\\/taktici.cz\\\/modelovani-prepravnich-vztahu\\\/#primaryimage\"},\"image\":{\"@id\":\"https:\\\/\\\/taktici.cz\\\/modelovani-prepravnich-vztahu\\\/#primaryimage\"},\"thumbnailUrl\":\"https:\\\/\\\/taktici.cz\\\/wp-content\\\/uploads\\\/2013\\\/09\\\/visum.jpg\",\"datePublished\":\"2013-04-30T16:00:30+00:00\",\"dateModified\":\"2017-03-22T08:20:25+00:00\",\"breadcrumb\":{\"@id\":\"https:\\\/\\\/taktici.cz\\\/modelovani-prepravnich-vztahu\\\/#breadcrumb\"},\"inLanguage\":\"sk-SK\",\"potentialAction\":[{\"@type\":\"ReadAction\",\"target\":[\"https:\\\/\\\/taktici.cz\\\/modelovani-prepravnich-vztahu\\\/\"]}]},{\"@type\":\"ImageObject\",\"inLanguage\":\"sk-SK\",\"@id\":\"https:\\\/\\\/taktici.cz\\\/modelovani-prepravnich-vztahu\\\/#primaryimage\",\"url\":\"https:\\\/\\\/taktici.cz\\\/wp-content\\\/uploads\\\/2013\\\/09\\\/visum.jpg\",\"contentUrl\":\"https:\\\/\\\/taktici.cz\\\/wp-content\\\/uploads\\\/2013\\\/09\\\/visum.jpg\",\"width\":843,\"height\":900},{\"@type\":\"BreadcrumbList\",\"@id\":\"https:\\\/\\\/taktici.cz\\\/modelovani-prepravnich-vztahu\\\/#breadcrumb\",\"itemListElement\":[{\"@type\":\"ListItem\",\"position\":1,\"name\":\"Dom\u016f\",\"item\":\"https:\\\/\\\/taktici.cz\\\/\"},{\"@type\":\"ListItem\",\"position\":2,\"name\":\"Modelov\u00e1n\u00ed p\u0159epravn\u00edch vztah\u016f\"}]},{\"@type\":\"WebSite\",\"@id\":\"https:\\\/\\\/taktici.cz\\\/#website\",\"url\":\"https:\\\/\\\/taktici.cz\\\/\",\"name\":\"taktici.cz\",\"description\":\"Na\u0161e rie\u0161enie \u017eij\u00fa va\u0161imi cie\u013emi\",\"publisher\":{\"@id\":\"https:\\\/\\\/taktici.cz\\\/#organization\"},\"potentialAction\":[{\"@type\":\"SearchAction\",\"target\":{\"@type\":\"EntryPoint\",\"urlTemplate\":\"https:\\\/\\\/taktici.cz\\\/?s={search_term_string}\"},\"query-input\":{\"@type\":\"PropertyValueSpecification\",\"valueRequired\":true,\"valueName\":\"search_term_string\"}}],\"inLanguage\":\"sk-SK\"},{\"@type\":\"Organization\",\"@id\":\"https:\\\/\\\/taktici.cz\\\/#organization\",\"name\":\"taktici.cz, s.r.o.\",\"url\":\"https:\\\/\\\/taktici.cz\\\/\",\"logo\":{\"@type\":\"ImageObject\",\"inLanguage\":\"sk-SK\",\"@id\":\"https:\\\/\\\/taktici.cz\\\/#\\\/schema\\\/logo\\\/image\\\/\",\"url\":\"https:\\\/\\\/taktici.cz\\\/wp-content\\\/uploads\\\/2013\\\/05\\\/logo_barevne2.png\",\"contentUrl\":\"https:\\\/\\\/taktici.cz\\\/wp-content\\\/uploads\\\/2013\\\/05\\\/logo_barevne2.png\",\"width\":208,\"height\":62,\"caption\":\"taktici.cz, s.r.o.\"},\"image\":{\"@id\":\"https:\\\/\\\/taktici.cz\\\/#\\\/schema\\\/logo\\\/image\\\/\"},\"sameAs\":[\"http:\\\/\\\/www.facebook.com\\\/taktici.cz\",\"https:\\\/\\\/x.com\\\/taktici\",\"http:\\\/\\\/www.linkedin.com\\\/company\\\/taktici-cz-s-r-o-\"]}]}<\/script>\n<!-- \/ Yoast SEO plugin. -->","yoast_head_json":{"title":"Modelovanie prepravn\u00fdch vz\u0165ahov - taktici.cz","robots":{"index":"index","follow":"follow","max-snippet":"max-snippet:-1","max-image-preview":"max-image-preview:large","max-video-preview":"max-video-preview:-1"},"canonical":"https:\/\/taktici.cz\/modelovani-prepravnich-vztahu\/","og_locale":"sk_SK","og_type":"article","og_title":"Modelovanie prepravn\u00fdch vz\u0165ahov - taktici.cz","og_description":"Makroskopick\u00e9 dopravn\u00e9 modelovanie je jednou zo z\u00e1kladn\u00fdch \u010dast\u00ed dopravn\u00e9ho pl\u00e1novania. Jeho cie\u013eom je pop\u00edsa\u0165, ako \u013eudia cestuj\u00fa, resp. bud\u00fa cestova\u0165. Jedn\u00e1 sa teda o obor, ktor\u00fd nem\u00e1 za ciel len [&hellip;]","og_url":"https:\/\/taktici.cz\/modelovani-prepravnich-vztahu\/","og_site_name":"taktici.cz","article_publisher":"http:\/\/www.facebook.com\/taktici.cz","article_modified_time":"2017-03-22T08:20:25+00:00","og_image":[{"width":843,"height":900,"url":"https:\/\/taktici.cz\/wp-content\/uploads\/2013\/09\/visum.jpg","type":"image\/jpeg"}],"twitter_card":"summary_large_image","twitter_site":"@taktici","twitter_misc":{"Predpokladan\u00fd \u010das \u010d\u00edtania":"4 min\u00faty"},"schema":{"@context":"https:\/\/schema.org","@graph":[{"@type":"WebPage","@id":"https:\/\/taktici.cz\/modelovani-prepravnich-vztahu\/","url":"https:\/\/taktici.cz\/modelovani-prepravnich-vztahu\/","name":"Modelovanie prepravn\u00fdch vz\u0165ahov - taktici.cz","isPartOf":{"@id":"https:\/\/taktici.cz\/#website"},"primaryImageOfPage":{"@id":"https:\/\/taktici.cz\/modelovani-prepravnich-vztahu\/#primaryimage"},"image":{"@id":"https:\/\/taktici.cz\/modelovani-prepravnich-vztahu\/#primaryimage"},"thumbnailUrl":"https:\/\/taktici.cz\/wp-content\/uploads\/2013\/09\/visum.jpg","datePublished":"2013-04-30T16:00:30+00:00","dateModified":"2017-03-22T08:20:25+00:00","breadcrumb":{"@id":"https:\/\/taktici.cz\/modelovani-prepravnich-vztahu\/#breadcrumb"},"inLanguage":"sk-SK","potentialAction":[{"@type":"ReadAction","target":["https:\/\/taktici.cz\/modelovani-prepravnich-vztahu\/"]}]},{"@type":"ImageObject","inLanguage":"sk-SK","@id":"https:\/\/taktici.cz\/modelovani-prepravnich-vztahu\/#primaryimage","url":"https:\/\/taktici.cz\/wp-content\/uploads\/2013\/09\/visum.jpg","contentUrl":"https:\/\/taktici.cz\/wp-content\/uploads\/2013\/09\/visum.jpg","width":843,"height":900},{"@type":"BreadcrumbList","@id":"https:\/\/taktici.cz\/modelovani-prepravnich-vztahu\/#breadcrumb","itemListElement":[{"@type":"ListItem","position":1,"name":"Dom\u016f","item":"https:\/\/taktici.cz\/"},{"@type":"ListItem","position":2,"name":"Modelov\u00e1n\u00ed p\u0159epravn\u00edch vztah\u016f"}]},{"@type":"WebSite","@id":"https:\/\/taktici.cz\/#website","url":"https:\/\/taktici.cz\/","name":"taktici.cz","description":"Na\u0161e rie\u0161enie \u017eij\u00fa va\u0161imi cie\u013emi","publisher":{"@id":"https:\/\/taktici.cz\/#organization"},"potentialAction":[{"@type":"SearchAction","target":{"@type":"EntryPoint","urlTemplate":"https:\/\/taktici.cz\/?s={search_term_string}"},"query-input":{"@type":"PropertyValueSpecification","valueRequired":true,"valueName":"search_term_string"}}],"inLanguage":"sk-SK"},{"@type":"Organization","@id":"https:\/\/taktici.cz\/#organization","name":"taktici.cz, s.r.o.","url":"https:\/\/taktici.cz\/","logo":{"@type":"ImageObject","inLanguage":"sk-SK","@id":"https:\/\/taktici.cz\/#\/schema\/logo\/image\/","url":"https:\/\/taktici.cz\/wp-content\/uploads\/2013\/05\/logo_barevne2.png","contentUrl":"https:\/\/taktici.cz\/wp-content\/uploads\/2013\/05\/logo_barevne2.png","width":208,"height":62,"caption":"taktici.cz, s.r.o."},"image":{"@id":"https:\/\/taktici.cz\/#\/schema\/logo\/image\/"},"sameAs":["http:\/\/www.facebook.com\/taktici.cz","https:\/\/x.com\/taktici","http:\/\/www.linkedin.com\/company\/taktici-cz-s-r-o-"]}]}},"_links":{"self":[{"href":"https:\/\/taktici.cz\/sk\/wp-json\/wp\/v2\/pages\/39","targetHints":{"allow":["GET"]}}],"collection":[{"href":"https:\/\/taktici.cz\/sk\/wp-json\/wp\/v2\/pages"}],"about":[{"href":"https:\/\/taktici.cz\/sk\/wp-json\/wp\/v2\/types\/page"}],"author":[{"embeddable":true,"href":"https:\/\/taktici.cz\/sk\/wp-json\/wp\/v2\/users\/1"}],"replies":[{"embeddable":true,"href":"https:\/\/taktici.cz\/sk\/wp-json\/wp\/v2\/comments?post=39"}],"version-history":[{"count":26,"href":"https:\/\/taktici.cz\/sk\/wp-json\/wp\/v2\/pages\/39\/revisions"}],"predecessor-version":[{"id":562,"href":"https:\/\/taktici.cz\/sk\/wp-json\/wp\/v2\/pages\/39\/revisions\/562"}],"wp:featuredmedia":[{"embeddable":true,"href":"https:\/\/taktici.cz\/sk\/wp-json\/wp\/v2\/media\/146"}],"wp:attachment":[{"href":"https:\/\/taktici.cz\/sk\/wp-json\/wp\/v2\/media?parent=39"}],"curies":[{"name":"wp","href":"https:\/\/api.w.org\/{rel}","templated":true}]}}