{"id":35,"date":"2013-04-30T15:58:17","date_gmt":"2013-04-30T15:58:17","guid":{"rendered":"http:\/\/taktici.cz\/wordpress\/\/?page_id=35"},"modified":"2017-03-19T23:05:02","modified_gmt":"2017-03-19T22:05:02","slug":"mikrosimulace","status":"publish","type":"page","link":"https:\/\/taktici.cz\/sk\/mikrosimulacia\/","title":{"rendered":"Mikrosimul\u00e1cia prev\u00e1dzky \u017eelezni\u010dnej infra\u0161trukt\u00fary"},"content":{"rendered":"<p>\u017delezni\u010dn\u00e1 infra\u0161trukt\u00fara je najm\u00e4 v uzloch na\u010falej navrhovan\u00e1 \u010dasto na z\u00e1klade statick\u00fdch kapacitn\u00fdch v\u00fdpo\u010dtov. To nezriedka vedie k v\u00fdsledku, kedy realizovan\u00e9 stavby nezodpovedaj\u00fa potreb\u00e1m re\u00e1lneho prev\u00e1dzkov\u00e9ho za\u0165a\u017eenia pri periodick\u00fdch cestovn\u00fdch poriadkoch. N\u00e1\u0161 pr\u00edstup umo\u017e\u0148uje na modeli navrhnutej infra\u0161trukt\u00fary vykon\u00e1va\u0165 iterat\u00edvne \u00fapravy pri za\u0165a\u017een\u00ed predpokladan\u00fdmi prev\u00e1dzkov\u00fdmi konceptami, identifik\u00e1ciu \u00fazkych hrdiel tejto infra\u0161trukt\u00fary, n\u00e1vrhova\u0165 a overova\u0165 varianty ich rie\u0161enia. A to v\u0161etko sk\u00f4r, ne\u017e je (zle) postaven\u00e1.<\/p>\n<p>Na tieto \u00fa\u010dely pou\u017e\u00edvame n\u00e1stroj na simul\u00e1ciu \u017eelezni\u010dn\u00fdch siet\u00ed, <a title=\"Prezent\u00e1cia programov\u00e9ho bal\u00edka OpenTrack\" href=\"http:\/\/www.opentrack.cz\/\">program OpenTrack<\/a>.<\/p>\n<p>So \u0161vaj\u010diarskou spolo\u010dnos\u0165ou OpenTrack Railway Technology Ltd., Ktor\u00e1 vznikla od\u010dlenen\u00edm od <acronym title=\"institutu dopravn\u00e9ho pl\u00e1novania a dopravn\u00fdch syst\u00e9m\u016f\">IVT<\/acronym> ETH Curych spolupracujeme od roku 2003. V roku 2013 sme sa stali ofici\u00e1lnymi distrib\u00fatormi programov\u00e9ho bal\u00edka OpenTrack pre \u010cesk\u00fa republiku.<\/p>\n<p>Rie\u0161enie problematiky kapacity \u017eelezni\u010dnej infra\u0161trukt\u00fary mikrosimul\u00e1ciami m\u00f4\u017eeme pon\u00faknu\u0165 na k\u013e\u00fa\u010d, s vyu\u017eit\u00edm n\u00e1\u0161ho know-how aj v \u0161ir\u0161om kontexte, alebo formou predaja \u010di pren\u00e1jmu vlastnej licencie programu a u\u017e\u00edvate\u013eskej podpory.<\/p>\n<p>Viac inform\u00e1ci\u00ed o <a title=\"Prezent\u00e1cia programov\u00e9ho bal\u00edka OpenTrack\" href=\"http:\/\/www.opentrack.cz\/\">programovom bal\u00edku OpenTrack<\/a> n\u00e1jdete na produktovom webe. Ak m\u00e1te \u010fal\u0161ie ot\u00e1zky, radi s Vami <a title=\"Kontakty\" href=\"http:\/\/taktici.cz\/kontakt\/\">prediskutujeme<\/a>, ako V\u00e1m m\u00f4\u017eeme pom\u00f4c\u0165.<\/p>","protected":false},"excerpt":{"rendered":"<p>\u017delezni\u010dn\u00e1 infra\u0161trukt\u00fara je najm\u00e4 v uzloch na\u010falej navrhovan\u00e1 \u010dasto na z\u00e1klade statick\u00fdch kapacitn\u00fdch v\u00fdpo\u010dtov. To nezriedka vedie k v\u00fdsledku, kedy realizovan\u00e9 stavby nezodpovedaj\u00fa potreb\u00e1m re\u00e1lneho prev\u00e1dzkov\u00e9ho za\u0165a\u017eenia pri periodick\u00fdch cestovn\u00fdch [&hellip;]<\/p>\n","protected":false},"author":1,"featured_media":147,"parent":0,"menu_order":0,"comment_status":"closed","ping_status":"closed","template":"","meta":{"footnotes":""},"class_list":["post-35","page","type-page","status-publish","has-post-thumbnail","hentry"],"yoast_head":"<!-- This site is optimized with the Yoast SEO plugin v27.4 - https:\/\/yoast.com\/product\/yoast-seo-wordpress\/ -->\n<title>Mikrosimul\u00e1cia prev\u00e1dzky \u017eelezni\u010dnej infra\u0161trukt\u00fary - taktici.cz<\/title>\n<meta name=\"robots\" content=\"index, follow, max-snippet:-1, max-image-preview:large, max-video-preview:-1\" \/>\n<link rel=\"canonical\" href=\"https:\/\/taktici.cz\/mikrosimulace\/\" \/>\n<meta property=\"og:locale\" content=\"sk_SK\" \/>\n<meta property=\"og:type\" content=\"article\" \/>\n<meta property=\"og:title\" content=\"Mikrosimul\u00e1cia prev\u00e1dzky \u017eelezni\u010dnej infra\u0161trukt\u00fary - taktici.cz\" \/>\n<meta property=\"og:description\" content=\"\u017delezni\u010dn\u00e1 infra\u0161trukt\u00fara je najm\u00e4 v uzloch na\u010falej navrhovan\u00e1 \u010dasto na z\u00e1klade statick\u00fdch kapacitn\u00fdch v\u00fdpo\u010dtov. To nezriedka vedie k v\u00fdsledku, kedy realizovan\u00e9 stavby nezodpovedaj\u00fa potreb\u00e1m re\u00e1lneho prev\u00e1dzkov\u00e9ho za\u0165a\u017eenia pri periodick\u00fdch cestovn\u00fdch [&hellip;]\" \/>\n<meta property=\"og:url\" content=\"https:\/\/taktici.cz\/mikrosimulace\/\" \/>\n<meta property=\"og:site_name\" content=\"taktici.cz\" \/>\n<meta property=\"article:publisher\" content=\"http:\/\/www.facebook.com\/taktici.cz\" \/>\n<meta property=\"article:modified_time\" content=\"2017-03-19T22:05:02+00:00\" \/>\n<meta property=\"og:image\" content=\"https:\/\/taktici.cz\/wp-content\/uploads\/2013\/09\/Os_98081.jpg\" \/>\n\t<meta property=\"og:image:width\" content=\"1481\" \/>\n\t<meta property=\"og:image:height\" content=\"1110\" \/>\n\t<meta property=\"og:image:type\" content=\"image\/jpeg\" \/>\n<meta name=\"twitter:card\" content=\"summary_large_image\" \/>\n<meta name=\"twitter:site\" content=\"@taktici\" \/>\n<meta name=\"twitter:label1\" content=\"Predpokladan\u00fd \u010das \u010d\u00edtania\" \/>\n\t<meta name=\"twitter:data1\" content=\"5 min\u00fat\" \/>\n<script type=\"application\/ld+json\" class=\"yoast-schema-graph\">{\"@context\":\"https:\\\/\\\/schema.org\",\"@graph\":[{\"@type\":\"WebPage\",\"@id\":\"https:\\\/\\\/taktici.cz\\\/mikrosimulace\\\/\",\"url\":\"https:\\\/\\\/taktici.cz\\\/mikrosimulace\\\/\",\"name\":\"Mikrosimul\u00e1cia prev\u00e1dzky \u017eelezni\u010dnej infra\u0161trukt\u00fary - taktici.cz\",\"isPartOf\":{\"@id\":\"https:\\\/\\\/taktici.cz\\\/#website\"},\"primaryImageOfPage\":{\"@id\":\"https:\\\/\\\/taktici.cz\\\/mikrosimulace\\\/#primaryimage\"},\"image\":{\"@id\":\"https:\\\/\\\/taktici.cz\\\/mikrosimulace\\\/#primaryimage\"},\"thumbnailUrl\":\"https:\\\/\\\/taktici.cz\\\/wp-content\\\/uploads\\\/2013\\\/09\\\/Os_98081.jpg\",\"datePublished\":\"2013-04-30T15:58:17+00:00\",\"dateModified\":\"2017-03-19T22:05:02+00:00\",\"breadcrumb\":{\"@id\":\"https:\\\/\\\/taktici.cz\\\/mikrosimulace\\\/#breadcrumb\"},\"inLanguage\":\"sk-SK\",\"potentialAction\":[{\"@type\":\"ReadAction\",\"target\":[\"https:\\\/\\\/taktici.cz\\\/mikrosimulace\\\/\"]}]},{\"@type\":\"ImageObject\",\"inLanguage\":\"sk-SK\",\"@id\":\"https:\\\/\\\/taktici.cz\\\/mikrosimulace\\\/#primaryimage\",\"url\":\"https:\\\/\\\/taktici.cz\\\/wp-content\\\/uploads\\\/2013\\\/09\\\/Os_98081.jpg\",\"contentUrl\":\"https:\\\/\\\/taktici.cz\\\/wp-content\\\/uploads\\\/2013\\\/09\\\/Os_98081.jpg\",\"width\":1481,\"height\":1110},{\"@type\":\"BreadcrumbList\",\"@id\":\"https:\\\/\\\/taktici.cz\\\/mikrosimulace\\\/#breadcrumb\",\"itemListElement\":[{\"@type\":\"ListItem\",\"position\":1,\"name\":\"Dom\u016f\",\"item\":\"https:\\\/\\\/taktici.cz\\\/\"},{\"@type\":\"ListItem\",\"position\":2,\"name\":\"Mikrosimulace provozu dr\u00e1\u017en\u00ed infrastruktury\"}]},{\"@type\":\"WebSite\",\"@id\":\"https:\\\/\\\/taktici.cz\\\/#website\",\"url\":\"https:\\\/\\\/taktici.cz\\\/\",\"name\":\"taktici.cz\",\"description\":\"Na\u0161e rie\u0161enie \u017eij\u00fa va\u0161imi cie\u013emi\",\"publisher\":{\"@id\":\"https:\\\/\\\/taktici.cz\\\/#organization\"},\"potentialAction\":[{\"@type\":\"SearchAction\",\"target\":{\"@type\":\"EntryPoint\",\"urlTemplate\":\"https:\\\/\\\/taktici.cz\\\/?s={search_term_string}\"},\"query-input\":{\"@type\":\"PropertyValueSpecification\",\"valueRequired\":true,\"valueName\":\"search_term_string\"}}],\"inLanguage\":\"sk-SK\"},{\"@type\":\"Organization\",\"@id\":\"https:\\\/\\\/taktici.cz\\\/#organization\",\"name\":\"taktici.cz, s.r.o.\",\"url\":\"https:\\\/\\\/taktici.cz\\\/\",\"logo\":{\"@type\":\"ImageObject\",\"inLanguage\":\"sk-SK\",\"@id\":\"https:\\\/\\\/taktici.cz\\\/#\\\/schema\\\/logo\\\/image\\\/\",\"url\":\"https:\\\/\\\/taktici.cz\\\/wp-content\\\/uploads\\\/2013\\\/05\\\/logo_barevne2.png\",\"contentUrl\":\"https:\\\/\\\/taktici.cz\\\/wp-content\\\/uploads\\\/2013\\\/05\\\/logo_barevne2.png\",\"width\":208,\"height\":62,\"caption\":\"taktici.cz, s.r.o.\"},\"image\":{\"@id\":\"https:\\\/\\\/taktici.cz\\\/#\\\/schema\\\/logo\\\/image\\\/\"},\"sameAs\":[\"http:\\\/\\\/www.facebook.com\\\/taktici.cz\",\"https:\\\/\\\/x.com\\\/taktici\",\"http:\\\/\\\/www.linkedin.com\\\/company\\\/taktici-cz-s-r-o-\"]}]}<\/script>\n<!-- \/ Yoast SEO plugin. -->","yoast_head_json":{"title":"Mikrosimul\u00e1cia prev\u00e1dzky \u017eelezni\u010dnej infra\u0161trukt\u00fary - taktici.cz","robots":{"index":"index","follow":"follow","max-snippet":"max-snippet:-1","max-image-preview":"max-image-preview:large","max-video-preview":"max-video-preview:-1"},"canonical":"https:\/\/taktici.cz\/mikrosimulace\/","og_locale":"sk_SK","og_type":"article","og_title":"Mikrosimul\u00e1cia prev\u00e1dzky \u017eelezni\u010dnej infra\u0161trukt\u00fary - taktici.cz","og_description":"\u017delezni\u010dn\u00e1 infra\u0161trukt\u00fara je najm\u00e4 v uzloch na\u010falej navrhovan\u00e1 \u010dasto na z\u00e1klade statick\u00fdch kapacitn\u00fdch v\u00fdpo\u010dtov. To nezriedka vedie k v\u00fdsledku, kedy realizovan\u00e9 stavby nezodpovedaj\u00fa potreb\u00e1m re\u00e1lneho prev\u00e1dzkov\u00e9ho za\u0165a\u017eenia pri periodick\u00fdch cestovn\u00fdch [&hellip;]","og_url":"https:\/\/taktici.cz\/mikrosimulace\/","og_site_name":"taktici.cz","article_publisher":"http:\/\/www.facebook.com\/taktici.cz","article_modified_time":"2017-03-19T22:05:02+00:00","og_image":[{"width":1481,"height":1110,"url":"https:\/\/taktici.cz\/wp-content\/uploads\/2013\/09\/Os_98081.jpg","type":"image\/jpeg"}],"twitter_card":"summary_large_image","twitter_site":"@taktici","twitter_misc":{"Predpokladan\u00fd \u010das \u010d\u00edtania":"5 min\u00fat"},"schema":{"@context":"https:\/\/schema.org","@graph":[{"@type":"WebPage","@id":"https:\/\/taktici.cz\/mikrosimulace\/","url":"https:\/\/taktici.cz\/mikrosimulace\/","name":"Mikrosimul\u00e1cia prev\u00e1dzky \u017eelezni\u010dnej infra\u0161trukt\u00fary - taktici.cz","isPartOf":{"@id":"https:\/\/taktici.cz\/#website"},"primaryImageOfPage":{"@id":"https:\/\/taktici.cz\/mikrosimulace\/#primaryimage"},"image":{"@id":"https:\/\/taktici.cz\/mikrosimulace\/#primaryimage"},"thumbnailUrl":"https:\/\/taktici.cz\/wp-content\/uploads\/2013\/09\/Os_98081.jpg","datePublished":"2013-04-30T15:58:17+00:00","dateModified":"2017-03-19T22:05:02+00:00","breadcrumb":{"@id":"https:\/\/taktici.cz\/mikrosimulace\/#breadcrumb"},"inLanguage":"sk-SK","potentialAction":[{"@type":"ReadAction","target":["https:\/\/taktici.cz\/mikrosimulace\/"]}]},{"@type":"ImageObject","inLanguage":"sk-SK","@id":"https:\/\/taktici.cz\/mikrosimulace\/#primaryimage","url":"https:\/\/taktici.cz\/wp-content\/uploads\/2013\/09\/Os_98081.jpg","contentUrl":"https:\/\/taktici.cz\/wp-content\/uploads\/2013\/09\/Os_98081.jpg","width":1481,"height":1110},{"@type":"BreadcrumbList","@id":"https:\/\/taktici.cz\/mikrosimulace\/#breadcrumb","itemListElement":[{"@type":"ListItem","position":1,"name":"Dom\u016f","item":"https:\/\/taktici.cz\/"},{"@type":"ListItem","position":2,"name":"Mikrosimulace provozu dr\u00e1\u017en\u00ed infrastruktury"}]},{"@type":"WebSite","@id":"https:\/\/taktici.cz\/#website","url":"https:\/\/taktici.cz\/","name":"taktici.cz","description":"Na\u0161e rie\u0161enie \u017eij\u00fa va\u0161imi cie\u013emi","publisher":{"@id":"https:\/\/taktici.cz\/#organization"},"potentialAction":[{"@type":"SearchAction","target":{"@type":"EntryPoint","urlTemplate":"https:\/\/taktici.cz\/?s={search_term_string}"},"query-input":{"@type":"PropertyValueSpecification","valueRequired":true,"valueName":"search_term_string"}}],"inLanguage":"sk-SK"},{"@type":"Organization","@id":"https:\/\/taktici.cz\/#organization","name":"taktici.cz, s.r.o.","url":"https:\/\/taktici.cz\/","logo":{"@type":"ImageObject","inLanguage":"sk-SK","@id":"https:\/\/taktici.cz\/#\/schema\/logo\/image\/","url":"https:\/\/taktici.cz\/wp-content\/uploads\/2013\/05\/logo_barevne2.png","contentUrl":"https:\/\/taktici.cz\/wp-content\/uploads\/2013\/05\/logo_barevne2.png","width":208,"height":62,"caption":"taktici.cz, s.r.o."},"image":{"@id":"https:\/\/taktici.cz\/#\/schema\/logo\/image\/"},"sameAs":["http:\/\/www.facebook.com\/taktici.cz","https:\/\/x.com\/taktici","http:\/\/www.linkedin.com\/company\/taktici-cz-s-r-o-"]}]}},"_links":{"self":[{"href":"https:\/\/taktici.cz\/sk\/wp-json\/wp\/v2\/pages\/35","targetHints":{"allow":["GET"]}}],"collection":[{"href":"https:\/\/taktici.cz\/sk\/wp-json\/wp\/v2\/pages"}],"about":[{"href":"https:\/\/taktici.cz\/sk\/wp-json\/wp\/v2\/types\/page"}],"author":[{"embeddable":true,"href":"https:\/\/taktici.cz\/sk\/wp-json\/wp\/v2\/users\/1"}],"replies":[{"embeddable":true,"href":"https:\/\/taktici.cz\/sk\/wp-json\/wp\/v2\/comments?post=35"}],"version-history":[{"count":35,"href":"https:\/\/taktici.cz\/sk\/wp-json\/wp\/v2\/pages\/35\/revisions"}],"predecessor-version":[{"id":555,"href":"https:\/\/taktici.cz\/sk\/wp-json\/wp\/v2\/pages\/35\/revisions\/555"}],"wp:featuredmedia":[{"embeddable":true,"href":"https:\/\/taktici.cz\/sk\/wp-json\/wp\/v2\/media\/147"}],"wp:attachment":[{"href":"https:\/\/taktici.cz\/sk\/wp-json\/wp\/v2\/media?parent=35"}],"curies":[{"name":"wp","href":"https:\/\/api.w.org\/{rel}","templated":true}]}}