{"id":338,"date":"2016-03-18T14:39:29","date_gmt":"2016-03-18T12:39:29","guid":{"rendered":"http:\/\/taktici.cz\/?page_id=338"},"modified":"2016-04-05T09:55:24","modified_gmt":"2016-04-05T07:55:24","slug":"takticky-vylet-25-let-spolecnosti","status":"publish","type":"page","link":"https:\/\/taktici.cz\/sk\/takticky-vylet-25-let-spolecnosti\/","title":{"rendered":"(\u010ce\u0161tina) Taktick\u00fd v\u00fdlet &#8211; 25 let spole\u010dnosti"},"content":{"rendered":"<p class=\"qtranxs-available-languages-message qtranxs-available-languages-message-sk\">\u013dutujeme, t\u00e1to str\u00e1nka je dostupn\u00e1 len v <a href=\"https:\/\/taktici.cz\/cs\/wp-json\/wp\/v2\/pages\/338\" class=\"qtranxs-available-language-link qtranxs-available-language-link-cs\" title=\"\u010ce\u0161tina\">\u010ce\u0161tina<\/a>. For the sake of viewer convenience, the content is shown below in the alternative language. You may click the link to switch the active language.<\/p><p><a href=\"http:\/\/taktici.cz\/wordpress\/wp-content\/uploads\/2016\/03\/DSCN9988-1.jpg\" rel=\"attachment wp-att-340\"><img loading=\"lazy\" decoding=\"async\" class=\"wp-image-340 size-large aligncenter\" src=\"http:\/\/taktici.cz\/wordpress\/wp-content\/uploads\/2016\/03\/DSCN9988-1-1024x313.jpg\" alt=\"DSCN9988\" width=\"900\" height=\"275\" srcset=\"https:\/\/taktici.cz\/wp-content\/uploads\/2016\/03\/DSCN9988-1-1024x313.jpg 1024w, https:\/\/taktici.cz\/wp-content\/uploads\/2016\/03\/DSCN9988-1-300x92.jpg 300w, https:\/\/taktici.cz\/wp-content\/uploads\/2016\/03\/DSCN9988-1-768x234.jpg 768w\" sizes=\"auto, (max-width: 900px) 100vw, 900px\" \/><\/a><\/p>\n<p>&nbsp;<\/p>\n<p>&nbsp;<\/p>\n<p>V\u00e1\u017een\u00ed p\u0159\u00e1tel\u00e9,<\/p>\n<p>na\u0161e spole\u010dnost oslavuje v tomto roce 25. v\u00fdro\u010d\u00ed zalo\u017een\u00ed. Rozhodli jsme se proto pozvat na\u0161e kolegy, p\u0159\u00e1tele a dorostence na v\u00fdlet do romantick\u00e9ho kraje les\u016f a rybn\u00edk\u016f, jeho\u017e ve\u0159ejn\u00e1 doprava byla a je nad\u00e1le v\u00fdzvou snad ka\u017ed\u00e9ho dopravn\u00edho odborn\u00edka, do ji\u017en\u00edch \u010cech.<br \/>\nRezervovali jsme prostory n\u00e1dra\u017e\u00ed JHMD v H\u016frk\u00e1ch s ubytovac\u00ed kapacitou a rekrea\u010dn\u00edm z\u00e1zem\u00edm.<\/p>\n<p>P\u0159ipravujeme pro v\u00e1s tematick\u00fd i turistick\u00fd program v bl\u00edzk\u00e9m okol\u00ed (Land\u0161tejn, Kamenice nad Lipou, Gm\u00fcnd a snad i n\u011bjak\u00e9 to p\u0159ekvapen\u00ed). V\u00a0pr\u016fb\u011bhu akce bude mo\u017en\u00e1 v\u00fdm\u011bna zku\u0161enost\u00ed, my\u0161lenek ale i \u201ejen\u201c dobr\u00e9 n\u00e1lady mezi v\u0161emi \u00fa\u010dastn\u00edky.<\/p>\n<p>Detailn\u00ed program precizujeme, term\u00edn akce je ale ji\u017e pevn\u011b stanoven na 11. \u2013 16. kv\u011btna 2016.<br \/>\nBli\u017e\u0161\u00ed informace budou brzy n\u00e1sledovat.<\/p>\n<p>R.S.V.P.<br \/>\nP\u0159ihlaste se, pros\u00edm, v <a href=\"http:\/\/goo.gl\/forms\/3Xgt3ToAQn\">registra\u010dn\u00edm formul\u00e1\u0159i<\/a>.<br \/>\nDovol\u00edme si v\u00e1s po\u017e\u00e1dat o spolu\u00fa\u010dast ve v\u00fd\u0161i 500 K\u010d na ubytov\u00e1n\u00ed. P\u0159ijet samoz\u0159ejm\u011b m\u016f\u017eete i na krat\u0161\u00ed dobu.<br \/>\nPros\u00edme o odpov\u011b\u010f, abychom p\u0159\u00edpadnou volnou kapacitu mohli nab\u00eddnout dal\u0161\u00edm z\u00e1jemc\u016fm.<\/p>\n<p>Bude n\u00e1m pot\u011b\u0161en\u00edm, pokud na\u0161i pozv\u00e1nku p\u0159ijmete a obohat\u00edte akci svou \u00fa\u010dast\u00ed.<\/p>\n<p>S p\u0159\u00e1telsk\u00fdm pozdravem<\/p>\n<p>Zden\u011bk Michl, Ji\u0159\u00ed Posp\u00ed\u0161il,\u00a0Martin Sojka,\u00a0Milan K\u0159\u00ed\u017e<\/p>\n<p>&nbsp;<\/p>\n<p><img loading=\"lazy\" decoding=\"async\" class=\"size-full wp-image-276 aligncenter\" src=\"http:\/\/taktici.cz\/wordpress\/wp-content\/uploads\/2015\/01\/logo_barevne_web.png\" alt=\"logo_barevne_web\" width=\"188\" height=\"62\" \/><\/p>\n<div id=\"gallery_338_1\" class=\"row\">\r\n\t    \t<div id=\"338-image-346\" class=\"col-xs-12 col-sm-4 col-md-4\">\r\n        \t\t\t\t<div class=\"thumbnail\" data-toggle=\"popover\" data-trigger=\"hover\" data-container=\"body\" data-placement=\"top\" data-content=\"Model stanice H\u016frky\">\r\n        \t\t\t\t\t\r\n\t\t\t\t<a href='https:\/\/taktici.cz\/sk\/takticky-vylet-25-let-spolecnosti\/image001\/'><img loading=\"lazy\" decoding=\"async\" width=\"900\" height=\"275\" src=\"https:\/\/taktici.cz\/wp-content\/uploads\/2016\/03\/image001-1024x313.jpg\" class=\"attachment-large size-large\" alt=\"\" srcset=\"https:\/\/taktici.cz\/wp-content\/uploads\/2016\/03\/image001.jpg 1024w, https:\/\/taktici.cz\/wp-content\/uploads\/2016\/03\/image001-300x92.jpg 300w, https:\/\/taktici.cz\/wp-content\/uploads\/2016\/03\/image001-768x235.jpg 768w\" sizes=\"auto, (max-width: 900px) 100vw, 900px\" \/><\/a>            <\/div>\r\n        <\/div>\r\n        \t<div id=\"338-image-348\" class=\"col-xs-12 col-sm-4 col-md-4\">\r\n        \t\t\t\t<div class=\"thumbnail\" data-toggle=\"popover\" data-trigger=\"hover\" data-container=\"body\" data-placement=\"top\" data-content=\"Vlak JHMD s lokomotivou TU 47.0\">\r\n        \t\t\t\t\t\r\n\t\t\t\t<a href='https:\/\/taktici.cz\/sk\/takticky-vylet-25-let-spolecnosti\/image003\/'><img loading=\"lazy\" decoding=\"async\" width=\"433\" height=\"288\" src=\"https:\/\/taktici.cz\/wp-content\/uploads\/2016\/03\/image003.jpg\" class=\"attachment-large size-large\" alt=\"\" srcset=\"https:\/\/taktici.cz\/wp-content\/uploads\/2016\/03\/image003.jpg 433w, https:\/\/taktici.cz\/wp-content\/uploads\/2016\/03\/image003-300x200.jpg 300w\" sizes=\"auto, (max-width: 433px) 100vw, 433px\" \/><\/a>            <\/div>\r\n        <\/div>\r\n    <div class=\"clearfix visible-sm-block\"><\/div>    \t<div id=\"338-image-349\" class=\"col-xs-12 col-sm-4 col-md-4\">\r\n        \t\t\t\t<div class=\"thumbnail\" data-toggle=\"popover\" data-trigger=\"hover\" data-container=\"body\" data-placement=\"top\" data-content=\"Pivovar Koke\u0161, Kamenice nad Lipou\">\r\n        \t\t\t\t\t\r\n\t\t\t\t<a href='https:\/\/taktici.cz\/sk\/takticky-vylet-25-let-spolecnosti\/image004\/'><img loading=\"lazy\" decoding=\"async\" width=\"433\" height=\"325\" src=\"https:\/\/taktici.cz\/wp-content\/uploads\/2016\/03\/image004.jpg\" class=\"attachment-large size-large\" alt=\"\" srcset=\"https:\/\/taktici.cz\/wp-content\/uploads\/2016\/03\/image004.jpg 433w, https:\/\/taktici.cz\/wp-content\/uploads\/2016\/03\/image004-300x225.jpg 300w\" sizes=\"auto, (max-width: 433px) 100vw, 433px\" \/><\/a>            <\/div>\r\n        <\/div>\r\n    <div class=\"clearfix visible-md-block visible-lg-block\"><\/div>    \t<div id=\"338-image-350\" class=\"col-xs-12 col-sm-4 col-md-4\">\r\n        \t\t\t\t<div class=\"thumbnail\" data-toggle=\"popover\" data-trigger=\"hover\" data-container=\"body\" data-placement=\"top\" data-content=\"\u010cesk\u00fd Rudolec, z\u00e1mek\">\r\n        \t\t\t\t\t\r\n\t\t\t\t<a href='https:\/\/taktici.cz\/sk\/takticky-vylet-25-let-spolecnosti\/image005\/'><img loading=\"lazy\" decoding=\"async\" width=\"433\" height=\"300\" src=\"https:\/\/taktici.cz\/wp-content\/uploads\/2016\/03\/image005.jpg\" class=\"attachment-large size-large\" alt=\"\" srcset=\"https:\/\/taktici.cz\/wp-content\/uploads\/2016\/03\/image005.jpg 433w, https:\/\/taktici.cz\/wp-content\/uploads\/2016\/03\/image005-300x208.jpg 300w\" sizes=\"auto, (max-width: 433px) 100vw, 433px\" \/><\/a>            <\/div>\r\n        <\/div>\r\n        \t<div id=\"338-image-351\" class=\"col-xs-12 col-sm-4 col-md-4\">\r\n        \t\t\t\t<div class=\"thumbnail\" data-toggle=\"popover\" data-trigger=\"hover\" data-container=\"body\" data-placement=\"top\" data-content=\"K\u0159i\u017eov\u00e1n\u00ed parn\u00edch vlak\u016f JHMD\">\r\n        \t\t\t\t\t\r\n\t\t\t\t<a href='https:\/\/taktici.cz\/sk\/takticky-vylet-25-let-spolecnosti\/image006\/'><img loading=\"lazy\" decoding=\"async\" width=\"433\" height=\"325\" src=\"https:\/\/taktici.cz\/wp-content\/uploads\/2016\/03\/image006.jpg\" class=\"attachment-large size-large\" alt=\"\" srcset=\"https:\/\/taktici.cz\/wp-content\/uploads\/2016\/03\/image006.jpg 433w, https:\/\/taktici.cz\/wp-content\/uploads\/2016\/03\/image006-300x225.jpg 300w\" sizes=\"auto, (max-width: 433px) 100vw, 433px\" \/><\/a>            <\/div>\r\n        <\/div>\r\n    <div class=\"clearfix visible-sm-block\"><\/div>    \t<div id=\"338-image-352\" class=\"col-xs-12 col-sm-4 col-md-4\">\r\n        \t\t\t\t<div class=\"thumbnail\" data-toggle=\"popover\" data-trigger=\"hover\" data-container=\"body\" data-placement=\"top\" data-content=\"Muzeum veter\u00e1n\u016f v Nov\u00e9 Byst\u0159ici\">\r\n        \t\t\t\t\t\r\n\t\t\t\t<a href='https:\/\/taktici.cz\/sk\/takticky-vylet-25-let-spolecnosti\/image007\/'><img loading=\"lazy\" decoding=\"async\" width=\"433\" height=\"288\" src=\"https:\/\/taktici.cz\/wp-content\/uploads\/2016\/03\/image007.jpg\" class=\"attachment-large size-large\" alt=\"\" srcset=\"https:\/\/taktici.cz\/wp-content\/uploads\/2016\/03\/image007.jpg 433w, https:\/\/taktici.cz\/wp-content\/uploads\/2016\/03\/image007-300x200.jpg 300w\" sizes=\"auto, (max-width: 433px) 100vw, 433px\" \/><\/a>            <\/div>\r\n        <\/div>\r\n    <div class=\"clearfix visible-md-block visible-lg-block\"><\/div>    \t<div id=\"338-image-353\" class=\"col-xs-12 col-sm-4 col-md-4\">\r\n        \t\t\t\t<div class=\"thumbnail\" data-toggle=\"popover\" data-trigger=\"hover\" data-container=\"body\" data-placement=\"top\" data-content=\"Dieselov\u00fd vlak Waldviertlerbahn na trati Gm\u00fcnd N\u00d6 &#8211; Litschau\">\r\n        \t\t\t\t\t\r\n\t\t\t\t<a href='https:\/\/taktici.cz\/sk\/takticky-vylet-25-let-spolecnosti\/image008\/'><img loading=\"lazy\" decoding=\"async\" width=\"433\" height=\"288\" src=\"https:\/\/taktici.cz\/wp-content\/uploads\/2016\/03\/image008.jpg\" class=\"attachment-large size-large\" alt=\"\" srcset=\"https:\/\/taktici.cz\/wp-content\/uploads\/2016\/03\/image008.jpg 433w, https:\/\/taktici.cz\/wp-content\/uploads\/2016\/03\/image008-300x200.jpg 300w\" sizes=\"auto, (max-width: 433px) 100vw, 433px\" \/><\/a>            <\/div>\r\n        <\/div>\r\n        \t<div id=\"338-image-354\" class=\"col-xs-12 col-sm-4 col-md-4\">\r\n        \t\t\t\t<div class=\"thumbnail\" data-toggle=\"popover\" data-trigger=\"hover\" data-container=\"body\" data-placement=\"top\" data-content=\"Lokomotiva Mh6 na Waldviertlerbahn v Gm\u00fcnd N\u00d6\">\r\n        \t\t\t\t\t\r\n\t\t\t\t<a href='https:\/\/taktici.cz\/sk\/takticky-vylet-25-let-spolecnosti\/image009\/'><img loading=\"lazy\" decoding=\"async\" width=\"433\" height=\"288\" src=\"https:\/\/taktici.cz\/wp-content\/uploads\/2016\/03\/image009.jpg\" class=\"attachment-large size-large\" alt=\"\" srcset=\"https:\/\/taktici.cz\/wp-content\/uploads\/2016\/03\/image009.jpg 433w, https:\/\/taktici.cz\/wp-content\/uploads\/2016\/03\/image009-300x200.jpg 300w\" sizes=\"auto, (max-width: 433px) 100vw, 433px\" \/><\/a>            <\/div>\r\n        <\/div>\r\n    <div class=\"clearfix visible-sm-block\"><\/div>\r\n<\/div>\n<p><strong>Pl\u00e1novan\u00fd program akce:<\/strong><\/p>\n<p><strong>st\u0159eda 11. kv\u011btna<\/strong><\/p>\n<p>Odjezd Praha hl. n. 9.34, j\u00edzda p\u0159es T\u00e1bor, Obrata\u0148 na \u00fazkokolejku.<\/p>\n<p>Cestou p\u0159est\u00e1vka na ob\u011bd.<\/p>\n<p>Dojezd do Jind\u0159ichova Hradce a posledn\u00edm vlakem do H\u016frek (p\u0159\u00edjezd 16.21).<\/p>\n<p><strong>\u010dtvrtek 12. kv\u011btna<\/strong><\/p>\n<p>V\u00fdlet do Kamenice nad Lipou (muzeum j\u00edzdenek, minipivovar)<\/p>\n<p>Dopln\u011bn\u00ed z\u00e1sob, mo\u017enost p\u0159ipojen\u00ed dal\u0161\u00edch \u00fa\u010dastn\u00edk\u016f.<\/p>\n<p><strong>p\u00e1tek 13. kv\u011btna<\/strong><\/p>\n<p>V\u00fdlet na hrad Land\u0161tejn.<\/p>\n<p>P\u0159ipraveno v\u00edce alternativ, podle chuti a po\u010das\u00ed i d\u00e1le nebo naopak s\u00a0p\u0159ibl\u00ed\u017een\u00edm ve\u0159ejnou dopravou.<\/p>\n<p><strong>sobota 14. kv\u011btna<\/strong><\/p>\n<p>Focen\u00ed parn\u00edho vlaku<\/p>\n<p>j\u00edzda Nov\u00e1 Byst\u0159ice (14.11) -&gt; Bla\u017eejov (15.44)<\/p>\n<p>n\u00e1vrat pravideln\u00fdm vlakem do H\u016frek<\/p>\n<p>Posezen\u00ed u ohn\u011b.<\/p>\n<p><strong>ned\u011ble 15. kv\u011btna <\/strong><\/p>\n<p>Program v\u00a0okol\u00ed Nov\u00e9 Byst\u0159ice (nap\u0159. muzeum veter\u00e1n\u016f, Kl\u00e1\u0161ter, \u010ds. opevn\u011bn\u00ed).<\/p>\n<p><strong>pond\u011bl\u00ed 16. kv\u011btna<\/strong><\/p>\n<p>Transfer do Litschau (17 km).<\/p>\n<p>J\u00edzda dieselov\u00fdm vlakem N\u00d6VOG (2095) p\u0159es Alt Nagelberg do Gm\u00fcndu N\u00d6.<\/p>\n<p>Fotografov\u00e1n\u00ed Mh6 na vlaku z\u00a0Weitry, festival \u00fazkokolejn\u00e9 dr\u00e1hy v\u00a0Gm\u00fcndu.<\/p>\n<p>Odjezd z\u00a0\u010cesk\u00fdch Velenic p\u0159es Vesel\u00ed nad Lu\u017enic\u00ed do Prahy (20.26 nebo 22.26).<\/p>\n<p><em>Zm\u011bny a dopln\u011bn\u00ed programu vyhrazeny.<\/em><\/p>","protected":false},"excerpt":{"rendered":"<p>\u013dutujeme, t\u00e1to str\u00e1nka je dostupn\u00e1 len v \u010ce\u0161tina. For the sake of viewer convenience, the content is shown below in the alternative language. You may click the link to switch [&hellip;]<\/p>\n","protected":false},"author":1,"featured_media":340,"parent":0,"menu_order":0,"comment_status":"closed","ping_status":"closed","template":"","meta":{"footnotes":""},"class_list":["post-338","page","type-page","status-publish","has-post-thumbnail","hentry"],"yoast_head":"<!-- This site is optimized with the Yoast SEO plugin v27.6 - https:\/\/yoast.com\/product\/yoast-seo-wordpress\/ -->\n<title>(\u010ce\u0161tina) Taktick\u00fd v\u00fdlet - 25 let spole\u010dnosti - taktici.cz<\/title>\n<meta name=\"robots\" content=\"index, follow, max-snippet:-1, max-image-preview:large, max-video-preview:-1\" \/>\n<link rel=\"canonical\" href=\"https:\/\/taktici.cz\/takticky-vylet-25-let-spolecnosti\/\" \/>\n<meta property=\"og:locale\" content=\"sk_SK\" \/>\n<meta property=\"og:type\" content=\"article\" \/>\n<meta property=\"og:title\" content=\"(\u010ce\u0161tina) Taktick\u00fd v\u00fdlet - 25 let spole\u010dnosti - taktici.cz\" \/>\n<meta property=\"og:description\" content=\"\u013dutujeme, t\u00e1to str\u00e1nka je dostupn\u00e1 len v \u010ce\u0161tina. For the sake of viewer convenience, the content is shown below in the alternative language. You may click the link to switch [&hellip;]\" \/>\n<meta property=\"og:url\" content=\"https:\/\/taktici.cz\/takticky-vylet-25-let-spolecnosti\/\" \/>\n<meta property=\"og:site_name\" content=\"taktici.cz\" \/>\n<meta property=\"article:publisher\" content=\"http:\/\/www.facebook.com\/taktici.cz\" \/>\n<meta property=\"article:modified_time\" content=\"2016-04-05T07:55:24+00:00\" \/>\n<meta property=\"og:image\" content=\"https:\/\/taktici.cz\/wp-content\/uploads\/2016\/03\/DSCN9988-1.jpg\" \/>\n\t<meta property=\"og:image:width\" content=\"4602\" \/>\n\t<meta property=\"og:image:height\" content=\"1405\" \/>\n\t<meta property=\"og:image:type\" content=\"image\/jpeg\" \/>\n<meta name=\"twitter:card\" content=\"summary_large_image\" \/>\n<meta name=\"twitter:site\" content=\"@taktici\" \/>\n<meta name=\"twitter:label1\" content=\"Predpokladan\u00fd \u010das \u010d\u00edtania\" \/>\n\t<meta name=\"twitter:data1\" content=\"2 min\u00faty\" \/>\n<script type=\"application\/ld+json\" class=\"yoast-schema-graph\">{\"@context\":\"https:\\\/\\\/schema.org\",\"@graph\":[{\"@type\":\"WebPage\",\"@id\":\"https:\\\/\\\/taktici.cz\\\/takticky-vylet-25-let-spolecnosti\\\/\",\"url\":\"https:\\\/\\\/taktici.cz\\\/takticky-vylet-25-let-spolecnosti\\\/\",\"name\":\"(\u010ce\u0161tina) Taktick\u00fd v\u00fdlet - 25 let spole\u010dnosti - taktici.cz\",\"isPartOf\":{\"@id\":\"https:\\\/\\\/taktici.cz\\\/#website\"},\"primaryImageOfPage\":{\"@id\":\"https:\\\/\\\/taktici.cz\\\/takticky-vylet-25-let-spolecnosti\\\/#primaryimage\"},\"image\":{\"@id\":\"https:\\\/\\\/taktici.cz\\\/takticky-vylet-25-let-spolecnosti\\\/#primaryimage\"},\"thumbnailUrl\":\"https:\\\/\\\/taktici.cz\\\/wp-content\\\/uploads\\\/2016\\\/03\\\/DSCN9988-1.jpg\",\"datePublished\":\"2016-03-18T12:39:29+00:00\",\"dateModified\":\"2016-04-05T07:55:24+00:00\",\"breadcrumb\":{\"@id\":\"https:\\\/\\\/taktici.cz\\\/takticky-vylet-25-let-spolecnosti\\\/#breadcrumb\"},\"inLanguage\":\"sk-SK\",\"potentialAction\":[{\"@type\":\"ReadAction\",\"target\":[\"https:\\\/\\\/taktici.cz\\\/takticky-vylet-25-let-spolecnosti\\\/\"]}]},{\"@type\":\"ImageObject\",\"inLanguage\":\"sk-SK\",\"@id\":\"https:\\\/\\\/taktici.cz\\\/takticky-vylet-25-let-spolecnosti\\\/#primaryimage\",\"url\":\"https:\\\/\\\/taktici.cz\\\/wp-content\\\/uploads\\\/2016\\\/03\\\/DSCN9988-1.jpg\",\"contentUrl\":\"https:\\\/\\\/taktici.cz\\\/wp-content\\\/uploads\\\/2016\\\/03\\\/DSCN9988-1.jpg\",\"width\":4602,\"height\":1405},{\"@type\":\"BreadcrumbList\",\"@id\":\"https:\\\/\\\/taktici.cz\\\/takticky-vylet-25-let-spolecnosti\\\/#breadcrumb\",\"itemListElement\":[{\"@type\":\"ListItem\",\"position\":1,\"name\":\"Dom\u016f\",\"item\":\"https:\\\/\\\/taktici.cz\\\/\"},{\"@type\":\"ListItem\",\"position\":2,\"name\":\"Taktick\u00fd v\u00fdlet &#8211; 25 let spole\u010dnosti\"}]},{\"@type\":\"WebSite\",\"@id\":\"https:\\\/\\\/taktici.cz\\\/#website\",\"url\":\"https:\\\/\\\/taktici.cz\\\/\",\"name\":\"taktici.cz\",\"description\":\"Na\u0161e rie\u0161enie \u017eij\u00fa va\u0161imi cie\u013emi\",\"publisher\":{\"@id\":\"https:\\\/\\\/taktici.cz\\\/#organization\"},\"potentialAction\":[{\"@type\":\"SearchAction\",\"target\":{\"@type\":\"EntryPoint\",\"urlTemplate\":\"https:\\\/\\\/taktici.cz\\\/?s={search_term_string}\"},\"query-input\":{\"@type\":\"PropertyValueSpecification\",\"valueRequired\":true,\"valueName\":\"search_term_string\"}}],\"inLanguage\":\"sk-SK\"},{\"@type\":\"Organization\",\"@id\":\"https:\\\/\\\/taktici.cz\\\/#organization\",\"name\":\"taktici.cz, s.r.o.\",\"url\":\"https:\\\/\\\/taktici.cz\\\/\",\"logo\":{\"@type\":\"ImageObject\",\"inLanguage\":\"sk-SK\",\"@id\":\"https:\\\/\\\/taktici.cz\\\/#\\\/schema\\\/logo\\\/image\\\/\",\"url\":\"https:\\\/\\\/taktici.cz\\\/wp-content\\\/uploads\\\/2013\\\/05\\\/logo_barevne2.png\",\"contentUrl\":\"https:\\\/\\\/taktici.cz\\\/wp-content\\\/uploads\\\/2013\\\/05\\\/logo_barevne2.png\",\"width\":208,\"height\":62,\"caption\":\"taktici.cz, s.r.o.\"},\"image\":{\"@id\":\"https:\\\/\\\/taktici.cz\\\/#\\\/schema\\\/logo\\\/image\\\/\"},\"sameAs\":[\"http:\\\/\\\/www.facebook.com\\\/taktici.cz\",\"https:\\\/\\\/x.com\\\/taktici\",\"http:\\\/\\\/www.linkedin.com\\\/company\\\/taktici-cz-s-r-o-\"]}]}<\/script>\n<!-- \/ Yoast SEO plugin. -->","yoast_head_json":{"title":"(\u010ce\u0161tina) Taktick\u00fd v\u00fdlet - 25 let spole\u010dnosti - taktici.cz","robots":{"index":"index","follow":"follow","max-snippet":"max-snippet:-1","max-image-preview":"max-image-preview:large","max-video-preview":"max-video-preview:-1"},"canonical":"https:\/\/taktici.cz\/takticky-vylet-25-let-spolecnosti\/","og_locale":"sk_SK","og_type":"article","og_title":"(\u010ce\u0161tina) Taktick\u00fd v\u00fdlet - 25 let spole\u010dnosti - taktici.cz","og_description":"\u013dutujeme, t\u00e1to str\u00e1nka je dostupn\u00e1 len v \u010ce\u0161tina. For the sake of viewer convenience, the content is shown below in the alternative language. You may click the link to switch [&hellip;]","og_url":"https:\/\/taktici.cz\/takticky-vylet-25-let-spolecnosti\/","og_site_name":"taktici.cz","article_publisher":"http:\/\/www.facebook.com\/taktici.cz","article_modified_time":"2016-04-05T07:55:24+00:00","og_image":[{"width":4602,"height":1405,"url":"https:\/\/taktici.cz\/wp-content\/uploads\/2016\/03\/DSCN9988-1.jpg","type":"image\/jpeg"}],"twitter_card":"summary_large_image","twitter_site":"@taktici","twitter_misc":{"Predpokladan\u00fd \u010das \u010d\u00edtania":"2 min\u00faty"},"schema":{"@context":"https:\/\/schema.org","@graph":[{"@type":"WebPage","@id":"https:\/\/taktici.cz\/takticky-vylet-25-let-spolecnosti\/","url":"https:\/\/taktici.cz\/takticky-vylet-25-let-spolecnosti\/","name":"(\u010ce\u0161tina) Taktick\u00fd v\u00fdlet - 25 let spole\u010dnosti - taktici.cz","isPartOf":{"@id":"https:\/\/taktici.cz\/#website"},"primaryImageOfPage":{"@id":"https:\/\/taktici.cz\/takticky-vylet-25-let-spolecnosti\/#primaryimage"},"image":{"@id":"https:\/\/taktici.cz\/takticky-vylet-25-let-spolecnosti\/#primaryimage"},"thumbnailUrl":"https:\/\/taktici.cz\/wp-content\/uploads\/2016\/03\/DSCN9988-1.jpg","datePublished":"2016-03-18T12:39:29+00:00","dateModified":"2016-04-05T07:55:24+00:00","breadcrumb":{"@id":"https:\/\/taktici.cz\/takticky-vylet-25-let-spolecnosti\/#breadcrumb"},"inLanguage":"sk-SK","potentialAction":[{"@type":"ReadAction","target":["https:\/\/taktici.cz\/takticky-vylet-25-let-spolecnosti\/"]}]},{"@type":"ImageObject","inLanguage":"sk-SK","@id":"https:\/\/taktici.cz\/takticky-vylet-25-let-spolecnosti\/#primaryimage","url":"https:\/\/taktici.cz\/wp-content\/uploads\/2016\/03\/DSCN9988-1.jpg","contentUrl":"https:\/\/taktici.cz\/wp-content\/uploads\/2016\/03\/DSCN9988-1.jpg","width":4602,"height":1405},{"@type":"BreadcrumbList","@id":"https:\/\/taktici.cz\/takticky-vylet-25-let-spolecnosti\/#breadcrumb","itemListElement":[{"@type":"ListItem","position":1,"name":"Dom\u016f","item":"https:\/\/taktici.cz\/"},{"@type":"ListItem","position":2,"name":"Taktick\u00fd v\u00fdlet &#8211; 25 let spole\u010dnosti"}]},{"@type":"WebSite","@id":"https:\/\/taktici.cz\/#website","url":"https:\/\/taktici.cz\/","name":"taktici.cz","description":"Na\u0161e rie\u0161enie \u017eij\u00fa va\u0161imi cie\u013emi","publisher":{"@id":"https:\/\/taktici.cz\/#organization"},"potentialAction":[{"@type":"SearchAction","target":{"@type":"EntryPoint","urlTemplate":"https:\/\/taktici.cz\/?s={search_term_string}"},"query-input":{"@type":"PropertyValueSpecification","valueRequired":true,"valueName":"search_term_string"}}],"inLanguage":"sk-SK"},{"@type":"Organization","@id":"https:\/\/taktici.cz\/#organization","name":"taktici.cz, s.r.o.","url":"https:\/\/taktici.cz\/","logo":{"@type":"ImageObject","inLanguage":"sk-SK","@id":"https:\/\/taktici.cz\/#\/schema\/logo\/image\/","url":"https:\/\/taktici.cz\/wp-content\/uploads\/2013\/05\/logo_barevne2.png","contentUrl":"https:\/\/taktici.cz\/wp-content\/uploads\/2013\/05\/logo_barevne2.png","width":208,"height":62,"caption":"taktici.cz, s.r.o."},"image":{"@id":"https:\/\/taktici.cz\/#\/schema\/logo\/image\/"},"sameAs":["http:\/\/www.facebook.com\/taktici.cz","https:\/\/x.com\/taktici","http:\/\/www.linkedin.com\/company\/taktici-cz-s-r-o-"]}]}},"_links":{"self":[{"href":"https:\/\/taktici.cz\/sk\/wp-json\/wp\/v2\/pages\/338","targetHints":{"allow":["GET"]}}],"collection":[{"href":"https:\/\/taktici.cz\/sk\/wp-json\/wp\/v2\/pages"}],"about":[{"href":"https:\/\/taktici.cz\/sk\/wp-json\/wp\/v2\/types\/page"}],"author":[{"embeddable":true,"href":"https:\/\/taktici.cz\/sk\/wp-json\/wp\/v2\/users\/1"}],"replies":[{"embeddable":true,"href":"https:\/\/taktici.cz\/sk\/wp-json\/wp\/v2\/comments?post=338"}],"version-history":[{"count":4,"href":"https:\/\/taktici.cz\/sk\/wp-json\/wp\/v2\/pages\/338\/revisions"}],"predecessor-version":[{"id":355,"href":"https:\/\/taktici.cz\/sk\/wp-json\/wp\/v2\/pages\/338\/revisions\/355"}],"wp:featuredmedia":[{"embeddable":true,"href":"https:\/\/taktici.cz\/sk\/wp-json\/wp\/v2\/media\/340"}],"wp:attachment":[{"href":"https:\/\/taktici.cz\/sk\/wp-json\/wp\/v2\/media?parent=338"}],"curies":[{"name":"wp","href":"https:\/\/api.w.org\/{rel}","templated":true}]}}