{"id":709,"date":"2024-07-30T23:49:39","date_gmt":"2024-07-30T21:49:39","guid":{"rendered":"https:\/\/taktici.cz\/?page_id=709"},"modified":"2026-04-02T21:54:26","modified_gmt":"2026-04-02T19:54:26","slug":"prohlaseni-o-draze-regionalni-gepard-infra","status":"publish","type":"page","link":"https:\/\/taktici.cz\/pl\/alokator\/regulamin-sieci-gepard-infra\/","title":{"rendered":"Regulamin sieci Gepard Infra"},"content":{"rendered":"Regulamin Sieci Kolejowej <a href=\"https:\/\/infra.gepard.com\/\">Gepard Infra<\/a>\r\n\r\n<p>Sp\u00f3\u0142ka taktici.cz, s.r.o., zosta\u0142a zgodnie z \u00a7 32 ust. 3 zdanie 4 ustawy nr 266\/1994 Sb. o kolejach, w obowi\u0105zuj\u0105cym brzmieniu, upowa\u017cniona przez operatora w\u0105skotorowych linii kolejowych w Jind\u0159ich\u016fv Hradec (koleje regionalne Jind\u0159ich\u016fv Hradec \u2013 Obrata\u0148 i Jind\u0159ich\u016fv Hradec \u2013 Nov\u00e1 Byst\u0159ice), sp\u00f3\u0142k\u0105 Gepard Infra, s.r.o., do wykonywania tzw. \u201eg\u0142\u00f3wnych czynno\u015bci\u201d (tj. czynno\u015bci zwi\u0105zanych z ustalaniem i obliczaniem ceny oraz pobieraniem op\u0142at za korzystanie z tor\u00f3w, przydzielaniem przepustowo\u015bci tor\u00f3w oraz sporz\u0105dzaniem niniejszego regulaminu) w spos\u00f3b bezstronny jako tzw. \u201eniezale\u017cny przydzielaj\u0105cy\u201d. Na podstawie tego upowa\u017cnienia wydajemy niniejszy <strong>Regulamin sieci kolejowej eksploatowanych przez sp\u00f3\u0142k\u0119 <a href=\"https:\/\/infra.gepard.com\/\">Gepard Infra, s.r.o.<\/a><\/strong><\/p>\r\n\r\n\r\n\r\n<ul>\r\n<li><a href=\"https:\/\/taktici.cz\/pridelce\/prohlaseni-o-draze-regionalni-gepard-infra\/podr_gi-260403\/\">Aktualizacja z dnia 3.4.2026<\/a><\/li>\r\n<li><a href=\"https:\/\/taktici.cz\/pridelce\/prohlaseni-o-draze-regionalni-gepard-infra\/podr_gi-251222\/\">Aktualizacja z dnia 22.12.2025 r.<\/a><\/li>\r\n<li><a href=\"https:\/\/taktici.cz\/pridelce\/prohlaseni-o-draze-regionalni-gepard-infra\/podr_sud-241029\/\">Aktualizacja z dnia 29.10.2024 r.<\/a><\/li>\r\n<li><a href=\"https:\/\/taktici.cz\/pridelce\/prohlaseni-o-draze-regionalni-gepard-infra\/podr_sud-240826\/\">Aktualizacja z dnia 26.8.2024 r.<\/a><\/li>\r\n<li><a href=\"https:\/\/taktici.cz\/pridelce\/prohlaseni-o-draze-regionalni-gepard-infra\/podr_sud-240808\/\">Wersja podstawowa z dnia 8.8.2024 r.<\/a><\/li>\r\n<li><a href=\"https:\/\/taktici.cz\/pridelce\/prohlaseni-o-draze-regionalni-gepard-infra\/podr_sud-241029-en\/\">Network statement (en)<\/a><\/li>\r\n<\/ul>\r\n\r\n\r\n\r\n<p><\/p>","protected":false},"excerpt":{"rendered":"<p>Regulamin Sieci Kolejowej Gepard Infra Sp\u00f3\u0142ka taktici.cz, s.r.o., zosta\u0142a zgodnie z \u00a7 32 ust. 3 zdanie 4 ustawy nr 266\/1994 Sb. o kolejach, w obowi\u0105zuj\u0105cym brzmieniu, upowa\u017cniona przez operatora w\u0105skotorowych [&hellip;]<\/p>\n","protected":false},"author":1,"featured_media":0,"parent":644,"menu_order":0,"comment_status":"closed","ping_status":"closed","template":"","meta":{"footnotes":""},"class_list":["post-709","page","type-page","status-publish","hentry"],"yoast_head":"<!-- This site is optimized with the Yoast SEO plugin v27.4 - https:\/\/yoast.com\/product\/yoast-seo-wordpress\/ -->\n<title>Regulamin sieci Gepard Infra - taktici.cz<\/title>\n<meta name=\"robots\" content=\"index, follow, max-snippet:-1, max-image-preview:large, max-video-preview:-1\" \/>\n<link rel=\"canonical\" href=\"https:\/\/taktici.cz\/pridelce\/prohlaseni-o-draze-regionalni-gepard-infra\/\" \/>\n<meta property=\"og:locale\" content=\"pl_PL\" \/>\n<meta property=\"og:type\" content=\"article\" \/>\n<meta property=\"og:title\" content=\"Regulamin sieci Gepard Infra - taktici.cz\" \/>\n<meta property=\"og:description\" content=\"Regulamin Sieci Kolejowej Gepard Infra Sp\u00f3\u0142ka taktici.cz, s.r.o., zosta\u0142a zgodnie z \u00a7 32 ust. 3 zdanie 4 ustawy nr 266\/1994 Sb. o kolejach, w obowi\u0105zuj\u0105cym brzmieniu, upowa\u017cniona przez operatora w\u0105skotorowych [&hellip;]\" \/>\n<meta property=\"og:url\" content=\"https:\/\/taktici.cz\/pridelce\/prohlaseni-o-draze-regionalni-gepard-infra\/\" \/>\n<meta property=\"og:site_name\" content=\"taktici.cz\" \/>\n<meta property=\"article:publisher\" content=\"http:\/\/www.facebook.com\/taktici.cz\" \/>\n<meta property=\"article:modified_time\" content=\"2026-04-02T19:54:26+00:00\" \/>\n<meta name=\"twitter:card\" content=\"summary_large_image\" \/>\n<meta name=\"twitter:site\" content=\"@taktici\" \/>\n<meta name=\"twitter:label1\" content=\"Szacowany czas czytania\" \/>\n\t<meta name=\"twitter:data1\" content=\"4 minuty\" \/>\n<script type=\"application\/ld+json\" class=\"yoast-schema-graph\">{\"@context\":\"https:\\\/\\\/schema.org\",\"@graph\":[{\"@type\":\"WebPage\",\"@id\":\"https:\\\/\\\/taktici.cz\\\/pridelce\\\/prohlaseni-o-draze-regionalni-gepard-infra\\\/\",\"url\":\"https:\\\/\\\/taktici.cz\\\/pridelce\\\/prohlaseni-o-draze-regionalni-gepard-infra\\\/\",\"name\":\"Regulamin sieci Gepard Infra - taktici.cz\",\"isPartOf\":{\"@id\":\"https:\\\/\\\/taktici.cz\\\/#website\"},\"datePublished\":\"2024-07-30T21:49:39+00:00\",\"dateModified\":\"2026-04-02T19:54:26+00:00\",\"breadcrumb\":{\"@id\":\"https:\\\/\\\/taktici.cz\\\/pridelce\\\/prohlaseni-o-draze-regionalni-gepard-infra\\\/#breadcrumb\"},\"inLanguage\":\"pl-PL\",\"potentialAction\":[{\"@type\":\"ReadAction\",\"target\":[\"https:\\\/\\\/taktici.cz\\\/pridelce\\\/prohlaseni-o-draze-regionalni-gepard-infra\\\/\"]}]},{\"@type\":\"BreadcrumbList\",\"@id\":\"https:\\\/\\\/taktici.cz\\\/pridelce\\\/prohlaseni-o-draze-regionalni-gepard-infra\\\/#breadcrumb\",\"itemListElement\":[{\"@type\":\"ListItem\",\"position\":1,\"name\":\"Dom\u016f\",\"item\":\"https:\\\/\\\/taktici.cz\\\/\"},{\"@type\":\"ListItem\",\"position\":2,\"name\":\"P\u0159\u00edd\u011blce kapacity\",\"item\":\"https:\\\/\\\/taktici.cz\\\/pridelce\\\/\"},{\"@type\":\"ListItem\",\"position\":3,\"name\":\"Prohl\u00e1\u0161en\u00ed o dr\u00e1ze region\u00e1ln\u00ed Gepard Infra\"}]},{\"@type\":\"WebSite\",\"@id\":\"https:\\\/\\\/taktici.cz\\\/#website\",\"url\":\"https:\\\/\\\/taktici.cz\\\/\",\"name\":\"taktici.cz\",\"description\":\"Nasze rozwi\u0105zania \u017cyj\u0105 Waszich cel\u00f3w\",\"publisher\":{\"@id\":\"https:\\\/\\\/taktici.cz\\\/#organization\"},\"potentialAction\":[{\"@type\":\"SearchAction\",\"target\":{\"@type\":\"EntryPoint\",\"urlTemplate\":\"https:\\\/\\\/taktici.cz\\\/?s={search_term_string}\"},\"query-input\":{\"@type\":\"PropertyValueSpecification\",\"valueRequired\":true,\"valueName\":\"search_term_string\"}}],\"inLanguage\":\"pl-PL\"},{\"@type\":\"Organization\",\"@id\":\"https:\\\/\\\/taktici.cz\\\/#organization\",\"name\":\"taktici.cz, s.r.o.\",\"url\":\"https:\\\/\\\/taktici.cz\\\/\",\"logo\":{\"@type\":\"ImageObject\",\"inLanguage\":\"pl-PL\",\"@id\":\"https:\\\/\\\/taktici.cz\\\/#\\\/schema\\\/logo\\\/image\\\/\",\"url\":\"https:\\\/\\\/taktici.cz\\\/wp-content\\\/uploads\\\/2013\\\/05\\\/logo_barevne2.png\",\"contentUrl\":\"https:\\\/\\\/taktici.cz\\\/wp-content\\\/uploads\\\/2013\\\/05\\\/logo_barevne2.png\",\"width\":208,\"height\":62,\"caption\":\"taktici.cz, s.r.o.\"},\"image\":{\"@id\":\"https:\\\/\\\/taktici.cz\\\/#\\\/schema\\\/logo\\\/image\\\/\"},\"sameAs\":[\"http:\\\/\\\/www.facebook.com\\\/taktici.cz\",\"https:\\\/\\\/x.com\\\/taktici\",\"http:\\\/\\\/www.linkedin.com\\\/company\\\/taktici-cz-s-r-o-\"]}]}<\/script>\n<!-- \/ Yoast SEO plugin. -->","yoast_head_json":{"title":"Regulamin sieci Gepard Infra - taktici.cz","robots":{"index":"index","follow":"follow","max-snippet":"max-snippet:-1","max-image-preview":"max-image-preview:large","max-video-preview":"max-video-preview:-1"},"canonical":"https:\/\/taktici.cz\/pridelce\/prohlaseni-o-draze-regionalni-gepard-infra\/","og_locale":"pl_PL","og_type":"article","og_title":"Regulamin sieci Gepard Infra - taktici.cz","og_description":"Regulamin Sieci Kolejowej Gepard Infra Sp\u00f3\u0142ka taktici.cz, s.r.o., zosta\u0142a zgodnie z \u00a7 32 ust. 3 zdanie 4 ustawy nr 266\/1994 Sb. o kolejach, w obowi\u0105zuj\u0105cym brzmieniu, upowa\u017cniona przez operatora w\u0105skotorowych [&hellip;]","og_url":"https:\/\/taktici.cz\/pridelce\/prohlaseni-o-draze-regionalni-gepard-infra\/","og_site_name":"taktici.cz","article_publisher":"http:\/\/www.facebook.com\/taktici.cz","article_modified_time":"2026-04-02T19:54:26+00:00","twitter_card":"summary_large_image","twitter_site":"@taktici","twitter_misc":{"Szacowany czas czytania":"4 minuty"},"schema":{"@context":"https:\/\/schema.org","@graph":[{"@type":"WebPage","@id":"https:\/\/taktici.cz\/pridelce\/prohlaseni-o-draze-regionalni-gepard-infra\/","url":"https:\/\/taktici.cz\/pridelce\/prohlaseni-o-draze-regionalni-gepard-infra\/","name":"Regulamin sieci Gepard Infra - taktici.cz","isPartOf":{"@id":"https:\/\/taktici.cz\/#website"},"datePublished":"2024-07-30T21:49:39+00:00","dateModified":"2026-04-02T19:54:26+00:00","breadcrumb":{"@id":"https:\/\/taktici.cz\/pridelce\/prohlaseni-o-draze-regionalni-gepard-infra\/#breadcrumb"},"inLanguage":"pl-PL","potentialAction":[{"@type":"ReadAction","target":["https:\/\/taktici.cz\/pridelce\/prohlaseni-o-draze-regionalni-gepard-infra\/"]}]},{"@type":"BreadcrumbList","@id":"https:\/\/taktici.cz\/pridelce\/prohlaseni-o-draze-regionalni-gepard-infra\/#breadcrumb","itemListElement":[{"@type":"ListItem","position":1,"name":"Dom\u016f","item":"https:\/\/taktici.cz\/"},{"@type":"ListItem","position":2,"name":"P\u0159\u00edd\u011blce kapacity","item":"https:\/\/taktici.cz\/pridelce\/"},{"@type":"ListItem","position":3,"name":"Prohl\u00e1\u0161en\u00ed o dr\u00e1ze region\u00e1ln\u00ed Gepard Infra"}]},{"@type":"WebSite","@id":"https:\/\/taktici.cz\/#website","url":"https:\/\/taktici.cz\/","name":"taktici.cz","description":"Nasze rozwi\u0105zania \u017cyj\u0105 Waszich cel\u00f3w","publisher":{"@id":"https:\/\/taktici.cz\/#organization"},"potentialAction":[{"@type":"SearchAction","target":{"@type":"EntryPoint","urlTemplate":"https:\/\/taktici.cz\/?s={search_term_string}"},"query-input":{"@type":"PropertyValueSpecification","valueRequired":true,"valueName":"search_term_string"}}],"inLanguage":"pl-PL"},{"@type":"Organization","@id":"https:\/\/taktici.cz\/#organization","name":"taktici.cz, s.r.o.","url":"https:\/\/taktici.cz\/","logo":{"@type":"ImageObject","inLanguage":"pl-PL","@id":"https:\/\/taktici.cz\/#\/schema\/logo\/image\/","url":"https:\/\/taktici.cz\/wp-content\/uploads\/2013\/05\/logo_barevne2.png","contentUrl":"https:\/\/taktici.cz\/wp-content\/uploads\/2013\/05\/logo_barevne2.png","width":208,"height":62,"caption":"taktici.cz, s.r.o."},"image":{"@id":"https:\/\/taktici.cz\/#\/schema\/logo\/image\/"},"sameAs":["http:\/\/www.facebook.com\/taktici.cz","https:\/\/x.com\/taktici","http:\/\/www.linkedin.com\/company\/taktici-cz-s-r-o-"]}]}},"_links":{"self":[{"href":"https:\/\/taktici.cz\/pl\/wp-json\/wp\/v2\/pages\/709","targetHints":{"allow":["GET"]}}],"collection":[{"href":"https:\/\/taktici.cz\/pl\/wp-json\/wp\/v2\/pages"}],"about":[{"href":"https:\/\/taktici.cz\/pl\/wp-json\/wp\/v2\/types\/page"}],"author":[{"embeddable":true,"href":"https:\/\/taktici.cz\/pl\/wp-json\/wp\/v2\/users\/1"}],"replies":[{"embeddable":true,"href":"https:\/\/taktici.cz\/pl\/wp-json\/wp\/v2\/comments?post=709"}],"version-history":[{"count":12,"href":"https:\/\/taktici.cz\/pl\/wp-json\/wp\/v2\/pages\/709\/revisions"}],"predecessor-version":[{"id":772,"href":"https:\/\/taktici.cz\/pl\/wp-json\/wp\/v2\/pages\/709\/revisions\/772"}],"up":[{"embeddable":true,"href":"https:\/\/taktici.cz\/pl\/wp-json\/wp\/v2\/pages\/644"}],"wp:attachment":[{"href":"https:\/\/taktici.cz\/pl\/wp-json\/wp\/v2\/media?parent=709"}],"curies":[{"name":"wp","href":"https:\/\/api.w.org\/{rel}","templated":true}]}}