{"id":644,"date":"2023-11-15T20:52:47","date_gmt":"2023-11-15T19:52:47","guid":{"rendered":"https:\/\/taktici.cz\/?page_id=644"},"modified":"2025-11-25T14:13:54","modified_gmt":"2025-11-25T13:13:54","slug":"pridelce-kapacity","status":"publish","type":"page","link":"https:\/\/taktici.cz\/pl\/alokator\/","title":{"rendered":"Alokator tras"},"content":{"rendered":"<p class=\"has-text-align-left\"><p>Nasza sp\u00f3\u0142ka jest niezale\u017cnym alokatorem kapacity w rozumieniu ustawy nr 266\/1994 Sb. o kolejach, z p\u00f3\u017aniejszymi zmianami, tzn. samodzielnie zajmuje si\u0119 wykonywaniem g\u0142\u00f3wnych czynno\u015bci na rzecz operatora kolejowego, kt\u00f3ry r\u00f3wnie\u017c prowadzi transport kolejowy na kolei, co nie s\u0142u\u017cy wy\u0142\u0105cznie zapewnieniu funkcjonowania kolei. G\u0142\u00f3wne dzia\u0142ania to dzia\u0142ania zwi\u0105zane z negocjowaniem i obliczaniem ceny oraz pobieraniem p\u0142atno\u015bci za korzystanie z kolei, alokacj\u0105 kapacity kolei oraz, w przypadku kolei krajowej lub regionalnej, przygotowanie regulaminu. Alokacja kapacity tor\u00f3w oznacza dzia\u0142anie umo\u017cliwiaj\u0105ce wykorzystanie tej cz\u0119\u015bci ca\u0142kowitej kapacity tor\u00f3w, kt\u00f3ra jest wymagana dla zam\u00f3wionej trasy poci\u0105gu. Kapcity tor\u00f3w oznacza zdolno\u015b\u0107 u\u017cytkow\u0105 linii kolejowej umo\u017cliwiaj\u0105c\u0105 zaplanowanie wymaganych tras poci\u0105g\u00f3w na danym odcinku linii kolejowej w danym okresie.<\/p>\r\n<p>Od 12 grudnia 2021 r. przydzielamy kapacity na kolei regionalnej obs\u0142ugiwanej przez sp\u00f3\u0142k\u0119 K\u017dC Doprava, s.r.o., oddzia\u0142 \u0160enovka. Na tak zwanej linii szklanych lokomotyw z Czeskiej Kamenicy do Kamenickiego Szenowa regularnie kursuj\u0105 weekendowe poci\u0105gi historyczne w sezonie letnim oraz poci\u0105gi na zam\u00f3wienie.<\/p>\r\n<p>Od 10 grudnia 2023 r. przydzielamy kapacity na og\u00f3lnokrajowej linii kolejowej obs\u0142ugiwanej przez \u010cesk\u00e9 dr\u00e1hy, a. s., kt\u00f3ra obejmuje og\u00f3lnokrajow\u0105 lini\u0119 kolejow\u0105 Praga-Vr\u0161ovice, dzielnic\u0119 Praga-Eden-Praga Po\u0142udnie oraz cz\u0119\u015bci wewn\u0119trznej dzielnicy stacji kolejowych D\u011b\u010d\u00edn i Praga Po\u0142udnie.<\/p>\r\n<p>Od 8 sierpie\u0144 2024 r. przydzielamy kapacity na kolei regionalnej obs\u0142ugiwanej przez Spr\u00e1vou \u00fazkokolejn\u00fdch drah s.r.o., kt\u00f3ra obejmuje w\u0105skotorowe lini\u0119 kolejow\u0105 Jind\u0159ich\u016fv Hradec &#8211; Obrata\u0148 i Jind\u0159ich\u016fv Hradec &#8211; Nov\u00e1 Byst\u0159ice.<\/p>\r\n<p>Informacje na temat warunk\u00f3w dost\u0119pu do danych linii kolejowych mo\u017cna znale\u017a\u0107 tu:<\/p>\r\n<ul>\r\n<li><a href=\"https:\/\/taktici.cz\/pl\/regulamin-kzc\/\">Regulamin kolei regionalnej obs\u0142ugiwanej przez sp\u00f3\u0142k\u0119 K\u017dC Doprava, s.r.o., oddzia\u0142 \u0160enovka.<\/a><\/li>\r\n<li><a href=\"https:\/\/taktici.cz\/pl\/regulamin-sieci-kolejowej-cd\/\">Regulamin kolei pa\u0144stwowej obs\u0142ugiwanej przez \u010cesk\u00e9 dr\u00e1hy, a.s.<\/a><\/li>\r\n<li><a href=\"https:\/\/taktici.cz\/pl\/alokator\/regulamin-sieci-gepard-infra\/\">Regulamin kolei regionalnej obs\u0142ugiwanej przez Gepard Infra, s.r.o.,<\/a><\/li>\r\n<\/ul>","protected":false},"excerpt":{"rendered":"<p>Nasza sp\u00f3\u0142ka jest niezale\u017cnym alokatorem kapacity w rozumieniu ustawy nr 266\/1994 Sb. o kolejach, z p\u00f3\u017aniejszymi zmianami, tzn. samodzielnie zajmuje si\u0119 wykonywaniem g\u0142\u00f3wnych czynno\u015bci na rzecz operatora kolejowego, kt\u00f3ry r\u00f3wnie\u017c [&hellip;]<\/p>\n","protected":false},"author":1,"featured_media":688,"parent":0,"menu_order":0,"comment_status":"closed","ping_status":"closed","template":"","meta":{"footnotes":""},"class_list":["post-644","page","type-page","status-publish","has-post-thumbnail","hentry"],"yoast_head":"<!-- This site is optimized with the Yoast SEO plugin v27.4 - https:\/\/yoast.com\/product\/yoast-seo-wordpress\/ -->\n<title>Alokator tras - taktici.cz<\/title>\n<meta name=\"robots\" content=\"index, follow, max-snippet:-1, max-image-preview:large, max-video-preview:-1\" \/>\n<link rel=\"canonical\" href=\"https:\/\/taktici.cz\/pridelce\/\" \/>\n<meta property=\"og:locale\" content=\"pl_PL\" \/>\n<meta property=\"og:type\" content=\"article\" \/>\n<meta property=\"og:title\" content=\"Alokator tras - taktici.cz\" \/>\n<meta property=\"og:description\" content=\"Nasza sp\u00f3\u0142ka jest niezale\u017cnym alokatorem kapacity w rozumieniu ustawy nr 266\/1994 Sb. o kolejach, z p\u00f3\u017aniejszymi zmianami, tzn. samodzielnie zajmuje si\u0119 wykonywaniem g\u0142\u00f3wnych czynno\u015bci na rzecz operatora kolejowego, kt\u00f3ry r\u00f3wnie\u017c [&hellip;]\" \/>\n<meta property=\"og:url\" content=\"https:\/\/taktici.cz\/pridelce\/\" \/>\n<meta property=\"og:site_name\" content=\"taktici.cz\" \/>\n<meta property=\"article:publisher\" content=\"http:\/\/www.facebook.com\/taktici.cz\" \/>\n<meta property=\"article:modified_time\" content=\"2025-11-25T13:13:54+00:00\" \/>\n<meta property=\"og:image\" content=\"https:\/\/taktici.cz\/wp-content\/uploads\/2023\/11\/kapacita.jpg\" \/>\n\t<meta property=\"og:image:width\" content=\"1024\" \/>\n\t<meta property=\"og:image:height\" content=\"683\" \/>\n\t<meta property=\"og:image:type\" content=\"image\/jpeg\" \/>\n<meta name=\"twitter:card\" content=\"summary_large_image\" \/>\n<meta name=\"twitter:site\" content=\"@taktici\" \/>\n<meta name=\"twitter:label1\" content=\"Szacowany czas czytania\" \/>\n\t<meta name=\"twitter:data1\" content=\"8 minut\" \/>\n<script type=\"application\/ld+json\" class=\"yoast-schema-graph\">{\"@context\":\"https:\\\/\\\/schema.org\",\"@graph\":[{\"@type\":\"WebPage\",\"@id\":\"https:\\\/\\\/taktici.cz\\\/pridelce\\\/\",\"url\":\"https:\\\/\\\/taktici.cz\\\/pridelce\\\/\",\"name\":\"Alokator tras - taktici.cz\",\"isPartOf\":{\"@id\":\"https:\\\/\\\/taktici.cz\\\/#website\"},\"primaryImageOfPage\":{\"@id\":\"https:\\\/\\\/taktici.cz\\\/pridelce\\\/#primaryimage\"},\"image\":{\"@id\":\"https:\\\/\\\/taktici.cz\\\/pridelce\\\/#primaryimage\"},\"thumbnailUrl\":\"https:\\\/\\\/taktici.cz\\\/wp-content\\\/uploads\\\/2023\\\/11\\\/kapacita.jpg\",\"datePublished\":\"2023-11-15T19:52:47+00:00\",\"dateModified\":\"2025-11-25T13:13:54+00:00\",\"breadcrumb\":{\"@id\":\"https:\\\/\\\/taktici.cz\\\/pridelce\\\/#breadcrumb\"},\"inLanguage\":\"pl-PL\",\"potentialAction\":[{\"@type\":\"ReadAction\",\"target\":[\"https:\\\/\\\/taktici.cz\\\/pridelce\\\/\"]}]},{\"@type\":\"ImageObject\",\"inLanguage\":\"pl-PL\",\"@id\":\"https:\\\/\\\/taktici.cz\\\/pridelce\\\/#primaryimage\",\"url\":\"https:\\\/\\\/taktici.cz\\\/wp-content\\\/uploads\\\/2023\\\/11\\\/kapacita.jpg\",\"contentUrl\":\"https:\\\/\\\/taktici.cz\\\/wp-content\\\/uploads\\\/2023\\\/11\\\/kapacita.jpg\",\"width\":1024,\"height\":683},{\"@type\":\"BreadcrumbList\",\"@id\":\"https:\\\/\\\/taktici.cz\\\/pridelce\\\/#breadcrumb\",\"itemListElement\":[{\"@type\":\"ListItem\",\"position\":1,\"name\":\"Dom\u016f\",\"item\":\"https:\\\/\\\/taktici.cz\\\/\"},{\"@type\":\"ListItem\",\"position\":2,\"name\":\"P\u0159\u00edd\u011blce kapacity\"}]},{\"@type\":\"WebSite\",\"@id\":\"https:\\\/\\\/taktici.cz\\\/#website\",\"url\":\"https:\\\/\\\/taktici.cz\\\/\",\"name\":\"taktici.cz\",\"description\":\"Nasze rozwi\u0105zania \u017cyj\u0105 Waszich cel\u00f3w\",\"publisher\":{\"@id\":\"https:\\\/\\\/taktici.cz\\\/#organization\"},\"potentialAction\":[{\"@type\":\"SearchAction\",\"target\":{\"@type\":\"EntryPoint\",\"urlTemplate\":\"https:\\\/\\\/taktici.cz\\\/?s={search_term_string}\"},\"query-input\":{\"@type\":\"PropertyValueSpecification\",\"valueRequired\":true,\"valueName\":\"search_term_string\"}}],\"inLanguage\":\"pl-PL\"},{\"@type\":\"Organization\",\"@id\":\"https:\\\/\\\/taktici.cz\\\/#organization\",\"name\":\"taktici.cz, s.r.o.\",\"url\":\"https:\\\/\\\/taktici.cz\\\/\",\"logo\":{\"@type\":\"ImageObject\",\"inLanguage\":\"pl-PL\",\"@id\":\"https:\\\/\\\/taktici.cz\\\/#\\\/schema\\\/logo\\\/image\\\/\",\"url\":\"https:\\\/\\\/taktici.cz\\\/wp-content\\\/uploads\\\/2013\\\/05\\\/logo_barevne2.png\",\"contentUrl\":\"https:\\\/\\\/taktici.cz\\\/wp-content\\\/uploads\\\/2013\\\/05\\\/logo_barevne2.png\",\"width\":208,\"height\":62,\"caption\":\"taktici.cz, s.r.o.\"},\"image\":{\"@id\":\"https:\\\/\\\/taktici.cz\\\/#\\\/schema\\\/logo\\\/image\\\/\"},\"sameAs\":[\"http:\\\/\\\/www.facebook.com\\\/taktici.cz\",\"https:\\\/\\\/x.com\\\/taktici\",\"http:\\\/\\\/www.linkedin.com\\\/company\\\/taktici-cz-s-r-o-\"]}]}<\/script>\n<!-- \/ Yoast SEO plugin. -->","yoast_head_json":{"title":"Alokator tras - taktici.cz","robots":{"index":"index","follow":"follow","max-snippet":"max-snippet:-1","max-image-preview":"max-image-preview:large","max-video-preview":"max-video-preview:-1"},"canonical":"https:\/\/taktici.cz\/pridelce\/","og_locale":"pl_PL","og_type":"article","og_title":"Alokator tras - taktici.cz","og_description":"Nasza sp\u00f3\u0142ka jest niezale\u017cnym alokatorem kapacity w rozumieniu ustawy nr 266\/1994 Sb. o kolejach, z p\u00f3\u017aniejszymi zmianami, tzn. samodzielnie zajmuje si\u0119 wykonywaniem g\u0142\u00f3wnych czynno\u015bci na rzecz operatora kolejowego, kt\u00f3ry r\u00f3wnie\u017c [&hellip;]","og_url":"https:\/\/taktici.cz\/pridelce\/","og_site_name":"taktici.cz","article_publisher":"http:\/\/www.facebook.com\/taktici.cz","article_modified_time":"2025-11-25T13:13:54+00:00","og_image":[{"width":1024,"height":683,"url":"https:\/\/taktici.cz\/wp-content\/uploads\/2023\/11\/kapacita.jpg","type":"image\/jpeg"}],"twitter_card":"summary_large_image","twitter_site":"@taktici","twitter_misc":{"Szacowany czas czytania":"8 minut"},"schema":{"@context":"https:\/\/schema.org","@graph":[{"@type":"WebPage","@id":"https:\/\/taktici.cz\/pridelce\/","url":"https:\/\/taktici.cz\/pridelce\/","name":"Alokator tras - taktici.cz","isPartOf":{"@id":"https:\/\/taktici.cz\/#website"},"primaryImageOfPage":{"@id":"https:\/\/taktici.cz\/pridelce\/#primaryimage"},"image":{"@id":"https:\/\/taktici.cz\/pridelce\/#primaryimage"},"thumbnailUrl":"https:\/\/taktici.cz\/wp-content\/uploads\/2023\/11\/kapacita.jpg","datePublished":"2023-11-15T19:52:47+00:00","dateModified":"2025-11-25T13:13:54+00:00","breadcrumb":{"@id":"https:\/\/taktici.cz\/pridelce\/#breadcrumb"},"inLanguage":"pl-PL","potentialAction":[{"@type":"ReadAction","target":["https:\/\/taktici.cz\/pridelce\/"]}]},{"@type":"ImageObject","inLanguage":"pl-PL","@id":"https:\/\/taktici.cz\/pridelce\/#primaryimage","url":"https:\/\/taktici.cz\/wp-content\/uploads\/2023\/11\/kapacita.jpg","contentUrl":"https:\/\/taktici.cz\/wp-content\/uploads\/2023\/11\/kapacita.jpg","width":1024,"height":683},{"@type":"BreadcrumbList","@id":"https:\/\/taktici.cz\/pridelce\/#breadcrumb","itemListElement":[{"@type":"ListItem","position":1,"name":"Dom\u016f","item":"https:\/\/taktici.cz\/"},{"@type":"ListItem","position":2,"name":"P\u0159\u00edd\u011blce kapacity"}]},{"@type":"WebSite","@id":"https:\/\/taktici.cz\/#website","url":"https:\/\/taktici.cz\/","name":"taktici.cz","description":"Nasze rozwi\u0105zania \u017cyj\u0105 Waszich cel\u00f3w","publisher":{"@id":"https:\/\/taktici.cz\/#organization"},"potentialAction":[{"@type":"SearchAction","target":{"@type":"EntryPoint","urlTemplate":"https:\/\/taktici.cz\/?s={search_term_string}"},"query-input":{"@type":"PropertyValueSpecification","valueRequired":true,"valueName":"search_term_string"}}],"inLanguage":"pl-PL"},{"@type":"Organization","@id":"https:\/\/taktici.cz\/#organization","name":"taktici.cz, s.r.o.","url":"https:\/\/taktici.cz\/","logo":{"@type":"ImageObject","inLanguage":"pl-PL","@id":"https:\/\/taktici.cz\/#\/schema\/logo\/image\/","url":"https:\/\/taktici.cz\/wp-content\/uploads\/2013\/05\/logo_barevne2.png","contentUrl":"https:\/\/taktici.cz\/wp-content\/uploads\/2013\/05\/logo_barevne2.png","width":208,"height":62,"caption":"taktici.cz, s.r.o."},"image":{"@id":"https:\/\/taktici.cz\/#\/schema\/logo\/image\/"},"sameAs":["http:\/\/www.facebook.com\/taktici.cz","https:\/\/x.com\/taktici","http:\/\/www.linkedin.com\/company\/taktici-cz-s-r-o-"]}]}},"_links":{"self":[{"href":"https:\/\/taktici.cz\/pl\/wp-json\/wp\/v2\/pages\/644","targetHints":{"allow":["GET"]}}],"collection":[{"href":"https:\/\/taktici.cz\/pl\/wp-json\/wp\/v2\/pages"}],"about":[{"href":"https:\/\/taktici.cz\/pl\/wp-json\/wp\/v2\/types\/page"}],"author":[{"embeddable":true,"href":"https:\/\/taktici.cz\/pl\/wp-json\/wp\/v2\/users\/1"}],"replies":[{"embeddable":true,"href":"https:\/\/taktici.cz\/pl\/wp-json\/wp\/v2\/comments?post=644"}],"version-history":[{"count":10,"href":"https:\/\/taktici.cz\/pl\/wp-json\/wp\/v2\/pages\/644\/revisions"}],"predecessor-version":[{"id":758,"href":"https:\/\/taktici.cz\/pl\/wp-json\/wp\/v2\/pages\/644\/revisions\/758"}],"wp:featuredmedia":[{"embeddable":true,"href":"https:\/\/taktici.cz\/pl\/wp-json\/wp\/v2\/media\/688"}],"wp:attachment":[{"href":"https:\/\/taktici.cz\/pl\/wp-json\/wp\/v2\/media?parent=644"}],"curies":[{"name":"wp","href":"https:\/\/api.w.org\/{rel}","templated":true}]}}