{"id":642,"date":"2023-11-15T20:50:16","date_gmt":"2023-11-15T19:50:16","guid":{"rendered":"https:\/\/taktici.cz\/?page_id=642"},"modified":"2026-02-05T20:52:41","modified_gmt":"2026-02-05T19:52:41","slug":"pridelce-kapacity-cd","status":"publish","type":"page","link":"https:\/\/taktici.cz\/pl\/regulamin-sieci-kolejowej-cd\/","title":{"rendered":"Regulamin Statut Sieci Kolejowej \u010cD"},"content":{"rendered":"<p>\r\n<p>Z dniem 10 grudnia 2023 r. stali\u015bmy si\u0119 niezale\u017cnym przydzia\u0142em kolejowym na og\u00f3lnokrajowej linii kolejowej obs\u0142ugiwanej przez \u010cesk\u00e9 dr\u00e1hy, a. s., kt\u00f3ra obejmuje krajow\u0105 lini\u0119 kolejow\u0105 Praha-Vr\u0161ovice, dzielnic\u0119 Praga-Eden-Praga Po\u0142udnie oraz cz\u0119\u015bci wewn\u0119trznych stacji kolejowych Bohum\u00edn, D\u011b\u010d\u00edn i Praga Po\u0142udnie. Cz\u0119\u015b\u0107 krajowej sieci \u010cD Bohum\u00edn zostanie zmieniona na niepubliczn\u0105 bocznic\u0119 z wykorzystaniem publicznym od 1.4.2024 r., cz\u0119\u015b\u0107 Praga Po\u0142udnie od 1.11.2024.<\/p>\r\n\r\n\r\n\r\n<h3>Informacje o warunkach dost\u0119pu w Regulaminu sieci \u010cD:<\/h3>\r\n\r\n\r\n\r\n<!--h4>2027<\/h4-->\r\n\r\n\r\n\r\n<p><a href=\"https:\/\/taktici.cz\/wp-content\/uploads\/2025\/11\/PoD-2026_2027.pdf\">Regulamin sieci 2027 (wa\u017cny od 14. 12. 2025 r.)<\/a><\/p>\r\n<p><a href=\"https:\/\/taktici.cz\/wp-content\/uploads\/2026\/02\/PoD-2026_2027_uprava-leden-2026.pdf\">Prohl\u00e1\u0161en\u00ed o dr\u00e1ze pro J\u0158 2026\/2027 &#8211; 1. aktualizace (k 1.2.2026)<\/a><\/p>\r\n\r\n<!--p><a href=\"\">Regulamin sieci 2027 (angielski)<\/a><\/p-->\r\n\r\n\r\n\r\n<h4>2026<\/h4>\r\n\r\n\r\n\r\n<p><a href=\"https:\/\/taktici.cz\/wp-content\/uploads\/2024\/11\/PoD-2025_2026.pdf\">Regulamin sieci 2026 (wa\u017cny od 15. 12. 2024 r.)<\/a><\/p>\r\n<p><a href=\"https:\/\/taktici.cz\/wp-content\/uploads\/2025\/10\/PoD-2025_2026_uprava-rijen-2025_SSS.pdf\">Regulamin sieci 2026 &#8211; 1. zmiana (wa\u017cna od 1. 10. 2025 r.)<\/a><\/p>\r\n<p><a href=\"https:\/\/taktici.cz\/wp-content\/uploads\/2025\/11\/PoD-2025_2026_uprava-prosinec-2025.pdf\">Regulamin sieci 2026 &#8211; 2. zmiana (wa\u017cna od 14. 12. 2025 r.)<\/a><\/p>\r\n<p><a href=\"https:\/\/taktici.cz\/wp-content\/uploads\/2026\/02\/PoD-2025_2026_uprava-leden-2026.pdf\">Prohl\u00e1\u0161en\u00ed o dr\u00e1ze pro J\u0158 2025\/2026 &#8211; 3. aktualizace (k 1.2.2026)<\/a><\/p>\r\n<p><a href=\"https:\/\/taktici.cz\/wp-content\/uploads\/2025\/10\/PoD_2025_2026_EN.pdf\">Regulamin sieci 2026 (angielski)<\/a><\/p>\r\n\r\n\r\n\r\n<h4>2025<\/h4>\r\n\r\n\r\n\r\n<p><a href=\"https:\/\/taktici.cz\/wp-content\/uploads\/2023\/11\/taktici_CD_PoDr_2025.pdf\">Regulamin sieci 2025 (wa\u017cny od 10. 12. 2023 r.)<\/a><\/p>\r\n<p><a href=\"https:\/\/taktici.cz\/wp-content\/uploads\/2024\/03\/taktici_CD_PoDr_2025_uprava_2024_04.pdf\">Regulamin sieci 2025 &#8211; 1. zmiana (wa\u017cna od 1. 4. 2024 r.)<\/a><\/p>\r\n<p><a href=\"https:\/\/taktici.cz\/wp-content\/uploads\/2024\/06\/PoD-2024_2025_uprava-cerven-2024_S_JJ_MK.pdf\">Regulamin sieci 2025 &#8211; 2. zmiana (wa\u017cna od 1. 6. 2024 r.)<\/a><\/p>\r\n<p><a href=\"https:\/\/taktici.cz\/wp-content\/uploads\/2024\/11\/PoD-2024_2025_uprava-listopad-2024.pdf\">Regulamin sieci 2025 &#8211; 3. zmiana (wa\u017cna od 1. 11. 2024 r.)<\/a><\/p>\r\n<p><a href=\"https:\/\/taktici.cz\/wp-content\/uploads\/2025\/10\/PoD-2024_2025_uprava-rijen-2025_SSS.pdf\">Regulamin sieci 2025 &#8211; 4. zmiana (wa\u017cna od 1. 10. 2025 r.)<\/a><\/p>\r\n<p><a href=\"https:\/\/taktici.cz\/wp-content\/uploads\/2024\/03\/taktici_CD_PoDr_2025_EN.pdf\">Regulamin sieci 2025 (angielski)<\/a><\/p>\r\n\r\n\r\n\r\n<h4>2024<\/h4>\r\n\r\n\r\n\r\n<p><a href=\"https:\/\/taktici.cz\/wp-content\/uploads\/2023\/11\/taktici_CD_PoDr_2024_uprava_2023_12.pdf\">Regulamin sieci 2024 &#8211; 3. zmiana (wa\u017cna od 10. 12. 2023 r.)<\/a><\/p>\r\n<p><a href=\"https:\/\/taktici.cz\/wp-content\/uploads\/2024\/03\/taktici_CD_PoDr_2024_uprava_2024_04.pdf\">Regulamin sieci 2024 &#8211; 4. zmiana (wa\u017cna od 1. 4. 2024 r.)<\/a><\/p>\r\n<p><a href=\"https:\/\/taktici.cz\/wp-content\/uploads\/2024\/06\/PoD-2023_2024_uprava-cerven-2024_S_JJ_MK.pdf\">Regulamin sieci 2024 &#8211; 5. zmiana (wa\u017cna od 1. 6. 2024 r.)<\/a><\/p>\r\n<p><a href=\"https:\/\/taktici.cz\/wp-content\/uploads\/2024\/11\/PoD-2023_2024_uprava-listopad-2024.pdf\">Regulamin sieci 2024 &#8211; 6. zmiana (wa\u017cna od 1. 11. 2024 r.)<\/a><\/p>\r\n<p><a href=\"https:\/\/taktici.cz\/wp-content\/uploads\/2024\/03\/taktici_CD_PoDr_2024_EN.pdf\">Regulamin sieci 2024 (angielski)<\/a><\/p>\r\n\r\n\r\n\r\n<p>Regulamin wa\u017cny do 9. 12. 2023 r. mo\u017cna znale\u017a\u0107 wraz z oryginalnym alokatorem na stronie internetowej <a href=\"https:\/\/pridelce.upce.cz\/\">pridelce.upce.cz<\/a>.<\/p>\r\n\r\n\r\n\r\n<p><strong>Wnioski o przydzia\u0142 przepustowo\u015bci b\u0119d\u0105 nadal wprowadzane do <a href=\"https:\/\/pridelce.upce.cz\/\">IS PROK<\/a> bez zmian.<\/strong><\/p>\r\n\r\n\r\n\r\n<p><\/p>","protected":false},"excerpt":{"rendered":"<p>Z dniem 10 grudnia 2023 r. stali\u015bmy si\u0119 niezale\u017cnym przydzia\u0142em kolejowym na og\u00f3lnokrajowej linii kolejowej obs\u0142ugiwanej przez \u010cesk\u00e9 dr\u00e1hy, a. s., kt\u00f3ra obejmuje krajow\u0105 lini\u0119 kolejow\u0105 Praha-Vr\u0161ovice, dzielnic\u0119 Praga-Eden-Praga Po\u0142udnie [&hellip;]<\/p>\n","protected":false},"author":1,"featured_media":0,"parent":0,"menu_order":0,"comment_status":"closed","ping_status":"closed","template":"","meta":{"footnotes":""},"class_list":["post-642","page","type-page","status-publish","hentry"],"yoast_head":"<!-- This site is optimized with the Yoast SEO plugin v27.4 - https:\/\/yoast.com\/product\/yoast-seo-wordpress\/ -->\n<title>Regulamin Statut Sieci Kolejowej \u010cD - taktici.cz<\/title>\n<meta name=\"robots\" content=\"index, follow, max-snippet:-1, max-image-preview:large, max-video-preview:-1\" \/>\n<link rel=\"canonical\" href=\"https:\/\/taktici.cz\/prohlaseni-o-draze-cd\/\" \/>\n<meta property=\"og:locale\" content=\"pl_PL\" \/>\n<meta property=\"og:type\" content=\"article\" \/>\n<meta property=\"og:title\" content=\"Regulamin Statut Sieci Kolejowej \u010cD - taktici.cz\" \/>\n<meta property=\"og:description\" content=\"Z dniem 10 grudnia 2023 r. stali\u015bmy si\u0119 niezale\u017cnym przydzia\u0142em kolejowym na og\u00f3lnokrajowej linii kolejowej obs\u0142ugiwanej przez \u010cesk\u00e9 dr\u00e1hy, a. s., kt\u00f3ra obejmuje krajow\u0105 lini\u0119 kolejow\u0105 Praha-Vr\u0161ovice, dzielnic\u0119 Praga-Eden-Praga Po\u0142udnie [&hellip;]\" \/>\n<meta property=\"og:url\" content=\"https:\/\/taktici.cz\/prohlaseni-o-draze-cd\/\" \/>\n<meta property=\"og:site_name\" content=\"taktici.cz\" \/>\n<meta property=\"article:publisher\" content=\"http:\/\/www.facebook.com\/taktici.cz\" \/>\n<meta property=\"article:modified_time\" content=\"2026-02-05T19:52:41+00:00\" \/>\n<meta name=\"twitter:card\" content=\"summary_large_image\" \/>\n<meta name=\"twitter:site\" content=\"@taktici\" \/>\n<meta name=\"twitter:label1\" content=\"Szacowany czas czytania\" \/>\n\t<meta name=\"twitter:data1\" content=\"7 minut\" \/>\n<script type=\"application\/ld+json\" class=\"yoast-schema-graph\">{\"@context\":\"https:\\\/\\\/schema.org\",\"@graph\":[{\"@type\":\"WebPage\",\"@id\":\"https:\\\/\\\/taktici.cz\\\/prohlaseni-o-draze-cd\\\/\",\"url\":\"https:\\\/\\\/taktici.cz\\\/prohlaseni-o-draze-cd\\\/\",\"name\":\"Regulamin Statut Sieci Kolejowej \u010cD - taktici.cz\",\"isPartOf\":{\"@id\":\"https:\\\/\\\/taktici.cz\\\/#website\"},\"datePublished\":\"2023-11-15T19:50:16+00:00\",\"dateModified\":\"2026-02-05T19:52:41+00:00\",\"breadcrumb\":{\"@id\":\"https:\\\/\\\/taktici.cz\\\/prohlaseni-o-draze-cd\\\/#breadcrumb\"},\"inLanguage\":\"pl-PL\",\"potentialAction\":[{\"@type\":\"ReadAction\",\"target\":[\"https:\\\/\\\/taktici.cz\\\/prohlaseni-o-draze-cd\\\/\"]}]},{\"@type\":\"BreadcrumbList\",\"@id\":\"https:\\\/\\\/taktici.cz\\\/prohlaseni-o-draze-cd\\\/#breadcrumb\",\"itemListElement\":[{\"@type\":\"ListItem\",\"position\":1,\"name\":\"Dom\u016f\",\"item\":\"https:\\\/\\\/taktici.cz\\\/\"},{\"@type\":\"ListItem\",\"position\":2,\"name\":\"Prohl\u00e1\u0161en\u00ed o dr\u00e1ze celost\u00e1tn\u00ed \u010cD\"}]},{\"@type\":\"WebSite\",\"@id\":\"https:\\\/\\\/taktici.cz\\\/#website\",\"url\":\"https:\\\/\\\/taktici.cz\\\/\",\"name\":\"taktici.cz\",\"description\":\"Nasze rozwi\u0105zania \u017cyj\u0105 Waszich cel\u00f3w\",\"publisher\":{\"@id\":\"https:\\\/\\\/taktici.cz\\\/#organization\"},\"potentialAction\":[{\"@type\":\"SearchAction\",\"target\":{\"@type\":\"EntryPoint\",\"urlTemplate\":\"https:\\\/\\\/taktici.cz\\\/?s={search_term_string}\"},\"query-input\":{\"@type\":\"PropertyValueSpecification\",\"valueRequired\":true,\"valueName\":\"search_term_string\"}}],\"inLanguage\":\"pl-PL\"},{\"@type\":\"Organization\",\"@id\":\"https:\\\/\\\/taktici.cz\\\/#organization\",\"name\":\"taktici.cz, s.r.o.\",\"url\":\"https:\\\/\\\/taktici.cz\\\/\",\"logo\":{\"@type\":\"ImageObject\",\"inLanguage\":\"pl-PL\",\"@id\":\"https:\\\/\\\/taktici.cz\\\/#\\\/schema\\\/logo\\\/image\\\/\",\"url\":\"https:\\\/\\\/taktici.cz\\\/wp-content\\\/uploads\\\/2013\\\/05\\\/logo_barevne2.png\",\"contentUrl\":\"https:\\\/\\\/taktici.cz\\\/wp-content\\\/uploads\\\/2013\\\/05\\\/logo_barevne2.png\",\"width\":208,\"height\":62,\"caption\":\"taktici.cz, s.r.o.\"},\"image\":{\"@id\":\"https:\\\/\\\/taktici.cz\\\/#\\\/schema\\\/logo\\\/image\\\/\"},\"sameAs\":[\"http:\\\/\\\/www.facebook.com\\\/taktici.cz\",\"https:\\\/\\\/x.com\\\/taktici\",\"http:\\\/\\\/www.linkedin.com\\\/company\\\/taktici-cz-s-r-o-\"]}]}<\/script>\n<!-- \/ Yoast SEO plugin. -->","yoast_head_json":{"title":"Regulamin Statut Sieci Kolejowej \u010cD - taktici.cz","robots":{"index":"index","follow":"follow","max-snippet":"max-snippet:-1","max-image-preview":"max-image-preview:large","max-video-preview":"max-video-preview:-1"},"canonical":"https:\/\/taktici.cz\/prohlaseni-o-draze-cd\/","og_locale":"pl_PL","og_type":"article","og_title":"Regulamin Statut Sieci Kolejowej \u010cD - taktici.cz","og_description":"Z dniem 10 grudnia 2023 r. stali\u015bmy si\u0119 niezale\u017cnym przydzia\u0142em kolejowym na og\u00f3lnokrajowej linii kolejowej obs\u0142ugiwanej przez \u010cesk\u00e9 dr\u00e1hy, a. s., kt\u00f3ra obejmuje krajow\u0105 lini\u0119 kolejow\u0105 Praha-Vr\u0161ovice, dzielnic\u0119 Praga-Eden-Praga Po\u0142udnie [&hellip;]","og_url":"https:\/\/taktici.cz\/prohlaseni-o-draze-cd\/","og_site_name":"taktici.cz","article_publisher":"http:\/\/www.facebook.com\/taktici.cz","article_modified_time":"2026-02-05T19:52:41+00:00","twitter_card":"summary_large_image","twitter_site":"@taktici","twitter_misc":{"Szacowany czas czytania":"7 minut"},"schema":{"@context":"https:\/\/schema.org","@graph":[{"@type":"WebPage","@id":"https:\/\/taktici.cz\/prohlaseni-o-draze-cd\/","url":"https:\/\/taktici.cz\/prohlaseni-o-draze-cd\/","name":"Regulamin Statut Sieci Kolejowej \u010cD - taktici.cz","isPartOf":{"@id":"https:\/\/taktici.cz\/#website"},"datePublished":"2023-11-15T19:50:16+00:00","dateModified":"2026-02-05T19:52:41+00:00","breadcrumb":{"@id":"https:\/\/taktici.cz\/prohlaseni-o-draze-cd\/#breadcrumb"},"inLanguage":"pl-PL","potentialAction":[{"@type":"ReadAction","target":["https:\/\/taktici.cz\/prohlaseni-o-draze-cd\/"]}]},{"@type":"BreadcrumbList","@id":"https:\/\/taktici.cz\/prohlaseni-o-draze-cd\/#breadcrumb","itemListElement":[{"@type":"ListItem","position":1,"name":"Dom\u016f","item":"https:\/\/taktici.cz\/"},{"@type":"ListItem","position":2,"name":"Prohl\u00e1\u0161en\u00ed o dr\u00e1ze celost\u00e1tn\u00ed \u010cD"}]},{"@type":"WebSite","@id":"https:\/\/taktici.cz\/#website","url":"https:\/\/taktici.cz\/","name":"taktici.cz","description":"Nasze rozwi\u0105zania \u017cyj\u0105 Waszich cel\u00f3w","publisher":{"@id":"https:\/\/taktici.cz\/#organization"},"potentialAction":[{"@type":"SearchAction","target":{"@type":"EntryPoint","urlTemplate":"https:\/\/taktici.cz\/?s={search_term_string}"},"query-input":{"@type":"PropertyValueSpecification","valueRequired":true,"valueName":"search_term_string"}}],"inLanguage":"pl-PL"},{"@type":"Organization","@id":"https:\/\/taktici.cz\/#organization","name":"taktici.cz, s.r.o.","url":"https:\/\/taktici.cz\/","logo":{"@type":"ImageObject","inLanguage":"pl-PL","@id":"https:\/\/taktici.cz\/#\/schema\/logo\/image\/","url":"https:\/\/taktici.cz\/wp-content\/uploads\/2013\/05\/logo_barevne2.png","contentUrl":"https:\/\/taktici.cz\/wp-content\/uploads\/2013\/05\/logo_barevne2.png","width":208,"height":62,"caption":"taktici.cz, s.r.o."},"image":{"@id":"https:\/\/taktici.cz\/#\/schema\/logo\/image\/"},"sameAs":["http:\/\/www.facebook.com\/taktici.cz","https:\/\/x.com\/taktici","http:\/\/www.linkedin.com\/company\/taktici-cz-s-r-o-"]}]}},"_links":{"self":[{"href":"https:\/\/taktici.cz\/pl\/wp-json\/wp\/v2\/pages\/642","targetHints":{"allow":["GET"]}}],"collection":[{"href":"https:\/\/taktici.cz\/pl\/wp-json\/wp\/v2\/pages"}],"about":[{"href":"https:\/\/taktici.cz\/pl\/wp-json\/wp\/v2\/types\/page"}],"author":[{"embeddable":true,"href":"https:\/\/taktici.cz\/pl\/wp-json\/wp\/v2\/users\/1"}],"replies":[{"embeddable":true,"href":"https:\/\/taktici.cz\/pl\/wp-json\/wp\/v2\/comments?post=642"}],"version-history":[{"count":28,"href":"https:\/\/taktici.cz\/pl\/wp-json\/wp\/v2\/pages\/642\/revisions"}],"predecessor-version":[{"id":768,"href":"https:\/\/taktici.cz\/pl\/wp-json\/wp\/v2\/pages\/642\/revisions\/768"}],"wp:attachment":[{"href":"https:\/\/taktici.cz\/pl\/wp-json\/wp\/v2\/media?parent=642"}],"curies":[{"name":"wp","href":"https:\/\/api.w.org\/{rel}","templated":true}]}}