{"id":599,"date":"2022-02-28T11:30:12","date_gmt":"2022-02-28T10:30:12","guid":{"rendered":"https:\/\/taktici.cz\/?page_id=599"},"modified":"2025-06-07T11:30:34","modified_gmt":"2025-06-07T09:30:34","slug":"pridelce","status":"publish","type":"page","link":"https:\/\/taktici.cz\/pl\/regulamin-kzc\/","title":{"rendered":"Statut Sieci Kolejowej K\u017dC"},"content":{"rendered":"<p>Sp\u00f3\u0142ka taktici.cz, s.r.o., oraz K\u017dC Doprava, s.r.o., zak\u0142ad filialny \u0160enovka, wydaj\u0105 niniejsze O\u015bwiadczenie w sprawie kolei regionalnej prowadzonej przez K\u017dC Doprava, s.r.o., zak\u0142ad filialny \u0160enovka, ze skutkiem od 12.12.2021 r., <\/p>\r\n\r\n\r\n\r\n<p>Jeste\u015bmy niezale\u017cnym kolejowym przydzielaczem zdolno\u015bci przepustowej na <a href=\"https:\/\/kzc.cz\/?sekce=sklarska_lokalka_senovka\">lokalnej linii \u010cesk\u00e1 Kamenice &#8211; Kamenick\u00fd \u0160enov<\/a>.<\/p>\r\n\r\n\r\n\r\n<p>Dalsze informacje mo\u017cna pobra\u0107 w za\u0142\u0105czonym dokumencie <a href=\"https:\/\/taktici.cz\/podr_rd_c_kamenice-k_senov-cs-2025-06-07\/\">Statut Sieci Kolejowej<\/a> (<a href=\"https:\/\/taktici.cz\/podr_rd_c_kamenice-k_senov-en-2025-06-07\/\">angielski<\/a>).<\/p>\r\n<p>Wersja oryginalna: <a href=\"https:\/\/taktici.cz\/wp-content\/uploads\/2022\/03\/PoDR_RD_C_Kamenice-K_Senov.pdf\">Statut Sieci Kolejowej<\/a> (<a href=\"https:\/\/taktici.cz\/wp-content\/uploads\/2022\/03\/PoDR_RD_C_Kamenice-K_Senov_ENG.pdf\">angielski<\/a>).<\/p>\r\n\r\n\r\n\r\n<p><\/p>","protected":false},"excerpt":{"rendered":"<p>Sp\u00f3\u0142ka taktici.cz, s.r.o., oraz K\u017dC Doprava, s.r.o., zak\u0142ad filialny \u0160enovka, wydaj\u0105 niniejsze O\u015bwiadczenie w sprawie kolei regionalnej prowadzonej przez K\u017dC Doprava, s.r.o., zak\u0142ad filialny \u0160enovka, ze skutkiem od 12.12.2021 r., [&hellip;]<\/p>\n","protected":false},"author":1,"featured_media":0,"parent":0,"menu_order":0,"comment_status":"closed","ping_status":"closed","template":"","meta":{"footnotes":""},"class_list":["post-599","page","type-page","status-publish","hentry"],"yoast_head":"<!-- This site is optimized with the Yoast SEO plugin v27.3 - https:\/\/yoast.com\/product\/yoast-seo-wordpress\/ -->\n<title>Statut Sieci Kolejowej K\u017dC - taktici.cz<\/title>\n<meta name=\"description\" content=\"Prohl\u00e1\u0161en\u00ed o dr\u00e1ze region\u00e1ln\u00ed \u010cesk\u00e1 Kamenice - Kamenick\u00fd \u0160enov; na\u0161e spole\u010dnost je od GVD 2022 p\u0159\u00edd\u011blcem kapacity na skl\u00e1\u0159sk\u00e9 lok\u00e1lce.\" \/>\n<meta name=\"robots\" content=\"index, follow, max-snippet:-1, max-image-preview:large, max-video-preview:-1\" \/>\n<link rel=\"canonical\" href=\"https:\/\/taktici.cz\/prohlaseni-o-draze-kzc\/\" \/>\n<meta property=\"og:locale\" content=\"pl_PL\" \/>\n<meta property=\"og:type\" content=\"article\" \/>\n<meta property=\"og:title\" content=\"Statut Sieci Kolejowej K\u017dC - taktici.cz\" \/>\n<meta property=\"og:description\" content=\"Prohl\u00e1\u0161en\u00ed o dr\u00e1ze region\u00e1ln\u00ed \u010cesk\u00e1 Kamenice - Kamenick\u00fd \u0160enov; na\u0161e spole\u010dnost je od GVD 2022 p\u0159\u00edd\u011blcem kapacity na skl\u00e1\u0159sk\u00e9 lok\u00e1lce.\" \/>\n<meta property=\"og:url\" content=\"https:\/\/taktici.cz\/prohlaseni-o-draze-kzc\/\" \/>\n<meta property=\"og:site_name\" content=\"taktici.cz\" \/>\n<meta property=\"article:publisher\" content=\"http:\/\/www.facebook.com\/taktici.cz\" \/>\n<meta property=\"article:modified_time\" content=\"2025-06-07T09:30:34+00:00\" \/>\n<meta name=\"twitter:card\" content=\"summary_large_image\" \/>\n<meta name=\"twitter:site\" content=\"@taktici\" \/>\n<meta name=\"twitter:label1\" content=\"Szacowany czas czytania\" \/>\n\t<meta name=\"twitter:data1\" content=\"2 minuty\" \/>\n<script type=\"application\/ld+json\" class=\"yoast-schema-graph\">{\"@context\":\"https:\\\/\\\/schema.org\",\"@graph\":[{\"@type\":\"WebPage\",\"@id\":\"https:\\\/\\\/taktici.cz\\\/prohlaseni-o-draze-kzc\\\/\",\"url\":\"https:\\\/\\\/taktici.cz\\\/prohlaseni-o-draze-kzc\\\/\",\"name\":\"Statut Sieci Kolejowej K\u017dC - taktici.cz\",\"isPartOf\":{\"@id\":\"https:\\\/\\\/taktici.cz\\\/#website\"},\"datePublished\":\"2022-02-28T10:30:12+00:00\",\"dateModified\":\"2025-06-07T09:30:34+00:00\",\"description\":\"Prohl\u00e1\u0161en\u00ed o dr\u00e1ze region\u00e1ln\u00ed \u010cesk\u00e1 Kamenice - Kamenick\u00fd \u0160enov; na\u0161e spole\u010dnost je od GVD 2022 p\u0159\u00edd\u011blcem kapacity na skl\u00e1\u0159sk\u00e9 lok\u00e1lce.\",\"breadcrumb\":{\"@id\":\"https:\\\/\\\/taktici.cz\\\/prohlaseni-o-draze-kzc\\\/#breadcrumb\"},\"inLanguage\":\"pl-PL\",\"potentialAction\":[{\"@type\":\"ReadAction\",\"target\":[\"https:\\\/\\\/taktici.cz\\\/prohlaseni-o-draze-kzc\\\/\"]}]},{\"@type\":\"BreadcrumbList\",\"@id\":\"https:\\\/\\\/taktici.cz\\\/prohlaseni-o-draze-kzc\\\/#breadcrumb\",\"itemListElement\":[{\"@type\":\"ListItem\",\"position\":1,\"name\":\"Dom\u016f\",\"item\":\"https:\\\/\\\/taktici.cz\\\/\"},{\"@type\":\"ListItem\",\"position\":2,\"name\":\"Prohl\u00e1\u0161en\u00ed o dr\u00e1ze region\u00e1ln\u00ed K\u017dC\"}]},{\"@type\":\"WebSite\",\"@id\":\"https:\\\/\\\/taktici.cz\\\/#website\",\"url\":\"https:\\\/\\\/taktici.cz\\\/\",\"name\":\"taktici.cz\",\"description\":\"Nasze rozwi\u0105zania \u017cyj\u0105 Waszich cel\u00f3w\",\"publisher\":{\"@id\":\"https:\\\/\\\/taktici.cz\\\/#organization\"},\"potentialAction\":[{\"@type\":\"SearchAction\",\"target\":{\"@type\":\"EntryPoint\",\"urlTemplate\":\"https:\\\/\\\/taktici.cz\\\/?s={search_term_string}\"},\"query-input\":{\"@type\":\"PropertyValueSpecification\",\"valueRequired\":true,\"valueName\":\"search_term_string\"}}],\"inLanguage\":\"pl-PL\"},{\"@type\":\"Organization\",\"@id\":\"https:\\\/\\\/taktici.cz\\\/#organization\",\"name\":\"taktici.cz, s.r.o.\",\"url\":\"https:\\\/\\\/taktici.cz\\\/\",\"logo\":{\"@type\":\"ImageObject\",\"inLanguage\":\"pl-PL\",\"@id\":\"https:\\\/\\\/taktici.cz\\\/#\\\/schema\\\/logo\\\/image\\\/\",\"url\":\"https:\\\/\\\/taktici.cz\\\/wp-content\\\/uploads\\\/2013\\\/05\\\/logo_barevne2.png\",\"contentUrl\":\"https:\\\/\\\/taktici.cz\\\/wp-content\\\/uploads\\\/2013\\\/05\\\/logo_barevne2.png\",\"width\":208,\"height\":62,\"caption\":\"taktici.cz, s.r.o.\"},\"image\":{\"@id\":\"https:\\\/\\\/taktici.cz\\\/#\\\/schema\\\/logo\\\/image\\\/\"},\"sameAs\":[\"http:\\\/\\\/www.facebook.com\\\/taktici.cz\",\"https:\\\/\\\/x.com\\\/taktici\",\"http:\\\/\\\/www.linkedin.com\\\/company\\\/taktici-cz-s-r-o-\"]}]}<\/script>\n<!-- \/ Yoast SEO plugin. -->","yoast_head_json":{"title":"Statut Sieci Kolejowej K\u017dC - taktici.cz","description":"Prohl\u00e1\u0161en\u00ed o dr\u00e1ze region\u00e1ln\u00ed \u010cesk\u00e1 Kamenice - Kamenick\u00fd \u0160enov; na\u0161e spole\u010dnost je od GVD 2022 p\u0159\u00edd\u011blcem kapacity na skl\u00e1\u0159sk\u00e9 lok\u00e1lce.","robots":{"index":"index","follow":"follow","max-snippet":"max-snippet:-1","max-image-preview":"max-image-preview:large","max-video-preview":"max-video-preview:-1"},"canonical":"https:\/\/taktici.cz\/prohlaseni-o-draze-kzc\/","og_locale":"pl_PL","og_type":"article","og_title":"Statut Sieci Kolejowej K\u017dC - taktici.cz","og_description":"Prohl\u00e1\u0161en\u00ed o dr\u00e1ze region\u00e1ln\u00ed \u010cesk\u00e1 Kamenice - Kamenick\u00fd \u0160enov; na\u0161e spole\u010dnost je od GVD 2022 p\u0159\u00edd\u011blcem kapacity na skl\u00e1\u0159sk\u00e9 lok\u00e1lce.","og_url":"https:\/\/taktici.cz\/prohlaseni-o-draze-kzc\/","og_site_name":"taktici.cz","article_publisher":"http:\/\/www.facebook.com\/taktici.cz","article_modified_time":"2025-06-07T09:30:34+00:00","twitter_card":"summary_large_image","twitter_site":"@taktici","twitter_misc":{"Szacowany czas czytania":"2 minuty"},"schema":{"@context":"https:\/\/schema.org","@graph":[{"@type":"WebPage","@id":"https:\/\/taktici.cz\/prohlaseni-o-draze-kzc\/","url":"https:\/\/taktici.cz\/prohlaseni-o-draze-kzc\/","name":"Statut Sieci Kolejowej K\u017dC - taktici.cz","isPartOf":{"@id":"https:\/\/taktici.cz\/#website"},"datePublished":"2022-02-28T10:30:12+00:00","dateModified":"2025-06-07T09:30:34+00:00","description":"Prohl\u00e1\u0161en\u00ed o dr\u00e1ze region\u00e1ln\u00ed \u010cesk\u00e1 Kamenice - Kamenick\u00fd \u0160enov; na\u0161e spole\u010dnost je od GVD 2022 p\u0159\u00edd\u011blcem kapacity na skl\u00e1\u0159sk\u00e9 lok\u00e1lce.","breadcrumb":{"@id":"https:\/\/taktici.cz\/prohlaseni-o-draze-kzc\/#breadcrumb"},"inLanguage":"pl-PL","potentialAction":[{"@type":"ReadAction","target":["https:\/\/taktici.cz\/prohlaseni-o-draze-kzc\/"]}]},{"@type":"BreadcrumbList","@id":"https:\/\/taktici.cz\/prohlaseni-o-draze-kzc\/#breadcrumb","itemListElement":[{"@type":"ListItem","position":1,"name":"Dom\u016f","item":"https:\/\/taktici.cz\/"},{"@type":"ListItem","position":2,"name":"Prohl\u00e1\u0161en\u00ed o dr\u00e1ze region\u00e1ln\u00ed K\u017dC"}]},{"@type":"WebSite","@id":"https:\/\/taktici.cz\/#website","url":"https:\/\/taktici.cz\/","name":"taktici.cz","description":"Nasze rozwi\u0105zania \u017cyj\u0105 Waszich cel\u00f3w","publisher":{"@id":"https:\/\/taktici.cz\/#organization"},"potentialAction":[{"@type":"SearchAction","target":{"@type":"EntryPoint","urlTemplate":"https:\/\/taktici.cz\/?s={search_term_string}"},"query-input":{"@type":"PropertyValueSpecification","valueRequired":true,"valueName":"search_term_string"}}],"inLanguage":"pl-PL"},{"@type":"Organization","@id":"https:\/\/taktici.cz\/#organization","name":"taktici.cz, s.r.o.","url":"https:\/\/taktici.cz\/","logo":{"@type":"ImageObject","inLanguage":"pl-PL","@id":"https:\/\/taktici.cz\/#\/schema\/logo\/image\/","url":"https:\/\/taktici.cz\/wp-content\/uploads\/2013\/05\/logo_barevne2.png","contentUrl":"https:\/\/taktici.cz\/wp-content\/uploads\/2013\/05\/logo_barevne2.png","width":208,"height":62,"caption":"taktici.cz, s.r.o."},"image":{"@id":"https:\/\/taktici.cz\/#\/schema\/logo\/image\/"},"sameAs":["http:\/\/www.facebook.com\/taktici.cz","https:\/\/x.com\/taktici","http:\/\/www.linkedin.com\/company\/taktici-cz-s-r-o-"]}]}},"_links":{"self":[{"href":"https:\/\/taktici.cz\/pl\/wp-json\/wp\/v2\/pages\/599","targetHints":{"allow":["GET"]}}],"collection":[{"href":"https:\/\/taktici.cz\/pl\/wp-json\/wp\/v2\/pages"}],"about":[{"href":"https:\/\/taktici.cz\/pl\/wp-json\/wp\/v2\/types\/page"}],"author":[{"embeddable":true,"href":"https:\/\/taktici.cz\/pl\/wp-json\/wp\/v2\/users\/1"}],"replies":[{"embeddable":true,"href":"https:\/\/taktici.cz\/pl\/wp-json\/wp\/v2\/comments?post=599"}],"version-history":[{"count":20,"href":"https:\/\/taktici.cz\/pl\/wp-json\/wp\/v2\/pages\/599\/revisions"}],"predecessor-version":[{"id":745,"href":"https:\/\/taktici.cz\/pl\/wp-json\/wp\/v2\/pages\/599\/revisions\/745"}],"wp:attachment":[{"href":"https:\/\/taktici.cz\/pl\/wp-json\/wp\/v2\/media?parent=599"}],"curies":[{"name":"wp","href":"https:\/\/api.w.org\/{rel}","templated":true}]}}