{"id":5,"date":"2013-04-24T07:16:37","date_gmt":"2013-04-24T07:16:37","guid":{"rendered":"http:\/\/taktici.cz\/wordpress\/\/?page_id=5"},"modified":"2023-11-27T23:50:15","modified_gmt":"2023-11-27T22:50:15","slug":"kontakt","status":"publish","type":"page","link":"https:\/\/taktici.cz\/pl\/kontakt\/","title":{"rendered":"Kontakt"},"content":{"rendered":"<p><\/p>\n<ul>\n<li>e-mail <a href=\"mailto:office@taktici.cz\">office@taktici.cz<\/a><\/li>\n<li>telefon\u00a0+420 245 501 171<\/li>\n<\/ul>\n<div>\n<p>Ing. Bc. Zden\u011bk Michl, Prezes zarz\u0105du<\/p>\n<ul>\n<li>e-mail\u00a0<a href=\"mailto:zdenek.michl@taktici.cz\">zdenek.michl@taktici.cz<\/a><\/li>\n<li>telefon\u00a0+420 245 501 171<\/li>\n<\/ul>\n<\/div>\n<div>\n<p>Ing. Martin Sojka<\/p>\n<ul>\n<li>e-mail\u00a0<a href=\"mailto:martin.sojka@taktici.cz\">martin.sojka@taktici.cz<\/a><\/li>\n<li>telefon\u00a0+420 245 501 172<\/li>\n<\/ul>\n<\/div>\n<p><strong>Informacje o firmie<\/strong><\/p>\n<ul>\n<li><strong><a href=\"http:\/\/www.taktici.cz\/\">taktici.cz, s.r.o.<\/a><\/strong><\/li>\n<li><acronym title=\"Numer identyfikacyjny\">I\u010cO<\/acronym> 147 07 659<\/li>\n<li>VAT CZ 147 07 659<\/li>\n<li>adres siedziby: Dittrichova 328\/19, 120 00 Praha, Republika Czeska<\/li>\n<li>zarejestrowana w Rejestrze Handlowym prowadzonym przez S\u0105d Miejski w Pradze, nr pliku\u00a0C 209637<\/li>\n<li>za\u0142o\u017cona 17 kwietnia 1991<\/li>\n<\/ul>\n<p>Rachunek bankowy<\/p>\n<ul>\n<li>CZK 2300893970\/2010 w <a title=\"FIO banka\" href=\"http:\/\/www.fio.cz\/\">Banka FIO<\/a><\/li>\n<li>IBAN CZ19 2010 0000 0023 0089 3970, SWIFT FIOBCZPPXXX<\/li>\n<li>EUR 2600893972\/2010 w <a title=\"FIO banka\" href=\"http:\/\/www.fio.cz\/\">Banka FIO<\/a><\/li>\n<li>IBAN CZ97 2010 0000 0026 0089 3972, SWIFT FIOBCZPPXXX<\/li>\n<\/ul>\n<p>Rejestry<\/p>\n<ul>\n<li><a title=\"Rejestr handlowy na portalu justice.cz\" href=\"https:\/\/or.justice.cz\/ias\/ui\/rejstrik-dotaz?dotaz=14707659\" target=\"_blank\" rel=\"noopener noreferrer\">Wyci\u0105g z rejestru handlowego<\/a><\/li>\n<li><a title=\"Rejestr transakcji na portalu rzp.cz\" href=\"http:\/\/www.rzp.cz\/cgi-bin\/aps_cacheWEB.sh?VSS_SERV=ZVWSBJFND&amp;Action=Search&amp;PRESVYBER=0&amp;PODLE=subjekt&amp;ICO=14707659&amp;OBCHJM=&amp;JMENO=&amp;PRIJMENI=&amp;NAROZENI=&amp;ROLE=&amp;OKRES=&amp;OBEC=&amp;CASTOBCE=&amp;ULICE=&amp;COR=&amp;COZ=&amp;CDOM=&amp;VYPIS=1\" target=\"_blank\" rel=\"noopener noreferrer\">Wyci\u0105g z rejestru dzia\u0142alno\u015bci handlowej<\/a><\/li>\n<li><a href=\"http:\/\/adisreg.mfcr.cz\/cgi-bin\/adis\/idph\/int_dp_prij.cgi?id=1&amp;pocet=1&amp;fu=&amp;OK=+Search+&amp;ZPRAC=RDPHI1&amp;dic=14707659\">Wyci\u0105g z rejestru VAT<br \/>\n<\/a><\/li>\n<\/ul>\n<p><\/p>","protected":false},"excerpt":{"rendered":"<p>e-mail office@taktici.cz telefon\u00a0+420 245 501 171 Ing. Bc. Zden\u011bk Michl, Prezes zarz\u0105du e-mail\u00a0zdenek.michl@taktici.cz telefon\u00a0+420 245 501 171 Ing. Martin Sojka e-mail\u00a0martin.sojka@taktici.cz telefon\u00a0+420 245 501 172 Informacje o firmie taktici.cz, s.r.o. [&hellip;]<\/p>\n","protected":false},"author":1,"featured_media":147,"parent":0,"menu_order":0,"comment_status":"closed","ping_status":"closed","template":"","meta":{"footnotes":""},"class_list":["post-5","page","type-page","status-publish","has-post-thumbnail","hentry"],"yoast_head":"<!-- This site is optimized with the Yoast SEO plugin v27.3 - https:\/\/yoast.com\/product\/yoast-seo-wordpress\/ -->\n<title>Kontakt - taktici.cz<\/title>\n<meta name=\"robots\" content=\"index, follow, max-snippet:-1, max-image-preview:large, max-video-preview:-1\" \/>\n<link rel=\"canonical\" href=\"https:\/\/taktici.cz\/kontakt\/\" \/>\n<meta property=\"og:locale\" content=\"pl_PL\" \/>\n<meta property=\"og:type\" content=\"article\" \/>\n<meta property=\"og:title\" content=\"Kontakt - taktici.cz\" \/>\n<meta property=\"og:description\" content=\"e-mail office@taktici.cz telefon\u00a0+420 245 501 171 Ing. Bc. Zden\u011bk Michl, Prezes zarz\u0105du e-mail\u00a0zdenek.michl@taktici.cz telefon\u00a0+420 245 501 171 Ing. Martin Sojka e-mail\u00a0martin.sojka@taktici.cz telefon\u00a0+420 245 501 172 Informacje o firmie taktici.cz, s.r.o. [&hellip;]\" \/>\n<meta property=\"og:url\" content=\"https:\/\/taktici.cz\/kontakt\/\" \/>\n<meta property=\"og:site_name\" content=\"taktici.cz\" \/>\n<meta property=\"article:publisher\" content=\"http:\/\/www.facebook.com\/taktici.cz\" \/>\n<meta property=\"article:modified_time\" content=\"2023-11-27T22:50:15+00:00\" \/>\n<meta property=\"og:image\" content=\"https:\/\/taktici.cz\/wp-content\/uploads\/2013\/09\/Os_98081.jpg\" \/>\n\t<meta property=\"og:image:width\" content=\"1481\" \/>\n\t<meta property=\"og:image:height\" content=\"1110\" \/>\n\t<meta property=\"og:image:type\" content=\"image\/jpeg\" \/>\n<meta name=\"twitter:card\" content=\"summary_large_image\" \/>\n<meta name=\"twitter:site\" content=\"@taktici\" \/>\n<meta name=\"twitter:label1\" content=\"Szacowany czas czytania\" \/>\n\t<meta name=\"twitter:data1\" content=\"4 minuty\" \/>\n<script type=\"application\/ld+json\" class=\"yoast-schema-graph\">{\"@context\":\"https:\\\/\\\/schema.org\",\"@graph\":[{\"@type\":\"WebPage\",\"@id\":\"https:\\\/\\\/taktici.cz\\\/kontakt\\\/\",\"url\":\"https:\\\/\\\/taktici.cz\\\/kontakt\\\/\",\"name\":\"Kontakt - taktici.cz\",\"isPartOf\":{\"@id\":\"https:\\\/\\\/taktici.cz\\\/#website\"},\"primaryImageOfPage\":{\"@id\":\"https:\\\/\\\/taktici.cz\\\/kontakt\\\/#primaryimage\"},\"image\":{\"@id\":\"https:\\\/\\\/taktici.cz\\\/kontakt\\\/#primaryimage\"},\"thumbnailUrl\":\"https:\\\/\\\/taktici.cz\\\/wp-content\\\/uploads\\\/2013\\\/09\\\/Os_98081.jpg\",\"datePublished\":\"2013-04-24T07:16:37+00:00\",\"dateModified\":\"2023-11-27T22:50:15+00:00\",\"breadcrumb\":{\"@id\":\"https:\\\/\\\/taktici.cz\\\/kontakt\\\/#breadcrumb\"},\"inLanguage\":\"pl-PL\",\"potentialAction\":[{\"@type\":\"ReadAction\",\"target\":[\"https:\\\/\\\/taktici.cz\\\/kontakt\\\/\"]}]},{\"@type\":\"ImageObject\",\"inLanguage\":\"pl-PL\",\"@id\":\"https:\\\/\\\/taktici.cz\\\/kontakt\\\/#primaryimage\",\"url\":\"https:\\\/\\\/taktici.cz\\\/wp-content\\\/uploads\\\/2013\\\/09\\\/Os_98081.jpg\",\"contentUrl\":\"https:\\\/\\\/taktici.cz\\\/wp-content\\\/uploads\\\/2013\\\/09\\\/Os_98081.jpg\",\"width\":1481,\"height\":1110},{\"@type\":\"BreadcrumbList\",\"@id\":\"https:\\\/\\\/taktici.cz\\\/kontakt\\\/#breadcrumb\",\"itemListElement\":[{\"@type\":\"ListItem\",\"position\":1,\"name\":\"Dom\u016f\",\"item\":\"https:\\\/\\\/taktici.cz\\\/\"},{\"@type\":\"ListItem\",\"position\":2,\"name\":\"Kontakty\"}]},{\"@type\":\"WebSite\",\"@id\":\"https:\\\/\\\/taktici.cz\\\/#website\",\"url\":\"https:\\\/\\\/taktici.cz\\\/\",\"name\":\"taktici.cz\",\"description\":\"Nasze rozwi\u0105zania \u017cyj\u0105 Waszich cel\u00f3w\",\"publisher\":{\"@id\":\"https:\\\/\\\/taktici.cz\\\/#organization\"},\"potentialAction\":[{\"@type\":\"SearchAction\",\"target\":{\"@type\":\"EntryPoint\",\"urlTemplate\":\"https:\\\/\\\/taktici.cz\\\/?s={search_term_string}\"},\"query-input\":{\"@type\":\"PropertyValueSpecification\",\"valueRequired\":true,\"valueName\":\"search_term_string\"}}],\"inLanguage\":\"pl-PL\"},{\"@type\":\"Organization\",\"@id\":\"https:\\\/\\\/taktici.cz\\\/#organization\",\"name\":\"taktici.cz, s.r.o.\",\"url\":\"https:\\\/\\\/taktici.cz\\\/\",\"logo\":{\"@type\":\"ImageObject\",\"inLanguage\":\"pl-PL\",\"@id\":\"https:\\\/\\\/taktici.cz\\\/#\\\/schema\\\/logo\\\/image\\\/\",\"url\":\"https:\\\/\\\/taktici.cz\\\/wp-content\\\/uploads\\\/2013\\\/05\\\/logo_barevne2.png\",\"contentUrl\":\"https:\\\/\\\/taktici.cz\\\/wp-content\\\/uploads\\\/2013\\\/05\\\/logo_barevne2.png\",\"width\":208,\"height\":62,\"caption\":\"taktici.cz, s.r.o.\"},\"image\":{\"@id\":\"https:\\\/\\\/taktici.cz\\\/#\\\/schema\\\/logo\\\/image\\\/\"},\"sameAs\":[\"http:\\\/\\\/www.facebook.com\\\/taktici.cz\",\"https:\\\/\\\/x.com\\\/taktici\",\"http:\\\/\\\/www.linkedin.com\\\/company\\\/taktici-cz-s-r-o-\"]}]}<\/script>\n<!-- \/ Yoast SEO plugin. -->","yoast_head_json":{"title":"Kontakt - taktici.cz","robots":{"index":"index","follow":"follow","max-snippet":"max-snippet:-1","max-image-preview":"max-image-preview:large","max-video-preview":"max-video-preview:-1"},"canonical":"https:\/\/taktici.cz\/kontakt\/","og_locale":"pl_PL","og_type":"article","og_title":"Kontakt - taktici.cz","og_description":"e-mail office@taktici.cz telefon\u00a0+420 245 501 171 Ing. Bc. Zden\u011bk Michl, Prezes zarz\u0105du e-mail\u00a0zdenek.michl@taktici.cz telefon\u00a0+420 245 501 171 Ing. Martin Sojka e-mail\u00a0martin.sojka@taktici.cz telefon\u00a0+420 245 501 172 Informacje o firmie taktici.cz, s.r.o. [&hellip;]","og_url":"https:\/\/taktici.cz\/kontakt\/","og_site_name":"taktici.cz","article_publisher":"http:\/\/www.facebook.com\/taktici.cz","article_modified_time":"2023-11-27T22:50:15+00:00","og_image":[{"width":1481,"height":1110,"url":"https:\/\/taktici.cz\/wp-content\/uploads\/2013\/09\/Os_98081.jpg","type":"image\/jpeg"}],"twitter_card":"summary_large_image","twitter_site":"@taktici","twitter_misc":{"Szacowany czas czytania":"4 minuty"},"schema":{"@context":"https:\/\/schema.org","@graph":[{"@type":"WebPage","@id":"https:\/\/taktici.cz\/kontakt\/","url":"https:\/\/taktici.cz\/kontakt\/","name":"Kontakt - taktici.cz","isPartOf":{"@id":"https:\/\/taktici.cz\/#website"},"primaryImageOfPage":{"@id":"https:\/\/taktici.cz\/kontakt\/#primaryimage"},"image":{"@id":"https:\/\/taktici.cz\/kontakt\/#primaryimage"},"thumbnailUrl":"https:\/\/taktici.cz\/wp-content\/uploads\/2013\/09\/Os_98081.jpg","datePublished":"2013-04-24T07:16:37+00:00","dateModified":"2023-11-27T22:50:15+00:00","breadcrumb":{"@id":"https:\/\/taktici.cz\/kontakt\/#breadcrumb"},"inLanguage":"pl-PL","potentialAction":[{"@type":"ReadAction","target":["https:\/\/taktici.cz\/kontakt\/"]}]},{"@type":"ImageObject","inLanguage":"pl-PL","@id":"https:\/\/taktici.cz\/kontakt\/#primaryimage","url":"https:\/\/taktici.cz\/wp-content\/uploads\/2013\/09\/Os_98081.jpg","contentUrl":"https:\/\/taktici.cz\/wp-content\/uploads\/2013\/09\/Os_98081.jpg","width":1481,"height":1110},{"@type":"BreadcrumbList","@id":"https:\/\/taktici.cz\/kontakt\/#breadcrumb","itemListElement":[{"@type":"ListItem","position":1,"name":"Dom\u016f","item":"https:\/\/taktici.cz\/"},{"@type":"ListItem","position":2,"name":"Kontakty"}]},{"@type":"WebSite","@id":"https:\/\/taktici.cz\/#website","url":"https:\/\/taktici.cz\/","name":"taktici.cz","description":"Nasze rozwi\u0105zania \u017cyj\u0105 Waszich cel\u00f3w","publisher":{"@id":"https:\/\/taktici.cz\/#organization"},"potentialAction":[{"@type":"SearchAction","target":{"@type":"EntryPoint","urlTemplate":"https:\/\/taktici.cz\/?s={search_term_string}"},"query-input":{"@type":"PropertyValueSpecification","valueRequired":true,"valueName":"search_term_string"}}],"inLanguage":"pl-PL"},{"@type":"Organization","@id":"https:\/\/taktici.cz\/#organization","name":"taktici.cz, s.r.o.","url":"https:\/\/taktici.cz\/","logo":{"@type":"ImageObject","inLanguage":"pl-PL","@id":"https:\/\/taktici.cz\/#\/schema\/logo\/image\/","url":"https:\/\/taktici.cz\/wp-content\/uploads\/2013\/05\/logo_barevne2.png","contentUrl":"https:\/\/taktici.cz\/wp-content\/uploads\/2013\/05\/logo_barevne2.png","width":208,"height":62,"caption":"taktici.cz, s.r.o."},"image":{"@id":"https:\/\/taktici.cz\/#\/schema\/logo\/image\/"},"sameAs":["http:\/\/www.facebook.com\/taktici.cz","https:\/\/x.com\/taktici","http:\/\/www.linkedin.com\/company\/taktici-cz-s-r-o-"]}]}},"_links":{"self":[{"href":"https:\/\/taktici.cz\/pl\/wp-json\/wp\/v2\/pages\/5","targetHints":{"allow":["GET"]}}],"collection":[{"href":"https:\/\/taktici.cz\/pl\/wp-json\/wp\/v2\/pages"}],"about":[{"href":"https:\/\/taktici.cz\/pl\/wp-json\/wp\/v2\/types\/page"}],"author":[{"embeddable":true,"href":"https:\/\/taktici.cz\/pl\/wp-json\/wp\/v2\/users\/1"}],"replies":[{"embeddable":true,"href":"https:\/\/taktici.cz\/pl\/wp-json\/wp\/v2\/comments?post=5"}],"version-history":[{"count":58,"href":"https:\/\/taktici.cz\/pl\/wp-json\/wp\/v2\/pages\/5\/revisions"}],"predecessor-version":[{"id":687,"href":"https:\/\/taktici.cz\/pl\/wp-json\/wp\/v2\/pages\/5\/revisions\/687"}],"wp:featuredmedia":[{"embeddable":true,"href":"https:\/\/taktici.cz\/pl\/wp-json\/wp\/v2\/media\/147"}],"wp:attachment":[{"href":"https:\/\/taktici.cz\/pl\/wp-json\/wp\/v2\/media?parent=5"}],"curies":[{"name":"wp","href":"https:\/\/api.w.org\/{rel}","templated":true}]}}