{"id":39,"date":"2013-04-30T16:00:30","date_gmt":"2013-04-30T16:00:30","guid":{"rendered":"http:\/\/taktici.cz\/wordpress\/\/?page_id=39"},"modified":"2017-03-22T09:20:25","modified_gmt":"2017-03-22T08:20:25","slug":"modelovani-prepravnich-vztahu","status":"publish","type":"page","link":"https:\/\/taktici.cz\/pl\/modelowanie-potokow\/","title":{"rendered":"Modelowanie potok\u00f3w"},"content":{"rendered":"<p>Makroskopowe modelowanie transportu jest jednym z podstawowych element\u00f3w planowania transportu. Jego celem jest opisywanie tego, jak ludzie podr\u00f3\u017cuj\u0105 (lub b\u0119d\u0105 podr\u00f3\u017cowa\u0107). Nie jest to dziedzina po\u015bwi\u0119cona tylko transportowi kolejowemu, ale zajmuj\u0105ca si\u0119 wszystkimi \u015brodkami transportu. Podstawowym konceptem teoretycznym jest tzw. <a href=\"http:\/\/en.wikipedia.org\/wiki\/Transportation_forecasting#Four-step_models\">czteroetapowy model transportowy<\/a>, za pomoc\u0105 kt\u00f3rego mo\u017cna odpowiedzie\u0107 na pytania, sk\u0105d, dok\u0105d, jak i kt\u00f3r\u0119dy ludzie podr\u00f3\u017cuj\u0105.<br \/>\nFilozofia naszej sp\u00f3\u0142ki spoczywa we wprowadzaniu w \u017cycie innowacyjnych metod post\u0119powania i nowoczesnego podej\u015bcia do makroskopowego modelowania transportowego.<br \/>\nW pracy in\u017cynierskiej w dziedzinie modelowania popytu na przew\u00f3z i potok\u00f3w podr\u00f3\u017cnych wykorzystujemy przede wszystkim software <a href=\"http:\/\/vision-traffic.ptvgroup.com\/en-uk\/products\/ptv-visum\/\">VISUM<\/a> autorstwa niemieckiej firmy PTV.<br \/>\nW ramach naszej dzia\u0142alno\u015bci oferujemy tworzenie makroskopowych modeli transportowych wspieraj\u0105cych procesy decyzyjne dotycz\u0105ce zmian w systemach transportu publicznego i indywidualnego. W ramach kolejowych projekt\u00f3w budowlanych wytwarzamy tzw. prognozy potok\u00f3w podr\u00f3\u017cnych, kt\u00f3re funkcjonuj\u0105 jako wsparcie przy ewaluacji ekonomicznej wspomnianych projekt\u00f3w.<\/p>","protected":false},"excerpt":{"rendered":"<p>Makroskopowe modelowanie transportu jest jednym z podstawowych element\u00f3w planowania transportu. Jego celem jest opisywanie tego, jak ludzie podr\u00f3\u017cuj\u0105 (lub b\u0119d\u0105 podr\u00f3\u017cowa\u0107). Nie jest to dziedzina po\u015bwi\u0119cona tylko transportowi kolejowemu, ale [&hellip;]<\/p>\n","protected":false},"author":1,"featured_media":146,"parent":0,"menu_order":0,"comment_status":"closed","ping_status":"closed","template":"","meta":{"footnotes":""},"class_list":["post-39","page","type-page","status-publish","has-post-thumbnail","hentry"],"yoast_head":"<!-- This site is optimized with the Yoast SEO plugin v27.4 - https:\/\/yoast.com\/product\/yoast-seo-wordpress\/ -->\n<title>Modelowanie potok\u00f3w - taktici.cz<\/title>\n<meta name=\"robots\" content=\"index, follow, max-snippet:-1, max-image-preview:large, max-video-preview:-1\" \/>\n<link rel=\"canonical\" href=\"https:\/\/taktici.cz\/modelovani-prepravnich-vztahu\/\" \/>\n<meta property=\"og:locale\" content=\"pl_PL\" \/>\n<meta property=\"og:type\" content=\"article\" \/>\n<meta property=\"og:title\" content=\"Modelowanie potok\u00f3w - taktici.cz\" \/>\n<meta property=\"og:description\" content=\"Makroskopowe modelowanie transportu jest jednym z podstawowych element\u00f3w planowania transportu. Jego celem jest opisywanie tego, jak ludzie podr\u00f3\u017cuj\u0105 (lub b\u0119d\u0105 podr\u00f3\u017cowa\u0107). Nie jest to dziedzina po\u015bwi\u0119cona tylko transportowi kolejowemu, ale [&hellip;]\" \/>\n<meta property=\"og:url\" content=\"https:\/\/taktici.cz\/modelovani-prepravnich-vztahu\/\" \/>\n<meta property=\"og:site_name\" content=\"taktici.cz\" \/>\n<meta property=\"article:publisher\" content=\"http:\/\/www.facebook.com\/taktici.cz\" \/>\n<meta property=\"article:modified_time\" content=\"2017-03-22T08:20:25+00:00\" \/>\n<meta property=\"og:image\" content=\"https:\/\/taktici.cz\/wp-content\/uploads\/2013\/09\/visum.jpg\" \/>\n\t<meta property=\"og:image:width\" content=\"843\" \/>\n\t<meta property=\"og:image:height\" content=\"900\" \/>\n\t<meta property=\"og:image:type\" content=\"image\/jpeg\" \/>\n<meta name=\"twitter:card\" content=\"summary_large_image\" \/>\n<meta name=\"twitter:site\" content=\"@taktici\" \/>\n<meta name=\"twitter:label1\" content=\"Szacowany czas czytania\" \/>\n\t<meta name=\"twitter:data1\" content=\"4 minuty\" \/>\n<script type=\"application\/ld+json\" class=\"yoast-schema-graph\">{\"@context\":\"https:\\\/\\\/schema.org\",\"@graph\":[{\"@type\":\"WebPage\",\"@id\":\"https:\\\/\\\/taktici.cz\\\/modelovani-prepravnich-vztahu\\\/\",\"url\":\"https:\\\/\\\/taktici.cz\\\/modelovani-prepravnich-vztahu\\\/\",\"name\":\"Modelowanie potok\u00f3w - taktici.cz\",\"isPartOf\":{\"@id\":\"https:\\\/\\\/taktici.cz\\\/#website\"},\"primaryImageOfPage\":{\"@id\":\"https:\\\/\\\/taktici.cz\\\/modelovani-prepravnich-vztahu\\\/#primaryimage\"},\"image\":{\"@id\":\"https:\\\/\\\/taktici.cz\\\/modelovani-prepravnich-vztahu\\\/#primaryimage\"},\"thumbnailUrl\":\"https:\\\/\\\/taktici.cz\\\/wp-content\\\/uploads\\\/2013\\\/09\\\/visum.jpg\",\"datePublished\":\"2013-04-30T16:00:30+00:00\",\"dateModified\":\"2017-03-22T08:20:25+00:00\",\"breadcrumb\":{\"@id\":\"https:\\\/\\\/taktici.cz\\\/modelovani-prepravnich-vztahu\\\/#breadcrumb\"},\"inLanguage\":\"pl-PL\",\"potentialAction\":[{\"@type\":\"ReadAction\",\"target\":[\"https:\\\/\\\/taktici.cz\\\/modelovani-prepravnich-vztahu\\\/\"]}]},{\"@type\":\"ImageObject\",\"inLanguage\":\"pl-PL\",\"@id\":\"https:\\\/\\\/taktici.cz\\\/modelovani-prepravnich-vztahu\\\/#primaryimage\",\"url\":\"https:\\\/\\\/taktici.cz\\\/wp-content\\\/uploads\\\/2013\\\/09\\\/visum.jpg\",\"contentUrl\":\"https:\\\/\\\/taktici.cz\\\/wp-content\\\/uploads\\\/2013\\\/09\\\/visum.jpg\",\"width\":843,\"height\":900},{\"@type\":\"BreadcrumbList\",\"@id\":\"https:\\\/\\\/taktici.cz\\\/modelovani-prepravnich-vztahu\\\/#breadcrumb\",\"itemListElement\":[{\"@type\":\"ListItem\",\"position\":1,\"name\":\"Dom\u016f\",\"item\":\"https:\\\/\\\/taktici.cz\\\/\"},{\"@type\":\"ListItem\",\"position\":2,\"name\":\"Modelov\u00e1n\u00ed p\u0159epravn\u00edch vztah\u016f\"}]},{\"@type\":\"WebSite\",\"@id\":\"https:\\\/\\\/taktici.cz\\\/#website\",\"url\":\"https:\\\/\\\/taktici.cz\\\/\",\"name\":\"taktici.cz\",\"description\":\"Nasze rozwi\u0105zania \u017cyj\u0105 Waszich cel\u00f3w\",\"publisher\":{\"@id\":\"https:\\\/\\\/taktici.cz\\\/#organization\"},\"potentialAction\":[{\"@type\":\"SearchAction\",\"target\":{\"@type\":\"EntryPoint\",\"urlTemplate\":\"https:\\\/\\\/taktici.cz\\\/?s={search_term_string}\"},\"query-input\":{\"@type\":\"PropertyValueSpecification\",\"valueRequired\":true,\"valueName\":\"search_term_string\"}}],\"inLanguage\":\"pl-PL\"},{\"@type\":\"Organization\",\"@id\":\"https:\\\/\\\/taktici.cz\\\/#organization\",\"name\":\"taktici.cz, s.r.o.\",\"url\":\"https:\\\/\\\/taktici.cz\\\/\",\"logo\":{\"@type\":\"ImageObject\",\"inLanguage\":\"pl-PL\",\"@id\":\"https:\\\/\\\/taktici.cz\\\/#\\\/schema\\\/logo\\\/image\\\/\",\"url\":\"https:\\\/\\\/taktici.cz\\\/wp-content\\\/uploads\\\/2013\\\/05\\\/logo_barevne2.png\",\"contentUrl\":\"https:\\\/\\\/taktici.cz\\\/wp-content\\\/uploads\\\/2013\\\/05\\\/logo_barevne2.png\",\"width\":208,\"height\":62,\"caption\":\"taktici.cz, s.r.o.\"},\"image\":{\"@id\":\"https:\\\/\\\/taktici.cz\\\/#\\\/schema\\\/logo\\\/image\\\/\"},\"sameAs\":[\"http:\\\/\\\/www.facebook.com\\\/taktici.cz\",\"https:\\\/\\\/x.com\\\/taktici\",\"http:\\\/\\\/www.linkedin.com\\\/company\\\/taktici-cz-s-r-o-\"]}]}<\/script>\n<!-- \/ Yoast SEO plugin. -->","yoast_head_json":{"title":"Modelowanie potok\u00f3w - taktici.cz","robots":{"index":"index","follow":"follow","max-snippet":"max-snippet:-1","max-image-preview":"max-image-preview:large","max-video-preview":"max-video-preview:-1"},"canonical":"https:\/\/taktici.cz\/modelovani-prepravnich-vztahu\/","og_locale":"pl_PL","og_type":"article","og_title":"Modelowanie potok\u00f3w - taktici.cz","og_description":"Makroskopowe modelowanie transportu jest jednym z podstawowych element\u00f3w planowania transportu. Jego celem jest opisywanie tego, jak ludzie podr\u00f3\u017cuj\u0105 (lub b\u0119d\u0105 podr\u00f3\u017cowa\u0107). Nie jest to dziedzina po\u015bwi\u0119cona tylko transportowi kolejowemu, ale [&hellip;]","og_url":"https:\/\/taktici.cz\/modelovani-prepravnich-vztahu\/","og_site_name":"taktici.cz","article_publisher":"http:\/\/www.facebook.com\/taktici.cz","article_modified_time":"2017-03-22T08:20:25+00:00","og_image":[{"width":843,"height":900,"url":"https:\/\/taktici.cz\/wp-content\/uploads\/2013\/09\/visum.jpg","type":"image\/jpeg"}],"twitter_card":"summary_large_image","twitter_site":"@taktici","twitter_misc":{"Szacowany czas czytania":"4 minuty"},"schema":{"@context":"https:\/\/schema.org","@graph":[{"@type":"WebPage","@id":"https:\/\/taktici.cz\/modelovani-prepravnich-vztahu\/","url":"https:\/\/taktici.cz\/modelovani-prepravnich-vztahu\/","name":"Modelowanie potok\u00f3w - taktici.cz","isPartOf":{"@id":"https:\/\/taktici.cz\/#website"},"primaryImageOfPage":{"@id":"https:\/\/taktici.cz\/modelovani-prepravnich-vztahu\/#primaryimage"},"image":{"@id":"https:\/\/taktici.cz\/modelovani-prepravnich-vztahu\/#primaryimage"},"thumbnailUrl":"https:\/\/taktici.cz\/wp-content\/uploads\/2013\/09\/visum.jpg","datePublished":"2013-04-30T16:00:30+00:00","dateModified":"2017-03-22T08:20:25+00:00","breadcrumb":{"@id":"https:\/\/taktici.cz\/modelovani-prepravnich-vztahu\/#breadcrumb"},"inLanguage":"pl-PL","potentialAction":[{"@type":"ReadAction","target":["https:\/\/taktici.cz\/modelovani-prepravnich-vztahu\/"]}]},{"@type":"ImageObject","inLanguage":"pl-PL","@id":"https:\/\/taktici.cz\/modelovani-prepravnich-vztahu\/#primaryimage","url":"https:\/\/taktici.cz\/wp-content\/uploads\/2013\/09\/visum.jpg","contentUrl":"https:\/\/taktici.cz\/wp-content\/uploads\/2013\/09\/visum.jpg","width":843,"height":900},{"@type":"BreadcrumbList","@id":"https:\/\/taktici.cz\/modelovani-prepravnich-vztahu\/#breadcrumb","itemListElement":[{"@type":"ListItem","position":1,"name":"Dom\u016f","item":"https:\/\/taktici.cz\/"},{"@type":"ListItem","position":2,"name":"Modelov\u00e1n\u00ed p\u0159epravn\u00edch vztah\u016f"}]},{"@type":"WebSite","@id":"https:\/\/taktici.cz\/#website","url":"https:\/\/taktici.cz\/","name":"taktici.cz","description":"Nasze rozwi\u0105zania \u017cyj\u0105 Waszich cel\u00f3w","publisher":{"@id":"https:\/\/taktici.cz\/#organization"},"potentialAction":[{"@type":"SearchAction","target":{"@type":"EntryPoint","urlTemplate":"https:\/\/taktici.cz\/?s={search_term_string}"},"query-input":{"@type":"PropertyValueSpecification","valueRequired":true,"valueName":"search_term_string"}}],"inLanguage":"pl-PL"},{"@type":"Organization","@id":"https:\/\/taktici.cz\/#organization","name":"taktici.cz, s.r.o.","url":"https:\/\/taktici.cz\/","logo":{"@type":"ImageObject","inLanguage":"pl-PL","@id":"https:\/\/taktici.cz\/#\/schema\/logo\/image\/","url":"https:\/\/taktici.cz\/wp-content\/uploads\/2013\/05\/logo_barevne2.png","contentUrl":"https:\/\/taktici.cz\/wp-content\/uploads\/2013\/05\/logo_barevne2.png","width":208,"height":62,"caption":"taktici.cz, s.r.o."},"image":{"@id":"https:\/\/taktici.cz\/#\/schema\/logo\/image\/"},"sameAs":["http:\/\/www.facebook.com\/taktici.cz","https:\/\/x.com\/taktici","http:\/\/www.linkedin.com\/company\/taktici-cz-s-r-o-"]}]}},"_links":{"self":[{"href":"https:\/\/taktici.cz\/pl\/wp-json\/wp\/v2\/pages\/39","targetHints":{"allow":["GET"]}}],"collection":[{"href":"https:\/\/taktici.cz\/pl\/wp-json\/wp\/v2\/pages"}],"about":[{"href":"https:\/\/taktici.cz\/pl\/wp-json\/wp\/v2\/types\/page"}],"author":[{"embeddable":true,"href":"https:\/\/taktici.cz\/pl\/wp-json\/wp\/v2\/users\/1"}],"replies":[{"embeddable":true,"href":"https:\/\/taktici.cz\/pl\/wp-json\/wp\/v2\/comments?post=39"}],"version-history":[{"count":26,"href":"https:\/\/taktici.cz\/pl\/wp-json\/wp\/v2\/pages\/39\/revisions"}],"predecessor-version":[{"id":562,"href":"https:\/\/taktici.cz\/pl\/wp-json\/wp\/v2\/pages\/39\/revisions\/562"}],"wp:featuredmedia":[{"embeddable":true,"href":"https:\/\/taktici.cz\/pl\/wp-json\/wp\/v2\/media\/146"}],"wp:attachment":[{"href":"https:\/\/taktici.cz\/pl\/wp-json\/wp\/v2\/media?parent=39"}],"curies":[{"name":"wp","href":"https:\/\/api.w.org\/{rel}","templated":true}]}}