{"id":35,"date":"2013-04-30T15:58:17","date_gmt":"2013-04-30T15:58:17","guid":{"rendered":"http:\/\/taktici.cz\/wordpress\/\/?page_id=35"},"modified":"2017-03-19T23:05:02","modified_gmt":"2017-03-19T22:05:02","slug":"mikrosimulace","status":"publish","type":"page","link":"https:\/\/taktici.cz\/pl\/mikrosymulacja\/","title":{"rendered":"Mikrosymulacja ruchu na sieci kolejowej"},"content":{"rendered":"<p>Infrastruktura kolejowa, zw\u0142aszcza w przypadku w\u0119z\u0142\u00f3w kolejowych, stale jest projektowana na podstawie statycznych oblicze\u0144 przepustowo\u015bci. Nierzadko prowadzi to do tego, \u017ce wybudowana infrastruktura nie odpowiada zapotrzebowaniu rzeczywistego obci\u0105\u017cenia ruchowego w cyklicznym rozk\u0142adzie jazdy. Nasze podej\u015bcie umo\u017cliwia iteracyjn\u0105 realizacj\u0119 poprawek obci\u0105\u017cenia przy przewidywanym planie eksploatacyjnym na modelu projektowanej infrastruktury, identyfikacj\u0119 jej w\u0105skich garde\u0142, propozycj\u0119 i sprawdzenie wariant\u00f3w ich usuni\u0119cia &#8211; i to wszystko, zanim b\u0119dzie (\u017ale) wybudowana.<\/p>\n<p>W tym celu wykorzystujemy narz\u0119dzie do symulacji sieci kolejowej \u2013 <a title=\"Prezentacja oprogramowania OpenTrack\" href=\"http:\/\/www.opentrack.cz\/\"><strong>program OpenTrack<\/strong><\/a>. Ze szwajcarsk\u0105 sp\u00f3\u0142k\u0105 OpenTrack Railway Technology Ltd., kt\u00f3ra powsta\u0142a po od\u0142\u0105czeniu od IVT ETH Z\u00fcrich, wsp\u00f3\u0142pracujemy od 2003 r. W 2013 r. nasza firma zosta\u0142a oficjalnym dystrybutorem pakitu oprogramowania OpenTrack w Republice Czeskiej.<\/p>\n<p>Rozwi\u0105zania w obszarze przepustowo\u015bci infrastruktury kolejowej wypracowane z zastosowaniem mikrosymulacji oferujemy zar\u00f3wno w formie \u201epod klucz\u201d z wykorzystaniem naszego know-how, tak\u017ce w szerszym kontek\u015bcie, jak w postaci sprzeda\u017cy lub wynajmu w\u0142asnej licencji programu ze wsparciem u\u017cytkownika.<\/p>\n<p>Wi\u0119cej informacji o <a title=\"Prezentacja pakietu oprogramowania OpenTrack\" href=\"http:\/\/www.opentrack.cz\/\"> <strong>pakiecie oprogramowania OpenTrack<\/strong> <\/a> znajd\u0105 Pa\u0144stwo na stronie produktu. Je\u017celi maj\u0105 Pa\u0144stwo wi\u0119cej pyta\u0144, z ch\u0119ci\u0105 <a title=\"Kontakt\" href=\"http:\/\/taktici.cz\/kontakt\/\">porozmawiamy<\/a> z Pa\u0144stwem, jak mo\u017cemy pom\u00f3c.<\/p>","protected":false},"excerpt":{"rendered":"<p>Infrastruktura kolejowa, zw\u0142aszcza w przypadku w\u0119z\u0142\u00f3w kolejowych, stale jest projektowana na podstawie statycznych oblicze\u0144 przepustowo\u015bci. Nierzadko prowadzi to do tego, \u017ce wybudowana infrastruktura nie odpowiada zapotrzebowaniu rzeczywistego obci\u0105\u017cenia ruchowego w [&hellip;]<\/p>\n","protected":false},"author":1,"featured_media":147,"parent":0,"menu_order":0,"comment_status":"closed","ping_status":"closed","template":"","meta":{"footnotes":""},"class_list":["post-35","page","type-page","status-publish","has-post-thumbnail","hentry"],"yoast_head":"<!-- This site is optimized with the Yoast SEO plugin v27.4 - https:\/\/yoast.com\/product\/yoast-seo-wordpress\/ -->\n<title>Mikrosymulacja ruchu na sieci kolejowej - taktici.cz<\/title>\n<meta name=\"robots\" content=\"index, follow, max-snippet:-1, max-image-preview:large, max-video-preview:-1\" \/>\n<link rel=\"canonical\" href=\"https:\/\/taktici.cz\/mikrosimulace\/\" \/>\n<meta property=\"og:locale\" content=\"pl_PL\" \/>\n<meta property=\"og:type\" content=\"article\" \/>\n<meta property=\"og:title\" content=\"Mikrosymulacja ruchu na sieci kolejowej - taktici.cz\" \/>\n<meta property=\"og:description\" content=\"Infrastruktura kolejowa, zw\u0142aszcza w przypadku w\u0119z\u0142\u00f3w kolejowych, stale jest projektowana na podstawie statycznych oblicze\u0144 przepustowo\u015bci. Nierzadko prowadzi to do tego, \u017ce wybudowana infrastruktura nie odpowiada zapotrzebowaniu rzeczywistego obci\u0105\u017cenia ruchowego w [&hellip;]\" \/>\n<meta property=\"og:url\" content=\"https:\/\/taktici.cz\/mikrosimulace\/\" \/>\n<meta property=\"og:site_name\" content=\"taktici.cz\" \/>\n<meta property=\"article:publisher\" content=\"http:\/\/www.facebook.com\/taktici.cz\" \/>\n<meta property=\"article:modified_time\" content=\"2017-03-19T22:05:02+00:00\" \/>\n<meta property=\"og:image\" content=\"https:\/\/taktici.cz\/wp-content\/uploads\/2013\/09\/Os_98081.jpg\" \/>\n\t<meta property=\"og:image:width\" content=\"1481\" \/>\n\t<meta property=\"og:image:height\" content=\"1110\" \/>\n\t<meta property=\"og:image:type\" content=\"image\/jpeg\" \/>\n<meta name=\"twitter:card\" content=\"summary_large_image\" \/>\n<meta name=\"twitter:site\" content=\"@taktici\" \/>\n<meta name=\"twitter:label1\" content=\"Szacowany czas czytania\" \/>\n\t<meta name=\"twitter:data1\" content=\"5 minut\" \/>\n<script type=\"application\/ld+json\" class=\"yoast-schema-graph\">{\"@context\":\"https:\\\/\\\/schema.org\",\"@graph\":[{\"@type\":\"WebPage\",\"@id\":\"https:\\\/\\\/taktici.cz\\\/mikrosimulace\\\/\",\"url\":\"https:\\\/\\\/taktici.cz\\\/mikrosimulace\\\/\",\"name\":\"Mikrosymulacja ruchu na sieci kolejowej - taktici.cz\",\"isPartOf\":{\"@id\":\"https:\\\/\\\/taktici.cz\\\/#website\"},\"primaryImageOfPage\":{\"@id\":\"https:\\\/\\\/taktici.cz\\\/mikrosimulace\\\/#primaryimage\"},\"image\":{\"@id\":\"https:\\\/\\\/taktici.cz\\\/mikrosimulace\\\/#primaryimage\"},\"thumbnailUrl\":\"https:\\\/\\\/taktici.cz\\\/wp-content\\\/uploads\\\/2013\\\/09\\\/Os_98081.jpg\",\"datePublished\":\"2013-04-30T15:58:17+00:00\",\"dateModified\":\"2017-03-19T22:05:02+00:00\",\"breadcrumb\":{\"@id\":\"https:\\\/\\\/taktici.cz\\\/mikrosimulace\\\/#breadcrumb\"},\"inLanguage\":\"pl-PL\",\"potentialAction\":[{\"@type\":\"ReadAction\",\"target\":[\"https:\\\/\\\/taktici.cz\\\/mikrosimulace\\\/\"]}]},{\"@type\":\"ImageObject\",\"inLanguage\":\"pl-PL\",\"@id\":\"https:\\\/\\\/taktici.cz\\\/mikrosimulace\\\/#primaryimage\",\"url\":\"https:\\\/\\\/taktici.cz\\\/wp-content\\\/uploads\\\/2013\\\/09\\\/Os_98081.jpg\",\"contentUrl\":\"https:\\\/\\\/taktici.cz\\\/wp-content\\\/uploads\\\/2013\\\/09\\\/Os_98081.jpg\",\"width\":1481,\"height\":1110},{\"@type\":\"BreadcrumbList\",\"@id\":\"https:\\\/\\\/taktici.cz\\\/mikrosimulace\\\/#breadcrumb\",\"itemListElement\":[{\"@type\":\"ListItem\",\"position\":1,\"name\":\"Dom\u016f\",\"item\":\"https:\\\/\\\/taktici.cz\\\/\"},{\"@type\":\"ListItem\",\"position\":2,\"name\":\"Mikrosimulace provozu dr\u00e1\u017en\u00ed infrastruktury\"}]},{\"@type\":\"WebSite\",\"@id\":\"https:\\\/\\\/taktici.cz\\\/#website\",\"url\":\"https:\\\/\\\/taktici.cz\\\/\",\"name\":\"taktici.cz\",\"description\":\"Nasze rozwi\u0105zania \u017cyj\u0105 Waszich cel\u00f3w\",\"publisher\":{\"@id\":\"https:\\\/\\\/taktici.cz\\\/#organization\"},\"potentialAction\":[{\"@type\":\"SearchAction\",\"target\":{\"@type\":\"EntryPoint\",\"urlTemplate\":\"https:\\\/\\\/taktici.cz\\\/?s={search_term_string}\"},\"query-input\":{\"@type\":\"PropertyValueSpecification\",\"valueRequired\":true,\"valueName\":\"search_term_string\"}}],\"inLanguage\":\"pl-PL\"},{\"@type\":\"Organization\",\"@id\":\"https:\\\/\\\/taktici.cz\\\/#organization\",\"name\":\"taktici.cz, s.r.o.\",\"url\":\"https:\\\/\\\/taktici.cz\\\/\",\"logo\":{\"@type\":\"ImageObject\",\"inLanguage\":\"pl-PL\",\"@id\":\"https:\\\/\\\/taktici.cz\\\/#\\\/schema\\\/logo\\\/image\\\/\",\"url\":\"https:\\\/\\\/taktici.cz\\\/wp-content\\\/uploads\\\/2013\\\/05\\\/logo_barevne2.png\",\"contentUrl\":\"https:\\\/\\\/taktici.cz\\\/wp-content\\\/uploads\\\/2013\\\/05\\\/logo_barevne2.png\",\"width\":208,\"height\":62,\"caption\":\"taktici.cz, s.r.o.\"},\"image\":{\"@id\":\"https:\\\/\\\/taktici.cz\\\/#\\\/schema\\\/logo\\\/image\\\/\"},\"sameAs\":[\"http:\\\/\\\/www.facebook.com\\\/taktici.cz\",\"https:\\\/\\\/x.com\\\/taktici\",\"http:\\\/\\\/www.linkedin.com\\\/company\\\/taktici-cz-s-r-o-\"]}]}<\/script>\n<!-- \/ Yoast SEO plugin. -->","yoast_head_json":{"title":"Mikrosymulacja ruchu na sieci kolejowej - taktici.cz","robots":{"index":"index","follow":"follow","max-snippet":"max-snippet:-1","max-image-preview":"max-image-preview:large","max-video-preview":"max-video-preview:-1"},"canonical":"https:\/\/taktici.cz\/mikrosimulace\/","og_locale":"pl_PL","og_type":"article","og_title":"Mikrosymulacja ruchu na sieci kolejowej - taktici.cz","og_description":"Infrastruktura kolejowa, zw\u0142aszcza w przypadku w\u0119z\u0142\u00f3w kolejowych, stale jest projektowana na podstawie statycznych oblicze\u0144 przepustowo\u015bci. Nierzadko prowadzi to do tego, \u017ce wybudowana infrastruktura nie odpowiada zapotrzebowaniu rzeczywistego obci\u0105\u017cenia ruchowego w [&hellip;]","og_url":"https:\/\/taktici.cz\/mikrosimulace\/","og_site_name":"taktici.cz","article_publisher":"http:\/\/www.facebook.com\/taktici.cz","article_modified_time":"2017-03-19T22:05:02+00:00","og_image":[{"width":1481,"height":1110,"url":"https:\/\/taktici.cz\/wp-content\/uploads\/2013\/09\/Os_98081.jpg","type":"image\/jpeg"}],"twitter_card":"summary_large_image","twitter_site":"@taktici","twitter_misc":{"Szacowany czas czytania":"5 minut"},"schema":{"@context":"https:\/\/schema.org","@graph":[{"@type":"WebPage","@id":"https:\/\/taktici.cz\/mikrosimulace\/","url":"https:\/\/taktici.cz\/mikrosimulace\/","name":"Mikrosymulacja ruchu na sieci kolejowej - taktici.cz","isPartOf":{"@id":"https:\/\/taktici.cz\/#website"},"primaryImageOfPage":{"@id":"https:\/\/taktici.cz\/mikrosimulace\/#primaryimage"},"image":{"@id":"https:\/\/taktici.cz\/mikrosimulace\/#primaryimage"},"thumbnailUrl":"https:\/\/taktici.cz\/wp-content\/uploads\/2013\/09\/Os_98081.jpg","datePublished":"2013-04-30T15:58:17+00:00","dateModified":"2017-03-19T22:05:02+00:00","breadcrumb":{"@id":"https:\/\/taktici.cz\/mikrosimulace\/#breadcrumb"},"inLanguage":"pl-PL","potentialAction":[{"@type":"ReadAction","target":["https:\/\/taktici.cz\/mikrosimulace\/"]}]},{"@type":"ImageObject","inLanguage":"pl-PL","@id":"https:\/\/taktici.cz\/mikrosimulace\/#primaryimage","url":"https:\/\/taktici.cz\/wp-content\/uploads\/2013\/09\/Os_98081.jpg","contentUrl":"https:\/\/taktici.cz\/wp-content\/uploads\/2013\/09\/Os_98081.jpg","width":1481,"height":1110},{"@type":"BreadcrumbList","@id":"https:\/\/taktici.cz\/mikrosimulace\/#breadcrumb","itemListElement":[{"@type":"ListItem","position":1,"name":"Dom\u016f","item":"https:\/\/taktici.cz\/"},{"@type":"ListItem","position":2,"name":"Mikrosimulace provozu dr\u00e1\u017en\u00ed infrastruktury"}]},{"@type":"WebSite","@id":"https:\/\/taktici.cz\/#website","url":"https:\/\/taktici.cz\/","name":"taktici.cz","description":"Nasze rozwi\u0105zania \u017cyj\u0105 Waszich cel\u00f3w","publisher":{"@id":"https:\/\/taktici.cz\/#organization"},"potentialAction":[{"@type":"SearchAction","target":{"@type":"EntryPoint","urlTemplate":"https:\/\/taktici.cz\/?s={search_term_string}"},"query-input":{"@type":"PropertyValueSpecification","valueRequired":true,"valueName":"search_term_string"}}],"inLanguage":"pl-PL"},{"@type":"Organization","@id":"https:\/\/taktici.cz\/#organization","name":"taktici.cz, s.r.o.","url":"https:\/\/taktici.cz\/","logo":{"@type":"ImageObject","inLanguage":"pl-PL","@id":"https:\/\/taktici.cz\/#\/schema\/logo\/image\/","url":"https:\/\/taktici.cz\/wp-content\/uploads\/2013\/05\/logo_barevne2.png","contentUrl":"https:\/\/taktici.cz\/wp-content\/uploads\/2013\/05\/logo_barevne2.png","width":208,"height":62,"caption":"taktici.cz, s.r.o."},"image":{"@id":"https:\/\/taktici.cz\/#\/schema\/logo\/image\/"},"sameAs":["http:\/\/www.facebook.com\/taktici.cz","https:\/\/x.com\/taktici","http:\/\/www.linkedin.com\/company\/taktici-cz-s-r-o-"]}]}},"_links":{"self":[{"href":"https:\/\/taktici.cz\/pl\/wp-json\/wp\/v2\/pages\/35","targetHints":{"allow":["GET"]}}],"collection":[{"href":"https:\/\/taktici.cz\/pl\/wp-json\/wp\/v2\/pages"}],"about":[{"href":"https:\/\/taktici.cz\/pl\/wp-json\/wp\/v2\/types\/page"}],"author":[{"embeddable":true,"href":"https:\/\/taktici.cz\/pl\/wp-json\/wp\/v2\/users\/1"}],"replies":[{"embeddable":true,"href":"https:\/\/taktici.cz\/pl\/wp-json\/wp\/v2\/comments?post=35"}],"version-history":[{"count":35,"href":"https:\/\/taktici.cz\/pl\/wp-json\/wp\/v2\/pages\/35\/revisions"}],"predecessor-version":[{"id":555,"href":"https:\/\/taktici.cz\/pl\/wp-json\/wp\/v2\/pages\/35\/revisions\/555"}],"wp:featuredmedia":[{"embeddable":true,"href":"https:\/\/taktici.cz\/pl\/wp-json\/wp\/v2\/media\/147"}],"wp:attachment":[{"href":"https:\/\/taktici.cz\/pl\/wp-json\/wp\/v2\/media?parent=35"}],"curies":[{"name":"wp","href":"https:\/\/api.w.org\/{rel}","templated":true}]}}