{"id":12,"date":"2013-04-24T07:20:28","date_gmt":"2013-04-24T07:20:28","guid":{"rendered":"http:\/\/taktici.cz\/wordpress\/\/?page_id=12"},"modified":"2017-03-19T23:54:50","modified_gmt":"2017-03-19T22:54:50","slug":"uvod","status":"publish","type":"page","link":"https:\/\/taktici.cz\/pl\/","title":{"rendered":"taktici.cz, s.r.o."},"content":{"rendered":"<p>Witamy Pa\u0144stwa w firmie taktici.cz.<\/p>\n<p>Jeste\u015bmy biurem in\u017cynierskim zajmuj\u0105cym si\u0119 przede wszystkim technologi\u0105 transportu kolejowego i publicznego, modelowaniem popytu na przewozy i potok\u00f3w podr\u00f3\u017cnych, planami eksploatacyjnymi, projektami rozk\u0142ad\u00f3w jazdy, przepustowo\u015bci\u0105 krytycznych element\u00f3w infrastruktury (oraz propozycjami i ocen\u0105 sposob\u00f3w usuni\u0119cia problem\u00f3w z nimi zwi\u0105zanych).<\/p>\n<p>Staramy si\u0119 znajdowa\u0107 odpowiadaj\u0105ce dzisiejszym zmieniaj\u0105cym si\u0119 warunkom rozwi\u0105zania, kt\u00f3re umo\u017cliwi\u0105 zarz\u0105dcom infrastruktury, projektantom budowlanym, przewo\u017anikom, zamawiaj\u0105cym us\u0142ugi transportu publicznego i koordynatorom zintegrowanych system\u00f3w transportowych zmniejszy\u0107 koszty rozwi\u0105za\u0144 stosowanych w wyniku tradycyjnej metody pr\u00f3b i b\u0142\u0119d\u00f3w szacunk\u00f3w eksperckich, zwi\u0119kszy\u0107 efektywno\u015b\u0107 wy\u0142o\u017conych \u015brodk\u00f3w, zapewni\u0107 wzrost zadowoleniae u\u017cytkownik\u00f3w oraz efektywnie wykorzysta\u0107 do\u015bwiadczenie krajowe i zagraniczne.<\/p>\n<p>Chcemy przywr\u00f3ci\u0107 in\u017cynierii transportu dobre imi\u0119, pokaza\u0107, \u017ce r\u00f3wnie\u017c rozk\u0142ady jazdy mo\u017cna robi\u0107 lepiej, oraz pokaza\u0107 u\u017cyteczno\u015b\u0107 odpowiedzialnego planowania &#8211; tak\u017ce na okres d\u0142u\u017cszy ni\u017c kadencja czy okres bud\u017cetowy. Z ch\u0119ci\u0105 porozmawiamy o tym, w czym mo\u017cemy Pa\u0144stwu pom\u00f3c.<\/p>","protected":false},"excerpt":{"rendered":"<p>Witamy Pa\u0144stwa w firmie taktici.cz. Jeste\u015bmy biurem in\u017cynierskim zajmuj\u0105cym si\u0119 przede wszystkim technologi\u0105 transportu kolejowego i publicznego, modelowaniem popytu na przewozy i potok\u00f3w podr\u00f3\u017cnych, planami eksploatacyjnymi, projektami rozk\u0142ad\u00f3w jazdy, przepustowo\u015bci\u0105 [&hellip;]<\/p>\n","protected":false},"author":1,"featured_media":0,"parent":0,"menu_order":0,"comment_status":"closed","ping_status":"closed","template":"","meta":{"footnotes":""},"class_list":["post-12","page","type-page","status-publish","hentry"],"yoast_head":"<!-- This site is optimized with the Yoast SEO plugin v27.4 - https:\/\/yoast.com\/product\/yoast-seo-wordpress\/ -->\n<title>taktici.cz, s.r.o. - taktici.cz<\/title>\n<meta name=\"robots\" content=\"index, follow, max-snippet:-1, max-image-preview:large, max-video-preview:-1\" \/>\n<link rel=\"canonical\" href=\"https:\/\/taktici.cz\/\" \/>\n<meta property=\"og:locale\" content=\"pl_PL\" \/>\n<meta property=\"og:type\" content=\"article\" \/>\n<meta property=\"og:title\" content=\"taktici.cz, s.r.o. - taktici.cz\" \/>\n<meta property=\"og:description\" content=\"Witamy Pa\u0144stwa w firmie taktici.cz. Jeste\u015bmy biurem in\u017cynierskim zajmuj\u0105cym si\u0119 przede wszystkim technologi\u0105 transportu kolejowego i publicznego, modelowaniem popytu na przewozy i potok\u00f3w podr\u00f3\u017cnych, planami eksploatacyjnymi, projektami rozk\u0142ad\u00f3w jazdy, przepustowo\u015bci\u0105 [&hellip;]\" \/>\n<meta property=\"og:url\" content=\"https:\/\/taktici.cz\/\" \/>\n<meta property=\"og:site_name\" content=\"taktici.cz\" \/>\n<meta property=\"article:publisher\" content=\"http:\/\/www.facebook.com\/taktici.cz\" \/>\n<meta property=\"article:modified_time\" content=\"2017-03-19T22:54:50+00:00\" \/>\n<meta name=\"twitter:card\" content=\"summary_large_image\" \/>\n<meta name=\"twitter:site\" content=\"@taktici\" \/>\n<meta name=\"twitter:label1\" content=\"Szacowany czas czytania\" \/>\n\t<meta name=\"twitter:data1\" content=\"5 minut\" \/>\n<script type=\"application\/ld+json\" class=\"yoast-schema-graph\">{\"@context\":\"https:\\\/\\\/schema.org\",\"@graph\":[{\"@type\":\"WebPage\",\"@id\":\"https:\\\/\\\/taktici.cz\\\/\",\"url\":\"https:\\\/\\\/taktici.cz\\\/\",\"name\":\"taktici.cz, s.r.o. - taktici.cz\",\"isPartOf\":{\"@id\":\"https:\\\/\\\/taktici.cz\\\/#website\"},\"datePublished\":\"2013-04-24T07:20:28+00:00\",\"dateModified\":\"2017-03-19T22:54:50+00:00\",\"breadcrumb\":{\"@id\":\"https:\\\/\\\/taktici.cz\\\/#breadcrumb\"},\"inLanguage\":\"pl-PL\",\"potentialAction\":[{\"@type\":\"ReadAction\",\"target\":[\"https:\\\/\\\/taktici.cz\\\/\"]}]},{\"@type\":\"BreadcrumbList\",\"@id\":\"https:\\\/\\\/taktici.cz\\\/#breadcrumb\",\"itemListElement\":[{\"@type\":\"ListItem\",\"position\":1,\"name\":\"Dom\u016f\",\"item\":\"https:\\\/\\\/taktici.cz\\\/\"},{\"@type\":\"ListItem\",\"position\":2,\"name\":\"taktici.cz, s.r.o.\"}]},{\"@type\":\"WebSite\",\"@id\":\"https:\\\/\\\/taktici.cz\\\/#website\",\"url\":\"https:\\\/\\\/taktici.cz\\\/\",\"name\":\"taktici.cz\",\"description\":\"Nasze rozwi\u0105zania \u017cyj\u0105 Waszich cel\u00f3w\",\"publisher\":{\"@id\":\"https:\\\/\\\/taktici.cz\\\/#organization\"},\"potentialAction\":[{\"@type\":\"SearchAction\",\"target\":{\"@type\":\"EntryPoint\",\"urlTemplate\":\"https:\\\/\\\/taktici.cz\\\/?s={search_term_string}\"},\"query-input\":{\"@type\":\"PropertyValueSpecification\",\"valueRequired\":true,\"valueName\":\"search_term_string\"}}],\"inLanguage\":\"pl-PL\"},{\"@type\":\"Organization\",\"@id\":\"https:\\\/\\\/taktici.cz\\\/#organization\",\"name\":\"taktici.cz, s.r.o.\",\"url\":\"https:\\\/\\\/taktici.cz\\\/\",\"logo\":{\"@type\":\"ImageObject\",\"inLanguage\":\"pl-PL\",\"@id\":\"https:\\\/\\\/taktici.cz\\\/#\\\/schema\\\/logo\\\/image\\\/\",\"url\":\"https:\\\/\\\/taktici.cz\\\/wp-content\\\/uploads\\\/2013\\\/05\\\/logo_barevne2.png\",\"contentUrl\":\"https:\\\/\\\/taktici.cz\\\/wp-content\\\/uploads\\\/2013\\\/05\\\/logo_barevne2.png\",\"width\":208,\"height\":62,\"caption\":\"taktici.cz, s.r.o.\"},\"image\":{\"@id\":\"https:\\\/\\\/taktici.cz\\\/#\\\/schema\\\/logo\\\/image\\\/\"},\"sameAs\":[\"http:\\\/\\\/www.facebook.com\\\/taktici.cz\",\"https:\\\/\\\/x.com\\\/taktici\",\"http:\\\/\\\/www.linkedin.com\\\/company\\\/taktici-cz-s-r-o-\"]}]}<\/script>\n<!-- \/ Yoast SEO plugin. -->","yoast_head_json":{"title":"taktici.cz, s.r.o. - taktici.cz","robots":{"index":"index","follow":"follow","max-snippet":"max-snippet:-1","max-image-preview":"max-image-preview:large","max-video-preview":"max-video-preview:-1"},"canonical":"https:\/\/taktici.cz\/","og_locale":"pl_PL","og_type":"article","og_title":"taktici.cz, s.r.o. - taktici.cz","og_description":"Witamy Pa\u0144stwa w firmie taktici.cz. Jeste\u015bmy biurem in\u017cynierskim zajmuj\u0105cym si\u0119 przede wszystkim technologi\u0105 transportu kolejowego i publicznego, modelowaniem popytu na przewozy i potok\u00f3w podr\u00f3\u017cnych, planami eksploatacyjnymi, projektami rozk\u0142ad\u00f3w jazdy, przepustowo\u015bci\u0105 [&hellip;]","og_url":"https:\/\/taktici.cz\/","og_site_name":"taktici.cz","article_publisher":"http:\/\/www.facebook.com\/taktici.cz","article_modified_time":"2017-03-19T22:54:50+00:00","twitter_card":"summary_large_image","twitter_site":"@taktici","twitter_misc":{"Szacowany czas czytania":"5 minut"},"schema":{"@context":"https:\/\/schema.org","@graph":[{"@type":"WebPage","@id":"https:\/\/taktici.cz\/","url":"https:\/\/taktici.cz\/","name":"taktici.cz, s.r.o. - taktici.cz","isPartOf":{"@id":"https:\/\/taktici.cz\/#website"},"datePublished":"2013-04-24T07:20:28+00:00","dateModified":"2017-03-19T22:54:50+00:00","breadcrumb":{"@id":"https:\/\/taktici.cz\/#breadcrumb"},"inLanguage":"pl-PL","potentialAction":[{"@type":"ReadAction","target":["https:\/\/taktici.cz\/"]}]},{"@type":"BreadcrumbList","@id":"https:\/\/taktici.cz\/#breadcrumb","itemListElement":[{"@type":"ListItem","position":1,"name":"Dom\u016f","item":"https:\/\/taktici.cz\/"},{"@type":"ListItem","position":2,"name":"taktici.cz, s.r.o."}]},{"@type":"WebSite","@id":"https:\/\/taktici.cz\/#website","url":"https:\/\/taktici.cz\/","name":"taktici.cz","description":"Nasze rozwi\u0105zania \u017cyj\u0105 Waszich cel\u00f3w","publisher":{"@id":"https:\/\/taktici.cz\/#organization"},"potentialAction":[{"@type":"SearchAction","target":{"@type":"EntryPoint","urlTemplate":"https:\/\/taktici.cz\/?s={search_term_string}"},"query-input":{"@type":"PropertyValueSpecification","valueRequired":true,"valueName":"search_term_string"}}],"inLanguage":"pl-PL"},{"@type":"Organization","@id":"https:\/\/taktici.cz\/#organization","name":"taktici.cz, s.r.o.","url":"https:\/\/taktici.cz\/","logo":{"@type":"ImageObject","inLanguage":"pl-PL","@id":"https:\/\/taktici.cz\/#\/schema\/logo\/image\/","url":"https:\/\/taktici.cz\/wp-content\/uploads\/2013\/05\/logo_barevne2.png","contentUrl":"https:\/\/taktici.cz\/wp-content\/uploads\/2013\/05\/logo_barevne2.png","width":208,"height":62,"caption":"taktici.cz, s.r.o."},"image":{"@id":"https:\/\/taktici.cz\/#\/schema\/logo\/image\/"},"sameAs":["http:\/\/www.facebook.com\/taktici.cz","https:\/\/x.com\/taktici","http:\/\/www.linkedin.com\/company\/taktici-cz-s-r-o-"]}]}},"_links":{"self":[{"href":"https:\/\/taktici.cz\/pl\/wp-json\/wp\/v2\/pages\/12","targetHints":{"allow":["GET"]}}],"collection":[{"href":"https:\/\/taktici.cz\/pl\/wp-json\/wp\/v2\/pages"}],"about":[{"href":"https:\/\/taktici.cz\/pl\/wp-json\/wp\/v2\/types\/page"}],"author":[{"embeddable":true,"href":"https:\/\/taktici.cz\/pl\/wp-json\/wp\/v2\/users\/1"}],"replies":[{"embeddable":true,"href":"https:\/\/taktici.cz\/pl\/wp-json\/wp\/v2\/comments?post=12"}],"version-history":[{"count":21,"href":"https:\/\/taktici.cz\/pl\/wp-json\/wp\/v2\/pages\/12\/revisions"}],"predecessor-version":[{"id":589,"href":"https:\/\/taktici.cz\/pl\/wp-json\/wp\/v2\/pages\/12\/revisions\/589"}],"wp:attachment":[{"href":"https:\/\/taktici.cz\/pl\/wp-json\/wp\/v2\/media?parent=12"}],"curies":[{"name":"wp","href":"https:\/\/api.w.org\/{rel}","templated":true}]}}