{"id":644,"date":"2023-11-15T20:52:47","date_gmt":"2023-11-15T19:52:47","guid":{"rendered":"https:\/\/taktici.cz\/?page_id=644"},"modified":"2025-11-25T14:13:54","modified_gmt":"2025-11-25T13:13:54","slug":"pridelce-kapacity","status":"publish","type":"page","link":"https:\/\/taktici.cz\/en\/path-allocator\/","title":{"rendered":"Path allocator"},"content":{"rendered":"<p class=\"has-text-align-left\"><p>Our company is an independent capacity allocator within the meaning of Act No. 266\/1994 Coll., on railways, as amended, i.e. it independently takes care of the performance of the main activities for the railway operator, who also operates rail transport on the railway, which does not serve exclusively to ensure the operation of the railway. The main activities are activities related to the negotiation and calculation of the price and collection of payment for the use of the railway, the allocation of railway capacity and, in the case of a national or regional railway, preparation of the network statement. Allocation of track capacity shall mean the action enabling the use of that part of the total track capacity which is required for the requested train path. Track capacity means the usable capacity of a railway to enable the required train paths to be scheduled on a particular section of the railway during a particular period.<\/p>\r\n<p>As of 12 December 2021, we are allocating capacity on the regional railway operated by K\u017dC Doprava, s.r.o., \u0160enovka branch. On the so-called glass locomotive line from \u010cesk\u00e1 Kamenice to Kamenick\u00fd \u0160enov there is a regular operation of weekend historical trains in the summer season and trains on order.<\/p>\r\n<p>As of 10 December 2023, we became the path allocation body on the nationwide railway operated by \u010cesk\u00e9 dr\u00e1hy, a. s., which includes the national railway Prague-Vr\u0161ovice, part Prague-Eden &#8211; Prague South line and parts of the inner yards of the railway stations of D\u011b\u010d\u00edn and Praha Jih (Prague South).<\/p>\r\n<p>As of 8 August 2024, we became the path allocation body on the regional railway operated by <a href=\"https:\/\/infra.gepard.com\/\">Gepard Infra<\/a>, s.r.o., which includes the narow gauge regional railway Jind\u0159ich\u016fv Hradec &#8211; Nov\u00e1 Byst\u0159ice and Jind\u0159ich\u016fv Hradec &#8211; Obrata\u0148.<\/p>\r\n\r\n<p>For information on the conditions of access to the railways in question, please refer to the relevant Network Statement:<\/p>\r\n<ul>\r\n<li><a href=\"https:\/\/taktici.cz\/en\/network-statement-kzc\/\">Network Statement on the regional railway operated by K\u017dC Doprava, s.r.o., \u0160enovka Branch<\/a><\/li>\r\n<li><a href=\"https:\/\/taktici.cz\/en\/network-statement-cd\/\">Network Statement on the national railway operated by \u010cesk\u00e9 dr\u00e1hy, a.s.<\/a><\/li>\r\n<li><a href=\"https:\/\/taktici.cz\/en\/path-allocator\/network-statement-gepard-infra\/\">Network Statement on the regional railway operated by Gepard Infra, s.r.o.,<\/a><\/li>\r\n<\/ul>","protected":false},"excerpt":{"rendered":"<p>Our company is an independent capacity allocator within the meaning of Act No. 266\/1994 Coll., on railways, as amended, i.e. it independently takes care of the performance of the main [&hellip;]<\/p>\n","protected":false},"author":1,"featured_media":688,"parent":0,"menu_order":0,"comment_status":"closed","ping_status":"closed","template":"","meta":{"footnotes":""},"class_list":["post-644","page","type-page","status-publish","has-post-thumbnail","hentry"],"yoast_head":"<!-- This site is optimized with the Yoast SEO plugin v27.3 - https:\/\/yoast.com\/product\/yoast-seo-wordpress\/ -->\n<title>Path allocator - taktici.cz<\/title>\n<meta name=\"robots\" content=\"index, follow, max-snippet:-1, max-image-preview:large, max-video-preview:-1\" \/>\n<link rel=\"canonical\" href=\"https:\/\/taktici.cz\/pridelce\/\" \/>\n<meta property=\"og:locale\" content=\"en_US\" \/>\n<meta property=\"og:type\" content=\"article\" \/>\n<meta property=\"og:title\" content=\"Path allocator - taktici.cz\" \/>\n<meta property=\"og:description\" content=\"Our company is an independent capacity allocator within the meaning of Act No. 266\/1994 Coll., on railways, as amended, i.e. it independently takes care of the performance of the main [&hellip;]\" \/>\n<meta property=\"og:url\" content=\"https:\/\/taktici.cz\/pridelce\/\" \/>\n<meta property=\"og:site_name\" content=\"taktici.cz\" \/>\n<meta property=\"article:publisher\" content=\"http:\/\/www.facebook.com\/taktici.cz\" \/>\n<meta property=\"article:modified_time\" content=\"2025-11-25T13:13:54+00:00\" \/>\n<meta property=\"og:image\" content=\"https:\/\/taktici.cz\/wp-content\/uploads\/2023\/11\/kapacita.jpg\" \/>\n\t<meta property=\"og:image:width\" content=\"1024\" \/>\n\t<meta property=\"og:image:height\" content=\"683\" \/>\n\t<meta property=\"og:image:type\" content=\"image\/jpeg\" \/>\n<meta name=\"twitter:card\" content=\"summary_large_image\" \/>\n<meta name=\"twitter:site\" content=\"@taktici\" \/>\n<meta name=\"twitter:label1\" content=\"Est. reading time\" \/>\n\t<meta name=\"twitter:data1\" content=\"8 minutes\" \/>\n<script type=\"application\/ld+json\" class=\"yoast-schema-graph\">{\"@context\":\"https:\\\/\\\/schema.org\",\"@graph\":[{\"@type\":\"WebPage\",\"@id\":\"https:\\\/\\\/taktici.cz\\\/pridelce\\\/\",\"url\":\"https:\\\/\\\/taktici.cz\\\/pridelce\\\/\",\"name\":\"Path allocator - taktici.cz\",\"isPartOf\":{\"@id\":\"https:\\\/\\\/taktici.cz\\\/#website\"},\"primaryImageOfPage\":{\"@id\":\"https:\\\/\\\/taktici.cz\\\/pridelce\\\/#primaryimage\"},\"image\":{\"@id\":\"https:\\\/\\\/taktici.cz\\\/pridelce\\\/#primaryimage\"},\"thumbnailUrl\":\"https:\\\/\\\/taktici.cz\\\/wp-content\\\/uploads\\\/2023\\\/11\\\/kapacita.jpg\",\"datePublished\":\"2023-11-15T19:52:47+00:00\",\"dateModified\":\"2025-11-25T13:13:54+00:00\",\"breadcrumb\":{\"@id\":\"https:\\\/\\\/taktici.cz\\\/pridelce\\\/#breadcrumb\"},\"inLanguage\":\"en-US\",\"potentialAction\":[{\"@type\":\"ReadAction\",\"target\":[\"https:\\\/\\\/taktici.cz\\\/pridelce\\\/\"]}]},{\"@type\":\"ImageObject\",\"inLanguage\":\"en-US\",\"@id\":\"https:\\\/\\\/taktici.cz\\\/pridelce\\\/#primaryimage\",\"url\":\"https:\\\/\\\/taktici.cz\\\/wp-content\\\/uploads\\\/2023\\\/11\\\/kapacita.jpg\",\"contentUrl\":\"https:\\\/\\\/taktici.cz\\\/wp-content\\\/uploads\\\/2023\\\/11\\\/kapacita.jpg\",\"width\":1024,\"height\":683},{\"@type\":\"BreadcrumbList\",\"@id\":\"https:\\\/\\\/taktici.cz\\\/pridelce\\\/#breadcrumb\",\"itemListElement\":[{\"@type\":\"ListItem\",\"position\":1,\"name\":\"Dom\u016f\",\"item\":\"https:\\\/\\\/taktici.cz\\\/\"},{\"@type\":\"ListItem\",\"position\":2,\"name\":\"P\u0159\u00edd\u011blce kapacity\"}]},{\"@type\":\"WebSite\",\"@id\":\"https:\\\/\\\/taktici.cz\\\/#website\",\"url\":\"https:\\\/\\\/taktici.cz\\\/\",\"name\":\"taktici.cz\",\"description\":\"Our solutions are living your goals\",\"publisher\":{\"@id\":\"https:\\\/\\\/taktici.cz\\\/#organization\"},\"potentialAction\":[{\"@type\":\"SearchAction\",\"target\":{\"@type\":\"EntryPoint\",\"urlTemplate\":\"https:\\\/\\\/taktici.cz\\\/?s={search_term_string}\"},\"query-input\":{\"@type\":\"PropertyValueSpecification\",\"valueRequired\":true,\"valueName\":\"search_term_string\"}}],\"inLanguage\":\"en-US\"},{\"@type\":\"Organization\",\"@id\":\"https:\\\/\\\/taktici.cz\\\/#organization\",\"name\":\"taktici.cz, s.r.o.\",\"url\":\"https:\\\/\\\/taktici.cz\\\/\",\"logo\":{\"@type\":\"ImageObject\",\"inLanguage\":\"en-US\",\"@id\":\"https:\\\/\\\/taktici.cz\\\/#\\\/schema\\\/logo\\\/image\\\/\",\"url\":\"https:\\\/\\\/taktici.cz\\\/wp-content\\\/uploads\\\/2013\\\/05\\\/logo_barevne2.png\",\"contentUrl\":\"https:\\\/\\\/taktici.cz\\\/wp-content\\\/uploads\\\/2013\\\/05\\\/logo_barevne2.png\",\"width\":208,\"height\":62,\"caption\":\"taktici.cz, s.r.o.\"},\"image\":{\"@id\":\"https:\\\/\\\/taktici.cz\\\/#\\\/schema\\\/logo\\\/image\\\/\"},\"sameAs\":[\"http:\\\/\\\/www.facebook.com\\\/taktici.cz\",\"https:\\\/\\\/x.com\\\/taktici\",\"http:\\\/\\\/www.linkedin.com\\\/company\\\/taktici-cz-s-r-o-\"]}]}<\/script>\n<!-- \/ Yoast SEO plugin. -->","yoast_head_json":{"title":"Path allocator - taktici.cz","robots":{"index":"index","follow":"follow","max-snippet":"max-snippet:-1","max-image-preview":"max-image-preview:large","max-video-preview":"max-video-preview:-1"},"canonical":"https:\/\/taktici.cz\/pridelce\/","og_locale":"en_US","og_type":"article","og_title":"Path allocator - taktici.cz","og_description":"Our company is an independent capacity allocator within the meaning of Act No. 266\/1994 Coll., on railways, as amended, i.e. it independently takes care of the performance of the main [&hellip;]","og_url":"https:\/\/taktici.cz\/pridelce\/","og_site_name":"taktici.cz","article_publisher":"http:\/\/www.facebook.com\/taktici.cz","article_modified_time":"2025-11-25T13:13:54+00:00","og_image":[{"width":1024,"height":683,"url":"https:\/\/taktici.cz\/wp-content\/uploads\/2023\/11\/kapacita.jpg","type":"image\/jpeg"}],"twitter_card":"summary_large_image","twitter_site":"@taktici","twitter_misc":{"Est. reading time":"8 minutes"},"schema":{"@context":"https:\/\/schema.org","@graph":[{"@type":"WebPage","@id":"https:\/\/taktici.cz\/pridelce\/","url":"https:\/\/taktici.cz\/pridelce\/","name":"Path allocator - taktici.cz","isPartOf":{"@id":"https:\/\/taktici.cz\/#website"},"primaryImageOfPage":{"@id":"https:\/\/taktici.cz\/pridelce\/#primaryimage"},"image":{"@id":"https:\/\/taktici.cz\/pridelce\/#primaryimage"},"thumbnailUrl":"https:\/\/taktici.cz\/wp-content\/uploads\/2023\/11\/kapacita.jpg","datePublished":"2023-11-15T19:52:47+00:00","dateModified":"2025-11-25T13:13:54+00:00","breadcrumb":{"@id":"https:\/\/taktici.cz\/pridelce\/#breadcrumb"},"inLanguage":"en-US","potentialAction":[{"@type":"ReadAction","target":["https:\/\/taktici.cz\/pridelce\/"]}]},{"@type":"ImageObject","inLanguage":"en-US","@id":"https:\/\/taktici.cz\/pridelce\/#primaryimage","url":"https:\/\/taktici.cz\/wp-content\/uploads\/2023\/11\/kapacita.jpg","contentUrl":"https:\/\/taktici.cz\/wp-content\/uploads\/2023\/11\/kapacita.jpg","width":1024,"height":683},{"@type":"BreadcrumbList","@id":"https:\/\/taktici.cz\/pridelce\/#breadcrumb","itemListElement":[{"@type":"ListItem","position":1,"name":"Dom\u016f","item":"https:\/\/taktici.cz\/"},{"@type":"ListItem","position":2,"name":"P\u0159\u00edd\u011blce kapacity"}]},{"@type":"WebSite","@id":"https:\/\/taktici.cz\/#website","url":"https:\/\/taktici.cz\/","name":"taktici.cz","description":"Our solutions are living your goals","publisher":{"@id":"https:\/\/taktici.cz\/#organization"},"potentialAction":[{"@type":"SearchAction","target":{"@type":"EntryPoint","urlTemplate":"https:\/\/taktici.cz\/?s={search_term_string}"},"query-input":{"@type":"PropertyValueSpecification","valueRequired":true,"valueName":"search_term_string"}}],"inLanguage":"en-US"},{"@type":"Organization","@id":"https:\/\/taktici.cz\/#organization","name":"taktici.cz, s.r.o.","url":"https:\/\/taktici.cz\/","logo":{"@type":"ImageObject","inLanguage":"en-US","@id":"https:\/\/taktici.cz\/#\/schema\/logo\/image\/","url":"https:\/\/taktici.cz\/wp-content\/uploads\/2013\/05\/logo_barevne2.png","contentUrl":"https:\/\/taktici.cz\/wp-content\/uploads\/2013\/05\/logo_barevne2.png","width":208,"height":62,"caption":"taktici.cz, s.r.o."},"image":{"@id":"https:\/\/taktici.cz\/#\/schema\/logo\/image\/"},"sameAs":["http:\/\/www.facebook.com\/taktici.cz","https:\/\/x.com\/taktici","http:\/\/www.linkedin.com\/company\/taktici-cz-s-r-o-"]}]}},"_links":{"self":[{"href":"https:\/\/taktici.cz\/en\/wp-json\/wp\/v2\/pages\/644","targetHints":{"allow":["GET"]}}],"collection":[{"href":"https:\/\/taktici.cz\/en\/wp-json\/wp\/v2\/pages"}],"about":[{"href":"https:\/\/taktici.cz\/en\/wp-json\/wp\/v2\/types\/page"}],"author":[{"embeddable":true,"href":"https:\/\/taktici.cz\/en\/wp-json\/wp\/v2\/users\/1"}],"replies":[{"embeddable":true,"href":"https:\/\/taktici.cz\/en\/wp-json\/wp\/v2\/comments?post=644"}],"version-history":[{"count":10,"href":"https:\/\/taktici.cz\/en\/wp-json\/wp\/v2\/pages\/644\/revisions"}],"predecessor-version":[{"id":758,"href":"https:\/\/taktici.cz\/en\/wp-json\/wp\/v2\/pages\/644\/revisions\/758"}],"wp:featuredmedia":[{"embeddable":true,"href":"https:\/\/taktici.cz\/en\/wp-json\/wp\/v2\/media\/688"}],"wp:attachment":[{"href":"https:\/\/taktici.cz\/en\/wp-json\/wp\/v2\/media?parent=644"}],"curies":[{"name":"wp","href":"https:\/\/api.w.org\/{rel}","templated":true}]}}