{"id":599,"date":"2022-02-28T11:30:12","date_gmt":"2022-02-28T10:30:12","guid":{"rendered":"https:\/\/taktici.cz\/?page_id=599"},"modified":"2025-06-07T11:30:34","modified_gmt":"2025-06-07T09:30:34","slug":"pridelce","status":"publish","type":"page","link":"https:\/\/taktici.cz\/en\/network-statement-kzc\/","title":{"rendered":"Network Statement on Regional Line K\u017dC"},"content":{"rendered":"<p>The companies taktici.cz, s.r.o., and K\u017dC Doprava, s.r.o., division \u0160enovka, issue this Declaration on the regional railway operated by K\u017dC Doprava, s.r.o., division \u0160enovka, with effect from 12th December 2021, modified on 7th June 2025.<\/p>\r\n\r\n\r\n\r\n<p>We are an independent rail capacity allocator on the <a href=\"https:\/\/kzc.cz\/?sekce=sklarska_lokalka_senovka\">local line \u010cesk\u00e1 Kamenice &#8211; Kamenick\u00fd \u0160enov<\/a>.<\/p>\r\n\r\n\r\n\r\n<p>Further information can be downloaded in the attached document <a href=\"https:\/\/taktici.cz\/podr_rd_c_kamenice-k_senov-en-2025-06-07\/\">Network Statement<\/a> (old version: <a href=\"https:\/\/taktici.cz\/wp-content\/uploads\/2022\/03\/PoDR_RD_C_Kamenice-K_Senov_ENG.pdf\">Network Statement<\/a>.<\/p>\r\n\r\n\r\n\r\n<p><\/p>","protected":false},"excerpt":{"rendered":"<p>The companies taktici.cz, s.r.o., and K\u017dC Doprava, s.r.o., division \u0160enovka, issue this Declaration on the regional railway operated by K\u017dC Doprava, s.r.o., division \u0160enovka, with effect from 12th December 2021, [&hellip;]<\/p>\n","protected":false},"author":1,"featured_media":0,"parent":0,"menu_order":0,"comment_status":"closed","ping_status":"closed","template":"","meta":{"footnotes":""},"class_list":["post-599","page","type-page","status-publish","hentry"],"yoast_head":"<!-- This site is optimized with the Yoast SEO plugin v27.4 - https:\/\/yoast.com\/product\/yoast-seo-wordpress\/ -->\n<title>Network Statement on Regional Line K\u017dC - taktici.cz<\/title>\n<meta name=\"description\" content=\"Prohl\u00e1\u0161en\u00ed o dr\u00e1ze region\u00e1ln\u00ed \u010cesk\u00e1 Kamenice - Kamenick\u00fd \u0160enov; na\u0161e spole\u010dnost je od GVD 2022 p\u0159\u00edd\u011blcem kapacity na skl\u00e1\u0159sk\u00e9 lok\u00e1lce.\" \/>\n<meta name=\"robots\" content=\"index, follow, max-snippet:-1, max-image-preview:large, max-video-preview:-1\" \/>\n<link rel=\"canonical\" href=\"https:\/\/taktici.cz\/prohlaseni-o-draze-kzc\/\" \/>\n<meta property=\"og:locale\" content=\"en_US\" \/>\n<meta property=\"og:type\" content=\"article\" \/>\n<meta property=\"og:title\" content=\"Network Statement on Regional Line K\u017dC - taktici.cz\" \/>\n<meta property=\"og:description\" content=\"Prohl\u00e1\u0161en\u00ed o dr\u00e1ze region\u00e1ln\u00ed \u010cesk\u00e1 Kamenice - Kamenick\u00fd \u0160enov; na\u0161e spole\u010dnost je od GVD 2022 p\u0159\u00edd\u011blcem kapacity na skl\u00e1\u0159sk\u00e9 lok\u00e1lce.\" \/>\n<meta property=\"og:url\" content=\"https:\/\/taktici.cz\/prohlaseni-o-draze-kzc\/\" \/>\n<meta property=\"og:site_name\" content=\"taktici.cz\" \/>\n<meta property=\"article:publisher\" content=\"http:\/\/www.facebook.com\/taktici.cz\" \/>\n<meta property=\"article:modified_time\" content=\"2025-06-07T09:30:34+00:00\" \/>\n<meta name=\"twitter:card\" content=\"summary_large_image\" \/>\n<meta name=\"twitter:site\" content=\"@taktici\" \/>\n<meta name=\"twitter:label1\" content=\"Est. reading time\" \/>\n\t<meta name=\"twitter:data1\" content=\"2 minutes\" \/>\n<script type=\"application\/ld+json\" class=\"yoast-schema-graph\">{\"@context\":\"https:\\\/\\\/schema.org\",\"@graph\":[{\"@type\":\"WebPage\",\"@id\":\"https:\\\/\\\/taktici.cz\\\/prohlaseni-o-draze-kzc\\\/\",\"url\":\"https:\\\/\\\/taktici.cz\\\/prohlaseni-o-draze-kzc\\\/\",\"name\":\"Network Statement on Regional Line K\u017dC - taktici.cz\",\"isPartOf\":{\"@id\":\"https:\\\/\\\/taktici.cz\\\/#website\"},\"datePublished\":\"2022-02-28T10:30:12+00:00\",\"dateModified\":\"2025-06-07T09:30:34+00:00\",\"description\":\"Prohl\u00e1\u0161en\u00ed o dr\u00e1ze region\u00e1ln\u00ed \u010cesk\u00e1 Kamenice - Kamenick\u00fd \u0160enov; na\u0161e spole\u010dnost je od GVD 2022 p\u0159\u00edd\u011blcem kapacity na skl\u00e1\u0159sk\u00e9 lok\u00e1lce.\",\"breadcrumb\":{\"@id\":\"https:\\\/\\\/taktici.cz\\\/prohlaseni-o-draze-kzc\\\/#breadcrumb\"},\"inLanguage\":\"en-US\",\"potentialAction\":[{\"@type\":\"ReadAction\",\"target\":[\"https:\\\/\\\/taktici.cz\\\/prohlaseni-o-draze-kzc\\\/\"]}]},{\"@type\":\"BreadcrumbList\",\"@id\":\"https:\\\/\\\/taktici.cz\\\/prohlaseni-o-draze-kzc\\\/#breadcrumb\",\"itemListElement\":[{\"@type\":\"ListItem\",\"position\":1,\"name\":\"Dom\u016f\",\"item\":\"https:\\\/\\\/taktici.cz\\\/\"},{\"@type\":\"ListItem\",\"position\":2,\"name\":\"Prohl\u00e1\u0161en\u00ed o dr\u00e1ze region\u00e1ln\u00ed K\u017dC\"}]},{\"@type\":\"WebSite\",\"@id\":\"https:\\\/\\\/taktici.cz\\\/#website\",\"url\":\"https:\\\/\\\/taktici.cz\\\/\",\"name\":\"taktici.cz\",\"description\":\"Our solutions are living your goals\",\"publisher\":{\"@id\":\"https:\\\/\\\/taktici.cz\\\/#organization\"},\"potentialAction\":[{\"@type\":\"SearchAction\",\"target\":{\"@type\":\"EntryPoint\",\"urlTemplate\":\"https:\\\/\\\/taktici.cz\\\/?s={search_term_string}\"},\"query-input\":{\"@type\":\"PropertyValueSpecification\",\"valueRequired\":true,\"valueName\":\"search_term_string\"}}],\"inLanguage\":\"en-US\"},{\"@type\":\"Organization\",\"@id\":\"https:\\\/\\\/taktici.cz\\\/#organization\",\"name\":\"taktici.cz, s.r.o.\",\"url\":\"https:\\\/\\\/taktici.cz\\\/\",\"logo\":{\"@type\":\"ImageObject\",\"inLanguage\":\"en-US\",\"@id\":\"https:\\\/\\\/taktici.cz\\\/#\\\/schema\\\/logo\\\/image\\\/\",\"url\":\"https:\\\/\\\/taktici.cz\\\/wp-content\\\/uploads\\\/2013\\\/05\\\/logo_barevne2.png\",\"contentUrl\":\"https:\\\/\\\/taktici.cz\\\/wp-content\\\/uploads\\\/2013\\\/05\\\/logo_barevne2.png\",\"width\":208,\"height\":62,\"caption\":\"taktici.cz, s.r.o.\"},\"image\":{\"@id\":\"https:\\\/\\\/taktici.cz\\\/#\\\/schema\\\/logo\\\/image\\\/\"},\"sameAs\":[\"http:\\\/\\\/www.facebook.com\\\/taktici.cz\",\"https:\\\/\\\/x.com\\\/taktici\",\"http:\\\/\\\/www.linkedin.com\\\/company\\\/taktici-cz-s-r-o-\"]}]}<\/script>\n<!-- \/ Yoast SEO plugin. -->","yoast_head_json":{"title":"Network Statement on Regional Line K\u017dC - taktici.cz","description":"Prohl\u00e1\u0161en\u00ed o dr\u00e1ze region\u00e1ln\u00ed \u010cesk\u00e1 Kamenice - Kamenick\u00fd \u0160enov; na\u0161e spole\u010dnost je od GVD 2022 p\u0159\u00edd\u011blcem kapacity na skl\u00e1\u0159sk\u00e9 lok\u00e1lce.","robots":{"index":"index","follow":"follow","max-snippet":"max-snippet:-1","max-image-preview":"max-image-preview:large","max-video-preview":"max-video-preview:-1"},"canonical":"https:\/\/taktici.cz\/prohlaseni-o-draze-kzc\/","og_locale":"en_US","og_type":"article","og_title":"Network Statement on Regional Line K\u017dC - taktici.cz","og_description":"Prohl\u00e1\u0161en\u00ed o dr\u00e1ze region\u00e1ln\u00ed \u010cesk\u00e1 Kamenice - Kamenick\u00fd \u0160enov; na\u0161e spole\u010dnost je od GVD 2022 p\u0159\u00edd\u011blcem kapacity na skl\u00e1\u0159sk\u00e9 lok\u00e1lce.","og_url":"https:\/\/taktici.cz\/prohlaseni-o-draze-kzc\/","og_site_name":"taktici.cz","article_publisher":"http:\/\/www.facebook.com\/taktici.cz","article_modified_time":"2025-06-07T09:30:34+00:00","twitter_card":"summary_large_image","twitter_site":"@taktici","twitter_misc":{"Est. reading time":"2 minutes"},"schema":{"@context":"https:\/\/schema.org","@graph":[{"@type":"WebPage","@id":"https:\/\/taktici.cz\/prohlaseni-o-draze-kzc\/","url":"https:\/\/taktici.cz\/prohlaseni-o-draze-kzc\/","name":"Network Statement on Regional Line K\u017dC - taktici.cz","isPartOf":{"@id":"https:\/\/taktici.cz\/#website"},"datePublished":"2022-02-28T10:30:12+00:00","dateModified":"2025-06-07T09:30:34+00:00","description":"Prohl\u00e1\u0161en\u00ed o dr\u00e1ze region\u00e1ln\u00ed \u010cesk\u00e1 Kamenice - Kamenick\u00fd \u0160enov; na\u0161e spole\u010dnost je od GVD 2022 p\u0159\u00edd\u011blcem kapacity na skl\u00e1\u0159sk\u00e9 lok\u00e1lce.","breadcrumb":{"@id":"https:\/\/taktici.cz\/prohlaseni-o-draze-kzc\/#breadcrumb"},"inLanguage":"en-US","potentialAction":[{"@type":"ReadAction","target":["https:\/\/taktici.cz\/prohlaseni-o-draze-kzc\/"]}]},{"@type":"BreadcrumbList","@id":"https:\/\/taktici.cz\/prohlaseni-o-draze-kzc\/#breadcrumb","itemListElement":[{"@type":"ListItem","position":1,"name":"Dom\u016f","item":"https:\/\/taktici.cz\/"},{"@type":"ListItem","position":2,"name":"Prohl\u00e1\u0161en\u00ed o dr\u00e1ze region\u00e1ln\u00ed K\u017dC"}]},{"@type":"WebSite","@id":"https:\/\/taktici.cz\/#website","url":"https:\/\/taktici.cz\/","name":"taktici.cz","description":"Our solutions are living your goals","publisher":{"@id":"https:\/\/taktici.cz\/#organization"},"potentialAction":[{"@type":"SearchAction","target":{"@type":"EntryPoint","urlTemplate":"https:\/\/taktici.cz\/?s={search_term_string}"},"query-input":{"@type":"PropertyValueSpecification","valueRequired":true,"valueName":"search_term_string"}}],"inLanguage":"en-US"},{"@type":"Organization","@id":"https:\/\/taktici.cz\/#organization","name":"taktici.cz, s.r.o.","url":"https:\/\/taktici.cz\/","logo":{"@type":"ImageObject","inLanguage":"en-US","@id":"https:\/\/taktici.cz\/#\/schema\/logo\/image\/","url":"https:\/\/taktici.cz\/wp-content\/uploads\/2013\/05\/logo_barevne2.png","contentUrl":"https:\/\/taktici.cz\/wp-content\/uploads\/2013\/05\/logo_barevne2.png","width":208,"height":62,"caption":"taktici.cz, s.r.o."},"image":{"@id":"https:\/\/taktici.cz\/#\/schema\/logo\/image\/"},"sameAs":["http:\/\/www.facebook.com\/taktici.cz","https:\/\/x.com\/taktici","http:\/\/www.linkedin.com\/company\/taktici-cz-s-r-o-"]}]}},"_links":{"self":[{"href":"https:\/\/taktici.cz\/en\/wp-json\/wp\/v2\/pages\/599","targetHints":{"allow":["GET"]}}],"collection":[{"href":"https:\/\/taktici.cz\/en\/wp-json\/wp\/v2\/pages"}],"about":[{"href":"https:\/\/taktici.cz\/en\/wp-json\/wp\/v2\/types\/page"}],"author":[{"embeddable":true,"href":"https:\/\/taktici.cz\/en\/wp-json\/wp\/v2\/users\/1"}],"replies":[{"embeddable":true,"href":"https:\/\/taktici.cz\/en\/wp-json\/wp\/v2\/comments?post=599"}],"version-history":[{"count":20,"href":"https:\/\/taktici.cz\/en\/wp-json\/wp\/v2\/pages\/599\/revisions"}],"predecessor-version":[{"id":745,"href":"https:\/\/taktici.cz\/en\/wp-json\/wp\/v2\/pages\/599\/revisions\/745"}],"wp:attachment":[{"href":"https:\/\/taktici.cz\/en\/wp-json\/wp\/v2\/media?parent=599"}],"curies":[{"name":"wp","href":"https:\/\/api.w.org\/{rel}","templated":true}]}}