{"id":39,"date":"2013-04-30T16:00:30","date_gmt":"2013-04-30T16:00:30","guid":{"rendered":"http:\/\/taktici.cz\/wordpress\/\/?page_id=39"},"modified":"2017-03-22T09:20:25","modified_gmt":"2017-03-22T08:20:25","slug":"modelovani-prepravnich-vztahu","status":"publish","type":"page","link":"https:\/\/taktici.cz\/en\/modelling-of-transport-relations\/","title":{"rendered":"Modelling of transport relations"},"content":{"rendered":"<p>Macroscopic transport modelling is an essential part of transport planning. Its aim is to describe how people travel, respectively how they will travel. It is a discipline that does not target only on rail transport, but generally deals with all transport modes. The fundamental theoretical concept is so called <a href=\"http:\/\/en.wikipedia.org\/wiki\/Transportation_forecasting#Four-step_models\">four-step travel demand model<\/a>, which tries to answer the questions where from, where to, how and which way people travel.<br \/>\nThe philosophy of our company is to put new techniques and innovative approaches in the macroscopic transport modelling into practice.<br \/>\nFor our engineering activities in the field of modelling transport relations we use mainly the software <a href=\"http:\/\/vision-traffic.ptvgroup.com\/en-uk\/products\/ptv-visum\/\">VISUM<\/a> of a German company PTV.<br \/>\nWe offer creation of macroscopic transport models to support decisions about changing transportation systems in both public and individual passenger transport. For railway construction projects we create forecasts of transport relations to support the economic appraisal of those projects.<\/p>","protected":false},"excerpt":{"rendered":"<p>Macroscopic transport modelling is an essential part of transport planning. Its aim is to describe how people travel, respectively how they will travel. It is a discipline that does not [&hellip;]<\/p>\n","protected":false},"author":1,"featured_media":146,"parent":0,"menu_order":0,"comment_status":"closed","ping_status":"closed","template":"","meta":{"footnotes":""},"class_list":["post-39","page","type-page","status-publish","has-post-thumbnail","hentry"],"yoast_head":"<!-- This site is optimized with the Yoast SEO plugin v27.4 - https:\/\/yoast.com\/product\/yoast-seo-wordpress\/ -->\n<title>Modelling of transport relations - taktici.cz<\/title>\n<meta name=\"robots\" content=\"index, follow, max-snippet:-1, max-image-preview:large, max-video-preview:-1\" \/>\n<link rel=\"canonical\" href=\"https:\/\/taktici.cz\/modelovani-prepravnich-vztahu\/\" \/>\n<meta property=\"og:locale\" content=\"en_US\" \/>\n<meta property=\"og:type\" content=\"article\" \/>\n<meta property=\"og:title\" content=\"Modelling of transport relations - taktici.cz\" \/>\n<meta property=\"og:description\" content=\"Macroscopic transport modelling is an essential part of transport planning. Its aim is to describe how people travel, respectively how they will travel. It is a discipline that does not [&hellip;]\" \/>\n<meta property=\"og:url\" content=\"https:\/\/taktici.cz\/modelovani-prepravnich-vztahu\/\" \/>\n<meta property=\"og:site_name\" content=\"taktici.cz\" \/>\n<meta property=\"article:publisher\" content=\"http:\/\/www.facebook.com\/taktici.cz\" \/>\n<meta property=\"article:modified_time\" content=\"2017-03-22T08:20:25+00:00\" \/>\n<meta property=\"og:image\" content=\"https:\/\/taktici.cz\/wp-content\/uploads\/2013\/09\/visum.jpg\" \/>\n\t<meta property=\"og:image:width\" content=\"843\" \/>\n\t<meta property=\"og:image:height\" content=\"900\" \/>\n\t<meta property=\"og:image:type\" content=\"image\/jpeg\" \/>\n<meta name=\"twitter:card\" content=\"summary_large_image\" \/>\n<meta name=\"twitter:site\" content=\"@taktici\" \/>\n<meta name=\"twitter:label1\" content=\"Est. reading time\" \/>\n\t<meta name=\"twitter:data1\" content=\"4 minutes\" \/>\n<script type=\"application\/ld+json\" class=\"yoast-schema-graph\">{\"@context\":\"https:\\\/\\\/schema.org\",\"@graph\":[{\"@type\":\"WebPage\",\"@id\":\"https:\\\/\\\/taktici.cz\\\/modelovani-prepravnich-vztahu\\\/\",\"url\":\"https:\\\/\\\/taktici.cz\\\/modelovani-prepravnich-vztahu\\\/\",\"name\":\"Modelling of transport relations - taktici.cz\",\"isPartOf\":{\"@id\":\"https:\\\/\\\/taktici.cz\\\/#website\"},\"primaryImageOfPage\":{\"@id\":\"https:\\\/\\\/taktici.cz\\\/modelovani-prepravnich-vztahu\\\/#primaryimage\"},\"image\":{\"@id\":\"https:\\\/\\\/taktici.cz\\\/modelovani-prepravnich-vztahu\\\/#primaryimage\"},\"thumbnailUrl\":\"https:\\\/\\\/taktici.cz\\\/wp-content\\\/uploads\\\/2013\\\/09\\\/visum.jpg\",\"datePublished\":\"2013-04-30T16:00:30+00:00\",\"dateModified\":\"2017-03-22T08:20:25+00:00\",\"breadcrumb\":{\"@id\":\"https:\\\/\\\/taktici.cz\\\/modelovani-prepravnich-vztahu\\\/#breadcrumb\"},\"inLanguage\":\"en-US\",\"potentialAction\":[{\"@type\":\"ReadAction\",\"target\":[\"https:\\\/\\\/taktici.cz\\\/modelovani-prepravnich-vztahu\\\/\"]}]},{\"@type\":\"ImageObject\",\"inLanguage\":\"en-US\",\"@id\":\"https:\\\/\\\/taktici.cz\\\/modelovani-prepravnich-vztahu\\\/#primaryimage\",\"url\":\"https:\\\/\\\/taktici.cz\\\/wp-content\\\/uploads\\\/2013\\\/09\\\/visum.jpg\",\"contentUrl\":\"https:\\\/\\\/taktici.cz\\\/wp-content\\\/uploads\\\/2013\\\/09\\\/visum.jpg\",\"width\":843,\"height\":900},{\"@type\":\"BreadcrumbList\",\"@id\":\"https:\\\/\\\/taktici.cz\\\/modelovani-prepravnich-vztahu\\\/#breadcrumb\",\"itemListElement\":[{\"@type\":\"ListItem\",\"position\":1,\"name\":\"Dom\u016f\",\"item\":\"https:\\\/\\\/taktici.cz\\\/\"},{\"@type\":\"ListItem\",\"position\":2,\"name\":\"Modelov\u00e1n\u00ed p\u0159epravn\u00edch vztah\u016f\"}]},{\"@type\":\"WebSite\",\"@id\":\"https:\\\/\\\/taktici.cz\\\/#website\",\"url\":\"https:\\\/\\\/taktici.cz\\\/\",\"name\":\"taktici.cz\",\"description\":\"Our solutions are living your goals\",\"publisher\":{\"@id\":\"https:\\\/\\\/taktici.cz\\\/#organization\"},\"potentialAction\":[{\"@type\":\"SearchAction\",\"target\":{\"@type\":\"EntryPoint\",\"urlTemplate\":\"https:\\\/\\\/taktici.cz\\\/?s={search_term_string}\"},\"query-input\":{\"@type\":\"PropertyValueSpecification\",\"valueRequired\":true,\"valueName\":\"search_term_string\"}}],\"inLanguage\":\"en-US\"},{\"@type\":\"Organization\",\"@id\":\"https:\\\/\\\/taktici.cz\\\/#organization\",\"name\":\"taktici.cz, s.r.o.\",\"url\":\"https:\\\/\\\/taktici.cz\\\/\",\"logo\":{\"@type\":\"ImageObject\",\"inLanguage\":\"en-US\",\"@id\":\"https:\\\/\\\/taktici.cz\\\/#\\\/schema\\\/logo\\\/image\\\/\",\"url\":\"https:\\\/\\\/taktici.cz\\\/wp-content\\\/uploads\\\/2013\\\/05\\\/logo_barevne2.png\",\"contentUrl\":\"https:\\\/\\\/taktici.cz\\\/wp-content\\\/uploads\\\/2013\\\/05\\\/logo_barevne2.png\",\"width\":208,\"height\":62,\"caption\":\"taktici.cz, s.r.o.\"},\"image\":{\"@id\":\"https:\\\/\\\/taktici.cz\\\/#\\\/schema\\\/logo\\\/image\\\/\"},\"sameAs\":[\"http:\\\/\\\/www.facebook.com\\\/taktici.cz\",\"https:\\\/\\\/x.com\\\/taktici\",\"http:\\\/\\\/www.linkedin.com\\\/company\\\/taktici-cz-s-r-o-\"]}]}<\/script>\n<!-- \/ Yoast SEO plugin. -->","yoast_head_json":{"title":"Modelling of transport relations - taktici.cz","robots":{"index":"index","follow":"follow","max-snippet":"max-snippet:-1","max-image-preview":"max-image-preview:large","max-video-preview":"max-video-preview:-1"},"canonical":"https:\/\/taktici.cz\/modelovani-prepravnich-vztahu\/","og_locale":"en_US","og_type":"article","og_title":"Modelling of transport relations - taktici.cz","og_description":"Macroscopic transport modelling is an essential part of transport planning. Its aim is to describe how people travel, respectively how they will travel. It is a discipline that does not [&hellip;]","og_url":"https:\/\/taktici.cz\/modelovani-prepravnich-vztahu\/","og_site_name":"taktici.cz","article_publisher":"http:\/\/www.facebook.com\/taktici.cz","article_modified_time":"2017-03-22T08:20:25+00:00","og_image":[{"width":843,"height":900,"url":"https:\/\/taktici.cz\/wp-content\/uploads\/2013\/09\/visum.jpg","type":"image\/jpeg"}],"twitter_card":"summary_large_image","twitter_site":"@taktici","twitter_misc":{"Est. reading time":"4 minutes"},"schema":{"@context":"https:\/\/schema.org","@graph":[{"@type":"WebPage","@id":"https:\/\/taktici.cz\/modelovani-prepravnich-vztahu\/","url":"https:\/\/taktici.cz\/modelovani-prepravnich-vztahu\/","name":"Modelling of transport relations - taktici.cz","isPartOf":{"@id":"https:\/\/taktici.cz\/#website"},"primaryImageOfPage":{"@id":"https:\/\/taktici.cz\/modelovani-prepravnich-vztahu\/#primaryimage"},"image":{"@id":"https:\/\/taktici.cz\/modelovani-prepravnich-vztahu\/#primaryimage"},"thumbnailUrl":"https:\/\/taktici.cz\/wp-content\/uploads\/2013\/09\/visum.jpg","datePublished":"2013-04-30T16:00:30+00:00","dateModified":"2017-03-22T08:20:25+00:00","breadcrumb":{"@id":"https:\/\/taktici.cz\/modelovani-prepravnich-vztahu\/#breadcrumb"},"inLanguage":"en-US","potentialAction":[{"@type":"ReadAction","target":["https:\/\/taktici.cz\/modelovani-prepravnich-vztahu\/"]}]},{"@type":"ImageObject","inLanguage":"en-US","@id":"https:\/\/taktici.cz\/modelovani-prepravnich-vztahu\/#primaryimage","url":"https:\/\/taktici.cz\/wp-content\/uploads\/2013\/09\/visum.jpg","contentUrl":"https:\/\/taktici.cz\/wp-content\/uploads\/2013\/09\/visum.jpg","width":843,"height":900},{"@type":"BreadcrumbList","@id":"https:\/\/taktici.cz\/modelovani-prepravnich-vztahu\/#breadcrumb","itemListElement":[{"@type":"ListItem","position":1,"name":"Dom\u016f","item":"https:\/\/taktici.cz\/"},{"@type":"ListItem","position":2,"name":"Modelov\u00e1n\u00ed p\u0159epravn\u00edch vztah\u016f"}]},{"@type":"WebSite","@id":"https:\/\/taktici.cz\/#website","url":"https:\/\/taktici.cz\/","name":"taktici.cz","description":"Our solutions are living your goals","publisher":{"@id":"https:\/\/taktici.cz\/#organization"},"potentialAction":[{"@type":"SearchAction","target":{"@type":"EntryPoint","urlTemplate":"https:\/\/taktici.cz\/?s={search_term_string}"},"query-input":{"@type":"PropertyValueSpecification","valueRequired":true,"valueName":"search_term_string"}}],"inLanguage":"en-US"},{"@type":"Organization","@id":"https:\/\/taktici.cz\/#organization","name":"taktici.cz, s.r.o.","url":"https:\/\/taktici.cz\/","logo":{"@type":"ImageObject","inLanguage":"en-US","@id":"https:\/\/taktici.cz\/#\/schema\/logo\/image\/","url":"https:\/\/taktici.cz\/wp-content\/uploads\/2013\/05\/logo_barevne2.png","contentUrl":"https:\/\/taktici.cz\/wp-content\/uploads\/2013\/05\/logo_barevne2.png","width":208,"height":62,"caption":"taktici.cz, s.r.o."},"image":{"@id":"https:\/\/taktici.cz\/#\/schema\/logo\/image\/"},"sameAs":["http:\/\/www.facebook.com\/taktici.cz","https:\/\/x.com\/taktici","http:\/\/www.linkedin.com\/company\/taktici-cz-s-r-o-"]}]}},"_links":{"self":[{"href":"https:\/\/taktici.cz\/en\/wp-json\/wp\/v2\/pages\/39","targetHints":{"allow":["GET"]}}],"collection":[{"href":"https:\/\/taktici.cz\/en\/wp-json\/wp\/v2\/pages"}],"about":[{"href":"https:\/\/taktici.cz\/en\/wp-json\/wp\/v2\/types\/page"}],"author":[{"embeddable":true,"href":"https:\/\/taktici.cz\/en\/wp-json\/wp\/v2\/users\/1"}],"replies":[{"embeddable":true,"href":"https:\/\/taktici.cz\/en\/wp-json\/wp\/v2\/comments?post=39"}],"version-history":[{"count":26,"href":"https:\/\/taktici.cz\/en\/wp-json\/wp\/v2\/pages\/39\/revisions"}],"predecessor-version":[{"id":562,"href":"https:\/\/taktici.cz\/en\/wp-json\/wp\/v2\/pages\/39\/revisions\/562"}],"wp:featuredmedia":[{"embeddable":true,"href":"https:\/\/taktici.cz\/en\/wp-json\/wp\/v2\/media\/146"}],"wp:attachment":[{"href":"https:\/\/taktici.cz\/en\/wp-json\/wp\/v2\/media?parent=39"}],"curies":[{"name":"wp","href":"https:\/\/api.w.org\/{rel}","templated":true}]}}