{"id":35,"date":"2013-04-30T15:58:17","date_gmt":"2013-04-30T15:58:17","guid":{"rendered":"http:\/\/taktici.cz\/wordpress\/\/?page_id=35"},"modified":"2017-03-19T23:05:02","modified_gmt":"2017-03-19T22:05:02","slug":"mikrosimulace","status":"publish","type":"page","link":"https:\/\/taktici.cz\/en\/microsimulation\/","title":{"rendered":"Microsimulation of railway networks"},"content":{"rendered":"<p>Railway infrastructure is especially in nodes still often proposed on the basis of static capacity calculations. This often leads to construction of such station designs, that do not meet the needs of real working load of periodic timetable nodes. Our approach allows us to perform iterative adjustments of the proposed infrastructure model for the load expected by real operational concepts, to identify bottlenecks on the infrastructure design, to develop and verify solutions and alternatives before the (wrong) one is actually built.<\/p>\n<p>For this purpose we use the software tool <a title=\"presentation of software package OpenTrack\" href=\"http:\/\/www.opentrack.cz\/\">program OpenTrack<\/a> to simulate railway networks.<\/p>\n<p>Since 2003 we cooperate with the swiss company OpenTrack Railway Technology Ltd., which is a spin-off of <acronym title=\"Institute for transport planning and systems\">IVT<\/acronym> ETH Zurich. In 2013, we became the official distributors of the software OpenTrack in the Czech Republic.<\/p>\n<p>We offer microsimulation of railway infrastructure capacity and microsimulations either as a turnkey solution using our know-how, also in wider context, or as a sale or lease of a license of the program including user support.<\/p>\n<p>More information about <a title=\"presentation of the software package OpenTrack\" href=\"http:\/\/www.opentrack.cz\/\">OpenTrack software<\/a> can be found on its product website. If you have further questions, we are looking forward to <a title=\"Contacts\" href=\"http:\/\/taktici.cz\/en\/kontakt\/\">discussing<\/a> where we can help you.<\/p>","protected":false},"excerpt":{"rendered":"<p>Railway infrastructure is especially in nodes still often proposed on the basis of static capacity calculations. This often leads to construction of such station designs, that do not meet the [&hellip;]<\/p>\n","protected":false},"author":1,"featured_media":147,"parent":0,"menu_order":0,"comment_status":"closed","ping_status":"closed","template":"","meta":{"footnotes":""},"class_list":["post-35","page","type-page","status-publish","has-post-thumbnail","hentry"],"yoast_head":"<!-- This site is optimized with the Yoast SEO plugin v27.4 - https:\/\/yoast.com\/product\/yoast-seo-wordpress\/ -->\n<title>Microsimulation of railway networks - taktici.cz<\/title>\n<meta name=\"robots\" content=\"index, follow, max-snippet:-1, max-image-preview:large, max-video-preview:-1\" \/>\n<link rel=\"canonical\" href=\"https:\/\/taktici.cz\/mikrosimulace\/\" \/>\n<meta property=\"og:locale\" content=\"en_US\" \/>\n<meta property=\"og:type\" content=\"article\" \/>\n<meta property=\"og:title\" content=\"Microsimulation of railway networks - taktici.cz\" \/>\n<meta property=\"og:description\" content=\"Railway infrastructure is especially in nodes still often proposed on the basis of static capacity calculations. This often leads to construction of such station designs, that do not meet the [&hellip;]\" \/>\n<meta property=\"og:url\" content=\"https:\/\/taktici.cz\/mikrosimulace\/\" \/>\n<meta property=\"og:site_name\" content=\"taktici.cz\" \/>\n<meta property=\"article:publisher\" content=\"http:\/\/www.facebook.com\/taktici.cz\" \/>\n<meta property=\"article:modified_time\" content=\"2017-03-19T22:05:02+00:00\" \/>\n<meta property=\"og:image\" content=\"https:\/\/taktici.cz\/wp-content\/uploads\/2013\/09\/Os_98081.jpg\" \/>\n\t<meta property=\"og:image:width\" content=\"1481\" \/>\n\t<meta property=\"og:image:height\" content=\"1110\" \/>\n\t<meta property=\"og:image:type\" content=\"image\/jpeg\" \/>\n<meta name=\"twitter:card\" content=\"summary_large_image\" \/>\n<meta name=\"twitter:site\" content=\"@taktici\" \/>\n<meta name=\"twitter:label1\" content=\"Est. reading time\" \/>\n\t<meta name=\"twitter:data1\" content=\"5 minutes\" \/>\n<script type=\"application\/ld+json\" class=\"yoast-schema-graph\">{\"@context\":\"https:\\\/\\\/schema.org\",\"@graph\":[{\"@type\":\"WebPage\",\"@id\":\"https:\\\/\\\/taktici.cz\\\/mikrosimulace\\\/\",\"url\":\"https:\\\/\\\/taktici.cz\\\/mikrosimulace\\\/\",\"name\":\"Microsimulation of railway networks - taktici.cz\",\"isPartOf\":{\"@id\":\"https:\\\/\\\/taktici.cz\\\/#website\"},\"primaryImageOfPage\":{\"@id\":\"https:\\\/\\\/taktici.cz\\\/mikrosimulace\\\/#primaryimage\"},\"image\":{\"@id\":\"https:\\\/\\\/taktici.cz\\\/mikrosimulace\\\/#primaryimage\"},\"thumbnailUrl\":\"https:\\\/\\\/taktici.cz\\\/wp-content\\\/uploads\\\/2013\\\/09\\\/Os_98081.jpg\",\"datePublished\":\"2013-04-30T15:58:17+00:00\",\"dateModified\":\"2017-03-19T22:05:02+00:00\",\"breadcrumb\":{\"@id\":\"https:\\\/\\\/taktici.cz\\\/mikrosimulace\\\/#breadcrumb\"},\"inLanguage\":\"en-US\",\"potentialAction\":[{\"@type\":\"ReadAction\",\"target\":[\"https:\\\/\\\/taktici.cz\\\/mikrosimulace\\\/\"]}]},{\"@type\":\"ImageObject\",\"inLanguage\":\"en-US\",\"@id\":\"https:\\\/\\\/taktici.cz\\\/mikrosimulace\\\/#primaryimage\",\"url\":\"https:\\\/\\\/taktici.cz\\\/wp-content\\\/uploads\\\/2013\\\/09\\\/Os_98081.jpg\",\"contentUrl\":\"https:\\\/\\\/taktici.cz\\\/wp-content\\\/uploads\\\/2013\\\/09\\\/Os_98081.jpg\",\"width\":1481,\"height\":1110},{\"@type\":\"BreadcrumbList\",\"@id\":\"https:\\\/\\\/taktici.cz\\\/mikrosimulace\\\/#breadcrumb\",\"itemListElement\":[{\"@type\":\"ListItem\",\"position\":1,\"name\":\"Dom\u016f\",\"item\":\"https:\\\/\\\/taktici.cz\\\/\"},{\"@type\":\"ListItem\",\"position\":2,\"name\":\"Mikrosimulace provozu dr\u00e1\u017en\u00ed infrastruktury\"}]},{\"@type\":\"WebSite\",\"@id\":\"https:\\\/\\\/taktici.cz\\\/#website\",\"url\":\"https:\\\/\\\/taktici.cz\\\/\",\"name\":\"taktici.cz\",\"description\":\"Our solutions are living your goals\",\"publisher\":{\"@id\":\"https:\\\/\\\/taktici.cz\\\/#organization\"},\"potentialAction\":[{\"@type\":\"SearchAction\",\"target\":{\"@type\":\"EntryPoint\",\"urlTemplate\":\"https:\\\/\\\/taktici.cz\\\/?s={search_term_string}\"},\"query-input\":{\"@type\":\"PropertyValueSpecification\",\"valueRequired\":true,\"valueName\":\"search_term_string\"}}],\"inLanguage\":\"en-US\"},{\"@type\":\"Organization\",\"@id\":\"https:\\\/\\\/taktici.cz\\\/#organization\",\"name\":\"taktici.cz, s.r.o.\",\"url\":\"https:\\\/\\\/taktici.cz\\\/\",\"logo\":{\"@type\":\"ImageObject\",\"inLanguage\":\"en-US\",\"@id\":\"https:\\\/\\\/taktici.cz\\\/#\\\/schema\\\/logo\\\/image\\\/\",\"url\":\"https:\\\/\\\/taktici.cz\\\/wp-content\\\/uploads\\\/2013\\\/05\\\/logo_barevne2.png\",\"contentUrl\":\"https:\\\/\\\/taktici.cz\\\/wp-content\\\/uploads\\\/2013\\\/05\\\/logo_barevne2.png\",\"width\":208,\"height\":62,\"caption\":\"taktici.cz, s.r.o.\"},\"image\":{\"@id\":\"https:\\\/\\\/taktici.cz\\\/#\\\/schema\\\/logo\\\/image\\\/\"},\"sameAs\":[\"http:\\\/\\\/www.facebook.com\\\/taktici.cz\",\"https:\\\/\\\/x.com\\\/taktici\",\"http:\\\/\\\/www.linkedin.com\\\/company\\\/taktici-cz-s-r-o-\"]}]}<\/script>\n<!-- \/ Yoast SEO plugin. -->","yoast_head_json":{"title":"Microsimulation of railway networks - taktici.cz","robots":{"index":"index","follow":"follow","max-snippet":"max-snippet:-1","max-image-preview":"max-image-preview:large","max-video-preview":"max-video-preview:-1"},"canonical":"https:\/\/taktici.cz\/mikrosimulace\/","og_locale":"en_US","og_type":"article","og_title":"Microsimulation of railway networks - taktici.cz","og_description":"Railway infrastructure is especially in nodes still often proposed on the basis of static capacity calculations. This often leads to construction of such station designs, that do not meet the [&hellip;]","og_url":"https:\/\/taktici.cz\/mikrosimulace\/","og_site_name":"taktici.cz","article_publisher":"http:\/\/www.facebook.com\/taktici.cz","article_modified_time":"2017-03-19T22:05:02+00:00","og_image":[{"width":1481,"height":1110,"url":"https:\/\/taktici.cz\/wp-content\/uploads\/2013\/09\/Os_98081.jpg","type":"image\/jpeg"}],"twitter_card":"summary_large_image","twitter_site":"@taktici","twitter_misc":{"Est. reading time":"5 minutes"},"schema":{"@context":"https:\/\/schema.org","@graph":[{"@type":"WebPage","@id":"https:\/\/taktici.cz\/mikrosimulace\/","url":"https:\/\/taktici.cz\/mikrosimulace\/","name":"Microsimulation of railway networks - taktici.cz","isPartOf":{"@id":"https:\/\/taktici.cz\/#website"},"primaryImageOfPage":{"@id":"https:\/\/taktici.cz\/mikrosimulace\/#primaryimage"},"image":{"@id":"https:\/\/taktici.cz\/mikrosimulace\/#primaryimage"},"thumbnailUrl":"https:\/\/taktici.cz\/wp-content\/uploads\/2013\/09\/Os_98081.jpg","datePublished":"2013-04-30T15:58:17+00:00","dateModified":"2017-03-19T22:05:02+00:00","breadcrumb":{"@id":"https:\/\/taktici.cz\/mikrosimulace\/#breadcrumb"},"inLanguage":"en-US","potentialAction":[{"@type":"ReadAction","target":["https:\/\/taktici.cz\/mikrosimulace\/"]}]},{"@type":"ImageObject","inLanguage":"en-US","@id":"https:\/\/taktici.cz\/mikrosimulace\/#primaryimage","url":"https:\/\/taktici.cz\/wp-content\/uploads\/2013\/09\/Os_98081.jpg","contentUrl":"https:\/\/taktici.cz\/wp-content\/uploads\/2013\/09\/Os_98081.jpg","width":1481,"height":1110},{"@type":"BreadcrumbList","@id":"https:\/\/taktici.cz\/mikrosimulace\/#breadcrumb","itemListElement":[{"@type":"ListItem","position":1,"name":"Dom\u016f","item":"https:\/\/taktici.cz\/"},{"@type":"ListItem","position":2,"name":"Mikrosimulace provozu dr\u00e1\u017en\u00ed infrastruktury"}]},{"@type":"WebSite","@id":"https:\/\/taktici.cz\/#website","url":"https:\/\/taktici.cz\/","name":"taktici.cz","description":"Our solutions are living your goals","publisher":{"@id":"https:\/\/taktici.cz\/#organization"},"potentialAction":[{"@type":"SearchAction","target":{"@type":"EntryPoint","urlTemplate":"https:\/\/taktici.cz\/?s={search_term_string}"},"query-input":{"@type":"PropertyValueSpecification","valueRequired":true,"valueName":"search_term_string"}}],"inLanguage":"en-US"},{"@type":"Organization","@id":"https:\/\/taktici.cz\/#organization","name":"taktici.cz, s.r.o.","url":"https:\/\/taktici.cz\/","logo":{"@type":"ImageObject","inLanguage":"en-US","@id":"https:\/\/taktici.cz\/#\/schema\/logo\/image\/","url":"https:\/\/taktici.cz\/wp-content\/uploads\/2013\/05\/logo_barevne2.png","contentUrl":"https:\/\/taktici.cz\/wp-content\/uploads\/2013\/05\/logo_barevne2.png","width":208,"height":62,"caption":"taktici.cz, s.r.o."},"image":{"@id":"https:\/\/taktici.cz\/#\/schema\/logo\/image\/"},"sameAs":["http:\/\/www.facebook.com\/taktici.cz","https:\/\/x.com\/taktici","http:\/\/www.linkedin.com\/company\/taktici-cz-s-r-o-"]}]}},"_links":{"self":[{"href":"https:\/\/taktici.cz\/en\/wp-json\/wp\/v2\/pages\/35","targetHints":{"allow":["GET"]}}],"collection":[{"href":"https:\/\/taktici.cz\/en\/wp-json\/wp\/v2\/pages"}],"about":[{"href":"https:\/\/taktici.cz\/en\/wp-json\/wp\/v2\/types\/page"}],"author":[{"embeddable":true,"href":"https:\/\/taktici.cz\/en\/wp-json\/wp\/v2\/users\/1"}],"replies":[{"embeddable":true,"href":"https:\/\/taktici.cz\/en\/wp-json\/wp\/v2\/comments?post=35"}],"version-history":[{"count":35,"href":"https:\/\/taktici.cz\/en\/wp-json\/wp\/v2\/pages\/35\/revisions"}],"predecessor-version":[{"id":555,"href":"https:\/\/taktici.cz\/en\/wp-json\/wp\/v2\/pages\/35\/revisions\/555"}],"wp:featuredmedia":[{"embeddable":true,"href":"https:\/\/taktici.cz\/en\/wp-json\/wp\/v2\/media\/147"}],"wp:attachment":[{"href":"https:\/\/taktici.cz\/en\/wp-json\/wp\/v2\/media?parent=35"}],"curies":[{"name":"wp","href":"https:\/\/api.w.org\/{rel}","templated":true}]}}