{"id":258,"date":"2015-01-17T21:40:46","date_gmt":"2015-01-17T19:40:46","guid":{"rendered":"http:\/\/taktici.cz\/?page_id=258"},"modified":"2017-03-22T09:40:07","modified_gmt":"2017-03-22T08:40:07","slug":"reference","status":"publish","type":"page","link":"https:\/\/taktici.cz\/en\/references\/","title":{"rendered":"References"},"content":{"rendered":"<p><\/p>\n<h4>\u017dUB Feasibility Study (Brno railway junction)<\/h4>\n<p>The object of the study was the development of variants A and B to the level of a feasibility study.<\/p>\n<p>Our contribution to the project: Traffic technology, simulation railway traffic<\/p>\n<p>Client: SUDOP Brno<\/p>\n<p>Solved 2015 &#8211; 2017<\/p>\n<h4>railML Certification Manual<\/h4>\n<p>The subject was .\u010dinnosti processing certification manual for applying software tools for data import and export format railML.<\/p>\n<p>Our contribution to the project: Project management, creation and defending manual<\/p>\n<p>Client: UIC (Union Internationale des Chemins de fer \/ International Union of Railways) for the association railML.org, partners: Some Move, BahnKonzept<\/p>\n<p>solved 2016-2017<\/p>\n<h4>Usage Optimization of railway lines with exhausted capacity<\/h4>\n<p>The subject was certified methodology determination and verification procedures leading to increased capacity in the path bottlenecks. Applying the methodology has been successfully certified. The outcome was further research report.<\/p>\n<p>Our contribution to the project: Project management, design and processing technology, transport<\/p>\n<p>Client: Technology Agency of the Czech Republic through a beta program for the Ministry of Transport and the Railway Infrastructure Administration, see above<\/p>\n<p>solved 2015-2016<\/p>\n<h4>\u017dUB &#8211; Completion of variants (Brno railway junction)<\/h4>\n<p>The object of the study was the reprocessing previously observed variations Railway Hub, taking into account the changed requirements for passage of passenger trains and freight (mainly due to the increase of trains planned construction of high-speed lines). Further, on the same footing (and under the same conditions) finalized variant of the solution according to the Civic Coalition Railway Hub Station in the city, which is considering the position of the station, approximately in today&#8217;s station Brno hl. n. This study was the basis of a feasibility study Railway Hub opened in 2014.<\/p>\n<p>Our contribution to the project: Traffic technology, simulation railway traffic<\/p>\n<p>Client: IKP CE, Ltd.<\/p>\n<p>Solved 2012 &#8211; 2014<\/p>\n<h4>Hradec Kralove &#8211; Trutnov Railway Line Upgrade<\/h4>\n<p>Project within the so-called. Small projects OPD, which was the task of the designer propose a modification of infrastructure worth up to 1 billion. CZK while maximizing its benefits &#8211; especially in terms of passengers and shippers for freight transport.<\/p>\n<p>Our contribution to the project: Traffic Technology<\/p>\n<p>Client: IKP CE, Ltd.<\/p>\n<p>Solved 2013 &#8211; 2014<\/p>\n<h4>Chlumec Cidlinou &#8211; Trutnov\u00a0Railway Line Upgrade<\/h4>\n<p>Project within the so-called. Small projects OPD, which was the task of the designer propose a modification of infrastructure worth up to 1 billion. CZK while maximizing its benefits &#8211; especially in terms of passengers and shippers for freight transport.<\/p>\n<p>Our contribution to the project: Forecast transport relations for the revitalization of lines Chlumec nad Cidlinou &#8211; Trutnov and Hradec Kralove &#8211; Trutnov. For this purpose was created a traffic model VISUM software for the Hradec Kralove region and the neighboring regions of Liberec, Central Bohemia and Pardubice.<\/p>\n<p>Client: SUDOP Prague<\/p>\n<p>Solved 2013 &#8211; 2014<\/p>\n<h4>T\u00fdni\u0161t\u011b nad Orlic\u00ed &#8211; Broumov\u00a0Railway Line Upgrade<\/h4>\n<p>Project within the so-called. Small projects OPD, which was the task of the designer propose a modification of infrastructure worth up to 1 billion. CZK while maximizing its benefits &#8211; especially in terms of passengers and shippers for freight transport.<\/p>\n<p>Our contribution to the project: Traffic Technology<\/p>\n<p>Client: SUDOP Prague center Hradec Kralove<\/p>\n<p>Solved 2013 &#8211; 2014<\/p>\n<h4>Hradec Kr\u00e1lov\u00e9 &#8211; Trutnov Railway Line Upgrade<\/h4>\n<p>Project within the so-called. Small projects OPD, which was the task of the designer propose a modification of infrastructure worth up to 1 billion. CZK while maximizing its benefits &#8211; especially in terms of passengers and shippers for freight transport.<\/p>\n<p>Our contribution to the project: Traffic technology &#8211; as part of the work was proposed concept of operations for the entire northeastern part of the Hradec Kralove Region (area trails Hradec Kralove &#8211; Jaromer, Jaromer &#8211; Trutnov T\u00fdni\u0161t\u011b nad Orlic\u00ed &#8211; Broumov, Starko\u010d &#8211; V\u00e1clavice, Trutnov &#8211; Teplice nad Metuj\u00ed). Prognosis transport relations for the revitalization of lines Chlumec nad Cidlinou &#8211; Trutnov and Hradec Kralove &#8211; Trutnov. For this purpose was created a traffic model VISUM software for the Hradec Kralove region and the neighboring regions of Liberec, Central Bohemia and Pardubice.<\/p>\n<p>Client: SUDOP Prague center Hradec Kralove<\/p>\n<p>Solved 2013 &#8211; 2014<\/p>\n<h4>HS planning study Praha &#8211; Litom\u011b\u0159ice<\/h4>\n<p>The object of the study was to find possible routes of future high speed line Prague &#8211; Dresden section Praha &#8211; Litomerice. It has also been extensively dealt with the involvement of the track to the railway junction Prague in Balabenky.<\/p>\n<p>Our contribution to the study: Transportation Technologies<\/p>\n<p>Client: IKP CE, Ltd.<\/p>\n<p>Solved 2013 &#8211; 2014<\/p>\n<h4>Priorities for Rail Network Development in the Czech Republic<\/h4>\n<p>The object of the study was a proposal for improvements to 36 lines of national importance outside the main corridors in order to maximize their network effect in trying not to propose challenging technical solutions. Proposals for the reconstruction of individual lines were designed so that they can in the future high-speed lines to form one whole competitive with individual transport.<\/p>\n<p>Our contribution to the project: Set timetable for individual tracks, partly evaluation of individual lines<\/p>\n<p>Client: IKP CE, Ltd.<\/p>\n<p>Solved 2011 &#8211; 2012<\/p>","protected":false},"excerpt":{"rendered":"<p>\u017dUB Feasibility Study (Brno railway junction) The object of the study was the development of variants A and B to the level of a feasibility study. Our contribution to the [&hellip;]<\/p>\n","protected":false},"author":1,"featured_media":0,"parent":0,"menu_order":0,"comment_status":"closed","ping_status":"closed","template":"","meta":{"footnotes":""},"class_list":["post-258","page","type-page","status-publish","hentry"],"yoast_head":"<!-- This site is optimized with the Yoast SEO plugin v27.4 - https:\/\/yoast.com\/product\/yoast-seo-wordpress\/ -->\n<title>References - taktici.cz<\/title>\n<meta name=\"robots\" content=\"index, follow, max-snippet:-1, max-image-preview:large, max-video-preview:-1\" \/>\n<link rel=\"canonical\" href=\"https:\/\/taktici.cz\/reference\/\" \/>\n<meta property=\"og:locale\" content=\"en_US\" \/>\n<meta property=\"og:type\" content=\"article\" \/>\n<meta property=\"og:title\" content=\"References - taktici.cz\" \/>\n<meta property=\"og:description\" content=\"\u017dUB Feasibility Study (Brno railway junction) The object of the study was the development of variants A and B to the level of a feasibility study. Our contribution to the [&hellip;]\" \/>\n<meta property=\"og:url\" content=\"https:\/\/taktici.cz\/reference\/\" \/>\n<meta property=\"og:site_name\" content=\"taktici.cz\" \/>\n<meta property=\"article:publisher\" content=\"http:\/\/www.facebook.com\/taktici.cz\" \/>\n<meta property=\"article:modified_time\" content=\"2017-03-22T08:40:07+00:00\" \/>\n<meta name=\"twitter:card\" content=\"summary_large_image\" \/>\n<meta name=\"twitter:site\" content=\"@taktici\" \/>\n<meta name=\"twitter:label1\" content=\"Est. reading time\" \/>\n\t<meta name=\"twitter:data1\" content=\"21 minutes\" \/>\n<script type=\"application\/ld+json\" class=\"yoast-schema-graph\">{\"@context\":\"https:\\\/\\\/schema.org\",\"@graph\":[{\"@type\":\"WebPage\",\"@id\":\"https:\\\/\\\/taktici.cz\\\/reference\\\/\",\"url\":\"https:\\\/\\\/taktici.cz\\\/reference\\\/\",\"name\":\"References - taktici.cz\",\"isPartOf\":{\"@id\":\"https:\\\/\\\/taktici.cz\\\/#website\"},\"datePublished\":\"2015-01-17T19:40:46+00:00\",\"dateModified\":\"2017-03-22T08:40:07+00:00\",\"breadcrumb\":{\"@id\":\"https:\\\/\\\/taktici.cz\\\/reference\\\/#breadcrumb\"},\"inLanguage\":\"en-US\",\"potentialAction\":[{\"@type\":\"ReadAction\",\"target\":[\"https:\\\/\\\/taktici.cz\\\/reference\\\/\"]}]},{\"@type\":\"BreadcrumbList\",\"@id\":\"https:\\\/\\\/taktici.cz\\\/reference\\\/#breadcrumb\",\"itemListElement\":[{\"@type\":\"ListItem\",\"position\":1,\"name\":\"Dom\u016f\",\"item\":\"https:\\\/\\\/taktici.cz\\\/\"},{\"@type\":\"ListItem\",\"position\":2,\"name\":\"Reference\"}]},{\"@type\":\"WebSite\",\"@id\":\"https:\\\/\\\/taktici.cz\\\/#website\",\"url\":\"https:\\\/\\\/taktici.cz\\\/\",\"name\":\"taktici.cz\",\"description\":\"Our solutions are living your goals\",\"publisher\":{\"@id\":\"https:\\\/\\\/taktici.cz\\\/#organization\"},\"potentialAction\":[{\"@type\":\"SearchAction\",\"target\":{\"@type\":\"EntryPoint\",\"urlTemplate\":\"https:\\\/\\\/taktici.cz\\\/?s={search_term_string}\"},\"query-input\":{\"@type\":\"PropertyValueSpecification\",\"valueRequired\":true,\"valueName\":\"search_term_string\"}}],\"inLanguage\":\"en-US\"},{\"@type\":\"Organization\",\"@id\":\"https:\\\/\\\/taktici.cz\\\/#organization\",\"name\":\"taktici.cz, s.r.o.\",\"url\":\"https:\\\/\\\/taktici.cz\\\/\",\"logo\":{\"@type\":\"ImageObject\",\"inLanguage\":\"en-US\",\"@id\":\"https:\\\/\\\/taktici.cz\\\/#\\\/schema\\\/logo\\\/image\\\/\",\"url\":\"https:\\\/\\\/taktici.cz\\\/wp-content\\\/uploads\\\/2013\\\/05\\\/logo_barevne2.png\",\"contentUrl\":\"https:\\\/\\\/taktici.cz\\\/wp-content\\\/uploads\\\/2013\\\/05\\\/logo_barevne2.png\",\"width\":208,\"height\":62,\"caption\":\"taktici.cz, s.r.o.\"},\"image\":{\"@id\":\"https:\\\/\\\/taktici.cz\\\/#\\\/schema\\\/logo\\\/image\\\/\"},\"sameAs\":[\"http:\\\/\\\/www.facebook.com\\\/taktici.cz\",\"https:\\\/\\\/x.com\\\/taktici\",\"http:\\\/\\\/www.linkedin.com\\\/company\\\/taktici-cz-s-r-o-\"]}]}<\/script>\n<!-- \/ Yoast SEO plugin. -->","yoast_head_json":{"title":"References - taktici.cz","robots":{"index":"index","follow":"follow","max-snippet":"max-snippet:-1","max-image-preview":"max-image-preview:large","max-video-preview":"max-video-preview:-1"},"canonical":"https:\/\/taktici.cz\/reference\/","og_locale":"en_US","og_type":"article","og_title":"References - taktici.cz","og_description":"\u017dUB Feasibility Study (Brno railway junction) The object of the study was the development of variants A and B to the level of a feasibility study. Our contribution to the [&hellip;]","og_url":"https:\/\/taktici.cz\/reference\/","og_site_name":"taktici.cz","article_publisher":"http:\/\/www.facebook.com\/taktici.cz","article_modified_time":"2017-03-22T08:40:07+00:00","twitter_card":"summary_large_image","twitter_site":"@taktici","twitter_misc":{"Est. reading time":"21 minutes"},"schema":{"@context":"https:\/\/schema.org","@graph":[{"@type":"WebPage","@id":"https:\/\/taktici.cz\/reference\/","url":"https:\/\/taktici.cz\/reference\/","name":"References - taktici.cz","isPartOf":{"@id":"https:\/\/taktici.cz\/#website"},"datePublished":"2015-01-17T19:40:46+00:00","dateModified":"2017-03-22T08:40:07+00:00","breadcrumb":{"@id":"https:\/\/taktici.cz\/reference\/#breadcrumb"},"inLanguage":"en-US","potentialAction":[{"@type":"ReadAction","target":["https:\/\/taktici.cz\/reference\/"]}]},{"@type":"BreadcrumbList","@id":"https:\/\/taktici.cz\/reference\/#breadcrumb","itemListElement":[{"@type":"ListItem","position":1,"name":"Dom\u016f","item":"https:\/\/taktici.cz\/"},{"@type":"ListItem","position":2,"name":"Reference"}]},{"@type":"WebSite","@id":"https:\/\/taktici.cz\/#website","url":"https:\/\/taktici.cz\/","name":"taktici.cz","description":"Our solutions are living your goals","publisher":{"@id":"https:\/\/taktici.cz\/#organization"},"potentialAction":[{"@type":"SearchAction","target":{"@type":"EntryPoint","urlTemplate":"https:\/\/taktici.cz\/?s={search_term_string}"},"query-input":{"@type":"PropertyValueSpecification","valueRequired":true,"valueName":"search_term_string"}}],"inLanguage":"en-US"},{"@type":"Organization","@id":"https:\/\/taktici.cz\/#organization","name":"taktici.cz, s.r.o.","url":"https:\/\/taktici.cz\/","logo":{"@type":"ImageObject","inLanguage":"en-US","@id":"https:\/\/taktici.cz\/#\/schema\/logo\/image\/","url":"https:\/\/taktici.cz\/wp-content\/uploads\/2013\/05\/logo_barevne2.png","contentUrl":"https:\/\/taktici.cz\/wp-content\/uploads\/2013\/05\/logo_barevne2.png","width":208,"height":62,"caption":"taktici.cz, s.r.o."},"image":{"@id":"https:\/\/taktici.cz\/#\/schema\/logo\/image\/"},"sameAs":["http:\/\/www.facebook.com\/taktici.cz","https:\/\/x.com\/taktici","http:\/\/www.linkedin.com\/company\/taktici-cz-s-r-o-"]}]}},"_links":{"self":[{"href":"https:\/\/taktici.cz\/en\/wp-json\/wp\/v2\/pages\/258","targetHints":{"allow":["GET"]}}],"collection":[{"href":"https:\/\/taktici.cz\/en\/wp-json\/wp\/v2\/pages"}],"about":[{"href":"https:\/\/taktici.cz\/en\/wp-json\/wp\/v2\/types\/page"}],"author":[{"embeddable":true,"href":"https:\/\/taktici.cz\/en\/wp-json\/wp\/v2\/users\/1"}],"replies":[{"embeddable":true,"href":"https:\/\/taktici.cz\/en\/wp-json\/wp\/v2\/comments?post=258"}],"version-history":[{"count":20,"href":"https:\/\/taktici.cz\/en\/wp-json\/wp\/v2\/pages\/258\/revisions"}],"predecessor-version":[{"id":563,"href":"https:\/\/taktici.cz\/en\/wp-json\/wp\/v2\/pages\/258\/revisions\/563"}],"wp:attachment":[{"href":"https:\/\/taktici.cz\/en\/wp-json\/wp\/v2\/media?parent=258"}],"curies":[{"name":"wp","href":"https:\/\/api.w.org\/{rel}","templated":true}]}}