{"id":644,"date":"2023-11-15T20:52:47","date_gmt":"2023-11-15T19:52:47","guid":{"rendered":"https:\/\/taktici.cz\/?page_id=644"},"modified":"2025-11-25T14:13:54","modified_gmt":"2025-11-25T13:13:54","slug":"pridelce-kapacity","status":"publish","type":"page","link":"https:\/\/taktici.cz\/de\/trassenzuteiler\/","title":{"rendered":"Trassenzuteiler"},"content":{"rendered":"<p class=\"has-text-align-left\"><p>Unsere Gesellschaft ist ein unabh\u00e4ngiger Kapazit\u00e4tszuweiser im Sinne des Gesetzes Nr. 266\/1994 Slg. \u00fcber Eisenbahnen in seiner ge\u00e4nderten Fassung, d.h. sie besorgt selbst\u00e4ndig die Durchf\u00fchrung der Hauptt\u00e4tigkeiten f\u00fcr den Eisenbahnbetreiber, der auch den Eisenbahnverkehr auf der Eisenbahn betreibt, der nicht ausschlie\u00dflich der Sicherstellung des Eisenbahnbetriebes dient. Zu den Hauptt\u00e4tigkeiten geh\u00f6ren T\u00e4tigkeiten im Zusammenhang mit der Aushandlung und Berechnung des Preises und der Einziehung des Entgelts f\u00fcr die Nutzung der Eisenbahn, der Zuweisung von Fahrwegkapazit\u00e4t und &#8211; im Falle einer nationalen oder regionalen Eisenbahn &#8211; die Ausgabe der Nutzungsbedingungen. Die Zuweisung von Fahrwegkapazit\u00e4t ist die Ma\u00dfnahme, die die Nutzung des Teils der gesamten Fahrwegkapazit\u00e4t erm\u00f6glicht, der f\u00fcr die beantragte Zugtrasse erforderlich ist. Unter Trassenkapazit\u00e4t versteht man die nutzbare Kapazit\u00e4t einer Eisenbahn, die es erm\u00f6glicht, die geforderten Zugtrassen in einem bestimmten Zeitraum auf einem bestimmten Abschnitt der Eisenbahn zu fahren.<\/p>\r\n<p>Seit dem 12. Dezember 2021 weisen wir Kapazit\u00e4ten auf der von der K\u017dC Doprava, s.r.o. betriebenen Regionalbahn, Zweigstelle \u0160enovka, zu. Auf der sogenannten Glaslokstrecke von \u010cesk\u00e1 Kamenice nach Kamenick\u00fd \u0160enov verkehren in der Sommersaison regelm\u00e4\u00dfig historische Wochenendz\u00fcge und Z\u00fcge auf Bestellung.<\/p>\r\n<p>Seit dem 10. Dezember 2023 sind wir unabh\u00e4ngiger Kapazit\u00e4tszuweiser auf der von der \u010cesk\u00e9 dr\u00e1hy, a. s. betriebenen landesweiten Bahn, die die landesweite Bahn Praha-Vr\u0161ovice, den Bezirk Prag-Eden-Prag S\u00fcd und Teile des inneren Bezirks der Bahnh\u00f6fe D\u011b\u010d\u00edn und Prag S\u00fcd umfasst.<\/p>\r\n<p>Seit dem 8. August 2024 sind wir unabh\u00e4ngiger Kapazit\u00e4tszuweiser auf der von der <a href=\"https:\/\/infra.gepard.com\/\">Gepard Infra<\/a>, s.r.o., betriebenen regionalen Schmalspurbahnnetz von Neuhaus \/ Jind\u0159ich\u016fv Hradec in S\u00fcdb\u00f6hmen.<\/p>\r\n<p>Informationen \u00fcber die Bedingungen f\u00fcr den Zugang zu den betreffenden Bahnen finden Sie in der jeweiligen Nutzungsbedingungen:<\/p>\r\n<ul>\r\n<li><a href=\"https:\/\/taktici.cz\/de\/nutzungsbedingungen-kzc\/\">Nutzungsbedingungen der Regionalbahn von K\u017dC Doprava, s.r.o., Zweigwerk \u0160enovka<\/a><\/li>\r\n<li><a href=\"https:\/\/taktici.cz\/de\/nutzungsbedingungen-cd\/\">Nutzungsbedingungen der von \u010cesk\u00e9 dr\u00e1hy, a.s. betriebene nationale Eisenbahn<\/a><\/li>\r\n<li><a href=\"https:\/\/taktici.cz\/de\/trassenzuteiler\/nutzungsbedingungen-regionalbahnen-gepard-infra\/\">Nutzungsbedingungen der von Gepard Infra, s.r.o., betriebene Regionalbahnen<\/a><\/li>\r\n<\/ul>","protected":false},"excerpt":{"rendered":"<p>Unsere Gesellschaft ist ein unabh\u00e4ngiger Kapazit\u00e4tszuweiser im Sinne des Gesetzes Nr. 266\/1994 Slg. \u00fcber Eisenbahnen in seiner ge\u00e4nderten Fassung, d.h. sie besorgt selbst\u00e4ndig die Durchf\u00fchrung der Hauptt\u00e4tigkeiten f\u00fcr den Eisenbahnbetreiber, [&hellip;]<\/p>\n","protected":false},"author":1,"featured_media":688,"parent":0,"menu_order":0,"comment_status":"closed","ping_status":"closed","template":"","meta":{"footnotes":""},"class_list":["post-644","page","type-page","status-publish","has-post-thumbnail","hentry"],"yoast_head":"<!-- This site is optimized with the Yoast SEO plugin v27.5 - https:\/\/yoast.com\/product\/yoast-seo-wordpress\/ -->\n<title>Trassenzuteiler - taktici.cz<\/title>\n<meta name=\"robots\" content=\"index, follow, max-snippet:-1, max-image-preview:large, max-video-preview:-1\" \/>\n<link rel=\"canonical\" href=\"https:\/\/taktici.cz\/pridelce\/\" \/>\n<meta property=\"og:locale\" content=\"de_DE\" \/>\n<meta property=\"og:type\" content=\"article\" \/>\n<meta property=\"og:title\" content=\"Trassenzuteiler - taktici.cz\" \/>\n<meta property=\"og:description\" content=\"Unsere Gesellschaft ist ein unabh\u00e4ngiger Kapazit\u00e4tszuweiser im Sinne des Gesetzes Nr. 266\/1994 Slg. \u00fcber Eisenbahnen in seiner ge\u00e4nderten Fassung, d.h. sie besorgt selbst\u00e4ndig die Durchf\u00fchrung der Hauptt\u00e4tigkeiten f\u00fcr den Eisenbahnbetreiber, [&hellip;]\" \/>\n<meta property=\"og:url\" content=\"https:\/\/taktici.cz\/pridelce\/\" \/>\n<meta property=\"og:site_name\" content=\"taktici.cz\" \/>\n<meta property=\"article:publisher\" content=\"http:\/\/www.facebook.com\/taktici.cz\" \/>\n<meta property=\"article:modified_time\" content=\"2025-11-25T13:13:54+00:00\" \/>\n<meta property=\"og:image\" content=\"https:\/\/taktici.cz\/wp-content\/uploads\/2023\/11\/kapacita.jpg\" \/>\n\t<meta property=\"og:image:width\" content=\"1024\" \/>\n\t<meta property=\"og:image:height\" content=\"683\" \/>\n\t<meta property=\"og:image:type\" content=\"image\/jpeg\" \/>\n<meta name=\"twitter:card\" content=\"summary_large_image\" \/>\n<meta name=\"twitter:site\" content=\"@taktici\" \/>\n<meta name=\"twitter:label1\" content=\"Gesch\u00e4tzte Lesezeit\" \/>\n\t<meta name=\"twitter:data1\" content=\"8\u00a0Minuten\" \/>\n<script type=\"application\/ld+json\" class=\"yoast-schema-graph\">{\"@context\":\"https:\\\/\\\/schema.org\",\"@graph\":[{\"@type\":\"WebPage\",\"@id\":\"https:\\\/\\\/taktici.cz\\\/pridelce\\\/\",\"url\":\"https:\\\/\\\/taktici.cz\\\/pridelce\\\/\",\"name\":\"Trassenzuteiler - taktici.cz\",\"isPartOf\":{\"@id\":\"https:\\\/\\\/taktici.cz\\\/#website\"},\"primaryImageOfPage\":{\"@id\":\"https:\\\/\\\/taktici.cz\\\/pridelce\\\/#primaryimage\"},\"image\":{\"@id\":\"https:\\\/\\\/taktici.cz\\\/pridelce\\\/#primaryimage\"},\"thumbnailUrl\":\"https:\\\/\\\/taktici.cz\\\/wp-content\\\/uploads\\\/2023\\\/11\\\/kapacita.jpg\",\"datePublished\":\"2023-11-15T19:52:47+00:00\",\"dateModified\":\"2025-11-25T13:13:54+00:00\",\"breadcrumb\":{\"@id\":\"https:\\\/\\\/taktici.cz\\\/pridelce\\\/#breadcrumb\"},\"inLanguage\":\"de\",\"potentialAction\":[{\"@type\":\"ReadAction\",\"target\":[\"https:\\\/\\\/taktici.cz\\\/pridelce\\\/\"]}]},{\"@type\":\"ImageObject\",\"inLanguage\":\"de\",\"@id\":\"https:\\\/\\\/taktici.cz\\\/pridelce\\\/#primaryimage\",\"url\":\"https:\\\/\\\/taktici.cz\\\/wp-content\\\/uploads\\\/2023\\\/11\\\/kapacita.jpg\",\"contentUrl\":\"https:\\\/\\\/taktici.cz\\\/wp-content\\\/uploads\\\/2023\\\/11\\\/kapacita.jpg\",\"width\":1024,\"height\":683},{\"@type\":\"BreadcrumbList\",\"@id\":\"https:\\\/\\\/taktici.cz\\\/pridelce\\\/#breadcrumb\",\"itemListElement\":[{\"@type\":\"ListItem\",\"position\":1,\"name\":\"Dom\u016f\",\"item\":\"https:\\\/\\\/taktici.cz\\\/\"},{\"@type\":\"ListItem\",\"position\":2,\"name\":\"P\u0159\u00edd\u011blce kapacity\"}]},{\"@type\":\"WebSite\",\"@id\":\"https:\\\/\\\/taktici.cz\\\/#website\",\"url\":\"https:\\\/\\\/taktici.cz\\\/\",\"name\":\"taktici.cz\",\"description\":\"Unsere L\u00f6sungen leben durch Ihre Ziele\",\"publisher\":{\"@id\":\"https:\\\/\\\/taktici.cz\\\/#organization\"},\"potentialAction\":[{\"@type\":\"SearchAction\",\"target\":{\"@type\":\"EntryPoint\",\"urlTemplate\":\"https:\\\/\\\/taktici.cz\\\/?s={search_term_string}\"},\"query-input\":{\"@type\":\"PropertyValueSpecification\",\"valueRequired\":true,\"valueName\":\"search_term_string\"}}],\"inLanguage\":\"de\"},{\"@type\":\"Organization\",\"@id\":\"https:\\\/\\\/taktici.cz\\\/#organization\",\"name\":\"taktici.cz, s.r.o.\",\"url\":\"https:\\\/\\\/taktici.cz\\\/\",\"logo\":{\"@type\":\"ImageObject\",\"inLanguage\":\"de\",\"@id\":\"https:\\\/\\\/taktici.cz\\\/#\\\/schema\\\/logo\\\/image\\\/\",\"url\":\"https:\\\/\\\/taktici.cz\\\/wp-content\\\/uploads\\\/2013\\\/05\\\/logo_barevne2.png\",\"contentUrl\":\"https:\\\/\\\/taktici.cz\\\/wp-content\\\/uploads\\\/2013\\\/05\\\/logo_barevne2.png\",\"width\":208,\"height\":62,\"caption\":\"taktici.cz, s.r.o.\"},\"image\":{\"@id\":\"https:\\\/\\\/taktici.cz\\\/#\\\/schema\\\/logo\\\/image\\\/\"},\"sameAs\":[\"http:\\\/\\\/www.facebook.com\\\/taktici.cz\",\"https:\\\/\\\/x.com\\\/taktici\",\"http:\\\/\\\/www.linkedin.com\\\/company\\\/taktici-cz-s-r-o-\"]}]}<\/script>\n<!-- \/ Yoast SEO plugin. -->","yoast_head_json":{"title":"Trassenzuteiler - taktici.cz","robots":{"index":"index","follow":"follow","max-snippet":"max-snippet:-1","max-image-preview":"max-image-preview:large","max-video-preview":"max-video-preview:-1"},"canonical":"https:\/\/taktici.cz\/pridelce\/","og_locale":"de_DE","og_type":"article","og_title":"Trassenzuteiler - taktici.cz","og_description":"Unsere Gesellschaft ist ein unabh\u00e4ngiger Kapazit\u00e4tszuweiser im Sinne des Gesetzes Nr. 266\/1994 Slg. \u00fcber Eisenbahnen in seiner ge\u00e4nderten Fassung, d.h. sie besorgt selbst\u00e4ndig die Durchf\u00fchrung der Hauptt\u00e4tigkeiten f\u00fcr den Eisenbahnbetreiber, [&hellip;]","og_url":"https:\/\/taktici.cz\/pridelce\/","og_site_name":"taktici.cz","article_publisher":"http:\/\/www.facebook.com\/taktici.cz","article_modified_time":"2025-11-25T13:13:54+00:00","og_image":[{"width":1024,"height":683,"url":"https:\/\/taktici.cz\/wp-content\/uploads\/2023\/11\/kapacita.jpg","type":"image\/jpeg"}],"twitter_card":"summary_large_image","twitter_site":"@taktici","twitter_misc":{"Gesch\u00e4tzte Lesezeit":"8\u00a0Minuten"},"schema":{"@context":"https:\/\/schema.org","@graph":[{"@type":"WebPage","@id":"https:\/\/taktici.cz\/pridelce\/","url":"https:\/\/taktici.cz\/pridelce\/","name":"Trassenzuteiler - taktici.cz","isPartOf":{"@id":"https:\/\/taktici.cz\/#website"},"primaryImageOfPage":{"@id":"https:\/\/taktici.cz\/pridelce\/#primaryimage"},"image":{"@id":"https:\/\/taktici.cz\/pridelce\/#primaryimage"},"thumbnailUrl":"https:\/\/taktici.cz\/wp-content\/uploads\/2023\/11\/kapacita.jpg","datePublished":"2023-11-15T19:52:47+00:00","dateModified":"2025-11-25T13:13:54+00:00","breadcrumb":{"@id":"https:\/\/taktici.cz\/pridelce\/#breadcrumb"},"inLanguage":"de","potentialAction":[{"@type":"ReadAction","target":["https:\/\/taktici.cz\/pridelce\/"]}]},{"@type":"ImageObject","inLanguage":"de","@id":"https:\/\/taktici.cz\/pridelce\/#primaryimage","url":"https:\/\/taktici.cz\/wp-content\/uploads\/2023\/11\/kapacita.jpg","contentUrl":"https:\/\/taktici.cz\/wp-content\/uploads\/2023\/11\/kapacita.jpg","width":1024,"height":683},{"@type":"BreadcrumbList","@id":"https:\/\/taktici.cz\/pridelce\/#breadcrumb","itemListElement":[{"@type":"ListItem","position":1,"name":"Dom\u016f","item":"https:\/\/taktici.cz\/"},{"@type":"ListItem","position":2,"name":"P\u0159\u00edd\u011blce kapacity"}]},{"@type":"WebSite","@id":"https:\/\/taktici.cz\/#website","url":"https:\/\/taktici.cz\/","name":"taktici.cz","description":"Unsere L\u00f6sungen leben durch Ihre Ziele","publisher":{"@id":"https:\/\/taktici.cz\/#organization"},"potentialAction":[{"@type":"SearchAction","target":{"@type":"EntryPoint","urlTemplate":"https:\/\/taktici.cz\/?s={search_term_string}"},"query-input":{"@type":"PropertyValueSpecification","valueRequired":true,"valueName":"search_term_string"}}],"inLanguage":"de"},{"@type":"Organization","@id":"https:\/\/taktici.cz\/#organization","name":"taktici.cz, s.r.o.","url":"https:\/\/taktici.cz\/","logo":{"@type":"ImageObject","inLanguage":"de","@id":"https:\/\/taktici.cz\/#\/schema\/logo\/image\/","url":"https:\/\/taktici.cz\/wp-content\/uploads\/2013\/05\/logo_barevne2.png","contentUrl":"https:\/\/taktici.cz\/wp-content\/uploads\/2013\/05\/logo_barevne2.png","width":208,"height":62,"caption":"taktici.cz, s.r.o."},"image":{"@id":"https:\/\/taktici.cz\/#\/schema\/logo\/image\/"},"sameAs":["http:\/\/www.facebook.com\/taktici.cz","https:\/\/x.com\/taktici","http:\/\/www.linkedin.com\/company\/taktici-cz-s-r-o-"]}]}},"_links":{"self":[{"href":"https:\/\/taktici.cz\/de\/wp-json\/wp\/v2\/pages\/644","targetHints":{"allow":["GET"]}}],"collection":[{"href":"https:\/\/taktici.cz\/de\/wp-json\/wp\/v2\/pages"}],"about":[{"href":"https:\/\/taktici.cz\/de\/wp-json\/wp\/v2\/types\/page"}],"author":[{"embeddable":true,"href":"https:\/\/taktici.cz\/de\/wp-json\/wp\/v2\/users\/1"}],"replies":[{"embeddable":true,"href":"https:\/\/taktici.cz\/de\/wp-json\/wp\/v2\/comments?post=644"}],"version-history":[{"count":10,"href":"https:\/\/taktici.cz\/de\/wp-json\/wp\/v2\/pages\/644\/revisions"}],"predecessor-version":[{"id":758,"href":"https:\/\/taktici.cz\/de\/wp-json\/wp\/v2\/pages\/644\/revisions\/758"}],"wp:featuredmedia":[{"embeddable":true,"href":"https:\/\/taktici.cz\/de\/wp-json\/wp\/v2\/media\/688"}],"wp:attachment":[{"href":"https:\/\/taktici.cz\/de\/wp-json\/wp\/v2\/media?parent=644"}],"curies":[{"name":"wp","href":"https:\/\/api.w.org\/{rel}","templated":true}]}}