{"id":642,"date":"2023-11-15T20:50:16","date_gmt":"2023-11-15T19:50:16","guid":{"rendered":"https:\/\/taktici.cz\/?page_id=642"},"modified":"2026-02-05T20:52:41","modified_gmt":"2026-02-05T19:52:41","slug":"pridelce-kapacity-cd","status":"publish","type":"page","link":"https:\/\/taktici.cz\/de\/nutzungsbedingungen-cd\/","title":{"rendered":"Nutzungsbedingungen \u010cD"},"content":{"rendered":"<p>\r\n\r\n<p>Ab dem 10. Dezember 2023 sind wir eigenst\u00e4ndige Trassenzuteiler auf der von \u010cesk\u00e9 dr\u00e1hy, a. s., betriebenen landesweiten Eisenbahn, die zur Zeit die Staatsbahn Prag-Werschowitz teil Eden und Prag S\u00fcd und innere Bahnhofsteile in Bohum\u00edn (Oderberg), D\u011b\u010d\u00edn (Tetschen-Bodenbach) und Prag S\u00fcd (Praha Jih) umfasst. Die Klassifizierung des Teils Bohum\u00edn wurde zum 1. April 2024 und des Teils Prag S\u00fcd zum 1. November 2024 in ein nicht \u00f6ffentliches Anschlussgleis mit \u00f6ffentlichem Nutzung ge\u00e4ndert.<\/p>\r\n\r\n\r\n\r\n<h3>Weitere Informationen gibt es in der Nutzungsbedingungen:<\/h3>\r\n\r\n\r\n\r\n<!--h4>F\u00fcr Fahrplanperiode 2027<\/h4-->\r\n\r\n\r\n\r\n<p><a href=\"https:\/\/taktici.cz\/wp-content\/uploads\/2025\/11\/PoD-2026_2027.pdf\">Nutzungsbedingungen 2027 (zum 14. 12. 2025)<\/a><\/p>\r\n<p><a href=\"https:\/\/taktici.cz\/wp-content\/uploads\/2026\/02\/PoD-2026_2027_uprava-leden-2026.pdf\">Prohl\u00e1\u0161en\u00ed o dr\u00e1ze pro J\u0158 2026\/2027 &#8211; 1. aktualizace (k 1.2.2026)<\/a><\/p>\r\n<!--p><a href=\"\">Nutzungsbedingungen 2027 (English)<\/a><\/p-->\r\n\r\n\r\n\r\n<h4>F\u00fcr Fahrplanperiode 2026<\/h4>\r\n\r\n\r\n\r\n<p><a href=\"https:\/\/taktici.cz\/wp-content\/uploads\/2024\/11\/PoD-2025_2026.pdf\">Nutzungsbedingungen 2026 (zum 15. 12. 2024)<\/a><\/p>\r\n<p><a href=\"https:\/\/taktici.cz\/wp-content\/uploads\/2025\/10\/PoD-2025_2026_uprava-rijen-2025_SSS.pdf\">Nutzungsbedingungen 2026 &#8211; 1. \u00c4nderung (zum 1. 10. 2025)<\/a><\/p>\r\n<p><a href=\"https:\/\/taktici.cz\/wp-content\/uploads\/2025\/11\/PoD-2025_2026_uprava-prosinec-2025.pdf\">Nutzungsbedingungen 2026 &#8211; 2. \u00c4nderung (zum 14. 12. 2025)<\/a><\/p>\r\n<p><a href=\"https:\/\/taktici.cz\/wp-content\/uploads\/2026\/02\/PoD-2025_2026_uprava-leden-2026.pdf\">Prohl\u00e1\u0161en\u00ed o dr\u00e1ze pro J\u0158 2025\/2026 &#8211; 3. aktualizace (k 1.2.2026)<\/a><\/p>\r\n<p><a href=\"https:\/\/taktici.cz\/wp-content\/uploads\/2025\/10\/PoD_2025_2026_EN.pdf\">Nutzungsbedingungen 2026 (English)<\/a><\/p>\r\n\r\n\r\n\r\n<h4>F\u00fcr Fahrplanperiode 2025<\/h4>\r\n\r\n\r\n\r\n<p><a href=\"https:\/\/taktici.cz\/wp-content\/uploads\/2023\/11\/taktici_CD_PoDr_2025.pdf\">Nutzungsbedingungen 2025 (zum 10. 12. 2023)<\/a><\/p>\r\n<p><a href=\"https:\/\/taktici.cz\/wp-content\/uploads\/2024\/03\/taktici_CD_PoDr_2025_uprava_2024_04.pdf\">Nutzungsbedingungen 2025 &#8211; 1. \u00c4nderung (zum 1. 4. 2024)<\/a><\/p>\r\n<p><a href=\"https:\/\/taktici.cz\/wp-content\/uploads\/2024\/06\/PoD-2024_2025_uprava-cerven-2024_S_JJ_MK.pdf\">Nutzungsbedingungen 2025 &#8211; 2. \u00c4nderung (zum 1. 6. 2024)<\/a><\/p>\r\n<p><a href=\"https:\/\/taktici.cz\/wp-content\/uploads\/2024\/11\/PoD-2024_2025_uprava-listopad-2024.pdf\">Nutzungsbedingungen 2025 &#8211; 3. \u00c4nderung (zum 1. 11. 2024)<\/a><\/p>\r\n<p><a href=\"https:\/\/taktici.cz\/wp-content\/uploads\/2025\/10\/PoD-2024_2025_uprava-rijen-2025_SSS.pdf\">Nutzungsbedingungen 2025 &#8211; 4. \u00c4nderung (zum 1. 10. 2025)<\/a><\/p>\r\n<p><a href=\"https:\/\/taktici.cz\/wp-content\/uploads\/2024\/03\/taktici_CD_PoDr_2025_EN.pdf\">Nutzungsbedingungen 2025 (English)<\/a><\/p>\r\n\r\n\r\n\r\n<h4>F\u00fcr Fahrplanperiode 2024<\/h4>\r\n\r\n\r\n\r\n<p><a href=\"https:\/\/taktici.cz\/wp-content\/uploads\/2023\/11\/taktici_CD_PoDr_2024_uprava_2023_12.pdf\">Nutzungsbedingungen 2024 &#8211; 3. \u00c4nderung (zum 10. 12. 2023)<\/a><\/p>\r\n<p><a href=\"https:\/\/taktici.cz\/wp-content\/uploads\/2024\/03\/taktici_CD_PoDr_2024_uprava_2024_04.pdf\">Nutzungsbedingungen 2024 &#8211; 4. \u00c4nderung (zum 1. 4. 2024)<\/a><\/p>\r\n<p><a href=\"https:\/\/taktici.cz\/wp-content\/uploads\/2024\/06\/PoD-2023_2024_uprava-cerven-2024_S_JJ_MK.pdf\">Nutzungsbedingungen 2024 &#8211; 5. \u00c4nderung (zum 1. 6. 2024)<\/a><\/p>\r\n<p><a href=\"https:\/\/taktici.cz\/wp-content\/uploads\/2024\/11\/PoD-2023_2024_uprava-listopad-2024.pdf\">Nutzungsbedingungen 2024 &#8211; 6. \u00c4nderung (zum 1. 11. 2024)<\/a><\/p>\r\n<p><a href=\"https:\/\/taktici.cz\/wp-content\/uploads\/2024\/03\/taktici_CD_PoDr_2024_EN.pdf\">Nutzungsbedingungen 2024 (English)<\/a><\/p>\r\n\r\n\r\n\r\n<p>Die Nutzungsbedingungen g\u00fcltig bis zum 9. 12. 2023 sind beim ehemaligen Trassenzuteiler an der Seite <a href=\"https:\/\/pridelce.upce.cz\/\">pridelce.upce.cz<\/a> zu finden.<\/p>\r\n\r\n\r\n\r\n<p><strong>Die Antr\u00e4ge auf Kapazit\u00e4tszuweisung werden weiterhin unver\u00e4ndert in <strong><a href=\"https:\/\/pridelce.upce.cz\/\">IS PROK<\/a><\/strong> eingegeben.<\/strong><\/p>\r\n\r\n\r\n<\/p>","protected":false},"excerpt":{"rendered":"<p>Ab dem 10. Dezember 2023 sind wir eigenst\u00e4ndige Trassenzuteiler auf der von \u010cesk\u00e9 dr\u00e1hy, a. s., betriebenen landesweiten Eisenbahn, die zur Zeit die Staatsbahn Prag-Werschowitz teil Eden und Prag S\u00fcd [&hellip;]<\/p>\n","protected":false},"author":1,"featured_media":0,"parent":0,"menu_order":0,"comment_status":"closed","ping_status":"closed","template":"","meta":{"footnotes":""},"class_list":["post-642","page","type-page","status-publish","hentry"],"yoast_head":"<!-- This site is optimized with the Yoast SEO plugin v27.4 - https:\/\/yoast.com\/product\/yoast-seo-wordpress\/ -->\n<title>Nutzungsbedingungen \u010cD - taktici.cz<\/title>\n<meta name=\"robots\" content=\"index, follow, max-snippet:-1, max-image-preview:large, max-video-preview:-1\" \/>\n<link rel=\"canonical\" href=\"https:\/\/taktici.cz\/prohlaseni-o-draze-cd\/\" \/>\n<meta property=\"og:locale\" content=\"de_DE\" \/>\n<meta property=\"og:type\" content=\"article\" \/>\n<meta property=\"og:title\" content=\"Nutzungsbedingungen \u010cD - taktici.cz\" \/>\n<meta property=\"og:description\" content=\"Ab dem 10. Dezember 2023 sind wir eigenst\u00e4ndige Trassenzuteiler auf der von \u010cesk\u00e9 dr\u00e1hy, a. s., betriebenen landesweiten Eisenbahn, die zur Zeit die Staatsbahn Prag-Werschowitz teil Eden und Prag S\u00fcd [&hellip;]\" \/>\n<meta property=\"og:url\" content=\"https:\/\/taktici.cz\/prohlaseni-o-draze-cd\/\" \/>\n<meta property=\"og:site_name\" content=\"taktici.cz\" \/>\n<meta property=\"article:publisher\" content=\"http:\/\/www.facebook.com\/taktici.cz\" \/>\n<meta property=\"article:modified_time\" content=\"2026-02-05T19:52:41+00:00\" \/>\n<meta name=\"twitter:card\" content=\"summary_large_image\" \/>\n<meta name=\"twitter:site\" content=\"@taktici\" \/>\n<meta name=\"twitter:label1\" content=\"Gesch\u00e4tzte Lesezeit\" \/>\n\t<meta name=\"twitter:data1\" content=\"7\u00a0Minuten\" \/>\n<script type=\"application\/ld+json\" class=\"yoast-schema-graph\">{\"@context\":\"https:\\\/\\\/schema.org\",\"@graph\":[{\"@type\":\"WebPage\",\"@id\":\"https:\\\/\\\/taktici.cz\\\/prohlaseni-o-draze-cd\\\/\",\"url\":\"https:\\\/\\\/taktici.cz\\\/prohlaseni-o-draze-cd\\\/\",\"name\":\"Nutzungsbedingungen \u010cD - taktici.cz\",\"isPartOf\":{\"@id\":\"https:\\\/\\\/taktici.cz\\\/#website\"},\"datePublished\":\"2023-11-15T19:50:16+00:00\",\"dateModified\":\"2026-02-05T19:52:41+00:00\",\"breadcrumb\":{\"@id\":\"https:\\\/\\\/taktici.cz\\\/prohlaseni-o-draze-cd\\\/#breadcrumb\"},\"inLanguage\":\"de\",\"potentialAction\":[{\"@type\":\"ReadAction\",\"target\":[\"https:\\\/\\\/taktici.cz\\\/prohlaseni-o-draze-cd\\\/\"]}]},{\"@type\":\"BreadcrumbList\",\"@id\":\"https:\\\/\\\/taktici.cz\\\/prohlaseni-o-draze-cd\\\/#breadcrumb\",\"itemListElement\":[{\"@type\":\"ListItem\",\"position\":1,\"name\":\"Dom\u016f\",\"item\":\"https:\\\/\\\/taktici.cz\\\/\"},{\"@type\":\"ListItem\",\"position\":2,\"name\":\"Prohl\u00e1\u0161en\u00ed o dr\u00e1ze celost\u00e1tn\u00ed \u010cD\"}]},{\"@type\":\"WebSite\",\"@id\":\"https:\\\/\\\/taktici.cz\\\/#website\",\"url\":\"https:\\\/\\\/taktici.cz\\\/\",\"name\":\"taktici.cz\",\"description\":\"Unsere L\u00f6sungen leben durch Ihre Ziele\",\"publisher\":{\"@id\":\"https:\\\/\\\/taktici.cz\\\/#organization\"},\"potentialAction\":[{\"@type\":\"SearchAction\",\"target\":{\"@type\":\"EntryPoint\",\"urlTemplate\":\"https:\\\/\\\/taktici.cz\\\/?s={search_term_string}\"},\"query-input\":{\"@type\":\"PropertyValueSpecification\",\"valueRequired\":true,\"valueName\":\"search_term_string\"}}],\"inLanguage\":\"de\"},{\"@type\":\"Organization\",\"@id\":\"https:\\\/\\\/taktici.cz\\\/#organization\",\"name\":\"taktici.cz, s.r.o.\",\"url\":\"https:\\\/\\\/taktici.cz\\\/\",\"logo\":{\"@type\":\"ImageObject\",\"inLanguage\":\"de\",\"@id\":\"https:\\\/\\\/taktici.cz\\\/#\\\/schema\\\/logo\\\/image\\\/\",\"url\":\"https:\\\/\\\/taktici.cz\\\/wp-content\\\/uploads\\\/2013\\\/05\\\/logo_barevne2.png\",\"contentUrl\":\"https:\\\/\\\/taktici.cz\\\/wp-content\\\/uploads\\\/2013\\\/05\\\/logo_barevne2.png\",\"width\":208,\"height\":62,\"caption\":\"taktici.cz, s.r.o.\"},\"image\":{\"@id\":\"https:\\\/\\\/taktici.cz\\\/#\\\/schema\\\/logo\\\/image\\\/\"},\"sameAs\":[\"http:\\\/\\\/www.facebook.com\\\/taktici.cz\",\"https:\\\/\\\/x.com\\\/taktici\",\"http:\\\/\\\/www.linkedin.com\\\/company\\\/taktici-cz-s-r-o-\"]}]}<\/script>\n<!-- \/ Yoast SEO plugin. -->","yoast_head_json":{"title":"Nutzungsbedingungen \u010cD - taktici.cz","robots":{"index":"index","follow":"follow","max-snippet":"max-snippet:-1","max-image-preview":"max-image-preview:large","max-video-preview":"max-video-preview:-1"},"canonical":"https:\/\/taktici.cz\/prohlaseni-o-draze-cd\/","og_locale":"de_DE","og_type":"article","og_title":"Nutzungsbedingungen \u010cD - taktici.cz","og_description":"Ab dem 10. Dezember 2023 sind wir eigenst\u00e4ndige Trassenzuteiler auf der von \u010cesk\u00e9 dr\u00e1hy, a. s., betriebenen landesweiten Eisenbahn, die zur Zeit die Staatsbahn Prag-Werschowitz teil Eden und Prag S\u00fcd [&hellip;]","og_url":"https:\/\/taktici.cz\/prohlaseni-o-draze-cd\/","og_site_name":"taktici.cz","article_publisher":"http:\/\/www.facebook.com\/taktici.cz","article_modified_time":"2026-02-05T19:52:41+00:00","twitter_card":"summary_large_image","twitter_site":"@taktici","twitter_misc":{"Gesch\u00e4tzte Lesezeit":"7\u00a0Minuten"},"schema":{"@context":"https:\/\/schema.org","@graph":[{"@type":"WebPage","@id":"https:\/\/taktici.cz\/prohlaseni-o-draze-cd\/","url":"https:\/\/taktici.cz\/prohlaseni-o-draze-cd\/","name":"Nutzungsbedingungen \u010cD - taktici.cz","isPartOf":{"@id":"https:\/\/taktici.cz\/#website"},"datePublished":"2023-11-15T19:50:16+00:00","dateModified":"2026-02-05T19:52:41+00:00","breadcrumb":{"@id":"https:\/\/taktici.cz\/prohlaseni-o-draze-cd\/#breadcrumb"},"inLanguage":"de","potentialAction":[{"@type":"ReadAction","target":["https:\/\/taktici.cz\/prohlaseni-o-draze-cd\/"]}]},{"@type":"BreadcrumbList","@id":"https:\/\/taktici.cz\/prohlaseni-o-draze-cd\/#breadcrumb","itemListElement":[{"@type":"ListItem","position":1,"name":"Dom\u016f","item":"https:\/\/taktici.cz\/"},{"@type":"ListItem","position":2,"name":"Prohl\u00e1\u0161en\u00ed o dr\u00e1ze celost\u00e1tn\u00ed \u010cD"}]},{"@type":"WebSite","@id":"https:\/\/taktici.cz\/#website","url":"https:\/\/taktici.cz\/","name":"taktici.cz","description":"Unsere L\u00f6sungen leben durch Ihre Ziele","publisher":{"@id":"https:\/\/taktici.cz\/#organization"},"potentialAction":[{"@type":"SearchAction","target":{"@type":"EntryPoint","urlTemplate":"https:\/\/taktici.cz\/?s={search_term_string}"},"query-input":{"@type":"PropertyValueSpecification","valueRequired":true,"valueName":"search_term_string"}}],"inLanguage":"de"},{"@type":"Organization","@id":"https:\/\/taktici.cz\/#organization","name":"taktici.cz, s.r.o.","url":"https:\/\/taktici.cz\/","logo":{"@type":"ImageObject","inLanguage":"de","@id":"https:\/\/taktici.cz\/#\/schema\/logo\/image\/","url":"https:\/\/taktici.cz\/wp-content\/uploads\/2013\/05\/logo_barevne2.png","contentUrl":"https:\/\/taktici.cz\/wp-content\/uploads\/2013\/05\/logo_barevne2.png","width":208,"height":62,"caption":"taktici.cz, s.r.o."},"image":{"@id":"https:\/\/taktici.cz\/#\/schema\/logo\/image\/"},"sameAs":["http:\/\/www.facebook.com\/taktici.cz","https:\/\/x.com\/taktici","http:\/\/www.linkedin.com\/company\/taktici-cz-s-r-o-"]}]}},"_links":{"self":[{"href":"https:\/\/taktici.cz\/de\/wp-json\/wp\/v2\/pages\/642","targetHints":{"allow":["GET"]}}],"collection":[{"href":"https:\/\/taktici.cz\/de\/wp-json\/wp\/v2\/pages"}],"about":[{"href":"https:\/\/taktici.cz\/de\/wp-json\/wp\/v2\/types\/page"}],"author":[{"embeddable":true,"href":"https:\/\/taktici.cz\/de\/wp-json\/wp\/v2\/users\/1"}],"replies":[{"embeddable":true,"href":"https:\/\/taktici.cz\/de\/wp-json\/wp\/v2\/comments?post=642"}],"version-history":[{"count":28,"href":"https:\/\/taktici.cz\/de\/wp-json\/wp\/v2\/pages\/642\/revisions"}],"predecessor-version":[{"id":768,"href":"https:\/\/taktici.cz\/de\/wp-json\/wp\/v2\/pages\/642\/revisions\/768"}],"wp:attachment":[{"href":"https:\/\/taktici.cz\/de\/wp-json\/wp\/v2\/media?parent=642"}],"curies":[{"name":"wp","href":"https:\/\/api.w.org\/{rel}","templated":true}]}}