{"id":42,"date":"2013-04-30T16:01:15","date_gmt":"2013-04-30T16:01:15","guid":{"rendered":"http:\/\/taktici.cz\/wordpress\/\/?page_id=42"},"modified":"2017-03-19T22:35:55","modified_gmt":"2017-03-19T21:35:55","slug":"dopravni-technologie","status":"publish","type":"page","link":"https:\/\/taktici.cz\/de\/verkehrstechnologie\/","title":{"rendered":"Verkehrstechnologie"},"content":{"rendered":"<p>Hauptbestreben der Transporttechnologie ist es die Bed\u00fcrfnisse der Eisenbahnverkehrsunternehmen, die sich haupts\u00e4chlich durch die Nachfrage der Fahrg\u00e4ste und G\u00fctertransporte ergibt, mit den Kapazit\u00e4ten der Eisenbahninfrastruktur in Einklang zu bringen. Hauptaufgabe ist es einen Fahrplan in Abh\u00e4ngigkeit der Nachfrage zu erstellen, der zusammen mit anderen Schl\u00fcsselkomponente das klassische Verkehrsplanungsdreieck Verkehrskonzept (Angebot) \u2013 Infrastruktur \u2013 Fahrzeuge ergibt.<\/p>\n<p>Unsere Philosophie ist es, systematische Schienennetzplanung f\u00fcr den Personen- sowie f\u00fcr den G\u00fcterverkehr nach den Prinzipien des Integrierten Taktfahrplans (ITF) durchzuf\u00fchren. Die Grundlagen wurden in der Tschechischen Republik durch das Forschungs- und Entwicklungsprojekt \u201eKonfiguration der ITF-Knoten im Schienennetz der Tschechischen Republik\u201c gelegt, wo auch die Gr\u00fcnder der Gesellschaft taktici.cz in den Jahren 2007 bis 2009 t\u00e4tig waren.<\/p>\n<p>Als Software-Unterst\u00fctzung im Bereich Verkehrstechnologie nutzen wir das Softwarepaket <abbr title=\"Fahrplanbearbeitungssystem\">FBS\/iPlan<\/abbr>\u00a0von <abbr title=\"Institut f\u00fcr Regional- und Fernverkehrsplanung\">iRFP<\/abbr>.<\/p>","protected":false},"excerpt":{"rendered":"<p>Hauptbestreben der Transporttechnologie ist es die Bed\u00fcrfnisse der Eisenbahnverkehrsunternehmen, die sich haupts\u00e4chlich durch die Nachfrage der Fahrg\u00e4ste und G\u00fctertransporte ergibt, mit den Kapazit\u00e4ten der Eisenbahninfrastruktur in Einklang zu bringen. Hauptaufgabe [&hellip;]<\/p>\n","protected":false},"author":1,"featured_media":145,"parent":0,"menu_order":0,"comment_status":"closed","ping_status":"closed","template":"","meta":{"footnotes":""},"class_list":["post-42","page","type-page","status-publish","has-post-thumbnail","hentry"],"yoast_head":"<!-- This site is optimized with the Yoast SEO plugin v27.4 - https:\/\/yoast.com\/product\/yoast-seo-wordpress\/ -->\n<title>Verkehrstechnologie - taktici.cz<\/title>\n<meta name=\"robots\" content=\"index, follow, max-snippet:-1, max-image-preview:large, max-video-preview:-1\" \/>\n<link rel=\"canonical\" href=\"https:\/\/taktici.cz\/dopravni-technologie\/\" \/>\n<meta property=\"og:locale\" content=\"de_DE\" \/>\n<meta property=\"og:type\" content=\"article\" \/>\n<meta property=\"og:title\" content=\"Verkehrstechnologie - taktici.cz\" \/>\n<meta property=\"og:description\" content=\"Hauptbestreben der Transporttechnologie ist es die Bed\u00fcrfnisse der Eisenbahnverkehrsunternehmen, die sich haupts\u00e4chlich durch die Nachfrage der Fahrg\u00e4ste und G\u00fctertransporte ergibt, mit den Kapazit\u00e4ten der Eisenbahninfrastruktur in Einklang zu bringen. Hauptaufgabe [&hellip;]\" \/>\n<meta property=\"og:url\" content=\"https:\/\/taktici.cz\/dopravni-technologie\/\" \/>\n<meta property=\"og:site_name\" content=\"taktici.cz\" \/>\n<meta property=\"article:publisher\" content=\"http:\/\/www.facebook.com\/taktici.cz\" \/>\n<meta property=\"article:modified_time\" content=\"2017-03-19T21:35:55+00:00\" \/>\n<meta property=\"og:image\" content=\"https:\/\/taktici.cz\/wp-content\/uploads\/2013\/09\/fbs.png\" \/>\n\t<meta property=\"og:image:width\" content=\"1331\" \/>\n\t<meta property=\"og:image:height\" content=\"1043\" \/>\n\t<meta property=\"og:image:type\" content=\"image\/png\" \/>\n<meta name=\"twitter:card\" content=\"summary_large_image\" \/>\n<meta name=\"twitter:site\" content=\"@taktici\" \/>\n<meta name=\"twitter:label1\" content=\"Gesch\u00e4tzte Lesezeit\" \/>\n\t<meta name=\"twitter:data1\" content=\"4\u00a0Minuten\" \/>\n<script type=\"application\/ld+json\" class=\"yoast-schema-graph\">{\"@context\":\"https:\\\/\\\/schema.org\",\"@graph\":[{\"@type\":\"WebPage\",\"@id\":\"https:\\\/\\\/taktici.cz\\\/dopravni-technologie\\\/\",\"url\":\"https:\\\/\\\/taktici.cz\\\/dopravni-technologie\\\/\",\"name\":\"Verkehrstechnologie - taktici.cz\",\"isPartOf\":{\"@id\":\"https:\\\/\\\/taktici.cz\\\/#website\"},\"primaryImageOfPage\":{\"@id\":\"https:\\\/\\\/taktici.cz\\\/dopravni-technologie\\\/#primaryimage\"},\"image\":{\"@id\":\"https:\\\/\\\/taktici.cz\\\/dopravni-technologie\\\/#primaryimage\"},\"thumbnailUrl\":\"https:\\\/\\\/taktici.cz\\\/wp-content\\\/uploads\\\/2013\\\/09\\\/fbs.png\",\"datePublished\":\"2013-04-30T16:01:15+00:00\",\"dateModified\":\"2017-03-19T21:35:55+00:00\",\"breadcrumb\":{\"@id\":\"https:\\\/\\\/taktici.cz\\\/dopravni-technologie\\\/#breadcrumb\"},\"inLanguage\":\"de\",\"potentialAction\":[{\"@type\":\"ReadAction\",\"target\":[\"https:\\\/\\\/taktici.cz\\\/dopravni-technologie\\\/\"]}]},{\"@type\":\"ImageObject\",\"inLanguage\":\"de\",\"@id\":\"https:\\\/\\\/taktici.cz\\\/dopravni-technologie\\\/#primaryimage\",\"url\":\"https:\\\/\\\/taktici.cz\\\/wp-content\\\/uploads\\\/2013\\\/09\\\/fbs.png\",\"contentUrl\":\"https:\\\/\\\/taktici.cz\\\/wp-content\\\/uploads\\\/2013\\\/09\\\/fbs.png\",\"width\":1331,\"height\":1043},{\"@type\":\"BreadcrumbList\",\"@id\":\"https:\\\/\\\/taktici.cz\\\/dopravni-technologie\\\/#breadcrumb\",\"itemListElement\":[{\"@type\":\"ListItem\",\"position\":1,\"name\":\"Dom\u016f\",\"item\":\"https:\\\/\\\/taktici.cz\\\/\"},{\"@type\":\"ListItem\",\"position\":2,\"name\":\"Dopravn\u00ed technologie\"}]},{\"@type\":\"WebSite\",\"@id\":\"https:\\\/\\\/taktici.cz\\\/#website\",\"url\":\"https:\\\/\\\/taktici.cz\\\/\",\"name\":\"taktici.cz\",\"description\":\"Unsere L\u00f6sungen leben durch Ihre Ziele\",\"publisher\":{\"@id\":\"https:\\\/\\\/taktici.cz\\\/#organization\"},\"potentialAction\":[{\"@type\":\"SearchAction\",\"target\":{\"@type\":\"EntryPoint\",\"urlTemplate\":\"https:\\\/\\\/taktici.cz\\\/?s={search_term_string}\"},\"query-input\":{\"@type\":\"PropertyValueSpecification\",\"valueRequired\":true,\"valueName\":\"search_term_string\"}}],\"inLanguage\":\"de\"},{\"@type\":\"Organization\",\"@id\":\"https:\\\/\\\/taktici.cz\\\/#organization\",\"name\":\"taktici.cz, s.r.o.\",\"url\":\"https:\\\/\\\/taktici.cz\\\/\",\"logo\":{\"@type\":\"ImageObject\",\"inLanguage\":\"de\",\"@id\":\"https:\\\/\\\/taktici.cz\\\/#\\\/schema\\\/logo\\\/image\\\/\",\"url\":\"https:\\\/\\\/taktici.cz\\\/wp-content\\\/uploads\\\/2013\\\/05\\\/logo_barevne2.png\",\"contentUrl\":\"https:\\\/\\\/taktici.cz\\\/wp-content\\\/uploads\\\/2013\\\/05\\\/logo_barevne2.png\",\"width\":208,\"height\":62,\"caption\":\"taktici.cz, s.r.o.\"},\"image\":{\"@id\":\"https:\\\/\\\/taktici.cz\\\/#\\\/schema\\\/logo\\\/image\\\/\"},\"sameAs\":[\"http:\\\/\\\/www.facebook.com\\\/taktici.cz\",\"https:\\\/\\\/x.com\\\/taktici\",\"http:\\\/\\\/www.linkedin.com\\\/company\\\/taktici-cz-s-r-o-\"]}]}<\/script>\n<!-- \/ Yoast SEO plugin. -->","yoast_head_json":{"title":"Verkehrstechnologie - taktici.cz","robots":{"index":"index","follow":"follow","max-snippet":"max-snippet:-1","max-image-preview":"max-image-preview:large","max-video-preview":"max-video-preview:-1"},"canonical":"https:\/\/taktici.cz\/dopravni-technologie\/","og_locale":"de_DE","og_type":"article","og_title":"Verkehrstechnologie - taktici.cz","og_description":"Hauptbestreben der Transporttechnologie ist es die Bed\u00fcrfnisse der Eisenbahnverkehrsunternehmen, die sich haupts\u00e4chlich durch die Nachfrage der Fahrg\u00e4ste und G\u00fctertransporte ergibt, mit den Kapazit\u00e4ten der Eisenbahninfrastruktur in Einklang zu bringen. Hauptaufgabe [&hellip;]","og_url":"https:\/\/taktici.cz\/dopravni-technologie\/","og_site_name":"taktici.cz","article_publisher":"http:\/\/www.facebook.com\/taktici.cz","article_modified_time":"2017-03-19T21:35:55+00:00","og_image":[{"width":1331,"height":1043,"url":"https:\/\/taktici.cz\/wp-content\/uploads\/2013\/09\/fbs.png","type":"image\/png"}],"twitter_card":"summary_large_image","twitter_site":"@taktici","twitter_misc":{"Gesch\u00e4tzte Lesezeit":"4\u00a0Minuten"},"schema":{"@context":"https:\/\/schema.org","@graph":[{"@type":"WebPage","@id":"https:\/\/taktici.cz\/dopravni-technologie\/","url":"https:\/\/taktici.cz\/dopravni-technologie\/","name":"Verkehrstechnologie - taktici.cz","isPartOf":{"@id":"https:\/\/taktici.cz\/#website"},"primaryImageOfPage":{"@id":"https:\/\/taktici.cz\/dopravni-technologie\/#primaryimage"},"image":{"@id":"https:\/\/taktici.cz\/dopravni-technologie\/#primaryimage"},"thumbnailUrl":"https:\/\/taktici.cz\/wp-content\/uploads\/2013\/09\/fbs.png","datePublished":"2013-04-30T16:01:15+00:00","dateModified":"2017-03-19T21:35:55+00:00","breadcrumb":{"@id":"https:\/\/taktici.cz\/dopravni-technologie\/#breadcrumb"},"inLanguage":"de","potentialAction":[{"@type":"ReadAction","target":["https:\/\/taktici.cz\/dopravni-technologie\/"]}]},{"@type":"ImageObject","inLanguage":"de","@id":"https:\/\/taktici.cz\/dopravni-technologie\/#primaryimage","url":"https:\/\/taktici.cz\/wp-content\/uploads\/2013\/09\/fbs.png","contentUrl":"https:\/\/taktici.cz\/wp-content\/uploads\/2013\/09\/fbs.png","width":1331,"height":1043},{"@type":"BreadcrumbList","@id":"https:\/\/taktici.cz\/dopravni-technologie\/#breadcrumb","itemListElement":[{"@type":"ListItem","position":1,"name":"Dom\u016f","item":"https:\/\/taktici.cz\/"},{"@type":"ListItem","position":2,"name":"Dopravn\u00ed technologie"}]},{"@type":"WebSite","@id":"https:\/\/taktici.cz\/#website","url":"https:\/\/taktici.cz\/","name":"taktici.cz","description":"Unsere L\u00f6sungen leben durch Ihre Ziele","publisher":{"@id":"https:\/\/taktici.cz\/#organization"},"potentialAction":[{"@type":"SearchAction","target":{"@type":"EntryPoint","urlTemplate":"https:\/\/taktici.cz\/?s={search_term_string}"},"query-input":{"@type":"PropertyValueSpecification","valueRequired":true,"valueName":"search_term_string"}}],"inLanguage":"de"},{"@type":"Organization","@id":"https:\/\/taktici.cz\/#organization","name":"taktici.cz, s.r.o.","url":"https:\/\/taktici.cz\/","logo":{"@type":"ImageObject","inLanguage":"de","@id":"https:\/\/taktici.cz\/#\/schema\/logo\/image\/","url":"https:\/\/taktici.cz\/wp-content\/uploads\/2013\/05\/logo_barevne2.png","contentUrl":"https:\/\/taktici.cz\/wp-content\/uploads\/2013\/05\/logo_barevne2.png","width":208,"height":62,"caption":"taktici.cz, s.r.o."},"image":{"@id":"https:\/\/taktici.cz\/#\/schema\/logo\/image\/"},"sameAs":["http:\/\/www.facebook.com\/taktici.cz","https:\/\/x.com\/taktici","http:\/\/www.linkedin.com\/company\/taktici-cz-s-r-o-"]}]}},"_links":{"self":[{"href":"https:\/\/taktici.cz\/de\/wp-json\/wp\/v2\/pages\/42","targetHints":{"allow":["GET"]}}],"collection":[{"href":"https:\/\/taktici.cz\/de\/wp-json\/wp\/v2\/pages"}],"about":[{"href":"https:\/\/taktici.cz\/de\/wp-json\/wp\/v2\/types\/page"}],"author":[{"embeddable":true,"href":"https:\/\/taktici.cz\/de\/wp-json\/wp\/v2\/users\/1"}],"replies":[{"embeddable":true,"href":"https:\/\/taktici.cz\/de\/wp-json\/wp\/v2\/comments?post=42"}],"version-history":[{"count":29,"href":"https:\/\/taktici.cz\/de\/wp-json\/wp\/v2\/pages\/42\/revisions"}],"predecessor-version":[{"id":549,"href":"https:\/\/taktici.cz\/de\/wp-json\/wp\/v2\/pages\/42\/revisions\/549"}],"wp:featuredmedia":[{"embeddable":true,"href":"https:\/\/taktici.cz\/de\/wp-json\/wp\/v2\/media\/145"}],"wp:attachment":[{"href":"https:\/\/taktici.cz\/de\/wp-json\/wp\/v2\/media?parent=42"}],"curies":[{"name":"wp","href":"https:\/\/api.w.org\/{rel}","templated":true}]}}