{"id":39,"date":"2013-04-30T16:00:30","date_gmt":"2013-04-30T16:00:30","guid":{"rendered":"http:\/\/taktici.cz\/wordpress\/\/?page_id=39"},"modified":"2017-03-22T09:20:25","modified_gmt":"2017-03-22T08:20:25","slug":"modelovani-prepravnich-vztahu","status":"publish","type":"page","link":"https:\/\/taktici.cz\/de\/modellierung-von-verkehrsbeziehungen\/","title":{"rendered":"Modellierung von Verkehrsbeziehungen"},"content":{"rendered":"<p>Die makroskopische Verkehrsmodellierung ist ein wesentlicher Bestandteil der Verkehrsplanung. Ziel ist es das Reiseverhalten von Menschen zu beschreiben bzw. das zuk\u00fcnftige Verhalten vorherzusehen. Die Modellierung fokussiert nicht nur auf dem Verkehrstr\u00e4ger Schiene sondern betrachtet alle Verkehrstr\u00e4ger \u00fcbergreifend.<br \/>\nAls Grundlage dient das sogenannte Vier-Stufen-Verkehrsmodell. Anhand des Modells ist es m\u00f6glich, die Nachfrage mit Angaben zu Ziel, H\u00e4ufigkeit, Anzahl und Transportmittelwahl zu beurteilen.<br \/>\nGem\u00e4\u00df unserer Unternehmensphilosophie bem\u00fchen wir uns stets die\u00a0neuesten und innovativsten Regelungen und Verfahren in die Alltagspraxis der makroskopischen Verkehrsmodellierung zu integrieren. F\u00fcr alle Aufgaben im Bereich Verkehrsmodellierung, nutzen wir das Softwaretool <a href=\"http:\/\/vision-traffic.ptvgroup.com\/en-uk\/products\/ptv-visum\/\">VISUM<\/a> der PTV Group.<br \/>\nWir bieten die Entwicklung makroskopischer Verkehrsmodelle an, die unterst\u00fctzend f\u00fcr die Planung der \u00f6ffentlichen Verkehrssysteme sowie f\u00fcr den Individualverkehr benutzt werden k\u00f6nnen.<br \/>\nF\u00fcr Eisenbahn Bauprojekte erstellen wir Verkehrsprognosen um die wirtschaftliche Bewertung dieser zu unterst\u00fctzen.<\/p>","protected":false},"excerpt":{"rendered":"<p>Die makroskopische Verkehrsmodellierung ist ein wesentlicher Bestandteil der Verkehrsplanung. Ziel ist es das Reiseverhalten von Menschen zu beschreiben bzw. das zuk\u00fcnftige Verhalten vorherzusehen. Die Modellierung fokussiert nicht nur auf dem [&hellip;]<\/p>\n","protected":false},"author":1,"featured_media":146,"parent":0,"menu_order":0,"comment_status":"closed","ping_status":"closed","template":"","meta":{"footnotes":""},"class_list":["post-39","page","type-page","status-publish","has-post-thumbnail","hentry"],"yoast_head":"<!-- This site is optimized with the Yoast SEO plugin v27.4 - https:\/\/yoast.com\/product\/yoast-seo-wordpress\/ -->\n<title>Modellierung von Verkehrsbeziehungen - taktici.cz<\/title>\n<meta name=\"robots\" content=\"index, follow, max-snippet:-1, max-image-preview:large, max-video-preview:-1\" \/>\n<link rel=\"canonical\" href=\"https:\/\/taktici.cz\/modelovani-prepravnich-vztahu\/\" \/>\n<meta property=\"og:locale\" content=\"de_DE\" \/>\n<meta property=\"og:type\" content=\"article\" \/>\n<meta property=\"og:title\" content=\"Modellierung von Verkehrsbeziehungen - taktici.cz\" \/>\n<meta property=\"og:description\" content=\"Die makroskopische Verkehrsmodellierung ist ein wesentlicher Bestandteil der Verkehrsplanung. Ziel ist es das Reiseverhalten von Menschen zu beschreiben bzw. das zuk\u00fcnftige Verhalten vorherzusehen. Die Modellierung fokussiert nicht nur auf dem [&hellip;]\" \/>\n<meta property=\"og:url\" content=\"https:\/\/taktici.cz\/modelovani-prepravnich-vztahu\/\" \/>\n<meta property=\"og:site_name\" content=\"taktici.cz\" \/>\n<meta property=\"article:publisher\" content=\"http:\/\/www.facebook.com\/taktici.cz\" \/>\n<meta property=\"article:modified_time\" content=\"2017-03-22T08:20:25+00:00\" \/>\n<meta property=\"og:image\" content=\"https:\/\/taktici.cz\/wp-content\/uploads\/2013\/09\/visum.jpg\" \/>\n\t<meta property=\"og:image:width\" content=\"843\" \/>\n\t<meta property=\"og:image:height\" content=\"900\" \/>\n\t<meta property=\"og:image:type\" content=\"image\/jpeg\" \/>\n<meta name=\"twitter:card\" content=\"summary_large_image\" \/>\n<meta name=\"twitter:site\" content=\"@taktici\" \/>\n<meta name=\"twitter:label1\" content=\"Gesch\u00e4tzte Lesezeit\" \/>\n\t<meta name=\"twitter:data1\" content=\"4\u00a0Minuten\" \/>\n<script type=\"application\/ld+json\" class=\"yoast-schema-graph\">{\"@context\":\"https:\\\/\\\/schema.org\",\"@graph\":[{\"@type\":\"WebPage\",\"@id\":\"https:\\\/\\\/taktici.cz\\\/modelovani-prepravnich-vztahu\\\/\",\"url\":\"https:\\\/\\\/taktici.cz\\\/modelovani-prepravnich-vztahu\\\/\",\"name\":\"Modellierung von Verkehrsbeziehungen - taktici.cz\",\"isPartOf\":{\"@id\":\"https:\\\/\\\/taktici.cz\\\/#website\"},\"primaryImageOfPage\":{\"@id\":\"https:\\\/\\\/taktici.cz\\\/modelovani-prepravnich-vztahu\\\/#primaryimage\"},\"image\":{\"@id\":\"https:\\\/\\\/taktici.cz\\\/modelovani-prepravnich-vztahu\\\/#primaryimage\"},\"thumbnailUrl\":\"https:\\\/\\\/taktici.cz\\\/wp-content\\\/uploads\\\/2013\\\/09\\\/visum.jpg\",\"datePublished\":\"2013-04-30T16:00:30+00:00\",\"dateModified\":\"2017-03-22T08:20:25+00:00\",\"breadcrumb\":{\"@id\":\"https:\\\/\\\/taktici.cz\\\/modelovani-prepravnich-vztahu\\\/#breadcrumb\"},\"inLanguage\":\"de\",\"potentialAction\":[{\"@type\":\"ReadAction\",\"target\":[\"https:\\\/\\\/taktici.cz\\\/modelovani-prepravnich-vztahu\\\/\"]}]},{\"@type\":\"ImageObject\",\"inLanguage\":\"de\",\"@id\":\"https:\\\/\\\/taktici.cz\\\/modelovani-prepravnich-vztahu\\\/#primaryimage\",\"url\":\"https:\\\/\\\/taktici.cz\\\/wp-content\\\/uploads\\\/2013\\\/09\\\/visum.jpg\",\"contentUrl\":\"https:\\\/\\\/taktici.cz\\\/wp-content\\\/uploads\\\/2013\\\/09\\\/visum.jpg\",\"width\":843,\"height\":900},{\"@type\":\"BreadcrumbList\",\"@id\":\"https:\\\/\\\/taktici.cz\\\/modelovani-prepravnich-vztahu\\\/#breadcrumb\",\"itemListElement\":[{\"@type\":\"ListItem\",\"position\":1,\"name\":\"Dom\u016f\",\"item\":\"https:\\\/\\\/taktici.cz\\\/\"},{\"@type\":\"ListItem\",\"position\":2,\"name\":\"Modelov\u00e1n\u00ed p\u0159epravn\u00edch vztah\u016f\"}]},{\"@type\":\"WebSite\",\"@id\":\"https:\\\/\\\/taktici.cz\\\/#website\",\"url\":\"https:\\\/\\\/taktici.cz\\\/\",\"name\":\"taktici.cz\",\"description\":\"Unsere L\u00f6sungen leben durch Ihre Ziele\",\"publisher\":{\"@id\":\"https:\\\/\\\/taktici.cz\\\/#organization\"},\"potentialAction\":[{\"@type\":\"SearchAction\",\"target\":{\"@type\":\"EntryPoint\",\"urlTemplate\":\"https:\\\/\\\/taktici.cz\\\/?s={search_term_string}\"},\"query-input\":{\"@type\":\"PropertyValueSpecification\",\"valueRequired\":true,\"valueName\":\"search_term_string\"}}],\"inLanguage\":\"de\"},{\"@type\":\"Organization\",\"@id\":\"https:\\\/\\\/taktici.cz\\\/#organization\",\"name\":\"taktici.cz, s.r.o.\",\"url\":\"https:\\\/\\\/taktici.cz\\\/\",\"logo\":{\"@type\":\"ImageObject\",\"inLanguage\":\"de\",\"@id\":\"https:\\\/\\\/taktici.cz\\\/#\\\/schema\\\/logo\\\/image\\\/\",\"url\":\"https:\\\/\\\/taktici.cz\\\/wp-content\\\/uploads\\\/2013\\\/05\\\/logo_barevne2.png\",\"contentUrl\":\"https:\\\/\\\/taktici.cz\\\/wp-content\\\/uploads\\\/2013\\\/05\\\/logo_barevne2.png\",\"width\":208,\"height\":62,\"caption\":\"taktici.cz, s.r.o.\"},\"image\":{\"@id\":\"https:\\\/\\\/taktici.cz\\\/#\\\/schema\\\/logo\\\/image\\\/\"},\"sameAs\":[\"http:\\\/\\\/www.facebook.com\\\/taktici.cz\",\"https:\\\/\\\/x.com\\\/taktici\",\"http:\\\/\\\/www.linkedin.com\\\/company\\\/taktici-cz-s-r-o-\"]}]}<\/script>\n<!-- \/ Yoast SEO plugin. -->","yoast_head_json":{"title":"Modellierung von Verkehrsbeziehungen - taktici.cz","robots":{"index":"index","follow":"follow","max-snippet":"max-snippet:-1","max-image-preview":"max-image-preview:large","max-video-preview":"max-video-preview:-1"},"canonical":"https:\/\/taktici.cz\/modelovani-prepravnich-vztahu\/","og_locale":"de_DE","og_type":"article","og_title":"Modellierung von Verkehrsbeziehungen - taktici.cz","og_description":"Die makroskopische Verkehrsmodellierung ist ein wesentlicher Bestandteil der Verkehrsplanung. Ziel ist es das Reiseverhalten von Menschen zu beschreiben bzw. das zuk\u00fcnftige Verhalten vorherzusehen. Die Modellierung fokussiert nicht nur auf dem [&hellip;]","og_url":"https:\/\/taktici.cz\/modelovani-prepravnich-vztahu\/","og_site_name":"taktici.cz","article_publisher":"http:\/\/www.facebook.com\/taktici.cz","article_modified_time":"2017-03-22T08:20:25+00:00","og_image":[{"width":843,"height":900,"url":"https:\/\/taktici.cz\/wp-content\/uploads\/2013\/09\/visum.jpg","type":"image\/jpeg"}],"twitter_card":"summary_large_image","twitter_site":"@taktici","twitter_misc":{"Gesch\u00e4tzte Lesezeit":"4\u00a0Minuten"},"schema":{"@context":"https:\/\/schema.org","@graph":[{"@type":"WebPage","@id":"https:\/\/taktici.cz\/modelovani-prepravnich-vztahu\/","url":"https:\/\/taktici.cz\/modelovani-prepravnich-vztahu\/","name":"Modellierung von Verkehrsbeziehungen - taktici.cz","isPartOf":{"@id":"https:\/\/taktici.cz\/#website"},"primaryImageOfPage":{"@id":"https:\/\/taktici.cz\/modelovani-prepravnich-vztahu\/#primaryimage"},"image":{"@id":"https:\/\/taktici.cz\/modelovani-prepravnich-vztahu\/#primaryimage"},"thumbnailUrl":"https:\/\/taktici.cz\/wp-content\/uploads\/2013\/09\/visum.jpg","datePublished":"2013-04-30T16:00:30+00:00","dateModified":"2017-03-22T08:20:25+00:00","breadcrumb":{"@id":"https:\/\/taktici.cz\/modelovani-prepravnich-vztahu\/#breadcrumb"},"inLanguage":"de","potentialAction":[{"@type":"ReadAction","target":["https:\/\/taktici.cz\/modelovani-prepravnich-vztahu\/"]}]},{"@type":"ImageObject","inLanguage":"de","@id":"https:\/\/taktici.cz\/modelovani-prepravnich-vztahu\/#primaryimage","url":"https:\/\/taktici.cz\/wp-content\/uploads\/2013\/09\/visum.jpg","contentUrl":"https:\/\/taktici.cz\/wp-content\/uploads\/2013\/09\/visum.jpg","width":843,"height":900},{"@type":"BreadcrumbList","@id":"https:\/\/taktici.cz\/modelovani-prepravnich-vztahu\/#breadcrumb","itemListElement":[{"@type":"ListItem","position":1,"name":"Dom\u016f","item":"https:\/\/taktici.cz\/"},{"@type":"ListItem","position":2,"name":"Modelov\u00e1n\u00ed p\u0159epravn\u00edch vztah\u016f"}]},{"@type":"WebSite","@id":"https:\/\/taktici.cz\/#website","url":"https:\/\/taktici.cz\/","name":"taktici.cz","description":"Unsere L\u00f6sungen leben durch Ihre Ziele","publisher":{"@id":"https:\/\/taktici.cz\/#organization"},"potentialAction":[{"@type":"SearchAction","target":{"@type":"EntryPoint","urlTemplate":"https:\/\/taktici.cz\/?s={search_term_string}"},"query-input":{"@type":"PropertyValueSpecification","valueRequired":true,"valueName":"search_term_string"}}],"inLanguage":"de"},{"@type":"Organization","@id":"https:\/\/taktici.cz\/#organization","name":"taktici.cz, s.r.o.","url":"https:\/\/taktici.cz\/","logo":{"@type":"ImageObject","inLanguage":"de","@id":"https:\/\/taktici.cz\/#\/schema\/logo\/image\/","url":"https:\/\/taktici.cz\/wp-content\/uploads\/2013\/05\/logo_barevne2.png","contentUrl":"https:\/\/taktici.cz\/wp-content\/uploads\/2013\/05\/logo_barevne2.png","width":208,"height":62,"caption":"taktici.cz, s.r.o."},"image":{"@id":"https:\/\/taktici.cz\/#\/schema\/logo\/image\/"},"sameAs":["http:\/\/www.facebook.com\/taktici.cz","https:\/\/x.com\/taktici","http:\/\/www.linkedin.com\/company\/taktici-cz-s-r-o-"]}]}},"_links":{"self":[{"href":"https:\/\/taktici.cz\/de\/wp-json\/wp\/v2\/pages\/39","targetHints":{"allow":["GET"]}}],"collection":[{"href":"https:\/\/taktici.cz\/de\/wp-json\/wp\/v2\/pages"}],"about":[{"href":"https:\/\/taktici.cz\/de\/wp-json\/wp\/v2\/types\/page"}],"author":[{"embeddable":true,"href":"https:\/\/taktici.cz\/de\/wp-json\/wp\/v2\/users\/1"}],"replies":[{"embeddable":true,"href":"https:\/\/taktici.cz\/de\/wp-json\/wp\/v2\/comments?post=39"}],"version-history":[{"count":26,"href":"https:\/\/taktici.cz\/de\/wp-json\/wp\/v2\/pages\/39\/revisions"}],"predecessor-version":[{"id":562,"href":"https:\/\/taktici.cz\/de\/wp-json\/wp\/v2\/pages\/39\/revisions\/562"}],"wp:featuredmedia":[{"embeddable":true,"href":"https:\/\/taktici.cz\/de\/wp-json\/wp\/v2\/media\/146"}],"wp:attachment":[{"href":"https:\/\/taktici.cz\/de\/wp-json\/wp\/v2\/media?parent=39"}],"curies":[{"name":"wp","href":"https:\/\/api.w.org\/{rel}","templated":true}]}}