{"id":35,"date":"2013-04-30T15:58:17","date_gmt":"2013-04-30T15:58:17","guid":{"rendered":"http:\/\/taktici.cz\/wordpress\/\/?page_id=35"},"modified":"2017-03-19T23:05:02","modified_gmt":"2017-03-19T22:05:02","slug":"mikrosimulace","status":"publish","type":"page","link":"https:\/\/taktici.cz\/de\/mikrosimulation\/","title":{"rendered":"Mikrosimulation von Eisenbahnnetzen"},"content":{"rendered":"<p>Eisenbahninfrastruktur wird besonders in Knotenpunkten noch h\u00e4ufig auf der Grundlage von statischen Kapazit\u00e4tsberechnungen geplant. Dies f\u00fchrt h\u00e4ufig dazu, dass Neubauten den realen Anforderungen von periodischen Fahrpl\u00e4ne nicht entsprechen. Unser Ansatz beinhaltet das Modell der geplanten Infrastruktur durch iterative Anpassungen auf die kalkulierte Auslastung des Betriebskonzeptes zu dimensionieren. Au\u00dferdem werden Engp\u00e4sse in der Infrastruktur im Vorfeld aufgedeckt und alternative L\u00f6sungen entworfen und evaluiert um einem falschem Bau vorzubeugen.<\/p>\n<p>F\u00fcr diesen Zweck simulieren wir das Eisenbahnnetzwerk mit Hilfe der Software <a href=\"http:\/\/www.opentrack.cz\/\">OpenTrack<\/a>.<\/p>\n<p>Seit 2003 arbeiten wir zusammen mit dem Schweizer Unternehmen OpenTrack Railway Technology GmbH., einem Ableger des IVT der ETH Z\u00fcrich. Seit 2013 sind wir alleiniger Vertragsh\u00e4ndler von OpenTrack in der Tschechischen Republik.<\/p>\n<p>Wir bieten Mikrosimulationen der Eisenbahninfrastrukturkapazit\u00e4t als schl\u00fcsselfertige L\u00f6sungen basierend auf unserer Expertise an. Des Weiteren bieten wir Ihnen Lizenzen des Programms inklusive Anwenderunterst\u00fctzung an.<\/p>\n<p>Mehr Informationen \u00fcber <a href=\"http:\/\/www.opentrack.cz\/\">OpenTrack<\/a> finden Sie auf der Produkt-Website. Bei weiteren Fragen freuen wir uns auf Ihre Kontaktaufnahme.<\/p>\n<p>&nbsp;<\/p>","protected":false},"excerpt":{"rendered":"<p>Eisenbahninfrastruktur wird besonders in Knotenpunkten noch h\u00e4ufig auf der Grundlage von statischen Kapazit\u00e4tsberechnungen geplant. Dies f\u00fchrt h\u00e4ufig dazu, dass Neubauten den realen Anforderungen von periodischen Fahrpl\u00e4ne nicht entsprechen. Unser Ansatz [&hellip;]<\/p>\n","protected":false},"author":1,"featured_media":147,"parent":0,"menu_order":0,"comment_status":"closed","ping_status":"closed","template":"","meta":{"footnotes":""},"class_list":["post-35","page","type-page","status-publish","has-post-thumbnail","hentry"],"yoast_head":"<!-- This site is optimized with the Yoast SEO plugin v27.4 - https:\/\/yoast.com\/product\/yoast-seo-wordpress\/ -->\n<title>Mikrosimulation von Eisenbahnnetzen - taktici.cz<\/title>\n<meta name=\"robots\" content=\"index, follow, max-snippet:-1, max-image-preview:large, max-video-preview:-1\" \/>\n<link rel=\"canonical\" href=\"https:\/\/taktici.cz\/mikrosimulace\/\" \/>\n<meta property=\"og:locale\" content=\"de_DE\" \/>\n<meta property=\"og:type\" content=\"article\" \/>\n<meta property=\"og:title\" content=\"Mikrosimulation von Eisenbahnnetzen - taktici.cz\" \/>\n<meta property=\"og:description\" content=\"Eisenbahninfrastruktur wird besonders in Knotenpunkten noch h\u00e4ufig auf der Grundlage von statischen Kapazit\u00e4tsberechnungen geplant. Dies f\u00fchrt h\u00e4ufig dazu, dass Neubauten den realen Anforderungen von periodischen Fahrpl\u00e4ne nicht entsprechen. Unser Ansatz [&hellip;]\" \/>\n<meta property=\"og:url\" content=\"https:\/\/taktici.cz\/mikrosimulace\/\" \/>\n<meta property=\"og:site_name\" content=\"taktici.cz\" \/>\n<meta property=\"article:publisher\" content=\"http:\/\/www.facebook.com\/taktici.cz\" \/>\n<meta property=\"article:modified_time\" content=\"2017-03-19T22:05:02+00:00\" \/>\n<meta property=\"og:image\" content=\"https:\/\/taktici.cz\/wp-content\/uploads\/2013\/09\/Os_98081.jpg\" \/>\n\t<meta property=\"og:image:width\" content=\"1481\" \/>\n\t<meta property=\"og:image:height\" content=\"1110\" \/>\n\t<meta property=\"og:image:type\" content=\"image\/jpeg\" \/>\n<meta name=\"twitter:card\" content=\"summary_large_image\" \/>\n<meta name=\"twitter:site\" content=\"@taktici\" \/>\n<meta name=\"twitter:label1\" content=\"Gesch\u00e4tzte Lesezeit\" \/>\n\t<meta name=\"twitter:data1\" content=\"5\u00a0Minuten\" \/>\n<script type=\"application\/ld+json\" class=\"yoast-schema-graph\">{\"@context\":\"https:\\\/\\\/schema.org\",\"@graph\":[{\"@type\":\"WebPage\",\"@id\":\"https:\\\/\\\/taktici.cz\\\/mikrosimulace\\\/\",\"url\":\"https:\\\/\\\/taktici.cz\\\/mikrosimulace\\\/\",\"name\":\"Mikrosimulation von Eisenbahnnetzen - taktici.cz\",\"isPartOf\":{\"@id\":\"https:\\\/\\\/taktici.cz\\\/#website\"},\"primaryImageOfPage\":{\"@id\":\"https:\\\/\\\/taktici.cz\\\/mikrosimulace\\\/#primaryimage\"},\"image\":{\"@id\":\"https:\\\/\\\/taktici.cz\\\/mikrosimulace\\\/#primaryimage\"},\"thumbnailUrl\":\"https:\\\/\\\/taktici.cz\\\/wp-content\\\/uploads\\\/2013\\\/09\\\/Os_98081.jpg\",\"datePublished\":\"2013-04-30T15:58:17+00:00\",\"dateModified\":\"2017-03-19T22:05:02+00:00\",\"breadcrumb\":{\"@id\":\"https:\\\/\\\/taktici.cz\\\/mikrosimulace\\\/#breadcrumb\"},\"inLanguage\":\"de\",\"potentialAction\":[{\"@type\":\"ReadAction\",\"target\":[\"https:\\\/\\\/taktici.cz\\\/mikrosimulace\\\/\"]}]},{\"@type\":\"ImageObject\",\"inLanguage\":\"de\",\"@id\":\"https:\\\/\\\/taktici.cz\\\/mikrosimulace\\\/#primaryimage\",\"url\":\"https:\\\/\\\/taktici.cz\\\/wp-content\\\/uploads\\\/2013\\\/09\\\/Os_98081.jpg\",\"contentUrl\":\"https:\\\/\\\/taktici.cz\\\/wp-content\\\/uploads\\\/2013\\\/09\\\/Os_98081.jpg\",\"width\":1481,\"height\":1110},{\"@type\":\"BreadcrumbList\",\"@id\":\"https:\\\/\\\/taktici.cz\\\/mikrosimulace\\\/#breadcrumb\",\"itemListElement\":[{\"@type\":\"ListItem\",\"position\":1,\"name\":\"Dom\u016f\",\"item\":\"https:\\\/\\\/taktici.cz\\\/\"},{\"@type\":\"ListItem\",\"position\":2,\"name\":\"Mikrosimulace provozu dr\u00e1\u017en\u00ed infrastruktury\"}]},{\"@type\":\"WebSite\",\"@id\":\"https:\\\/\\\/taktici.cz\\\/#website\",\"url\":\"https:\\\/\\\/taktici.cz\\\/\",\"name\":\"taktici.cz\",\"description\":\"Unsere L\u00f6sungen leben durch Ihre Ziele\",\"publisher\":{\"@id\":\"https:\\\/\\\/taktici.cz\\\/#organization\"},\"potentialAction\":[{\"@type\":\"SearchAction\",\"target\":{\"@type\":\"EntryPoint\",\"urlTemplate\":\"https:\\\/\\\/taktici.cz\\\/?s={search_term_string}\"},\"query-input\":{\"@type\":\"PropertyValueSpecification\",\"valueRequired\":true,\"valueName\":\"search_term_string\"}}],\"inLanguage\":\"de\"},{\"@type\":\"Organization\",\"@id\":\"https:\\\/\\\/taktici.cz\\\/#organization\",\"name\":\"taktici.cz, s.r.o.\",\"url\":\"https:\\\/\\\/taktici.cz\\\/\",\"logo\":{\"@type\":\"ImageObject\",\"inLanguage\":\"de\",\"@id\":\"https:\\\/\\\/taktici.cz\\\/#\\\/schema\\\/logo\\\/image\\\/\",\"url\":\"https:\\\/\\\/taktici.cz\\\/wp-content\\\/uploads\\\/2013\\\/05\\\/logo_barevne2.png\",\"contentUrl\":\"https:\\\/\\\/taktici.cz\\\/wp-content\\\/uploads\\\/2013\\\/05\\\/logo_barevne2.png\",\"width\":208,\"height\":62,\"caption\":\"taktici.cz, s.r.o.\"},\"image\":{\"@id\":\"https:\\\/\\\/taktici.cz\\\/#\\\/schema\\\/logo\\\/image\\\/\"},\"sameAs\":[\"http:\\\/\\\/www.facebook.com\\\/taktici.cz\",\"https:\\\/\\\/x.com\\\/taktici\",\"http:\\\/\\\/www.linkedin.com\\\/company\\\/taktici-cz-s-r-o-\"]}]}<\/script>\n<!-- \/ Yoast SEO plugin. -->","yoast_head_json":{"title":"Mikrosimulation von Eisenbahnnetzen - taktici.cz","robots":{"index":"index","follow":"follow","max-snippet":"max-snippet:-1","max-image-preview":"max-image-preview:large","max-video-preview":"max-video-preview:-1"},"canonical":"https:\/\/taktici.cz\/mikrosimulace\/","og_locale":"de_DE","og_type":"article","og_title":"Mikrosimulation von Eisenbahnnetzen - taktici.cz","og_description":"Eisenbahninfrastruktur wird besonders in Knotenpunkten noch h\u00e4ufig auf der Grundlage von statischen Kapazit\u00e4tsberechnungen geplant. Dies f\u00fchrt h\u00e4ufig dazu, dass Neubauten den realen Anforderungen von periodischen Fahrpl\u00e4ne nicht entsprechen. Unser Ansatz [&hellip;]","og_url":"https:\/\/taktici.cz\/mikrosimulace\/","og_site_name":"taktici.cz","article_publisher":"http:\/\/www.facebook.com\/taktici.cz","article_modified_time":"2017-03-19T22:05:02+00:00","og_image":[{"width":1481,"height":1110,"url":"https:\/\/taktici.cz\/wp-content\/uploads\/2013\/09\/Os_98081.jpg","type":"image\/jpeg"}],"twitter_card":"summary_large_image","twitter_site":"@taktici","twitter_misc":{"Gesch\u00e4tzte Lesezeit":"5\u00a0Minuten"},"schema":{"@context":"https:\/\/schema.org","@graph":[{"@type":"WebPage","@id":"https:\/\/taktici.cz\/mikrosimulace\/","url":"https:\/\/taktici.cz\/mikrosimulace\/","name":"Mikrosimulation von Eisenbahnnetzen - taktici.cz","isPartOf":{"@id":"https:\/\/taktici.cz\/#website"},"primaryImageOfPage":{"@id":"https:\/\/taktici.cz\/mikrosimulace\/#primaryimage"},"image":{"@id":"https:\/\/taktici.cz\/mikrosimulace\/#primaryimage"},"thumbnailUrl":"https:\/\/taktici.cz\/wp-content\/uploads\/2013\/09\/Os_98081.jpg","datePublished":"2013-04-30T15:58:17+00:00","dateModified":"2017-03-19T22:05:02+00:00","breadcrumb":{"@id":"https:\/\/taktici.cz\/mikrosimulace\/#breadcrumb"},"inLanguage":"de","potentialAction":[{"@type":"ReadAction","target":["https:\/\/taktici.cz\/mikrosimulace\/"]}]},{"@type":"ImageObject","inLanguage":"de","@id":"https:\/\/taktici.cz\/mikrosimulace\/#primaryimage","url":"https:\/\/taktici.cz\/wp-content\/uploads\/2013\/09\/Os_98081.jpg","contentUrl":"https:\/\/taktici.cz\/wp-content\/uploads\/2013\/09\/Os_98081.jpg","width":1481,"height":1110},{"@type":"BreadcrumbList","@id":"https:\/\/taktici.cz\/mikrosimulace\/#breadcrumb","itemListElement":[{"@type":"ListItem","position":1,"name":"Dom\u016f","item":"https:\/\/taktici.cz\/"},{"@type":"ListItem","position":2,"name":"Mikrosimulace provozu dr\u00e1\u017en\u00ed infrastruktury"}]},{"@type":"WebSite","@id":"https:\/\/taktici.cz\/#website","url":"https:\/\/taktici.cz\/","name":"taktici.cz","description":"Unsere L\u00f6sungen leben durch Ihre Ziele","publisher":{"@id":"https:\/\/taktici.cz\/#organization"},"potentialAction":[{"@type":"SearchAction","target":{"@type":"EntryPoint","urlTemplate":"https:\/\/taktici.cz\/?s={search_term_string}"},"query-input":{"@type":"PropertyValueSpecification","valueRequired":true,"valueName":"search_term_string"}}],"inLanguage":"de"},{"@type":"Organization","@id":"https:\/\/taktici.cz\/#organization","name":"taktici.cz, s.r.o.","url":"https:\/\/taktici.cz\/","logo":{"@type":"ImageObject","inLanguage":"de","@id":"https:\/\/taktici.cz\/#\/schema\/logo\/image\/","url":"https:\/\/taktici.cz\/wp-content\/uploads\/2013\/05\/logo_barevne2.png","contentUrl":"https:\/\/taktici.cz\/wp-content\/uploads\/2013\/05\/logo_barevne2.png","width":208,"height":62,"caption":"taktici.cz, s.r.o."},"image":{"@id":"https:\/\/taktici.cz\/#\/schema\/logo\/image\/"},"sameAs":["http:\/\/www.facebook.com\/taktici.cz","https:\/\/x.com\/taktici","http:\/\/www.linkedin.com\/company\/taktici-cz-s-r-o-"]}]}},"_links":{"self":[{"href":"https:\/\/taktici.cz\/de\/wp-json\/wp\/v2\/pages\/35","targetHints":{"allow":["GET"]}}],"collection":[{"href":"https:\/\/taktici.cz\/de\/wp-json\/wp\/v2\/pages"}],"about":[{"href":"https:\/\/taktici.cz\/de\/wp-json\/wp\/v2\/types\/page"}],"author":[{"embeddable":true,"href":"https:\/\/taktici.cz\/de\/wp-json\/wp\/v2\/users\/1"}],"replies":[{"embeddable":true,"href":"https:\/\/taktici.cz\/de\/wp-json\/wp\/v2\/comments?post=35"}],"version-history":[{"count":35,"href":"https:\/\/taktici.cz\/de\/wp-json\/wp\/v2\/pages\/35\/revisions"}],"predecessor-version":[{"id":555,"href":"https:\/\/taktici.cz\/de\/wp-json\/wp\/v2\/pages\/35\/revisions\/555"}],"wp:featuredmedia":[{"embeddable":true,"href":"https:\/\/taktici.cz\/de\/wp-json\/wp\/v2\/media\/147"}],"wp:attachment":[{"href":"https:\/\/taktici.cz\/de\/wp-json\/wp\/v2\/media?parent=35"}],"curies":[{"name":"wp","href":"https:\/\/api.w.org\/{rel}","templated":true}]}}