{"id":258,"date":"2015-01-17T21:40:46","date_gmt":"2015-01-17T19:40:46","guid":{"rendered":"http:\/\/taktici.cz\/?page_id=258"},"modified":"2017-03-22T09:40:07","modified_gmt":"2017-03-22T08:40:07","slug":"reference","status":"publish","type":"page","link":"https:\/\/taktici.cz\/de\/referenzen\/","title":{"rendered":"Referenzen"},"content":{"rendered":"<p><\/p>\n<h4>Machbarkeitsstudie \u017dUB\u00a0(Eisenbahnknotenpunkt Brno)<\/h4>\n<p>Das Ziel der Studie war die Entwicklung von Varianten A und B auf dem Niveau einer Machbarkeitsstudie.<\/p>\n<p>Unser Beitrag zum Projekt: Verkehrstechnologie, Simulation Bahnverkehr<\/p>\n<p>Auftraggeber: SUDOP Brno<\/p>\n<p>Gel\u00f6st 2015 &#8211; 2017<\/p>\n<h4>Zertifizierungverfahren f\u00fcr railML-Schnittstellen<\/h4>\n<p>Das Thema war .\u010dinnosti Verarbeitung Zertifizierung Handbuch f\u00fcr Software-Werkzeuge f\u00fcr den Datenimport und Export-Format railML Anwendung.<\/p>\n<p>Unser Beitrag zum Projekt: Projektmanagement, Erstellung und die Verteidigung des Handbuchs<\/p>\n<p>Auftraggeber: UIC (Union Internationale des Chemins de fer \/ Internationaler Eisenbahnverband) f\u00fcr den Verein railML.org, Partner: Some Move, BahnKonzept<\/p>\n<p>Gel\u00f6st 2016-2017<\/p>\n<h4>Optimierung der Nutzung von Strecken mit ersch\u00f6pften Kapazit\u00e4t<\/h4>\n<p>Das Thema wurde zertifizierte Methodik Bestimmung und \u00dcberpr\u00fcfungsverfahren zu einer erh\u00f6hten Kapazit\u00e4t in den Weg Engp\u00e4ssen f\u00fchrt. Die Anwendung der Methode wurde erfolgreich zertifiziert. Das Ergebnis war die weitere Forschung Bericht.<\/p>\n<p>Unser Beitrag zum Projekt: Projektmanagement, Design und Verarbeitung von Verkehrstechnologie<\/p>\n<p>Auftraggeber: Technologieagentur der Tschechischen Republik durch ein Beta-Programm f\u00fcr das Ministerium f\u00fcr Verkehr und Eisenbahninfrastrukturverwaltung, siehe oben<\/p>\n<p>Gel\u00f6st 2015-2016<\/p>\n<h4>Fertigstellung von Varianten \u017dUB (Eisenbahnknotenpunkt Brno)<\/h4>\n<p>Das Ziel der Studie war die Wiederaufbereitung zuvor beobachteten Variationen Bahnnabe, unter Ber\u00fccksichtigung der ge\u00e4nderten Anforderungen f\u00fcr den Durchgang von Personenz\u00fcgen und Fracht (haupts\u00e4chlich aufgrund der Zunahme der Z\u00fcge Bau von Hochgeschwindigkeitsstrecken geplant). Ferner wurde auf die gleiche Stufe (und unter den gleichen Bedingungen) abgeschlossen Variante der L\u00f6sung nach dem Civic Coalition Railway Hub-Station in der Stadt, die die Position der Station erw\u00e4gt, etwa in der heutigen Station Brno hl. n. In dieser Studie war die Grundlage einer Machbarkeitsstudie Bahn Hub im Jahr 2014 er\u00f6ffnet.<\/p>\n<p>Unser Beitrag zum Projekt: Verkehrstechnik, Simulation Bahnverkehr<\/p>\n<p>Auftraggeber: IKP CE, Ltd.<\/p>\n<p>Gel\u00f6st 2012 &#8211; 2014<\/p>\n<h4>Streckenausbau Hradec Kr\u00e1lov\u00e9 &#8211; Trutnov<\/h4>\n<p>Projekt im Rahmen der so genannten Kleinprojekte OPD, die die Aufgabe der Designer eine \u00c4nderung der Infrastruktur im Wert von bis zu 1 Mrd. CZK schlagen war, w\u00e4hrend seine Vorteile zu maximieren -.. Vor allem in Bezug auf die Passagiere und Spediteure f\u00fcr den G\u00fcterverkehr.<\/p>\n<p>Unser Beitrag zum Projekt: Verkehrstechnik<\/p>\n<p>Auftraggeber: IKP CE, Ltd.<\/p>\n<p>Gel\u00f6st 2013 &#8211; 2014<\/p>\n<h4>Streckenausbau Chlumec Cidlinou &#8211; Trutnov<\/h4>\n<p>Projekt im Rahmen der so genannten Kleinprojekte OPD, die die Aufgabe der Designer eine \u00c4nderung der Infrastruktur im Wert von bis zu 1 Mrd. CZK schlagen war, w\u00e4hrend seine Vorteile zu maximieren -.. Vor allem in Bezug auf die Passagiere und Spediteure f\u00fcr den G\u00fcterverkehr.<\/p>\n<p>Unser Beitrag zum Projekt: Prognose Verkehrsbeziehungen zur Revitalisierung von Linien Chlumec nad Cidlinou &#8211; Trutnov und Hradec Kralove &#8211; Trutnov. Zu diesem Zweck wurde ein Verkehrsmodell VISUM Software f\u00fcr die Region K\u00f6niggr\u00e4tz und den benachbarten Regionen Liberec, Mittelb\u00f6hmen und Pardubice erstellt.<\/p>\n<p>Auftraggeber: SUDOP Prag<\/p>\n<p>Gel\u00f6st 2013 &#8211; 2014<\/p>\n<h4>Streckenausbau T\u00fdni\u0161t\u011b nad Orlic\u00ed &#8211; Broumov<\/h4>\n<p>Projekt im Rahmen der so genannten Kleinprojekte OPD, die die Aufgabe der Designer eine \u00c4nderung der Infrastruktur im Wert von bis zu 1 Mrd. CZK schlagen war, w\u00e4hrend seine Vorteile zu maximieren -.. Vor allem in Bezug auf die Passagiere und Spediteure f\u00fcr den G\u00fcterverkehr.<\/p>\n<p>Unser Beitrag zum Projekt: Verkehrstechnik<\/p>\n<p>Auftraggeber: SUDOP Prag Zentrum Hradec Kralove<\/p>\n<p>Gel\u00f6st 2013 &#8211; 2014<\/p>\n<h4>Streckenausbau Hradec Kralov\u00e9 &#8211; Trutnov<\/h4>\n<p>Projekt im Rahmen der so genannten Kleinprojekte OPD, die die Aufgabe der Designer eine \u00c4nderung der Infrastruktur im Wert von bis zu 1 Mrd. CZK schlagen war, w\u00e4hrend seine Vorteile zu maximieren -.. Vor allem in Bezug auf die Passagiere und Spediteure f\u00fcr den G\u00fcterverkehr.<\/p>\n<p>Unser Beitrag zum Projekt: Verkehrstechnik &#8211; als Teil der Arbeit wurde Einsatzkonzept f\u00fcr den gesamten Nordosten der Region Hradec Kralove (- Jaromer, Jaromer &#8211; Trutnov T\u00fdni\u0161t\u011b nad Orlic\u00ed &#8211; Broumov, Starko\u010d &#8211; V\u00e1clavice, Trutnov &#8211; Teplice nad Metuj\u00ed Gegend schleppt Hradec Kralove) vorgeschlagen. Prognose Verkehrsbeziehungen zur Revitalisierung von Linien Chlumec nad Cidlinou &#8211; Trutnov und Hradec Kralove &#8211; Trutnov. Zu diesem Zweck wurde ein Verkehrsmodell VISUM Software f\u00fcr die Region K\u00f6niggr\u00e4tz und den benachbarten Regionen Liberec, Mittelb\u00f6hmen und Pardubice erstellt.<\/p>\n<p>Auftraggeber: SUDOP Prag Zentrum Hradec Kralove<\/p>\n<p>Gel\u00f6st 2013 &#8211; 2014<\/p>\n<h4>Planungsstudie von Hochgeschwindigkeitsstrecke Praha-Litom\u011b\u0159ice<\/h4>\n<p>Das Ziel der Studie war es, m\u00f6gliche Wege der k\u00fcnftigen Hochgeschwindigkeitsstrecke Prag finden &#8211; Dresden Abschnitt Praha &#8211; Litomerice. Es hat sich auch mit der Beteiligung der Strecke zum Eisenbahnknotenpunkt Prag in Balabenky ausf\u00fchrlich behandelt worden.<\/p>\n<p>Unser Beitrag zur Studie: Transport Technologies<\/p>\n<p>Auftraggeber: IKP CE, Ltd.<\/p>\n<p>Gel\u00f6st 2013 &#8211; 2014<\/p>\n<h4>Priorit\u00e4ten f\u00fcr die Entwicklung des Schienennetzes der Tschechischen Republik<\/h4>\n<p>Das Ziel der Studie war ein Vorschlag f\u00fcr Verbesserungen zu 36 Zeilen von nationaler Bedeutung au\u00dferhalb der Hauptkorridore, um ihre Netzwerkeffekt zu maximieren, bei dem Versuch, nicht anspruchsvolle technische L\u00f6sungen vorzuschlagen. Vorschl\u00e4ge f\u00fcr die Rekonstruktion der einzelnen Linien wurden so konzipiert, dass sie auch in Zukunft Hochgeschwindigkeitsstrecken eine ganze Wettbewerb mit den Individualverkehr zu bilden.<\/p>\n<p>Unser Beitrag zum Projekt: Stellen Zeitplan f\u00fcr die einzelnen Spuren, teilweise Bewertung der einzelnen Linien<\/p>\n<p>Auftraggeber: IKP CE, Ltd.<\/p>\n<p>Gel\u00f6st 2011 &#8211; 2012<\/p>","protected":false},"excerpt":{"rendered":"<p>Machbarkeitsstudie \u017dUB\u00a0(Eisenbahnknotenpunkt Brno) Das Ziel der Studie war die Entwicklung von Varianten A und B auf dem Niveau einer Machbarkeitsstudie. Unser Beitrag zum Projekt: Verkehrstechnologie, Simulation Bahnverkehr Auftraggeber: SUDOP Brno [&hellip;]<\/p>\n","protected":false},"author":1,"featured_media":0,"parent":0,"menu_order":0,"comment_status":"closed","ping_status":"closed","template":"","meta":{"footnotes":""},"class_list":["post-258","page","type-page","status-publish","hentry"],"yoast_head":"<!-- This site is optimized with the Yoast SEO plugin v27.4 - https:\/\/yoast.com\/product\/yoast-seo-wordpress\/ -->\n<title>Referenzen - taktici.cz<\/title>\n<meta name=\"robots\" content=\"index, follow, max-snippet:-1, max-image-preview:large, max-video-preview:-1\" \/>\n<link rel=\"canonical\" href=\"https:\/\/taktici.cz\/reference\/\" \/>\n<meta property=\"og:locale\" content=\"de_DE\" \/>\n<meta property=\"og:type\" content=\"article\" \/>\n<meta property=\"og:title\" content=\"Referenzen - taktici.cz\" \/>\n<meta property=\"og:description\" content=\"Machbarkeitsstudie \u017dUB\u00a0(Eisenbahnknotenpunkt Brno) Das Ziel der Studie war die Entwicklung von Varianten A und B auf dem Niveau einer Machbarkeitsstudie. Unser Beitrag zum Projekt: Verkehrstechnologie, Simulation Bahnverkehr Auftraggeber: SUDOP Brno [&hellip;]\" \/>\n<meta property=\"og:url\" content=\"https:\/\/taktici.cz\/reference\/\" \/>\n<meta property=\"og:site_name\" content=\"taktici.cz\" \/>\n<meta property=\"article:publisher\" content=\"http:\/\/www.facebook.com\/taktici.cz\" \/>\n<meta property=\"article:modified_time\" content=\"2017-03-22T08:40:07+00:00\" \/>\n<meta name=\"twitter:card\" content=\"summary_large_image\" \/>\n<meta name=\"twitter:site\" content=\"@taktici\" \/>\n<meta name=\"twitter:label1\" content=\"Gesch\u00e4tzte Lesezeit\" \/>\n\t<meta name=\"twitter:data1\" content=\"21\u00a0Minuten\" \/>\n<script type=\"application\/ld+json\" class=\"yoast-schema-graph\">{\"@context\":\"https:\\\/\\\/schema.org\",\"@graph\":[{\"@type\":\"WebPage\",\"@id\":\"https:\\\/\\\/taktici.cz\\\/reference\\\/\",\"url\":\"https:\\\/\\\/taktici.cz\\\/reference\\\/\",\"name\":\"Referenzen - taktici.cz\",\"isPartOf\":{\"@id\":\"https:\\\/\\\/taktici.cz\\\/#website\"},\"datePublished\":\"2015-01-17T19:40:46+00:00\",\"dateModified\":\"2017-03-22T08:40:07+00:00\",\"breadcrumb\":{\"@id\":\"https:\\\/\\\/taktici.cz\\\/reference\\\/#breadcrumb\"},\"inLanguage\":\"de\",\"potentialAction\":[{\"@type\":\"ReadAction\",\"target\":[\"https:\\\/\\\/taktici.cz\\\/reference\\\/\"]}]},{\"@type\":\"BreadcrumbList\",\"@id\":\"https:\\\/\\\/taktici.cz\\\/reference\\\/#breadcrumb\",\"itemListElement\":[{\"@type\":\"ListItem\",\"position\":1,\"name\":\"Dom\u016f\",\"item\":\"https:\\\/\\\/taktici.cz\\\/\"},{\"@type\":\"ListItem\",\"position\":2,\"name\":\"Reference\"}]},{\"@type\":\"WebSite\",\"@id\":\"https:\\\/\\\/taktici.cz\\\/#website\",\"url\":\"https:\\\/\\\/taktici.cz\\\/\",\"name\":\"taktici.cz\",\"description\":\"Unsere L\u00f6sungen leben durch Ihre Ziele\",\"publisher\":{\"@id\":\"https:\\\/\\\/taktici.cz\\\/#organization\"},\"potentialAction\":[{\"@type\":\"SearchAction\",\"target\":{\"@type\":\"EntryPoint\",\"urlTemplate\":\"https:\\\/\\\/taktici.cz\\\/?s={search_term_string}\"},\"query-input\":{\"@type\":\"PropertyValueSpecification\",\"valueRequired\":true,\"valueName\":\"search_term_string\"}}],\"inLanguage\":\"de\"},{\"@type\":\"Organization\",\"@id\":\"https:\\\/\\\/taktici.cz\\\/#organization\",\"name\":\"taktici.cz, s.r.o.\",\"url\":\"https:\\\/\\\/taktici.cz\\\/\",\"logo\":{\"@type\":\"ImageObject\",\"inLanguage\":\"de\",\"@id\":\"https:\\\/\\\/taktici.cz\\\/#\\\/schema\\\/logo\\\/image\\\/\",\"url\":\"https:\\\/\\\/taktici.cz\\\/wp-content\\\/uploads\\\/2013\\\/05\\\/logo_barevne2.png\",\"contentUrl\":\"https:\\\/\\\/taktici.cz\\\/wp-content\\\/uploads\\\/2013\\\/05\\\/logo_barevne2.png\",\"width\":208,\"height\":62,\"caption\":\"taktici.cz, s.r.o.\"},\"image\":{\"@id\":\"https:\\\/\\\/taktici.cz\\\/#\\\/schema\\\/logo\\\/image\\\/\"},\"sameAs\":[\"http:\\\/\\\/www.facebook.com\\\/taktici.cz\",\"https:\\\/\\\/x.com\\\/taktici\",\"http:\\\/\\\/www.linkedin.com\\\/company\\\/taktici-cz-s-r-o-\"]}]}<\/script>\n<!-- \/ Yoast SEO plugin. -->","yoast_head_json":{"title":"Referenzen - taktici.cz","robots":{"index":"index","follow":"follow","max-snippet":"max-snippet:-1","max-image-preview":"max-image-preview:large","max-video-preview":"max-video-preview:-1"},"canonical":"https:\/\/taktici.cz\/reference\/","og_locale":"de_DE","og_type":"article","og_title":"Referenzen - taktici.cz","og_description":"Machbarkeitsstudie \u017dUB\u00a0(Eisenbahnknotenpunkt Brno) Das Ziel der Studie war die Entwicklung von Varianten A und B auf dem Niveau einer Machbarkeitsstudie. Unser Beitrag zum Projekt: Verkehrstechnologie, Simulation Bahnverkehr Auftraggeber: SUDOP Brno [&hellip;]","og_url":"https:\/\/taktici.cz\/reference\/","og_site_name":"taktici.cz","article_publisher":"http:\/\/www.facebook.com\/taktici.cz","article_modified_time":"2017-03-22T08:40:07+00:00","twitter_card":"summary_large_image","twitter_site":"@taktici","twitter_misc":{"Gesch\u00e4tzte Lesezeit":"21\u00a0Minuten"},"schema":{"@context":"https:\/\/schema.org","@graph":[{"@type":"WebPage","@id":"https:\/\/taktici.cz\/reference\/","url":"https:\/\/taktici.cz\/reference\/","name":"Referenzen - taktici.cz","isPartOf":{"@id":"https:\/\/taktici.cz\/#website"},"datePublished":"2015-01-17T19:40:46+00:00","dateModified":"2017-03-22T08:40:07+00:00","breadcrumb":{"@id":"https:\/\/taktici.cz\/reference\/#breadcrumb"},"inLanguage":"de","potentialAction":[{"@type":"ReadAction","target":["https:\/\/taktici.cz\/reference\/"]}]},{"@type":"BreadcrumbList","@id":"https:\/\/taktici.cz\/reference\/#breadcrumb","itemListElement":[{"@type":"ListItem","position":1,"name":"Dom\u016f","item":"https:\/\/taktici.cz\/"},{"@type":"ListItem","position":2,"name":"Reference"}]},{"@type":"WebSite","@id":"https:\/\/taktici.cz\/#website","url":"https:\/\/taktici.cz\/","name":"taktici.cz","description":"Unsere L\u00f6sungen leben durch Ihre Ziele","publisher":{"@id":"https:\/\/taktici.cz\/#organization"},"potentialAction":[{"@type":"SearchAction","target":{"@type":"EntryPoint","urlTemplate":"https:\/\/taktici.cz\/?s={search_term_string}"},"query-input":{"@type":"PropertyValueSpecification","valueRequired":true,"valueName":"search_term_string"}}],"inLanguage":"de"},{"@type":"Organization","@id":"https:\/\/taktici.cz\/#organization","name":"taktici.cz, s.r.o.","url":"https:\/\/taktici.cz\/","logo":{"@type":"ImageObject","inLanguage":"de","@id":"https:\/\/taktici.cz\/#\/schema\/logo\/image\/","url":"https:\/\/taktici.cz\/wp-content\/uploads\/2013\/05\/logo_barevne2.png","contentUrl":"https:\/\/taktici.cz\/wp-content\/uploads\/2013\/05\/logo_barevne2.png","width":208,"height":62,"caption":"taktici.cz, s.r.o."},"image":{"@id":"https:\/\/taktici.cz\/#\/schema\/logo\/image\/"},"sameAs":["http:\/\/www.facebook.com\/taktici.cz","https:\/\/x.com\/taktici","http:\/\/www.linkedin.com\/company\/taktici-cz-s-r-o-"]}]}},"_links":{"self":[{"href":"https:\/\/taktici.cz\/de\/wp-json\/wp\/v2\/pages\/258","targetHints":{"allow":["GET"]}}],"collection":[{"href":"https:\/\/taktici.cz\/de\/wp-json\/wp\/v2\/pages"}],"about":[{"href":"https:\/\/taktici.cz\/de\/wp-json\/wp\/v2\/types\/page"}],"author":[{"embeddable":true,"href":"https:\/\/taktici.cz\/de\/wp-json\/wp\/v2\/users\/1"}],"replies":[{"embeddable":true,"href":"https:\/\/taktici.cz\/de\/wp-json\/wp\/v2\/comments?post=258"}],"version-history":[{"count":20,"href":"https:\/\/taktici.cz\/de\/wp-json\/wp\/v2\/pages\/258\/revisions"}],"predecessor-version":[{"id":563,"href":"https:\/\/taktici.cz\/de\/wp-json\/wp\/v2\/pages\/258\/revisions\/563"}],"wp:attachment":[{"href":"https:\/\/taktici.cz\/de\/wp-json\/wp\/v2\/media?parent=258"}],"curies":[{"name":"wp","href":"https:\/\/api.w.org\/{rel}","templated":true}]}}