{"id":12,"date":"2013-04-24T07:20:28","date_gmt":"2013-04-24T07:20:28","guid":{"rendered":"http:\/\/taktici.cz\/wordpress\/\/?page_id=12"},"modified":"2017-03-19T23:54:50","modified_gmt":"2017-03-19T22:54:50","slug":"uvod","status":"publish","type":"page","link":"https:\/\/taktici.cz\/de\/","title":{"rendered":"taktici.cz, s.r.o."},"content":{"rendered":"<p>Willkommen bei der Firma taktici.cz,<\/p>\n<p>wir sind ein Ingenieurb\u00fcro mit Schwerpunkt im Bereich Eisenbahn \/ \u00d6ffentlicher Nahverkehr und besch\u00e4ftigen uns mit der Modellierung von Verkehrsbeziehungen auf dem Land, der Erstellung von Verkehrskonzepten und Fahrplanentw\u00fcrfen sowie mit Infrastrukturkapazit\u00e4tsberechnungen und\u00a0L\u00f6sungsans\u00e4tzen.<\/p>\n<p>Unsere Bestrebung ist es innovative L\u00f6sungen f\u00fcr die heutigen Probleme zu finden, die den Infrastrukturbetreibern, Bauprojektanten, Verkehrsunternehmen, \u00d6V-Bestellern und Verkehrsverb\u00fcnden erm\u00f6glichen, Kosten und Aufwand bei der Erarbeitung von L\u00f6sung nach dem Prinzip \u201eVersuch und Irrtum\u201c, einzusparen. Au\u00dferdem m\u00f6chten wir dazu beitragen die eingesetzten Ressourcen effektiver zu nutzen und die Zufriedenheit der Nutzer zu erh\u00f6hen. Ein wichtiger Bestandteil unserer Arbeit ist das miteinbeziehen von Erfahrungen aus dem In- und Ausland.<\/p>\n<p>Wir m\u00f6chten den guten Ruf der Verkehrswissenschaften zur\u00fcckgewinnen und mit unserer Arbeit zeigen, dass man durchaus auch Fahrpl\u00e4ne verbessern kann und, dass sich eine verantwortungsvolle Planung auch \u00fcber den Wahl-\/Planungszeitraum hinaus lohnt. Wir freuen uns darauf, mit Ihnen zu besprechen wo wir Ihnen hilfreich sein k\u00f6nnen.<\/p>","protected":false},"excerpt":{"rendered":"<p>Willkommen bei der Firma taktici.cz, wir sind ein Ingenieurb\u00fcro mit Schwerpunkt im Bereich Eisenbahn \/ \u00d6ffentlicher Nahverkehr und besch\u00e4ftigen uns mit der Modellierung von Verkehrsbeziehungen auf dem Land, der Erstellung [&hellip;]<\/p>\n","protected":false},"author":1,"featured_media":0,"parent":0,"menu_order":0,"comment_status":"closed","ping_status":"closed","template":"","meta":{"footnotes":""},"class_list":["post-12","page","type-page","status-publish","hentry"],"yoast_head":"<!-- This site is optimized with the Yoast SEO plugin v27.4 - https:\/\/yoast.com\/product\/yoast-seo-wordpress\/ -->\n<title>taktici.cz, s.r.o. - taktici.cz<\/title>\n<meta name=\"robots\" content=\"index, follow, max-snippet:-1, max-image-preview:large, max-video-preview:-1\" \/>\n<link rel=\"canonical\" href=\"https:\/\/taktici.cz\/\" \/>\n<meta property=\"og:locale\" content=\"de_DE\" \/>\n<meta property=\"og:type\" content=\"article\" \/>\n<meta property=\"og:title\" content=\"taktici.cz, s.r.o. - taktici.cz\" \/>\n<meta property=\"og:description\" content=\"Willkommen bei der Firma taktici.cz, wir sind ein Ingenieurb\u00fcro mit Schwerpunkt im Bereich Eisenbahn \/ \u00d6ffentlicher Nahverkehr und besch\u00e4ftigen uns mit der Modellierung von Verkehrsbeziehungen auf dem Land, der Erstellung [&hellip;]\" \/>\n<meta property=\"og:url\" content=\"https:\/\/taktici.cz\/\" \/>\n<meta property=\"og:site_name\" content=\"taktici.cz\" \/>\n<meta property=\"article:publisher\" content=\"http:\/\/www.facebook.com\/taktici.cz\" \/>\n<meta property=\"article:modified_time\" content=\"2017-03-19T22:54:50+00:00\" \/>\n<meta name=\"twitter:card\" content=\"summary_large_image\" \/>\n<meta name=\"twitter:site\" content=\"@taktici\" \/>\n<meta name=\"twitter:label1\" content=\"Gesch\u00e4tzte Lesezeit\" \/>\n\t<meta name=\"twitter:data1\" content=\"5\u00a0Minuten\" \/>\n<script type=\"application\/ld+json\" class=\"yoast-schema-graph\">{\"@context\":\"https:\\\/\\\/schema.org\",\"@graph\":[{\"@type\":\"WebPage\",\"@id\":\"https:\\\/\\\/taktici.cz\\\/\",\"url\":\"https:\\\/\\\/taktici.cz\\\/\",\"name\":\"taktici.cz, s.r.o. - taktici.cz\",\"isPartOf\":{\"@id\":\"https:\\\/\\\/taktici.cz\\\/#website\"},\"datePublished\":\"2013-04-24T07:20:28+00:00\",\"dateModified\":\"2017-03-19T22:54:50+00:00\",\"breadcrumb\":{\"@id\":\"https:\\\/\\\/taktici.cz\\\/#breadcrumb\"},\"inLanguage\":\"de\",\"potentialAction\":[{\"@type\":\"ReadAction\",\"target\":[\"https:\\\/\\\/taktici.cz\\\/\"]}]},{\"@type\":\"BreadcrumbList\",\"@id\":\"https:\\\/\\\/taktici.cz\\\/#breadcrumb\",\"itemListElement\":[{\"@type\":\"ListItem\",\"position\":1,\"name\":\"Dom\u016f\",\"item\":\"https:\\\/\\\/taktici.cz\\\/\"},{\"@type\":\"ListItem\",\"position\":2,\"name\":\"taktici.cz, s.r.o.\"}]},{\"@type\":\"WebSite\",\"@id\":\"https:\\\/\\\/taktici.cz\\\/#website\",\"url\":\"https:\\\/\\\/taktici.cz\\\/\",\"name\":\"taktici.cz\",\"description\":\"Unsere L\u00f6sungen leben durch Ihre Ziele\",\"publisher\":{\"@id\":\"https:\\\/\\\/taktici.cz\\\/#organization\"},\"potentialAction\":[{\"@type\":\"SearchAction\",\"target\":{\"@type\":\"EntryPoint\",\"urlTemplate\":\"https:\\\/\\\/taktici.cz\\\/?s={search_term_string}\"},\"query-input\":{\"@type\":\"PropertyValueSpecification\",\"valueRequired\":true,\"valueName\":\"search_term_string\"}}],\"inLanguage\":\"de\"},{\"@type\":\"Organization\",\"@id\":\"https:\\\/\\\/taktici.cz\\\/#organization\",\"name\":\"taktici.cz, s.r.o.\",\"url\":\"https:\\\/\\\/taktici.cz\\\/\",\"logo\":{\"@type\":\"ImageObject\",\"inLanguage\":\"de\",\"@id\":\"https:\\\/\\\/taktici.cz\\\/#\\\/schema\\\/logo\\\/image\\\/\",\"url\":\"https:\\\/\\\/taktici.cz\\\/wp-content\\\/uploads\\\/2013\\\/05\\\/logo_barevne2.png\",\"contentUrl\":\"https:\\\/\\\/taktici.cz\\\/wp-content\\\/uploads\\\/2013\\\/05\\\/logo_barevne2.png\",\"width\":208,\"height\":62,\"caption\":\"taktici.cz, s.r.o.\"},\"image\":{\"@id\":\"https:\\\/\\\/taktici.cz\\\/#\\\/schema\\\/logo\\\/image\\\/\"},\"sameAs\":[\"http:\\\/\\\/www.facebook.com\\\/taktici.cz\",\"https:\\\/\\\/x.com\\\/taktici\",\"http:\\\/\\\/www.linkedin.com\\\/company\\\/taktici-cz-s-r-o-\"]}]}<\/script>\n<!-- \/ Yoast SEO plugin. -->","yoast_head_json":{"title":"taktici.cz, s.r.o. - taktici.cz","robots":{"index":"index","follow":"follow","max-snippet":"max-snippet:-1","max-image-preview":"max-image-preview:large","max-video-preview":"max-video-preview:-1"},"canonical":"https:\/\/taktici.cz\/","og_locale":"de_DE","og_type":"article","og_title":"taktici.cz, s.r.o. - taktici.cz","og_description":"Willkommen bei der Firma taktici.cz, wir sind ein Ingenieurb\u00fcro mit Schwerpunkt im Bereich Eisenbahn \/ \u00d6ffentlicher Nahverkehr und besch\u00e4ftigen uns mit der Modellierung von Verkehrsbeziehungen auf dem Land, der Erstellung [&hellip;]","og_url":"https:\/\/taktici.cz\/","og_site_name":"taktici.cz","article_publisher":"http:\/\/www.facebook.com\/taktici.cz","article_modified_time":"2017-03-19T22:54:50+00:00","twitter_card":"summary_large_image","twitter_site":"@taktici","twitter_misc":{"Gesch\u00e4tzte Lesezeit":"5\u00a0Minuten"},"schema":{"@context":"https:\/\/schema.org","@graph":[{"@type":"WebPage","@id":"https:\/\/taktici.cz\/","url":"https:\/\/taktici.cz\/","name":"taktici.cz, s.r.o. - taktici.cz","isPartOf":{"@id":"https:\/\/taktici.cz\/#website"},"datePublished":"2013-04-24T07:20:28+00:00","dateModified":"2017-03-19T22:54:50+00:00","breadcrumb":{"@id":"https:\/\/taktici.cz\/#breadcrumb"},"inLanguage":"de","potentialAction":[{"@type":"ReadAction","target":["https:\/\/taktici.cz\/"]}]},{"@type":"BreadcrumbList","@id":"https:\/\/taktici.cz\/#breadcrumb","itemListElement":[{"@type":"ListItem","position":1,"name":"Dom\u016f","item":"https:\/\/taktici.cz\/"},{"@type":"ListItem","position":2,"name":"taktici.cz, s.r.o."}]},{"@type":"WebSite","@id":"https:\/\/taktici.cz\/#website","url":"https:\/\/taktici.cz\/","name":"taktici.cz","description":"Unsere L\u00f6sungen leben durch Ihre Ziele","publisher":{"@id":"https:\/\/taktici.cz\/#organization"},"potentialAction":[{"@type":"SearchAction","target":{"@type":"EntryPoint","urlTemplate":"https:\/\/taktici.cz\/?s={search_term_string}"},"query-input":{"@type":"PropertyValueSpecification","valueRequired":true,"valueName":"search_term_string"}}],"inLanguage":"de"},{"@type":"Organization","@id":"https:\/\/taktici.cz\/#organization","name":"taktici.cz, s.r.o.","url":"https:\/\/taktici.cz\/","logo":{"@type":"ImageObject","inLanguage":"de","@id":"https:\/\/taktici.cz\/#\/schema\/logo\/image\/","url":"https:\/\/taktici.cz\/wp-content\/uploads\/2013\/05\/logo_barevne2.png","contentUrl":"https:\/\/taktici.cz\/wp-content\/uploads\/2013\/05\/logo_barevne2.png","width":208,"height":62,"caption":"taktici.cz, s.r.o."},"image":{"@id":"https:\/\/taktici.cz\/#\/schema\/logo\/image\/"},"sameAs":["http:\/\/www.facebook.com\/taktici.cz","https:\/\/x.com\/taktici","http:\/\/www.linkedin.com\/company\/taktici-cz-s-r-o-"]}]}},"_links":{"self":[{"href":"https:\/\/taktici.cz\/de\/wp-json\/wp\/v2\/pages\/12","targetHints":{"allow":["GET"]}}],"collection":[{"href":"https:\/\/taktici.cz\/de\/wp-json\/wp\/v2\/pages"}],"about":[{"href":"https:\/\/taktici.cz\/de\/wp-json\/wp\/v2\/types\/page"}],"author":[{"embeddable":true,"href":"https:\/\/taktici.cz\/de\/wp-json\/wp\/v2\/users\/1"}],"replies":[{"embeddable":true,"href":"https:\/\/taktici.cz\/de\/wp-json\/wp\/v2\/comments?post=12"}],"version-history":[{"count":21,"href":"https:\/\/taktici.cz\/de\/wp-json\/wp\/v2\/pages\/12\/revisions"}],"predecessor-version":[{"id":589,"href":"https:\/\/taktici.cz\/de\/wp-json\/wp\/v2\/pages\/12\/revisions\/589"}],"wp:attachment":[{"href":"https:\/\/taktici.cz\/de\/wp-json\/wp\/v2\/media?parent=12"}],"curies":[{"name":"wp","href":"https:\/\/api.w.org\/{rel}","templated":true}]}}